{"id":975,"date":"2025-08-11T11:26:28","date_gmt":"2025-08-11T09:26:28","guid":{"rendered":"https:\/\/libreriaelerrante.com\/tienda\/?post_type=product&#038;p=975"},"modified":"2026-04-28T18:11:02","modified_gmt":"2026-04-28T16:11:02","slug":"el-circulo-de-los-dias","status":"publish","type":"product","link":"https:\/\/libreriaelerrante.com\/tienda\/el-circulo-de-los-dias\/","title":{"rendered":"El Circulo de Los Dias"},"content":{"rendered":"<h2>Un viaje \u00e9pico a trav\u00e9s de la historia con Ken Follett<\/h2>\n<p>Desde la pluma del maestro del thriller hist\u00f3rico, Ken Follett, llega &#8216;El C\u00edrculo de los D\u00edas&#8217;, una novela que promete transportarte a uno de los mayores misterios de la humanidad: la construcci\u00f3n de <em>Stonehenge<\/em>. Este septiembre, aprovecha la oportunidad de ser de los primeros en descubrir esta obra magistral que fusiona intriga, emoci\u00f3n y una narrativa impecable.<\/p>\n<h2>Sum\u00e9rgete en el coraz\u00f3n del misterio<\/h2>\n<p>Follett, conocido por \u00e9xitos como <em>&#8216;Los Pilares de la Tierra&#8217;<\/em> y <em>&#8216;La Ca\u00edda de los Gigantes&#8217;<\/em>, se supera una vez m\u00e1s al explorar los or\u00edgenes, motivaciones y secretos detr\u00e1s de la construcci\u00f3n de uno de los monumentos m\u00e1s ic\u00f3nicos de la historia. &#8216;El C\u00edrculo de los D\u00edas&#8217; combina rigurosa investigaci\u00f3n hist\u00f3rica con personajes cautivadores que cobran vida en una trama profundamente envolvente.<\/p>\n<p>Ambientada en tiempos remotos donde lo divino y lo humano se entrelazan, esta nueva novela ilustra c\u00f3mo los sue\u00f1os, las creencias y los desaf\u00edos de distintas civilizaciones convergieron para alcanzar una haza\u00f1a arquitect\u00f3nica \u00fanica.<\/p>\n<h2>Preventa exclusiva en septiembre: \u00a1No te lo pierdas!<\/h2>\n<p>La preventa de <strong>&#8216;El C\u00edrculo de los D\u00edas&#8217;<\/strong> est\u00e1 abierta desde este mes de septiembre, y representa tu primera oportunidad de asegurar un ejemplar de este esperado t\u00edtulo. Tanto para los seguidores de Ken Follett como para los amantes de los misterios hist\u00f3ricos, esta es una lectura que no querr\u00e1s dejar pasar.<\/p>\n<p>Es el libro ideal para quienes buscan sumergirse en una narrativa rica, donde cada p\u00e1gina revela detalles fascinantes sobre el pasado. Adem\u00e1s, es un regalo perfecto para amigos y familiares apasionados por la literatura hist\u00f3rica.<\/p>\n<p>Adquiere &#8216;El C\u00edrculo de los D\u00edas&#8217; ahora y s\u00e9 parte de esta aventura \u00e9pica antes que nadie. Explora el legado de Stonehenge desde una perspectiva completamente nueva, guiado por la brillante pluma de Ken Follett. \u00a1Haz tu reserva hoy mismo!<\/p>\n","protected":false},"excerpt":{"rendered":"<h2>Sinopsis<\/h2>\n<p><b>UN MINERO DEL S\u00cdLEX CON UN DON<\/b><br \/>\nSeft, un extractor de s\u00edlex con un talento \u00fanico, recorre la Gran Llanura en pleno calor estival para presenciar los rituales que se\u00f1alan el comienzo de un nuevo a\u00f1o. Est\u00e1 all\u00ed para intercambiar sus piedras en las celebraciones del solsticio y encontrarse con Neen, la chica a la que ama. La pr\u00f3spera familia de Neen le ofrece adem\u00e1s una forma de escapar de la brutalidad de su padre y sus hermanos acogi\u00e9ndolo en su comunidad de ganaderos.<\/p>\n<p><b>UNA SACERDOTISA QUE CREE EN LO IMPOSIBLE<\/b><br \/>\nJoia, la hermana de Neen, es una sacerdotisa idealista y con una incre\u00edble capacidad de liderazgo. De ni\u00f1a, asiste cautivada a la Ceremonia del Solsticio de Verano y sue\u00f1a con un nuevo y espectacular monumento levantado con las piedras m\u00e1s imponentes del mundo. Pero la agitaci\u00f3n est\u00e1 creciendo en las colinas y bosques de la Gran Llanura.<\/p>\n<p><b>UN MONUMENTO QUE DEFINIR\u00c1 A UNA CIVILIZACI\u00d3N<\/b><br \/>\nLa visi\u00f3n de Joia de un enorme c\u00edrculo de piedras, reunidas por las divididas tribus de la Gran Llanura, inspirar\u00e1 a Seft y se convertir\u00e1 en la obra de su vida. Sin embargo, a medida que la sequ\u00eda arrase la tierra, la desconfianza crecer\u00e1 entre los ganaderos, los cultivadores y los habitantes de los bosques&#8230;, y un acto de violencia salvaje provocar\u00e1 una guerra abierta.<\/p>\n<h4><a href=\"https:\/\/libreriaelerrante.com\/blog\/el-circulo-de-los-dias\/\">Ver m\u00e1s en el Blog<\/a><\/h4>\n","protected":false},"featured_media":976,"comment_status":"open","ping_status":"closed","template":"","meta":{"iawp_total_views":10},"product_brand":[],"product_cat":[24,19],"product_tag":[296,238],"class_list":{"0":"post-975","1":"product","2":"type-product","3":"status-publish","4":"has-post-thumbnail","6":"product_cat-ficcion","7":"product_cat-novelas","8":"product_tag-ken-follett","9":"product_tag-novela-historica","10":"pa_autor-ken-follett","12":"first","13":"outofstock","14":"sale","15":"shipping-taxable","16":"purchasable","17":"product-type-simple"},"yoast_head":"<!-- This site is optimized with the Yoast SEO plugin v27.4 - https:\/\/yoast.com\/product\/yoast-seo-wordpress\/ -->\n<title>El Circulo de Los Dias | Librer\u00eda El Errante<\/title>\n<meta name=\"description\" content=\"En El c\u00edrculo de los d\u00edas, Ken Follett se adentra en su \u00e9pica nueva novela sobre el misterio ancestral de la construcci\u00f3n de Stonehenge.\" \/>\n<meta name=\"robots\" content=\"index, follow, max-snippet:-1, max-image-preview:large, max-video-preview:-1\" \/>\n<link rel=\"canonical\" href=\"https:\/\/libreriaelerrante.com\/tienda\/el-circulo-de-los-dias\/\" \/>\n<meta property=\"og:locale\" content=\"es_ES\" \/>\n<meta property=\"og:type\" content=\"article\" \/>\n<meta property=\"og:title\" content=\"El Circulo de Los Dias | Librer\u00eda El Errante\" \/>\n<meta property=\"og:description\" content=\"En El c\u00edrculo de los d\u00edas, Ken Follett se adentra en su \u00e9pica nueva novela sobre el misterio ancestral de la construcci\u00f3n de Stonehenge.\" \/>\n<meta property=\"og:url\" content=\"https:\/\/libreriaelerrante.com\/tienda\/el-circulo-de-los-dias\/\" \/>\n<meta property=\"og:site_name\" content=\"Librer\u00eda El Errante\" \/>\n<meta property=\"article:modified_time\" content=\"2026-04-28T16:11:02+00:00\" \/>\n<meta property=\"og:image\" content=\"https:\/\/libreriaelerrante.com\/tienda\/wp-content\/uploads\/2025\/08\/el-circulo-de-los-dias.jpeg\" \/>\n\t<meta property=\"og:image:width\" content=\"680\" \/>\n\t<meta property=\"og:image:height\" content=\"1050\" \/>\n\t<meta property=\"og:image:type\" content=\"image\/jpeg\" \/>\n<meta name=\"twitter:card\" content=\"summary_large_image\" \/>\n<meta name=\"twitter:label1\" content=\"Tiempo de lectura\" \/>\n\t<meta name=\"twitter:data1\" content=\"2 minutos\" \/>\n<script type=\"application\/ld+json\" class=\"yoast-schema-graph\">{\"@context\":\"https:\\\/\\\/schema.org\",\"@graph\":[{\"@type\":\"WebPage\",\"@id\":\"https:\\\/\\\/libreriaelerrante.com\\\/tienda\\\/el-circulo-de-los-dias\\\/\",\"url\":\"https:\\\/\\\/libreriaelerrante.com\\\/tienda\\\/el-circulo-de-los-dias\\\/\",\"name\":\"El Circulo de Los Dias | Librer\u00eda El Errante\",\"isPartOf\":{\"@id\":\"https:\\\/\\\/libreriaelerrante.com\\\/tienda\\\/#website\"},\"primaryImageOfPage\":{\"@id\":\"https:\\\/\\\/libreriaelerrante.com\\\/tienda\\\/el-circulo-de-los-dias\\\/#primaryimage\"},\"image\":{\"@id\":\"https:\\\/\\\/libreriaelerrante.com\\\/tienda\\\/el-circulo-de-los-dias\\\/#primaryimage\"},\"thumbnailUrl\":\"https:\\\/\\\/libreriaelerrante.com\\\/tienda\\\/wp-content\\\/uploads\\\/2025\\\/08\\\/el-circulo-de-los-dias.jpeg\",\"datePublished\":\"2025-08-11T09:26:28+00:00\",\"dateModified\":\"2026-04-28T16:11:02+00:00\",\"description\":\"En El c\u00edrculo de los d\u00edas, Ken Follett se adentra en su \u00e9pica nueva novela sobre el misterio ancestral de la construcci\u00f3n de Stonehenge.\",\"breadcrumb\":{\"@id\":\"https:\\\/\\\/libreriaelerrante.com\\\/tienda\\\/el-circulo-de-los-dias\\\/#breadcrumb\"},\"inLanguage\":\"es\",\"potentialAction\":[{\"@type\":\"ReadAction\",\"target\":[\"https:\\\/\\\/libreriaelerrante.com\\\/tienda\\\/el-circulo-de-los-dias\\\/\"]}]},{\"@type\":\"ImageObject\",\"inLanguage\":\"es\",\"@id\":\"https:\\\/\\\/libreriaelerrante.com\\\/tienda\\\/el-circulo-de-los-dias\\\/#primaryimage\",\"url\":\"https:\\\/\\\/libreriaelerrante.com\\\/tienda\\\/wp-content\\\/uploads\\\/2025\\\/08\\\/el-circulo-de-los-dias.jpeg\",\"contentUrl\":\"https:\\\/\\\/libreriaelerrante.com\\\/tienda\\\/wp-content\\\/uploads\\\/2025\\\/08\\\/el-circulo-de-los-dias.jpeg\",\"width\":680,\"height\":1050,\"caption\":\"Portada El Circulo de Los Dias\"},{\"@type\":\"BreadcrumbList\",\"@id\":\"https:\\\/\\\/libreriaelerrante.com\\\/tienda\\\/el-circulo-de-los-dias\\\/#breadcrumb\",\"itemListElement\":[{\"@type\":\"ListItem\",\"position\":1,\"name\":\"Inicio\",\"item\":\"https:\\\/\\\/libreriaelerrante.com\\\/tienda\\\/\"},{\"@type\":\"ListItem\",\"position\":2,\"name\":\"Productos\",\"item\":\"https:\\\/\\\/libreriaelerrante.com\\\/tienda\\\/shop\\\/\"},{\"@type\":\"ListItem\",\"position\":3,\"name\":\"Librer\u00eda\",\"item\":\"https:\\\/\\\/libreriaelerrante.com\\\/tienda\\\/libreria\\\/\"},{\"@type\":\"ListItem\",\"position\":4,\"name\":\"Novelas\",\"item\":\"https:\\\/\\\/libreriaelerrante.com\\\/tienda\\\/libreria\\\/novelas\\\/\"},{\"@type\":\"ListItem\",\"position\":5,\"name\":\"Ficci\u00f3n\",\"item\":\"https:\\\/\\\/libreriaelerrante.com\\\/tienda\\\/libreria\\\/novelas\\\/ficcion\\\/\"},{\"@type\":\"ListItem\",\"position\":6,\"name\":\"El Circulo de Los Dias\"}]},{\"@type\":\"WebSite\",\"@id\":\"https:\\\/\\\/libreriaelerrante.com\\\/tienda\\\/#website\",\"url\":\"https:\\\/\\\/libreriaelerrante.com\\\/tienda\\\/\",\"name\":\"Librer\u00eda El Errante\",\"description\":\"\",\"publisher\":{\"@id\":\"https:\\\/\\\/libreriaelerrante.com\\\/tienda\\\/#organization\"},\"potentialAction\":[{\"@type\":\"SearchAction\",\"target\":{\"@type\":\"EntryPoint\",\"urlTemplate\":\"https:\\\/\\\/libreriaelerrante.com\\\/tienda\\\/?s={search_term_string}\"},\"query-input\":{\"@type\":\"PropertyValueSpecification\",\"valueRequired\":true,\"valueName\":\"search_term_string\"}}],\"inLanguage\":\"es\"},{\"@type\":\"Organization\",\"@id\":\"https:\\\/\\\/libreriaelerrante.com\\\/tienda\\\/#organization\",\"name\":\"Librer\u00eda El Errante\",\"url\":\"https:\\\/\\\/libreriaelerrante.com\\\/tienda\\\/\",\"logo\":{\"@type\":\"ImageObject\",\"inLanguage\":\"es\",\"@id\":\"https:\\\/\\\/libreriaelerrante.com\\\/tienda\\\/#\\\/schema\\\/logo\\\/image\\\/\",\"url\":\"https:\\\/\\\/libreriaelerrante.com\\\/tienda\\\/wp-content\\\/uploads\\\/2025\\\/05\\\/1-1.png\",\"contentUrl\":\"https:\\\/\\\/libreriaelerrante.com\\\/tienda\\\/wp-content\\\/uploads\\\/2025\\\/05\\\/1-1.png\",\"width\":512,\"height\":512,\"caption\":\"Librer\u00eda El Errante\"},\"image\":{\"@id\":\"https:\\\/\\\/libreriaelerrante.com\\\/tienda\\\/#\\\/schema\\\/logo\\\/image\\\/\"}}]}<\/script>\n<!-- \/ Yoast SEO plugin. -->","yoast_head_json":{"title":"El Circulo de Los Dias | Librer\u00eda El Errante","description":"En El c\u00edrculo de los d\u00edas, Ken Follett se adentra en su \u00e9pica nueva novela sobre el misterio ancestral de la construcci\u00f3n de Stonehenge.","robots":{"index":"index","follow":"follow","max-snippet":"max-snippet:-1","max-image-preview":"max-image-preview:large","max-video-preview":"max-video-preview:-1"},"canonical":"https:\/\/libreriaelerrante.com\/tienda\/el-circulo-de-los-dias\/","og_locale":"es_ES","og_type":"article","og_title":"El Circulo de Los Dias | Librer\u00eda El Errante","og_description":"En El c\u00edrculo de los d\u00edas, Ken Follett se adentra en su \u00e9pica nueva novela sobre el misterio ancestral de la construcci\u00f3n de Stonehenge.","og_url":"https:\/\/libreriaelerrante.com\/tienda\/el-circulo-de-los-dias\/","og_site_name":"Librer\u00eda El Errante","article_modified_time":"2026-04-28T16:11:02+00:00","og_image":[{"width":680,"height":1050,"url":"https:\/\/libreriaelerrante.com\/tienda\/wp-content\/uploads\/2025\/08\/el-circulo-de-los-dias.jpeg","type":"image\/jpeg"}],"twitter_card":"summary_large_image","twitter_misc":{"Tiempo de lectura":"2 minutos"},"schema":{"@context":"https:\/\/schema.org","@graph":[{"@type":"WebPage","@id":"https:\/\/libreriaelerrante.com\/tienda\/el-circulo-de-los-dias\/","url":"https:\/\/libreriaelerrante.com\/tienda\/el-circulo-de-los-dias\/","name":"El Circulo de Los Dias | Librer\u00eda El Errante","isPartOf":{"@id":"https:\/\/libreriaelerrante.com\/tienda\/#website"},"primaryImageOfPage":{"@id":"https:\/\/libreriaelerrante.com\/tienda\/el-circulo-de-los-dias\/#primaryimage"},"image":{"@id":"https:\/\/libreriaelerrante.com\/tienda\/el-circulo-de-los-dias\/#primaryimage"},"thumbnailUrl":"https:\/\/libreriaelerrante.com\/tienda\/wp-content\/uploads\/2025\/08\/el-circulo-de-los-dias.jpeg","datePublished":"2025-08-11T09:26:28+00:00","dateModified":"2026-04-28T16:11:02+00:00","description":"En El c\u00edrculo de los d\u00edas, Ken Follett se adentra en su \u00e9pica nueva novela sobre el misterio ancestral de la construcci\u00f3n de Stonehenge.","breadcrumb":{"@id":"https:\/\/libreriaelerrante.com\/tienda\/el-circulo-de-los-dias\/#breadcrumb"},"inLanguage":"es","potentialAction":[{"@type":"ReadAction","target":["https:\/\/libreriaelerrante.com\/tienda\/el-circulo-de-los-dias\/"]}]},{"@type":"ImageObject","inLanguage":"es","@id":"https:\/\/libreriaelerrante.com\/tienda\/el-circulo-de-los-dias\/#primaryimage","url":"https:\/\/libreriaelerrante.com\/tienda\/wp-content\/uploads\/2025\/08\/el-circulo-de-los-dias.jpeg","contentUrl":"https:\/\/libreriaelerrante.com\/tienda\/wp-content\/uploads\/2025\/08\/el-circulo-de-los-dias.jpeg","width":680,"height":1050,"caption":"Portada El Circulo de Los Dias"},{"@type":"BreadcrumbList","@id":"https:\/\/libreriaelerrante.com\/tienda\/el-circulo-de-los-dias\/#breadcrumb","itemListElement":[{"@type":"ListItem","position":1,"name":"Inicio","item":"https:\/\/libreriaelerrante.com\/tienda\/"},{"@type":"ListItem","position":2,"name":"Productos","item":"https:\/\/libreriaelerrante.com\/tienda\/shop\/"},{"@type":"ListItem","position":3,"name":"Librer\u00eda","item":"https:\/\/libreriaelerrante.com\/tienda\/libreria\/"},{"@type":"ListItem","position":4,"name":"Novelas","item":"https:\/\/libreriaelerrante.com\/tienda\/libreria\/novelas\/"},{"@type":"ListItem","position":5,"name":"Ficci\u00f3n","item":"https:\/\/libreriaelerrante.com\/tienda\/libreria\/novelas\/ficcion\/"},{"@type":"ListItem","position":6,"name":"El Circulo de Los Dias"}]},{"@type":"WebSite","@id":"https:\/\/libreriaelerrante.com\/tienda\/#website","url":"https:\/\/libreriaelerrante.com\/tienda\/","name":"Librer\u00eda El Errante","description":"","publisher":{"@id":"https:\/\/libreriaelerrante.com\/tienda\/#organization"},"potentialAction":[{"@type":"SearchAction","target":{"@type":"EntryPoint","urlTemplate":"https:\/\/libreriaelerrante.com\/tienda\/?s={search_term_string}"},"query-input":{"@type":"PropertyValueSpecification","valueRequired":true,"valueName":"search_term_string"}}],"inLanguage":"es"},{"@type":"Organization","@id":"https:\/\/libreriaelerrante.com\/tienda\/#organization","name":"Librer\u00eda El Errante","url":"https:\/\/libreriaelerrante.com\/tienda\/","logo":{"@type":"ImageObject","inLanguage":"es","@id":"https:\/\/libreriaelerrante.com\/tienda\/#\/schema\/logo\/image\/","url":"https:\/\/libreriaelerrante.com\/tienda\/wp-content\/uploads\/2025\/05\/1-1.png","contentUrl":"https:\/\/libreriaelerrante.com\/tienda\/wp-content\/uploads\/2025\/05\/1-1.png","width":512,"height":512,"caption":"Librer\u00eda El Errante"},"image":{"@id":"https:\/\/libreriaelerrante.com\/tienda\/#\/schema\/logo\/image\/"}}]}},"_links":{"self":[{"href":"https:\/\/libreriaelerrante.com\/tienda\/wp-json\/wp\/v2\/product\/975","targetHints":{"allow":["GET"]}}],"collection":[{"href":"https:\/\/libreriaelerrante.com\/tienda\/wp-json\/wp\/v2\/product"}],"about":[{"href":"https:\/\/libreriaelerrante.com\/tienda\/wp-json\/wp\/v2\/types\/product"}],"replies":[{"embeddable":true,"href":"https:\/\/libreriaelerrante.com\/tienda\/wp-json\/wp\/v2\/comments?post=975"}],"wp:featuredmedia":[{"embeddable":true,"href":"https:\/\/libreriaelerrante.com\/tienda\/wp-json\/wp\/v2\/media\/976"}],"wp:attachment":[{"href":"https:\/\/libreriaelerrante.com\/tienda\/wp-json\/wp\/v2\/media?parent=975"}],"wp:term":[{"taxonomy":"product_brand","embeddable":true,"href":"https:\/\/libreriaelerrante.com\/tienda\/wp-json\/wp\/v2\/product_brand?post=975"},{"taxonomy":"product_cat","embeddable":true,"href":"https:\/\/libreriaelerrante.com\/tienda\/wp-json\/wp\/v2\/product_cat?post=975"},{"taxonomy":"product_tag","embeddable":true,"href":"https:\/\/libreriaelerrante.com\/tienda\/wp-json\/wp\/v2\/product_tag?post=975"}],"curies":[{"name":"wp","href":"https:\/\/api.w.org\/{rel}","templated":true}]}}