{"id":903,"date":"2025-08-07T11:58:41","date_gmt":"2025-08-07T09:58:41","guid":{"rendered":"https:\/\/libreriaelerrante.com\/tienda\/?post_type=product&#038;p=903"},"modified":"2026-04-28T18:12:55","modified_gmt":"2026-04-28T16:12:55","slug":"lo-que-el-alma-cuenta","status":"publish","type":"product","link":"https:\/\/libreriaelerrante.com\/tienda\/lo-que-el-alma-cuenta\/","title":{"rendered":"Lo que el alma cuenta"},"content":{"rendered":"<h3>Un viaje literario hacia el coraz\u00f3n<\/h3>\n<p>&#8220;Lo Que El Alma Cuenta&#8221; de Sonia Andr\u00e9s Espallardo es m\u00e1s que un libro, es un viaje \u00edntimo hacia las emociones humanas, plasmado en p\u00e1ginas llenas de sensibilidad. Este fascinante t\u00edtulo invita al lector a reflexionar sobre los sentimientos, los momentos que nos marcan y las historias que se esconden detr\u00e1s de cada alma. Perfecto para quienes buscan una experiencia literaria profunda y conmovedora.<\/p>\n<h3>Una obra de estilo \u00fanico y cautivador<\/h3>\n<p>La escritura de Sonia Andr\u00e9s Espallardo destaca por su capacidad de transmitir emociones con un estilo \u00fanico, accesible y bello. &#8220;Lo Que El Alma Cuenta&#8221; combina una narrativa fluida con la profundidad necesaria para conectar con los lectores e inspirar introspecci\u00f3n. Su estructura y cuidado en las palabras hacen de este libro una pieza literaria que no solo se lee, sino que se siente.<\/p>\n<h3>El regalo ideal para los amantes de la literatura<\/h3>\n<p>Si est\u00e1s buscando un regalo especial para alguien que disfruta de los libros que tocan el alma, &#8220;Lo Que El Alma Cuenta&#8221; es una elecci\u00f3n perfecta. Sus p\u00e1ginas son un refugio para aquellos que buscan encontrar momentos de calma y reflexi\u00f3n en medio del ritmo acelerado de la vida. Asimismo, este libro es ideal para agregar a tu colecci\u00f3n personal de literatura que inspira y transforma.<\/p>\n<p>D\u00e9jate envolver por la magia de las palabras y emociones con &#8220;Lo Que El Alma Cuenta&#8221; de Sonia Andr\u00e9s Espallardo. Una obra que, sin lugar a dudas, ocupar\u00e1 un lugar especial en tu biblioteca y en tu coraz\u00f3n.<\/p>\n","protected":false},"excerpt":{"rendered":"<h2>Sinopsis<\/h2>\n<p class=\"texto-sinopsis\">Este libro muestra la visi\u00f3n de una psiquiatra que sobrepasa los l\u00edmites de la medicina convencional, adentr\u00e1ndose en el desconocido mundo de las regresiones a vidas y a hechos pasados, en base a sus propias experiencias como paciente y como terapeuta consolidada en esta t\u00e9cnica. Recoge un estudio profundo a trav\u00e9s del cual comprueba su efectividad y obtiene conclusiones que son generadoras de esperanza para todas aquellas personas que quieran descubrir qu\u00e9 ocurre tras la muerte f\u00edsica y conocer su prop\u00f3sito en esta vida. Aporta un sentido a la existencia y otorga una perspectiva diferente sobre nuestra verdadera esencia. Lo que ayer fue considerado pseudociencia, hoy es tra\u00eddo de la mano de la ciencia.<\/p>\n<p class=\"texto-sinopsis\"><i>En un momento de su vida, Sonia decidi\u00f3 creer para ver, lo que le ha llevado a encontrarse con una realidad cuya evidencia no se puede negar.<\/i><\/p>\n<p class=\"texto-sinopsis\"><i>La decisi\u00f3n de plasmarla por escrito demuestra la valent\u00eda que atesora para hacer que tengamos la oportunidad de leer este libro.<\/i><\/p>\n<p class=\"texto-sinopsis\"><i>Podr\u00e1s estar de acuerdo o no con su contenido, pero te puedo asegurar que no te va a dejar indiferente\u00bb.<\/i><\/p>\n<p class=\"texto-sinopsis\">Dr. Juan Jos\u00e9 L\u00f3pez Mart\u00ednez<\/p>\n","protected":false},"featured_media":904,"comment_status":"open","ping_status":"closed","template":"","meta":{"iawp_total_views":0},"product_brand":[],"product_cat":[28,96,95],"product_tag":[229,230],"class_list":{"0":"post-903","1":"product","2":"type-product","3":"status-publish","4":"has-post-thumbnail","6":"product_cat-no-ficcion","7":"product_cat-novedades-julio-2025","8":"product_cat-novedades-libros-2025","9":"product_tag-autoayuda","10":"product_tag-sonia-andres-espallardo","11":"pa_autor-sonia-andres-espallardo","13":"first","14":"outofstock","15":"sale","16":"shipping-taxable","17":"purchasable","18":"product-type-simple"},"yoast_head":"<!-- This site is optimized with the Yoast SEO plugin v27.4 - https:\/\/yoast.com\/product\/yoast-seo-wordpress\/ -->\n<title>Lo que el alma cuenta | Librer\u00eda El Errante<\/title>\n<meta name=\"description\" content=\"En Lo que el alma cuenta, Sonia Andr\u00e9s Espallardo ofrece reflexiones profundas y emotivas sobre la vida, el dolor, la esperanza y el poder del alma.\" \/>\n<meta name=\"robots\" content=\"index, follow, max-snippet:-1, max-image-preview:large, max-video-preview:-1\" \/>\n<link rel=\"canonical\" href=\"https:\/\/libreriaelerrante.com\/tienda\/lo-que-el-alma-cuenta\/\" \/>\n<meta property=\"og:locale\" content=\"es_ES\" \/>\n<meta property=\"og:type\" content=\"article\" \/>\n<meta property=\"og:title\" content=\"Lo que el alma cuenta | Librer\u00eda El Errante\" \/>\n<meta property=\"og:description\" content=\"En Lo que el alma cuenta, Sonia Andr\u00e9s Espallardo ofrece reflexiones profundas y emotivas sobre la vida, el dolor, la esperanza y el poder del alma.\" \/>\n<meta property=\"og:url\" content=\"https:\/\/libreriaelerrante.com\/tienda\/lo-que-el-alma-cuenta\/\" \/>\n<meta property=\"og:site_name\" content=\"Librer\u00eda El Errante\" \/>\n<meta property=\"article:modified_time\" content=\"2026-04-28T16:12:55+00:00\" \/>\n<meta property=\"og:image\" content=\"https:\/\/libreriaelerrante.com\/tienda\/wp-content\/uploads\/2025\/08\/lo-que-el-alma-cuenta.jpeg\" \/>\n\t<meta property=\"og:image:width\" content=\"680\" \/>\n\t<meta property=\"og:image:height\" content=\"1050\" \/>\n\t<meta property=\"og:image:type\" content=\"image\/jpeg\" \/>\n<meta name=\"twitter:card\" content=\"summary_large_image\" \/>\n<meta name=\"twitter:label1\" content=\"Tiempo de lectura\" \/>\n\t<meta name=\"twitter:data1\" content=\"2 minutos\" \/>\n<script type=\"application\/ld+json\" class=\"yoast-schema-graph\">{\"@context\":\"https:\\\/\\\/schema.org\",\"@graph\":[{\"@type\":\"WebPage\",\"@id\":\"https:\\\/\\\/libreriaelerrante.com\\\/tienda\\\/lo-que-el-alma-cuenta\\\/\",\"url\":\"https:\\\/\\\/libreriaelerrante.com\\\/tienda\\\/lo-que-el-alma-cuenta\\\/\",\"name\":\"Lo que el alma cuenta | Librer\u00eda El Errante\",\"isPartOf\":{\"@id\":\"https:\\\/\\\/libreriaelerrante.com\\\/tienda\\\/#website\"},\"primaryImageOfPage\":{\"@id\":\"https:\\\/\\\/libreriaelerrante.com\\\/tienda\\\/lo-que-el-alma-cuenta\\\/#primaryimage\"},\"image\":{\"@id\":\"https:\\\/\\\/libreriaelerrante.com\\\/tienda\\\/lo-que-el-alma-cuenta\\\/#primaryimage\"},\"thumbnailUrl\":\"https:\\\/\\\/libreriaelerrante.com\\\/tienda\\\/wp-content\\\/uploads\\\/2025\\\/08\\\/lo-que-el-alma-cuenta.jpeg\",\"datePublished\":\"2025-08-07T09:58:41+00:00\",\"dateModified\":\"2026-04-28T16:12:55+00:00\",\"description\":\"En Lo que el alma cuenta, Sonia Andr\u00e9s Espallardo ofrece reflexiones profundas y emotivas sobre la vida, el dolor, la esperanza y el poder del alma.\",\"breadcrumb\":{\"@id\":\"https:\\\/\\\/libreriaelerrante.com\\\/tienda\\\/lo-que-el-alma-cuenta\\\/#breadcrumb\"},\"inLanguage\":\"es\",\"potentialAction\":[{\"@type\":\"ReadAction\",\"target\":[\"https:\\\/\\\/libreriaelerrante.com\\\/tienda\\\/lo-que-el-alma-cuenta\\\/\"]}]},{\"@type\":\"ImageObject\",\"inLanguage\":\"es\",\"@id\":\"https:\\\/\\\/libreriaelerrante.com\\\/tienda\\\/lo-que-el-alma-cuenta\\\/#primaryimage\",\"url\":\"https:\\\/\\\/libreriaelerrante.com\\\/tienda\\\/wp-content\\\/uploads\\\/2025\\\/08\\\/lo-que-el-alma-cuenta.jpeg\",\"contentUrl\":\"https:\\\/\\\/libreriaelerrante.com\\\/tienda\\\/wp-content\\\/uploads\\\/2025\\\/08\\\/lo-que-el-alma-cuenta.jpeg\",\"width\":680,\"height\":1050,\"caption\":\"Portada Lo que el alma cuenta\"},{\"@type\":\"BreadcrumbList\",\"@id\":\"https:\\\/\\\/libreriaelerrante.com\\\/tienda\\\/lo-que-el-alma-cuenta\\\/#breadcrumb\",\"itemListElement\":[{\"@type\":\"ListItem\",\"position\":1,\"name\":\"Inicio\",\"item\":\"https:\\\/\\\/libreriaelerrante.com\\\/tienda\\\/\"},{\"@type\":\"ListItem\",\"position\":2,\"name\":\"Productos\",\"item\":\"https:\\\/\\\/libreriaelerrante.com\\\/tienda\\\/shop\\\/\"},{\"@type\":\"ListItem\",\"position\":3,\"name\":\"Novedades Libros 2025\",\"item\":\"https:\\\/\\\/libreriaelerrante.com\\\/tienda\\\/novedades-libros-2025\\\/\"},{\"@type\":\"ListItem\",\"position\":4,\"name\":\"Novedades Julio 2025\",\"item\":\"https:\\\/\\\/libreriaelerrante.com\\\/tienda\\\/novedades-libros-2025\\\/novedades-julio-2025\\\/\"},{\"@type\":\"ListItem\",\"position\":5,\"name\":\"Lo que el alma cuenta\"}]},{\"@type\":\"WebSite\",\"@id\":\"https:\\\/\\\/libreriaelerrante.com\\\/tienda\\\/#website\",\"url\":\"https:\\\/\\\/libreriaelerrante.com\\\/tienda\\\/\",\"name\":\"Librer\u00eda El Errante\",\"description\":\"\",\"publisher\":{\"@id\":\"https:\\\/\\\/libreriaelerrante.com\\\/tienda\\\/#organization\"},\"potentialAction\":[{\"@type\":\"SearchAction\",\"target\":{\"@type\":\"EntryPoint\",\"urlTemplate\":\"https:\\\/\\\/libreriaelerrante.com\\\/tienda\\\/?s={search_term_string}\"},\"query-input\":{\"@type\":\"PropertyValueSpecification\",\"valueRequired\":true,\"valueName\":\"search_term_string\"}}],\"inLanguage\":\"es\"},{\"@type\":\"Organization\",\"@id\":\"https:\\\/\\\/libreriaelerrante.com\\\/tienda\\\/#organization\",\"name\":\"Librer\u00eda El Errante\",\"url\":\"https:\\\/\\\/libreriaelerrante.com\\\/tienda\\\/\",\"logo\":{\"@type\":\"ImageObject\",\"inLanguage\":\"es\",\"@id\":\"https:\\\/\\\/libreriaelerrante.com\\\/tienda\\\/#\\\/schema\\\/logo\\\/image\\\/\",\"url\":\"https:\\\/\\\/libreriaelerrante.com\\\/tienda\\\/wp-content\\\/uploads\\\/2025\\\/05\\\/1-1.png\",\"contentUrl\":\"https:\\\/\\\/libreriaelerrante.com\\\/tienda\\\/wp-content\\\/uploads\\\/2025\\\/05\\\/1-1.png\",\"width\":512,\"height\":512,\"caption\":\"Librer\u00eda El Errante\"},\"image\":{\"@id\":\"https:\\\/\\\/libreriaelerrante.com\\\/tienda\\\/#\\\/schema\\\/logo\\\/image\\\/\"}}]}<\/script>\n<!-- \/ Yoast SEO plugin. -->","yoast_head_json":{"title":"Lo que el alma cuenta | Librer\u00eda El Errante","description":"En Lo que el alma cuenta, Sonia Andr\u00e9s Espallardo ofrece reflexiones profundas y emotivas sobre la vida, el dolor, la esperanza y el poder del alma.","robots":{"index":"index","follow":"follow","max-snippet":"max-snippet:-1","max-image-preview":"max-image-preview:large","max-video-preview":"max-video-preview:-1"},"canonical":"https:\/\/libreriaelerrante.com\/tienda\/lo-que-el-alma-cuenta\/","og_locale":"es_ES","og_type":"article","og_title":"Lo que el alma cuenta | Librer\u00eda El Errante","og_description":"En Lo que el alma cuenta, Sonia Andr\u00e9s Espallardo ofrece reflexiones profundas y emotivas sobre la vida, el dolor, la esperanza y el poder del alma.","og_url":"https:\/\/libreriaelerrante.com\/tienda\/lo-que-el-alma-cuenta\/","og_site_name":"Librer\u00eda El Errante","article_modified_time":"2026-04-28T16:12:55+00:00","og_image":[{"width":680,"height":1050,"url":"https:\/\/libreriaelerrante.com\/tienda\/wp-content\/uploads\/2025\/08\/lo-que-el-alma-cuenta.jpeg","type":"image\/jpeg"}],"twitter_card":"summary_large_image","twitter_misc":{"Tiempo de lectura":"2 minutos"},"schema":{"@context":"https:\/\/schema.org","@graph":[{"@type":"WebPage","@id":"https:\/\/libreriaelerrante.com\/tienda\/lo-que-el-alma-cuenta\/","url":"https:\/\/libreriaelerrante.com\/tienda\/lo-que-el-alma-cuenta\/","name":"Lo que el alma cuenta | Librer\u00eda El Errante","isPartOf":{"@id":"https:\/\/libreriaelerrante.com\/tienda\/#website"},"primaryImageOfPage":{"@id":"https:\/\/libreriaelerrante.com\/tienda\/lo-que-el-alma-cuenta\/#primaryimage"},"image":{"@id":"https:\/\/libreriaelerrante.com\/tienda\/lo-que-el-alma-cuenta\/#primaryimage"},"thumbnailUrl":"https:\/\/libreriaelerrante.com\/tienda\/wp-content\/uploads\/2025\/08\/lo-que-el-alma-cuenta.jpeg","datePublished":"2025-08-07T09:58:41+00:00","dateModified":"2026-04-28T16:12:55+00:00","description":"En Lo que el alma cuenta, Sonia Andr\u00e9s Espallardo ofrece reflexiones profundas y emotivas sobre la vida, el dolor, la esperanza y el poder del alma.","breadcrumb":{"@id":"https:\/\/libreriaelerrante.com\/tienda\/lo-que-el-alma-cuenta\/#breadcrumb"},"inLanguage":"es","potentialAction":[{"@type":"ReadAction","target":["https:\/\/libreriaelerrante.com\/tienda\/lo-que-el-alma-cuenta\/"]}]},{"@type":"ImageObject","inLanguage":"es","@id":"https:\/\/libreriaelerrante.com\/tienda\/lo-que-el-alma-cuenta\/#primaryimage","url":"https:\/\/libreriaelerrante.com\/tienda\/wp-content\/uploads\/2025\/08\/lo-que-el-alma-cuenta.jpeg","contentUrl":"https:\/\/libreriaelerrante.com\/tienda\/wp-content\/uploads\/2025\/08\/lo-que-el-alma-cuenta.jpeg","width":680,"height":1050,"caption":"Portada Lo que el alma cuenta"},{"@type":"BreadcrumbList","@id":"https:\/\/libreriaelerrante.com\/tienda\/lo-que-el-alma-cuenta\/#breadcrumb","itemListElement":[{"@type":"ListItem","position":1,"name":"Inicio","item":"https:\/\/libreriaelerrante.com\/tienda\/"},{"@type":"ListItem","position":2,"name":"Productos","item":"https:\/\/libreriaelerrante.com\/tienda\/shop\/"},{"@type":"ListItem","position":3,"name":"Novedades Libros 2025","item":"https:\/\/libreriaelerrante.com\/tienda\/novedades-libros-2025\/"},{"@type":"ListItem","position":4,"name":"Novedades Julio 2025","item":"https:\/\/libreriaelerrante.com\/tienda\/novedades-libros-2025\/novedades-julio-2025\/"},{"@type":"ListItem","position":5,"name":"Lo que el alma cuenta"}]},{"@type":"WebSite","@id":"https:\/\/libreriaelerrante.com\/tienda\/#website","url":"https:\/\/libreriaelerrante.com\/tienda\/","name":"Librer\u00eda El Errante","description":"","publisher":{"@id":"https:\/\/libreriaelerrante.com\/tienda\/#organization"},"potentialAction":[{"@type":"SearchAction","target":{"@type":"EntryPoint","urlTemplate":"https:\/\/libreriaelerrante.com\/tienda\/?s={search_term_string}"},"query-input":{"@type":"PropertyValueSpecification","valueRequired":true,"valueName":"search_term_string"}}],"inLanguage":"es"},{"@type":"Organization","@id":"https:\/\/libreriaelerrante.com\/tienda\/#organization","name":"Librer\u00eda El Errante","url":"https:\/\/libreriaelerrante.com\/tienda\/","logo":{"@type":"ImageObject","inLanguage":"es","@id":"https:\/\/libreriaelerrante.com\/tienda\/#\/schema\/logo\/image\/","url":"https:\/\/libreriaelerrante.com\/tienda\/wp-content\/uploads\/2025\/05\/1-1.png","contentUrl":"https:\/\/libreriaelerrante.com\/tienda\/wp-content\/uploads\/2025\/05\/1-1.png","width":512,"height":512,"caption":"Librer\u00eda El Errante"},"image":{"@id":"https:\/\/libreriaelerrante.com\/tienda\/#\/schema\/logo\/image\/"}}]}},"_links":{"self":[{"href":"https:\/\/libreriaelerrante.com\/tienda\/wp-json\/wp\/v2\/product\/903","targetHints":{"allow":["GET"]}}],"collection":[{"href":"https:\/\/libreriaelerrante.com\/tienda\/wp-json\/wp\/v2\/product"}],"about":[{"href":"https:\/\/libreriaelerrante.com\/tienda\/wp-json\/wp\/v2\/types\/product"}],"replies":[{"embeddable":true,"href":"https:\/\/libreriaelerrante.com\/tienda\/wp-json\/wp\/v2\/comments?post=903"}],"wp:featuredmedia":[{"embeddable":true,"href":"https:\/\/libreriaelerrante.com\/tienda\/wp-json\/wp\/v2\/media\/904"}],"wp:attachment":[{"href":"https:\/\/libreriaelerrante.com\/tienda\/wp-json\/wp\/v2\/media?parent=903"}],"wp:term":[{"taxonomy":"product_brand","embeddable":true,"href":"https:\/\/libreriaelerrante.com\/tienda\/wp-json\/wp\/v2\/product_brand?post=903"},{"taxonomy":"product_cat","embeddable":true,"href":"https:\/\/libreriaelerrante.com\/tienda\/wp-json\/wp\/v2\/product_cat?post=903"},{"taxonomy":"product_tag","embeddable":true,"href":"https:\/\/libreriaelerrante.com\/tienda\/wp-json\/wp\/v2\/product_tag?post=903"}],"curies":[{"name":"wp","href":"https:\/\/api.w.org\/{rel}","templated":true}]}}