{"id":891,"date":"2025-08-04T18:18:54","date_gmt":"2025-08-04T16:18:54","guid":{"rendered":"https:\/\/libreriaelerrante.com\/tienda\/?post_type=product&#038;p=891"},"modified":"2026-04-28T18:16:14","modified_gmt":"2026-04-28T16:16:14","slug":"extrano-1-yo-pertenezco-a-la-muerte","status":"publish","type":"product","link":"https:\/\/libreriaelerrante.com\/tienda\/extrano-1-yo-pertenezco-a-la-muerte\/","title":{"rendered":"Extra\u00f1o 1 Yo Pertenezco a la Muerte"},"content":{"rendered":"","protected":false},"excerpt":{"rendered":"<h2 id=\"tab-label-description\" class=\"data item title active\" tabindex=\"0\" role=\"tab\" data-role=\"collapsible\" data-collapsible=\"true\" aria-controls=\"description\" aria-selected=\"false\" aria-expanded=\"true\">Descripci\u00f3n<\/h2>\n<div id=\"description\" class=\"data item content\" role=\"tabpanel\" aria-labelledby=\"tab-label-description\" data-role=\"content\" aria-hidden=\"false\">\n<div class=\"product attribute description\">\n<div class=\"value\">\n<p>\u00a1La llegada de una nueva Hechicera Suprema! Despu\u00e9s de la muerte del Doctor Extra\u00f1o, Clea Extra\u00f1o ha tomado el manto y planea traer a Stephen del m\u00e1s all\u00e1. Pero esas intenciones chocan con la llegada de un misterioso grupo que ataca el reino de la magia.<strong>\u00a0Jed MacKay<\/strong>\u00a0contin\u00faa con la historia all\u00e1 donde lo dej\u00f3, con\u00a0<strong>Marcelo Ferreira\u00a0<\/strong>al dibujo.<\/p>\n<\/div>\n<\/div>\n<\/div>\n","protected":false},"featured_media":892,"comment_status":"open","ping_status":"closed","template":"","meta":{"iawp_total_views":0},"product_brand":[],"product_cat":[21,20,96,95],"product_tag":[209,211],"class_list":{"0":"post-891","1":"product","2":"type-product","3":"status-publish","4":"has-post-thumbnail","6":"product_cat-comics","7":"product_cat-mangas","8":"product_cat-novedades-julio-2025","9":"product_cat-novedades-libros-2025","10":"product_tag-marvel-premiere-extrano","11":"product_tag-mckay-jed-ferreira-marcelo","12":"pa_autor-mckay-jed-ferreira-marcelo","14":"first","15":"outofstock","16":"sale","17":"shipping-taxable","18":"purchasable","19":"product-type-simple"},"yoast_head":"<!-- This site is optimized with the Yoast SEO plugin v27.4 - https:\/\/yoast.com\/product\/yoast-seo-wordpress\/ -->\n<title>Extra\u00f1o 1 Yo Pertenezco a la Muerte | Librer\u00eda El Errante<\/title>\n<meta name=\"description\" content=\"Extra\u00f1o 1. Yo pertenezco a la muerte de Jed Mackay y Marcelo Ferreira inicia una nueva etapa oscura y m\u00e1gica del Hechicero Supremo. Julio 2025\" \/>\n<meta name=\"robots\" content=\"index, follow, max-snippet:-1, max-image-preview:large, max-video-preview:-1\" \/>\n<link rel=\"canonical\" href=\"https:\/\/libreriaelerrante.com\/tienda\/extrano-1-yo-pertenezco-a-la-muerte\/\" \/>\n<meta property=\"og:locale\" content=\"es_ES\" \/>\n<meta property=\"og:type\" content=\"article\" \/>\n<meta property=\"og:title\" content=\"Extra\u00f1o 1 Yo Pertenezco a la Muerte | Librer\u00eda El Errante\" \/>\n<meta property=\"og:description\" content=\"Extra\u00f1o 1. Yo pertenezco a la muerte de Jed Mackay y Marcelo Ferreira inicia una nueva etapa oscura y m\u00e1gica del Hechicero Supremo. Julio 2025\" \/>\n<meta property=\"og:url\" content=\"https:\/\/libreriaelerrante.com\/tienda\/extrano-1-yo-pertenezco-a-la-muerte\/\" \/>\n<meta property=\"og:site_name\" content=\"Librer\u00eda El Errante\" \/>\n<meta property=\"article:modified_time\" content=\"2026-04-28T16:16:14+00:00\" \/>\n<meta property=\"og:image\" content=\"https:\/\/libreriaelerrante.com\/tienda\/wp-content\/uploads\/2025\/08\/extrano-1-yo-pertenezco-a-la-muerte.jpeg\" \/>\n\t<meta property=\"og:image:width\" content=\"340\" \/>\n\t<meta property=\"og:image:height\" content=\"525\" \/>\n\t<meta property=\"og:image:type\" content=\"image\/jpeg\" \/>\n<meta name=\"twitter:card\" content=\"summary_large_image\" \/>\n<meta name=\"twitter:label1\" content=\"Tiempo de lectura\" \/>\n\t<meta name=\"twitter:data1\" content=\"1 minuto\" \/>\n<script type=\"application\/ld+json\" class=\"yoast-schema-graph\">{\"@context\":\"https:\\\/\\\/schema.org\",\"@graph\":[{\"@type\":\"WebPage\",\"@id\":\"https:\\\/\\\/libreriaelerrante.com\\\/tienda\\\/extrano-1-yo-pertenezco-a-la-muerte\\\/\",\"url\":\"https:\\\/\\\/libreriaelerrante.com\\\/tienda\\\/extrano-1-yo-pertenezco-a-la-muerte\\\/\",\"name\":\"Extra\u00f1o 1 Yo Pertenezco a la Muerte | Librer\u00eda El Errante\",\"isPartOf\":{\"@id\":\"https:\\\/\\\/libreriaelerrante.com\\\/tienda\\\/#website\"},\"primaryImageOfPage\":{\"@id\":\"https:\\\/\\\/libreriaelerrante.com\\\/tienda\\\/extrano-1-yo-pertenezco-a-la-muerte\\\/#primaryimage\"},\"image\":{\"@id\":\"https:\\\/\\\/libreriaelerrante.com\\\/tienda\\\/extrano-1-yo-pertenezco-a-la-muerte\\\/#primaryimage\"},\"thumbnailUrl\":\"https:\\\/\\\/libreriaelerrante.com\\\/tienda\\\/wp-content\\\/uploads\\\/2025\\\/08\\\/extrano-1-yo-pertenezco-a-la-muerte.jpeg\",\"datePublished\":\"2025-08-04T16:18:54+00:00\",\"dateModified\":\"2026-04-28T16:16:14+00:00\",\"description\":\"Extra\u00f1o 1. Yo pertenezco a la muerte de Jed Mackay y Marcelo Ferreira inicia una nueva etapa oscura y m\u00e1gica del Hechicero Supremo. Julio 2025\",\"breadcrumb\":{\"@id\":\"https:\\\/\\\/libreriaelerrante.com\\\/tienda\\\/extrano-1-yo-pertenezco-a-la-muerte\\\/#breadcrumb\"},\"inLanguage\":\"es\",\"potentialAction\":[{\"@type\":\"ReadAction\",\"target\":[\"https:\\\/\\\/libreriaelerrante.com\\\/tienda\\\/extrano-1-yo-pertenezco-a-la-muerte\\\/\"]}]},{\"@type\":\"ImageObject\",\"inLanguage\":\"es\",\"@id\":\"https:\\\/\\\/libreriaelerrante.com\\\/tienda\\\/extrano-1-yo-pertenezco-a-la-muerte\\\/#primaryimage\",\"url\":\"https:\\\/\\\/libreriaelerrante.com\\\/tienda\\\/wp-content\\\/uploads\\\/2025\\\/08\\\/extrano-1-yo-pertenezco-a-la-muerte.jpeg\",\"contentUrl\":\"https:\\\/\\\/libreriaelerrante.com\\\/tienda\\\/wp-content\\\/uploads\\\/2025\\\/08\\\/extrano-1-yo-pertenezco-a-la-muerte.jpeg\",\"width\":340,\"height\":525,\"caption\":\"Portada Extra\u00f1o 1 Yo pertenezco a la muerte\"},{\"@type\":\"BreadcrumbList\",\"@id\":\"https:\\\/\\\/libreriaelerrante.com\\\/tienda\\\/extrano-1-yo-pertenezco-a-la-muerte\\\/#breadcrumb\",\"itemListElement\":[{\"@type\":\"ListItem\",\"position\":1,\"name\":\"Inicio\",\"item\":\"https:\\\/\\\/libreriaelerrante.com\\\/tienda\\\/\"},{\"@type\":\"ListItem\",\"position\":2,\"name\":\"Productos\",\"item\":\"https:\\\/\\\/libreriaelerrante.com\\\/tienda\\\/shop\\\/\"},{\"@type\":\"ListItem\",\"position\":3,\"name\":\"Novedades Libros 2025\",\"item\":\"https:\\\/\\\/libreriaelerrante.com\\\/tienda\\\/novedades-libros-2025\\\/\"},{\"@type\":\"ListItem\",\"position\":4,\"name\":\"Novedades Julio 2025\",\"item\":\"https:\\\/\\\/libreriaelerrante.com\\\/tienda\\\/novedades-libros-2025\\\/novedades-julio-2025\\\/\"},{\"@type\":\"ListItem\",\"position\":5,\"name\":\"Extra\u00f1o 1 Yo Pertenezco a la Muerte\"}]},{\"@type\":\"WebSite\",\"@id\":\"https:\\\/\\\/libreriaelerrante.com\\\/tienda\\\/#website\",\"url\":\"https:\\\/\\\/libreriaelerrante.com\\\/tienda\\\/\",\"name\":\"Librer\u00eda El Errante\",\"description\":\"\",\"publisher\":{\"@id\":\"https:\\\/\\\/libreriaelerrante.com\\\/tienda\\\/#organization\"},\"potentialAction\":[{\"@type\":\"SearchAction\",\"target\":{\"@type\":\"EntryPoint\",\"urlTemplate\":\"https:\\\/\\\/libreriaelerrante.com\\\/tienda\\\/?s={search_term_string}\"},\"query-input\":{\"@type\":\"PropertyValueSpecification\",\"valueRequired\":true,\"valueName\":\"search_term_string\"}}],\"inLanguage\":\"es\"},{\"@type\":\"Organization\",\"@id\":\"https:\\\/\\\/libreriaelerrante.com\\\/tienda\\\/#organization\",\"name\":\"Librer\u00eda El Errante\",\"url\":\"https:\\\/\\\/libreriaelerrante.com\\\/tienda\\\/\",\"logo\":{\"@type\":\"ImageObject\",\"inLanguage\":\"es\",\"@id\":\"https:\\\/\\\/libreriaelerrante.com\\\/tienda\\\/#\\\/schema\\\/logo\\\/image\\\/\",\"url\":\"https:\\\/\\\/libreriaelerrante.com\\\/tienda\\\/wp-content\\\/uploads\\\/2025\\\/05\\\/1-1.png\",\"contentUrl\":\"https:\\\/\\\/libreriaelerrante.com\\\/tienda\\\/wp-content\\\/uploads\\\/2025\\\/05\\\/1-1.png\",\"width\":512,\"height\":512,\"caption\":\"Librer\u00eda El Errante\"},\"image\":{\"@id\":\"https:\\\/\\\/libreriaelerrante.com\\\/tienda\\\/#\\\/schema\\\/logo\\\/image\\\/\"}}]}<\/script>\n<!-- \/ Yoast SEO plugin. -->","yoast_head_json":{"title":"Extra\u00f1o 1 Yo Pertenezco a la Muerte | Librer\u00eda El Errante","description":"Extra\u00f1o 1. Yo pertenezco a la muerte de Jed Mackay y Marcelo Ferreira inicia una nueva etapa oscura y m\u00e1gica del Hechicero Supremo. Julio 2025","robots":{"index":"index","follow":"follow","max-snippet":"max-snippet:-1","max-image-preview":"max-image-preview:large","max-video-preview":"max-video-preview:-1"},"canonical":"https:\/\/libreriaelerrante.com\/tienda\/extrano-1-yo-pertenezco-a-la-muerte\/","og_locale":"es_ES","og_type":"article","og_title":"Extra\u00f1o 1 Yo Pertenezco a la Muerte | Librer\u00eda El Errante","og_description":"Extra\u00f1o 1. Yo pertenezco a la muerte de Jed Mackay y Marcelo Ferreira inicia una nueva etapa oscura y m\u00e1gica del Hechicero Supremo. Julio 2025","og_url":"https:\/\/libreriaelerrante.com\/tienda\/extrano-1-yo-pertenezco-a-la-muerte\/","og_site_name":"Librer\u00eda El Errante","article_modified_time":"2026-04-28T16:16:14+00:00","og_image":[{"width":340,"height":525,"url":"https:\/\/libreriaelerrante.com\/tienda\/wp-content\/uploads\/2025\/08\/extrano-1-yo-pertenezco-a-la-muerte.jpeg","type":"image\/jpeg"}],"twitter_card":"summary_large_image","twitter_misc":{"Tiempo de lectura":"1 minuto"},"schema":{"@context":"https:\/\/schema.org","@graph":[{"@type":"WebPage","@id":"https:\/\/libreriaelerrante.com\/tienda\/extrano-1-yo-pertenezco-a-la-muerte\/","url":"https:\/\/libreriaelerrante.com\/tienda\/extrano-1-yo-pertenezco-a-la-muerte\/","name":"Extra\u00f1o 1 Yo Pertenezco a la Muerte | Librer\u00eda El Errante","isPartOf":{"@id":"https:\/\/libreriaelerrante.com\/tienda\/#website"},"primaryImageOfPage":{"@id":"https:\/\/libreriaelerrante.com\/tienda\/extrano-1-yo-pertenezco-a-la-muerte\/#primaryimage"},"image":{"@id":"https:\/\/libreriaelerrante.com\/tienda\/extrano-1-yo-pertenezco-a-la-muerte\/#primaryimage"},"thumbnailUrl":"https:\/\/libreriaelerrante.com\/tienda\/wp-content\/uploads\/2025\/08\/extrano-1-yo-pertenezco-a-la-muerte.jpeg","datePublished":"2025-08-04T16:18:54+00:00","dateModified":"2026-04-28T16:16:14+00:00","description":"Extra\u00f1o 1. Yo pertenezco a la muerte de Jed Mackay y Marcelo Ferreira inicia una nueva etapa oscura y m\u00e1gica del Hechicero Supremo. Julio 2025","breadcrumb":{"@id":"https:\/\/libreriaelerrante.com\/tienda\/extrano-1-yo-pertenezco-a-la-muerte\/#breadcrumb"},"inLanguage":"es","potentialAction":[{"@type":"ReadAction","target":["https:\/\/libreriaelerrante.com\/tienda\/extrano-1-yo-pertenezco-a-la-muerte\/"]}]},{"@type":"ImageObject","inLanguage":"es","@id":"https:\/\/libreriaelerrante.com\/tienda\/extrano-1-yo-pertenezco-a-la-muerte\/#primaryimage","url":"https:\/\/libreriaelerrante.com\/tienda\/wp-content\/uploads\/2025\/08\/extrano-1-yo-pertenezco-a-la-muerte.jpeg","contentUrl":"https:\/\/libreriaelerrante.com\/tienda\/wp-content\/uploads\/2025\/08\/extrano-1-yo-pertenezco-a-la-muerte.jpeg","width":340,"height":525,"caption":"Portada Extra\u00f1o 1 Yo pertenezco a la muerte"},{"@type":"BreadcrumbList","@id":"https:\/\/libreriaelerrante.com\/tienda\/extrano-1-yo-pertenezco-a-la-muerte\/#breadcrumb","itemListElement":[{"@type":"ListItem","position":1,"name":"Inicio","item":"https:\/\/libreriaelerrante.com\/tienda\/"},{"@type":"ListItem","position":2,"name":"Productos","item":"https:\/\/libreriaelerrante.com\/tienda\/shop\/"},{"@type":"ListItem","position":3,"name":"Novedades Libros 2025","item":"https:\/\/libreriaelerrante.com\/tienda\/novedades-libros-2025\/"},{"@type":"ListItem","position":4,"name":"Novedades Julio 2025","item":"https:\/\/libreriaelerrante.com\/tienda\/novedades-libros-2025\/novedades-julio-2025\/"},{"@type":"ListItem","position":5,"name":"Extra\u00f1o 1 Yo Pertenezco a la Muerte"}]},{"@type":"WebSite","@id":"https:\/\/libreriaelerrante.com\/tienda\/#website","url":"https:\/\/libreriaelerrante.com\/tienda\/","name":"Librer\u00eda El Errante","description":"","publisher":{"@id":"https:\/\/libreriaelerrante.com\/tienda\/#organization"},"potentialAction":[{"@type":"SearchAction","target":{"@type":"EntryPoint","urlTemplate":"https:\/\/libreriaelerrante.com\/tienda\/?s={search_term_string}"},"query-input":{"@type":"PropertyValueSpecification","valueRequired":true,"valueName":"search_term_string"}}],"inLanguage":"es"},{"@type":"Organization","@id":"https:\/\/libreriaelerrante.com\/tienda\/#organization","name":"Librer\u00eda El Errante","url":"https:\/\/libreriaelerrante.com\/tienda\/","logo":{"@type":"ImageObject","inLanguage":"es","@id":"https:\/\/libreriaelerrante.com\/tienda\/#\/schema\/logo\/image\/","url":"https:\/\/libreriaelerrante.com\/tienda\/wp-content\/uploads\/2025\/05\/1-1.png","contentUrl":"https:\/\/libreriaelerrante.com\/tienda\/wp-content\/uploads\/2025\/05\/1-1.png","width":512,"height":512,"caption":"Librer\u00eda El Errante"},"image":{"@id":"https:\/\/libreriaelerrante.com\/tienda\/#\/schema\/logo\/image\/"}}]}},"_links":{"self":[{"href":"https:\/\/libreriaelerrante.com\/tienda\/wp-json\/wp\/v2\/product\/891","targetHints":{"allow":["GET"]}}],"collection":[{"href":"https:\/\/libreriaelerrante.com\/tienda\/wp-json\/wp\/v2\/product"}],"about":[{"href":"https:\/\/libreriaelerrante.com\/tienda\/wp-json\/wp\/v2\/types\/product"}],"replies":[{"embeddable":true,"href":"https:\/\/libreriaelerrante.com\/tienda\/wp-json\/wp\/v2\/comments?post=891"}],"wp:featuredmedia":[{"embeddable":true,"href":"https:\/\/libreriaelerrante.com\/tienda\/wp-json\/wp\/v2\/media\/892"}],"wp:attachment":[{"href":"https:\/\/libreriaelerrante.com\/tienda\/wp-json\/wp\/v2\/media?parent=891"}],"wp:term":[{"taxonomy":"product_brand","embeddable":true,"href":"https:\/\/libreriaelerrante.com\/tienda\/wp-json\/wp\/v2\/product_brand?post=891"},{"taxonomy":"product_cat","embeddable":true,"href":"https:\/\/libreriaelerrante.com\/tienda\/wp-json\/wp\/v2\/product_cat?post=891"},{"taxonomy":"product_tag","embeddable":true,"href":"https:\/\/libreriaelerrante.com\/tienda\/wp-json\/wp\/v2\/product_tag?post=891"}],"curies":[{"name":"wp","href":"https:\/\/api.w.org\/{rel}","templated":true}]}}