{"id":853,"date":"2025-07-31T20:26:50","date_gmt":"2025-07-31T18:26:50","guid":{"rendered":"https:\/\/libreriaelerrante.com\/tienda\/?post_type=product&#038;p=853"},"modified":"2026-04-28T18:16:36","modified_gmt":"2026-04-28T16:16:36","slug":"saint-seiya-the-lost-canvas-1","status":"publish","type":"product","link":"https:\/\/libreriaelerrante.com\/tienda\/saint-seiya-the-lost-canvas-1\/","title":{"rendered":"Saint Seiya The Lost Canvas 1"},"content":{"rendered":"<p>El manga fue publicado en Jap\u00f3n en la revista Shonen Champion entre los a\u00f1os 2006 y 2011, y cont\u00f3 con la historia y el dibujo de Shiori Teshirogi con el benepl\u00e1cito de Masami Kurumada. La autora proporcion\u00f3 un fant\u00e1stico dibujo y unos personajes de gran carisma, lo que le dio a la serie mucha popularidad y un anime muy recordado.<\/p>\n","protected":false},"excerpt":{"rendered":"<h2 class=\"f-w-6 s-7-text balance-title resumen mt-2 svelte-dfv8u\">Sinopsis<\/h2>\n<div class=\"resumen svelte-dj0kyf\">\n<div class=\"resumen-content svelte-dj0kyf\">\u00a1Vuelve una de las series m\u00edticas, Saint Seiya: The Lost Canvas, en tomos dobles! Este manga cuenta una historia previa a los hechos narrados en la serie original Saint Seiya, ocurrida 243 a\u00f1os antes. Tenma y los hermanos Alone y Sasha, son tres ni\u00f1os hu\u00e9rfanos cuya vida cambia cuando S\u00edsifo de Sagitario lleva a Sasha al Santuario porque es la reencarnaci\u00f3n de la diosa Atenea. Por otro lado, Tenma se convierte en el Santo de Pegaso y Alone, que tiene un coraz\u00f3n puro, acaba siendo seleccionado por los dioses gemelos del inframundo para ser la reencarnaci\u00f3n de Hades. El comienzo de una guerra santa y el enfrentamiento entre ellos est\u00e1 servido.<\/div>\n<\/div>\n","protected":false},"featured_media":854,"comment_status":"open","ping_status":"closed","template":"","meta":{"iawp_total_views":0},"product_brand":[],"product_cat":[20,147],"product_tag":[155],"class_list":{"0":"post-853","1":"product","2":"type-product","3":"status-publish","4":"has-post-thumbnail","6":"product_cat-mangas","7":"product_cat-shonen","8":"product_tag-saint-seiya-the-lost-canvas-hades-mythology","9":"pa_autor-kurumada-masami-teshirogi-shiori","11":"first","12":"outofstock","13":"sale","14":"shipping-taxable","15":"purchasable","16":"product-type-simple"},"yoast_head":"<!-- This site is optimized with the Yoast SEO plugin v27.4 - https:\/\/yoast.com\/product\/yoast-seo-wordpress\/ -->\n<title>Saint Seiya The Lost Canvas 1 | Librer\u00eda El Errante<\/title>\n<meta name=\"description\" content=\"En Saint Seiya: The Lost Canvas \u2013 Hades Mythology, los Caballeros luchan en una \u00e9pica guerra santa contra Hades para proteger la Tierra del destino.\" \/>\n<meta name=\"robots\" content=\"index, follow, max-snippet:-1, max-image-preview:large, max-video-preview:-1\" \/>\n<link rel=\"canonical\" href=\"https:\/\/libreriaelerrante.com\/tienda\/saint-seiya-the-lost-canvas-1\/\" \/>\n<meta property=\"og:locale\" content=\"es_ES\" \/>\n<meta property=\"og:type\" content=\"article\" \/>\n<meta property=\"og:title\" content=\"Saint Seiya The Lost Canvas 1 | Librer\u00eda El Errante\" \/>\n<meta property=\"og:description\" content=\"En Saint Seiya: The Lost Canvas \u2013 Hades Mythology, los Caballeros luchan en una \u00e9pica guerra santa contra Hades para proteger la Tierra del destino.\" \/>\n<meta property=\"og:url\" content=\"https:\/\/libreriaelerrante.com\/tienda\/saint-seiya-the-lost-canvas-1\/\" \/>\n<meta property=\"og:site_name\" content=\"Librer\u00eda El Errante\" \/>\n<meta property=\"article:modified_time\" content=\"2026-04-28T16:16:36+00:00\" \/>\n<meta property=\"og:image\" content=\"https:\/\/libreriaelerrante.com\/tienda\/wp-content\/uploads\/2025\/07\/saint-seiya-the-lost-canvas-1.jpeg\" \/>\n\t<meta property=\"og:image:width\" content=\"680\" \/>\n\t<meta property=\"og:image:height\" content=\"1050\" \/>\n\t<meta property=\"og:image:type\" content=\"image\/jpeg\" \/>\n<meta name=\"twitter:card\" content=\"summary_large_image\" \/>\n<meta name=\"twitter:label1\" content=\"Tiempo de lectura\" \/>\n\t<meta name=\"twitter:data1\" content=\"1 minuto\" \/>\n<script type=\"application\/ld+json\" class=\"yoast-schema-graph\">{\"@context\":\"https:\\\/\\\/schema.org\",\"@graph\":[{\"@type\":\"WebPage\",\"@id\":\"https:\\\/\\\/libreriaelerrante.com\\\/tienda\\\/saint-seiya-the-lost-canvas-1\\\/\",\"url\":\"https:\\\/\\\/libreriaelerrante.com\\\/tienda\\\/saint-seiya-the-lost-canvas-1\\\/\",\"name\":\"Saint Seiya The Lost Canvas 1 | Librer\u00eda El Errante\",\"isPartOf\":{\"@id\":\"https:\\\/\\\/libreriaelerrante.com\\\/tienda\\\/#website\"},\"primaryImageOfPage\":{\"@id\":\"https:\\\/\\\/libreriaelerrante.com\\\/tienda\\\/saint-seiya-the-lost-canvas-1\\\/#primaryimage\"},\"image\":{\"@id\":\"https:\\\/\\\/libreriaelerrante.com\\\/tienda\\\/saint-seiya-the-lost-canvas-1\\\/#primaryimage\"},\"thumbnailUrl\":\"https:\\\/\\\/libreriaelerrante.com\\\/tienda\\\/wp-content\\\/uploads\\\/2025\\\/07\\\/saint-seiya-the-lost-canvas-1.jpeg\",\"datePublished\":\"2025-07-31T18:26:50+00:00\",\"dateModified\":\"2026-04-28T16:16:36+00:00\",\"description\":\"En Saint Seiya: The Lost Canvas \u2013 Hades Mythology, los Caballeros luchan en una \u00e9pica guerra santa contra Hades para proteger la Tierra del destino.\",\"breadcrumb\":{\"@id\":\"https:\\\/\\\/libreriaelerrante.com\\\/tienda\\\/saint-seiya-the-lost-canvas-1\\\/#breadcrumb\"},\"inLanguage\":\"es\",\"potentialAction\":[{\"@type\":\"ReadAction\",\"target\":[\"https:\\\/\\\/libreriaelerrante.com\\\/tienda\\\/saint-seiya-the-lost-canvas-1\\\/\"]}]},{\"@type\":\"ImageObject\",\"inLanguage\":\"es\",\"@id\":\"https:\\\/\\\/libreriaelerrante.com\\\/tienda\\\/saint-seiya-the-lost-canvas-1\\\/#primaryimage\",\"url\":\"https:\\\/\\\/libreriaelerrante.com\\\/tienda\\\/wp-content\\\/uploads\\\/2025\\\/07\\\/saint-seiya-the-lost-canvas-1.jpeg\",\"contentUrl\":\"https:\\\/\\\/libreriaelerrante.com\\\/tienda\\\/wp-content\\\/uploads\\\/2025\\\/07\\\/saint-seiya-the-lost-canvas-1.jpeg\",\"width\":680,\"height\":1050,\"caption\":\"Portada Saint Seiya The Lost Canvas 1 El Mito de Hades\"},{\"@type\":\"BreadcrumbList\",\"@id\":\"https:\\\/\\\/libreriaelerrante.com\\\/tienda\\\/saint-seiya-the-lost-canvas-1\\\/#breadcrumb\",\"itemListElement\":[{\"@type\":\"ListItem\",\"position\":1,\"name\":\"Inicio\",\"item\":\"https:\\\/\\\/libreriaelerrante.com\\\/tienda\\\/\"},{\"@type\":\"ListItem\",\"position\":2,\"name\":\"Productos\",\"item\":\"https:\\\/\\\/libreriaelerrante.com\\\/tienda\\\/shop\\\/\"},{\"@type\":\"ListItem\",\"position\":3,\"name\":\"Librer\u00eda\",\"item\":\"https:\\\/\\\/libreriaelerrante.com\\\/tienda\\\/libreria\\\/\"},{\"@type\":\"ListItem\",\"position\":4,\"name\":\"Mangas\",\"item\":\"https:\\\/\\\/libreriaelerrante.com\\\/tienda\\\/libreria\\\/mangas\\\/\"},{\"@type\":\"ListItem\",\"position\":5,\"name\":\"Shonen\",\"item\":\"https:\\\/\\\/libreriaelerrante.com\\\/tienda\\\/libreria\\\/mangas\\\/shonen\\\/\"},{\"@type\":\"ListItem\",\"position\":6,\"name\":\"Saint Seiya The Lost Canvas 1\"}]},{\"@type\":\"WebSite\",\"@id\":\"https:\\\/\\\/libreriaelerrante.com\\\/tienda\\\/#website\",\"url\":\"https:\\\/\\\/libreriaelerrante.com\\\/tienda\\\/\",\"name\":\"Librer\u00eda El Errante\",\"description\":\"\",\"publisher\":{\"@id\":\"https:\\\/\\\/libreriaelerrante.com\\\/tienda\\\/#organization\"},\"potentialAction\":[{\"@type\":\"SearchAction\",\"target\":{\"@type\":\"EntryPoint\",\"urlTemplate\":\"https:\\\/\\\/libreriaelerrante.com\\\/tienda\\\/?s={search_term_string}\"},\"query-input\":{\"@type\":\"PropertyValueSpecification\",\"valueRequired\":true,\"valueName\":\"search_term_string\"}}],\"inLanguage\":\"es\"},{\"@type\":\"Organization\",\"@id\":\"https:\\\/\\\/libreriaelerrante.com\\\/tienda\\\/#organization\",\"name\":\"Librer\u00eda El Errante\",\"url\":\"https:\\\/\\\/libreriaelerrante.com\\\/tienda\\\/\",\"logo\":{\"@type\":\"ImageObject\",\"inLanguage\":\"es\",\"@id\":\"https:\\\/\\\/libreriaelerrante.com\\\/tienda\\\/#\\\/schema\\\/logo\\\/image\\\/\",\"url\":\"https:\\\/\\\/libreriaelerrante.com\\\/tienda\\\/wp-content\\\/uploads\\\/2025\\\/05\\\/1-1.png\",\"contentUrl\":\"https:\\\/\\\/libreriaelerrante.com\\\/tienda\\\/wp-content\\\/uploads\\\/2025\\\/05\\\/1-1.png\",\"width\":512,\"height\":512,\"caption\":\"Librer\u00eda El Errante\"},\"image\":{\"@id\":\"https:\\\/\\\/libreriaelerrante.com\\\/tienda\\\/#\\\/schema\\\/logo\\\/image\\\/\"}}]}<\/script>\n<!-- \/ Yoast SEO plugin. -->","yoast_head_json":{"title":"Saint Seiya The Lost Canvas 1 | Librer\u00eda El Errante","description":"En Saint Seiya: The Lost Canvas \u2013 Hades Mythology, los Caballeros luchan en una \u00e9pica guerra santa contra Hades para proteger la Tierra del destino.","robots":{"index":"index","follow":"follow","max-snippet":"max-snippet:-1","max-image-preview":"max-image-preview:large","max-video-preview":"max-video-preview:-1"},"canonical":"https:\/\/libreriaelerrante.com\/tienda\/saint-seiya-the-lost-canvas-1\/","og_locale":"es_ES","og_type":"article","og_title":"Saint Seiya The Lost Canvas 1 | Librer\u00eda El Errante","og_description":"En Saint Seiya: The Lost Canvas \u2013 Hades Mythology, los Caballeros luchan en una \u00e9pica guerra santa contra Hades para proteger la Tierra del destino.","og_url":"https:\/\/libreriaelerrante.com\/tienda\/saint-seiya-the-lost-canvas-1\/","og_site_name":"Librer\u00eda El Errante","article_modified_time":"2026-04-28T16:16:36+00:00","og_image":[{"width":680,"height":1050,"url":"https:\/\/libreriaelerrante.com\/tienda\/wp-content\/uploads\/2025\/07\/saint-seiya-the-lost-canvas-1.jpeg","type":"image\/jpeg"}],"twitter_card":"summary_large_image","twitter_misc":{"Tiempo de lectura":"1 minuto"},"schema":{"@context":"https:\/\/schema.org","@graph":[{"@type":"WebPage","@id":"https:\/\/libreriaelerrante.com\/tienda\/saint-seiya-the-lost-canvas-1\/","url":"https:\/\/libreriaelerrante.com\/tienda\/saint-seiya-the-lost-canvas-1\/","name":"Saint Seiya The Lost Canvas 1 | Librer\u00eda El Errante","isPartOf":{"@id":"https:\/\/libreriaelerrante.com\/tienda\/#website"},"primaryImageOfPage":{"@id":"https:\/\/libreriaelerrante.com\/tienda\/saint-seiya-the-lost-canvas-1\/#primaryimage"},"image":{"@id":"https:\/\/libreriaelerrante.com\/tienda\/saint-seiya-the-lost-canvas-1\/#primaryimage"},"thumbnailUrl":"https:\/\/libreriaelerrante.com\/tienda\/wp-content\/uploads\/2025\/07\/saint-seiya-the-lost-canvas-1.jpeg","datePublished":"2025-07-31T18:26:50+00:00","dateModified":"2026-04-28T16:16:36+00:00","description":"En Saint Seiya: The Lost Canvas \u2013 Hades Mythology, los Caballeros luchan en una \u00e9pica guerra santa contra Hades para proteger la Tierra del destino.","breadcrumb":{"@id":"https:\/\/libreriaelerrante.com\/tienda\/saint-seiya-the-lost-canvas-1\/#breadcrumb"},"inLanguage":"es","potentialAction":[{"@type":"ReadAction","target":["https:\/\/libreriaelerrante.com\/tienda\/saint-seiya-the-lost-canvas-1\/"]}]},{"@type":"ImageObject","inLanguage":"es","@id":"https:\/\/libreriaelerrante.com\/tienda\/saint-seiya-the-lost-canvas-1\/#primaryimage","url":"https:\/\/libreriaelerrante.com\/tienda\/wp-content\/uploads\/2025\/07\/saint-seiya-the-lost-canvas-1.jpeg","contentUrl":"https:\/\/libreriaelerrante.com\/tienda\/wp-content\/uploads\/2025\/07\/saint-seiya-the-lost-canvas-1.jpeg","width":680,"height":1050,"caption":"Portada Saint Seiya The Lost Canvas 1 El Mito de Hades"},{"@type":"BreadcrumbList","@id":"https:\/\/libreriaelerrante.com\/tienda\/saint-seiya-the-lost-canvas-1\/#breadcrumb","itemListElement":[{"@type":"ListItem","position":1,"name":"Inicio","item":"https:\/\/libreriaelerrante.com\/tienda\/"},{"@type":"ListItem","position":2,"name":"Productos","item":"https:\/\/libreriaelerrante.com\/tienda\/shop\/"},{"@type":"ListItem","position":3,"name":"Librer\u00eda","item":"https:\/\/libreriaelerrante.com\/tienda\/libreria\/"},{"@type":"ListItem","position":4,"name":"Mangas","item":"https:\/\/libreriaelerrante.com\/tienda\/libreria\/mangas\/"},{"@type":"ListItem","position":5,"name":"Shonen","item":"https:\/\/libreriaelerrante.com\/tienda\/libreria\/mangas\/shonen\/"},{"@type":"ListItem","position":6,"name":"Saint Seiya The Lost Canvas 1"}]},{"@type":"WebSite","@id":"https:\/\/libreriaelerrante.com\/tienda\/#website","url":"https:\/\/libreriaelerrante.com\/tienda\/","name":"Librer\u00eda El Errante","description":"","publisher":{"@id":"https:\/\/libreriaelerrante.com\/tienda\/#organization"},"potentialAction":[{"@type":"SearchAction","target":{"@type":"EntryPoint","urlTemplate":"https:\/\/libreriaelerrante.com\/tienda\/?s={search_term_string}"},"query-input":{"@type":"PropertyValueSpecification","valueRequired":true,"valueName":"search_term_string"}}],"inLanguage":"es"},{"@type":"Organization","@id":"https:\/\/libreriaelerrante.com\/tienda\/#organization","name":"Librer\u00eda El Errante","url":"https:\/\/libreriaelerrante.com\/tienda\/","logo":{"@type":"ImageObject","inLanguage":"es","@id":"https:\/\/libreriaelerrante.com\/tienda\/#\/schema\/logo\/image\/","url":"https:\/\/libreriaelerrante.com\/tienda\/wp-content\/uploads\/2025\/05\/1-1.png","contentUrl":"https:\/\/libreriaelerrante.com\/tienda\/wp-content\/uploads\/2025\/05\/1-1.png","width":512,"height":512,"caption":"Librer\u00eda El Errante"},"image":{"@id":"https:\/\/libreriaelerrante.com\/tienda\/#\/schema\/logo\/image\/"}}]}},"_links":{"self":[{"href":"https:\/\/libreriaelerrante.com\/tienda\/wp-json\/wp\/v2\/product\/853","targetHints":{"allow":["GET"]}}],"collection":[{"href":"https:\/\/libreriaelerrante.com\/tienda\/wp-json\/wp\/v2\/product"}],"about":[{"href":"https:\/\/libreriaelerrante.com\/tienda\/wp-json\/wp\/v2\/types\/product"}],"replies":[{"embeddable":true,"href":"https:\/\/libreriaelerrante.com\/tienda\/wp-json\/wp\/v2\/comments?post=853"}],"wp:featuredmedia":[{"embeddable":true,"href":"https:\/\/libreriaelerrante.com\/tienda\/wp-json\/wp\/v2\/media\/854"}],"wp:attachment":[{"href":"https:\/\/libreriaelerrante.com\/tienda\/wp-json\/wp\/v2\/media?parent=853"}],"wp:term":[{"taxonomy":"product_brand","embeddable":true,"href":"https:\/\/libreriaelerrante.com\/tienda\/wp-json\/wp\/v2\/product_brand?post=853"},{"taxonomy":"product_cat","embeddable":true,"href":"https:\/\/libreriaelerrante.com\/tienda\/wp-json\/wp\/v2\/product_cat?post=853"},{"taxonomy":"product_tag","embeddable":true,"href":"https:\/\/libreriaelerrante.com\/tienda\/wp-json\/wp\/v2\/product_tag?post=853"}],"curies":[{"name":"wp","href":"https:\/\/api.w.org\/{rel}","templated":true}]}}