{"id":848,"date":"2025-07-31T17:23:10","date_gmt":"2025-07-31T15:23:10","guid":{"rendered":"https:\/\/libreriaelerrante.com\/tienda\/?post_type=product&#038;p=848"},"modified":"2026-04-28T18:16:43","modified_gmt":"2026-04-28T16:16:43","slug":"tokko-zero-2","status":"publish","type":"product","link":"https:\/\/libreriaelerrante.com\/tienda\/tokko-zero-2\/","title":{"rendered":"Tokko Zero 2"},"content":{"rendered":"","protected":false},"excerpt":{"rendered":"<h2>Sinopsis<\/h2>\n<p>Machida, Tokio.<\/p>\n<p>Ryoko Ibuki trabaja en la divisi\u00f3n de tr\u00e1fico en la comisar\u00eda de Macida West, cuando un buen d\u00eda conoce a Hayato Shingyoji, quien se dedica a reunir unos misteriosos objetos llamados &#8220;piezas&#8221;.<\/p>\n<p>En medio de todo esto, la organizaci\u00f3n &#8220;Evil Eye&#8221; tiene inter\u00e9s en Hayato y la pieza que posee, por lo que ambos se ven arrastrados a una batalla si nigual.<\/p>\n<p>Ryoko y Hayato se ver\u00e1n en problemas por el ataqie sin descanso de los Evil Eye. La cosa se pone fea, \u00bfqu\u00e9 pasar\u00e1?<\/p>\n<p>\u00a1\u00bfY qu\u00e9 secreto esconde la pieza que est\u00e1 en manos de Hayato?!<\/p>\n","protected":false},"featured_media":849,"comment_status":"open","ping_status":"closed","template":"","meta":{"iawp_total_views":1},"product_brand":[],"product_cat":[20,133],"product_tag":[135],"class_list":{"0":"post-848","1":"product","2":"type-product","3":"status-publish","4":"has-post-thumbnail","6":"product_cat-mangas","7":"product_cat-seinen","8":"product_tag-dark-line","9":"pa_autor-tohru-fujisawa-y-yukai-asada","11":"first","12":"outofstock","13":"sale","14":"shipping-taxable","15":"purchasable","16":"product-type-simple"},"yoast_head":"<!-- This site is optimized with the Yoast SEO plugin v27.4 - https:\/\/yoast.com\/product\/yoast-seo-wordpress\/ -->\n<title>Tokko Zero 2 | Librer\u00eda El Errante<\/title>\n<meta name=\"description\" content=\"En Tokko Zero 2, los misterios se profundizan mientras la unidad Tokko enfrenta criaturas letales y oscuros secretos que amenazan con destruirlo todo.\" \/>\n<meta name=\"robots\" content=\"index, follow, max-snippet:-1, max-image-preview:large, max-video-preview:-1\" \/>\n<link rel=\"canonical\" href=\"https:\/\/libreriaelerrante.com\/tienda\/tokko-zero-2\/\" \/>\n<meta property=\"og:locale\" content=\"es_ES\" \/>\n<meta property=\"og:type\" content=\"article\" \/>\n<meta property=\"og:title\" content=\"Tokko Zero 2 | Librer\u00eda El Errante\" \/>\n<meta property=\"og:description\" content=\"En Tokko Zero 2, los misterios se profundizan mientras la unidad Tokko enfrenta criaturas letales y oscuros secretos que amenazan con destruirlo todo.\" \/>\n<meta property=\"og:url\" content=\"https:\/\/libreriaelerrante.com\/tienda\/tokko-zero-2\/\" \/>\n<meta property=\"og:site_name\" content=\"Librer\u00eda El Errante\" \/>\n<meta property=\"article:modified_time\" content=\"2026-04-28T16:16:43+00:00\" \/>\n<meta property=\"og:image\" content=\"https:\/\/libreriaelerrante.com\/tienda\/wp-content\/uploads\/2025\/07\/tokko-zero-2.jpeg\" \/>\n\t<meta property=\"og:image:width\" content=\"680\" \/>\n\t<meta property=\"og:image:height\" content=\"1050\" \/>\n\t<meta property=\"og:image:type\" content=\"image\/jpeg\" \/>\n<meta name=\"twitter:card\" content=\"summary_large_image\" \/>\n<meta name=\"twitter:label1\" content=\"Tiempo de lectura\" \/>\n\t<meta name=\"twitter:data1\" content=\"1 minuto\" \/>\n<script type=\"application\/ld+json\" class=\"yoast-schema-graph\">{\"@context\":\"https:\\\/\\\/schema.org\",\"@graph\":[{\"@type\":\"WebPage\",\"@id\":\"https:\\\/\\\/libreriaelerrante.com\\\/tienda\\\/tokko-zero-2\\\/\",\"url\":\"https:\\\/\\\/libreriaelerrante.com\\\/tienda\\\/tokko-zero-2\\\/\",\"name\":\"Tokko Zero 2 | Librer\u00eda El Errante\",\"isPartOf\":{\"@id\":\"https:\\\/\\\/libreriaelerrante.com\\\/tienda\\\/#website\"},\"primaryImageOfPage\":{\"@id\":\"https:\\\/\\\/libreriaelerrante.com\\\/tienda\\\/tokko-zero-2\\\/#primaryimage\"},\"image\":{\"@id\":\"https:\\\/\\\/libreriaelerrante.com\\\/tienda\\\/tokko-zero-2\\\/#primaryimage\"},\"thumbnailUrl\":\"https:\\\/\\\/libreriaelerrante.com\\\/tienda\\\/wp-content\\\/uploads\\\/2025\\\/07\\\/tokko-zero-2.jpeg\",\"datePublished\":\"2025-07-31T15:23:10+00:00\",\"dateModified\":\"2026-04-28T16:16:43+00:00\",\"description\":\"En Tokko Zero 2, los misterios se profundizan mientras la unidad Tokko enfrenta criaturas letales y oscuros secretos que amenazan con destruirlo todo.\",\"breadcrumb\":{\"@id\":\"https:\\\/\\\/libreriaelerrante.com\\\/tienda\\\/tokko-zero-2\\\/#breadcrumb\"},\"inLanguage\":\"es\",\"potentialAction\":[{\"@type\":\"ReadAction\",\"target\":[\"https:\\\/\\\/libreriaelerrante.com\\\/tienda\\\/tokko-zero-2\\\/\"]}]},{\"@type\":\"ImageObject\",\"inLanguage\":\"es\",\"@id\":\"https:\\\/\\\/libreriaelerrante.com\\\/tienda\\\/tokko-zero-2\\\/#primaryimage\",\"url\":\"https:\\\/\\\/libreriaelerrante.com\\\/tienda\\\/wp-content\\\/uploads\\\/2025\\\/07\\\/tokko-zero-2.jpeg\",\"contentUrl\":\"https:\\\/\\\/libreriaelerrante.com\\\/tienda\\\/wp-content\\\/uploads\\\/2025\\\/07\\\/tokko-zero-2.jpeg\",\"width\":680,\"height\":1050,\"caption\":\"Portada Tokko Zero 2\"},{\"@type\":\"BreadcrumbList\",\"@id\":\"https:\\\/\\\/libreriaelerrante.com\\\/tienda\\\/tokko-zero-2\\\/#breadcrumb\",\"itemListElement\":[{\"@type\":\"ListItem\",\"position\":1,\"name\":\"Inicio\",\"item\":\"https:\\\/\\\/libreriaelerrante.com\\\/tienda\\\/\"},{\"@type\":\"ListItem\",\"position\":2,\"name\":\"Productos\",\"item\":\"https:\\\/\\\/libreriaelerrante.com\\\/tienda\\\/shop\\\/\"},{\"@type\":\"ListItem\",\"position\":3,\"name\":\"Librer\u00eda\",\"item\":\"https:\\\/\\\/libreriaelerrante.com\\\/tienda\\\/libreria\\\/\"},{\"@type\":\"ListItem\",\"position\":4,\"name\":\"Mangas\",\"item\":\"https:\\\/\\\/libreriaelerrante.com\\\/tienda\\\/libreria\\\/mangas\\\/\"},{\"@type\":\"ListItem\",\"position\":5,\"name\":\"Seinen\",\"item\":\"https:\\\/\\\/libreriaelerrante.com\\\/tienda\\\/libreria\\\/mangas\\\/seinen\\\/\"},{\"@type\":\"ListItem\",\"position\":6,\"name\":\"Tokko Zero 2\"}]},{\"@type\":\"WebSite\",\"@id\":\"https:\\\/\\\/libreriaelerrante.com\\\/tienda\\\/#website\",\"url\":\"https:\\\/\\\/libreriaelerrante.com\\\/tienda\\\/\",\"name\":\"Librer\u00eda El Errante\",\"description\":\"\",\"publisher\":{\"@id\":\"https:\\\/\\\/libreriaelerrante.com\\\/tienda\\\/#organization\"},\"potentialAction\":[{\"@type\":\"SearchAction\",\"target\":{\"@type\":\"EntryPoint\",\"urlTemplate\":\"https:\\\/\\\/libreriaelerrante.com\\\/tienda\\\/?s={search_term_string}\"},\"query-input\":{\"@type\":\"PropertyValueSpecification\",\"valueRequired\":true,\"valueName\":\"search_term_string\"}}],\"inLanguage\":\"es\"},{\"@type\":\"Organization\",\"@id\":\"https:\\\/\\\/libreriaelerrante.com\\\/tienda\\\/#organization\",\"name\":\"Librer\u00eda El Errante\",\"url\":\"https:\\\/\\\/libreriaelerrante.com\\\/tienda\\\/\",\"logo\":{\"@type\":\"ImageObject\",\"inLanguage\":\"es\",\"@id\":\"https:\\\/\\\/libreriaelerrante.com\\\/tienda\\\/#\\\/schema\\\/logo\\\/image\\\/\",\"url\":\"https:\\\/\\\/libreriaelerrante.com\\\/tienda\\\/wp-content\\\/uploads\\\/2025\\\/05\\\/1-1.png\",\"contentUrl\":\"https:\\\/\\\/libreriaelerrante.com\\\/tienda\\\/wp-content\\\/uploads\\\/2025\\\/05\\\/1-1.png\",\"width\":512,\"height\":512,\"caption\":\"Librer\u00eda El Errante\"},\"image\":{\"@id\":\"https:\\\/\\\/libreriaelerrante.com\\\/tienda\\\/#\\\/schema\\\/logo\\\/image\\\/\"}}]}<\/script>\n<!-- \/ Yoast SEO plugin. -->","yoast_head_json":{"title":"Tokko Zero 2 | Librer\u00eda El Errante","description":"En Tokko Zero 2, los misterios se profundizan mientras la unidad Tokko enfrenta criaturas letales y oscuros secretos que amenazan con destruirlo todo.","robots":{"index":"index","follow":"follow","max-snippet":"max-snippet:-1","max-image-preview":"max-image-preview:large","max-video-preview":"max-video-preview:-1"},"canonical":"https:\/\/libreriaelerrante.com\/tienda\/tokko-zero-2\/","og_locale":"es_ES","og_type":"article","og_title":"Tokko Zero 2 | Librer\u00eda El Errante","og_description":"En Tokko Zero 2, los misterios se profundizan mientras la unidad Tokko enfrenta criaturas letales y oscuros secretos que amenazan con destruirlo todo.","og_url":"https:\/\/libreriaelerrante.com\/tienda\/tokko-zero-2\/","og_site_name":"Librer\u00eda El Errante","article_modified_time":"2026-04-28T16:16:43+00:00","og_image":[{"width":680,"height":1050,"url":"https:\/\/libreriaelerrante.com\/tienda\/wp-content\/uploads\/2025\/07\/tokko-zero-2.jpeg","type":"image\/jpeg"}],"twitter_card":"summary_large_image","twitter_misc":{"Tiempo de lectura":"1 minuto"},"schema":{"@context":"https:\/\/schema.org","@graph":[{"@type":"WebPage","@id":"https:\/\/libreriaelerrante.com\/tienda\/tokko-zero-2\/","url":"https:\/\/libreriaelerrante.com\/tienda\/tokko-zero-2\/","name":"Tokko Zero 2 | Librer\u00eda El Errante","isPartOf":{"@id":"https:\/\/libreriaelerrante.com\/tienda\/#website"},"primaryImageOfPage":{"@id":"https:\/\/libreriaelerrante.com\/tienda\/tokko-zero-2\/#primaryimage"},"image":{"@id":"https:\/\/libreriaelerrante.com\/tienda\/tokko-zero-2\/#primaryimage"},"thumbnailUrl":"https:\/\/libreriaelerrante.com\/tienda\/wp-content\/uploads\/2025\/07\/tokko-zero-2.jpeg","datePublished":"2025-07-31T15:23:10+00:00","dateModified":"2026-04-28T16:16:43+00:00","description":"En Tokko Zero 2, los misterios se profundizan mientras la unidad Tokko enfrenta criaturas letales y oscuros secretos que amenazan con destruirlo todo.","breadcrumb":{"@id":"https:\/\/libreriaelerrante.com\/tienda\/tokko-zero-2\/#breadcrumb"},"inLanguage":"es","potentialAction":[{"@type":"ReadAction","target":["https:\/\/libreriaelerrante.com\/tienda\/tokko-zero-2\/"]}]},{"@type":"ImageObject","inLanguage":"es","@id":"https:\/\/libreriaelerrante.com\/tienda\/tokko-zero-2\/#primaryimage","url":"https:\/\/libreriaelerrante.com\/tienda\/wp-content\/uploads\/2025\/07\/tokko-zero-2.jpeg","contentUrl":"https:\/\/libreriaelerrante.com\/tienda\/wp-content\/uploads\/2025\/07\/tokko-zero-2.jpeg","width":680,"height":1050,"caption":"Portada Tokko Zero 2"},{"@type":"BreadcrumbList","@id":"https:\/\/libreriaelerrante.com\/tienda\/tokko-zero-2\/#breadcrumb","itemListElement":[{"@type":"ListItem","position":1,"name":"Inicio","item":"https:\/\/libreriaelerrante.com\/tienda\/"},{"@type":"ListItem","position":2,"name":"Productos","item":"https:\/\/libreriaelerrante.com\/tienda\/shop\/"},{"@type":"ListItem","position":3,"name":"Librer\u00eda","item":"https:\/\/libreriaelerrante.com\/tienda\/libreria\/"},{"@type":"ListItem","position":4,"name":"Mangas","item":"https:\/\/libreriaelerrante.com\/tienda\/libreria\/mangas\/"},{"@type":"ListItem","position":5,"name":"Seinen","item":"https:\/\/libreriaelerrante.com\/tienda\/libreria\/mangas\/seinen\/"},{"@type":"ListItem","position":6,"name":"Tokko Zero 2"}]},{"@type":"WebSite","@id":"https:\/\/libreriaelerrante.com\/tienda\/#website","url":"https:\/\/libreriaelerrante.com\/tienda\/","name":"Librer\u00eda El Errante","description":"","publisher":{"@id":"https:\/\/libreriaelerrante.com\/tienda\/#organization"},"potentialAction":[{"@type":"SearchAction","target":{"@type":"EntryPoint","urlTemplate":"https:\/\/libreriaelerrante.com\/tienda\/?s={search_term_string}"},"query-input":{"@type":"PropertyValueSpecification","valueRequired":true,"valueName":"search_term_string"}}],"inLanguage":"es"},{"@type":"Organization","@id":"https:\/\/libreriaelerrante.com\/tienda\/#organization","name":"Librer\u00eda El Errante","url":"https:\/\/libreriaelerrante.com\/tienda\/","logo":{"@type":"ImageObject","inLanguage":"es","@id":"https:\/\/libreriaelerrante.com\/tienda\/#\/schema\/logo\/image\/","url":"https:\/\/libreriaelerrante.com\/tienda\/wp-content\/uploads\/2025\/05\/1-1.png","contentUrl":"https:\/\/libreriaelerrante.com\/tienda\/wp-content\/uploads\/2025\/05\/1-1.png","width":512,"height":512,"caption":"Librer\u00eda El Errante"},"image":{"@id":"https:\/\/libreriaelerrante.com\/tienda\/#\/schema\/logo\/image\/"}}]}},"_links":{"self":[{"href":"https:\/\/libreriaelerrante.com\/tienda\/wp-json\/wp\/v2\/product\/848","targetHints":{"allow":["GET"]}}],"collection":[{"href":"https:\/\/libreriaelerrante.com\/tienda\/wp-json\/wp\/v2\/product"}],"about":[{"href":"https:\/\/libreriaelerrante.com\/tienda\/wp-json\/wp\/v2\/types\/product"}],"replies":[{"embeddable":true,"href":"https:\/\/libreriaelerrante.com\/tienda\/wp-json\/wp\/v2\/comments?post=848"}],"wp:featuredmedia":[{"embeddable":true,"href":"https:\/\/libreriaelerrante.com\/tienda\/wp-json\/wp\/v2\/media\/849"}],"wp:attachment":[{"href":"https:\/\/libreriaelerrante.com\/tienda\/wp-json\/wp\/v2\/media?parent=848"}],"wp:term":[{"taxonomy":"product_brand","embeddable":true,"href":"https:\/\/libreriaelerrante.com\/tienda\/wp-json\/wp\/v2\/product_brand?post=848"},{"taxonomy":"product_cat","embeddable":true,"href":"https:\/\/libreriaelerrante.com\/tienda\/wp-json\/wp\/v2\/product_cat?post=848"},{"taxonomy":"product_tag","embeddable":true,"href":"https:\/\/libreriaelerrante.com\/tienda\/wp-json\/wp\/v2\/product_tag?post=848"}],"curies":[{"name":"wp","href":"https:\/\/api.w.org\/{rel}","templated":true}]}}