{"id":717,"date":"2025-07-30T20:40:34","date_gmt":"2025-07-30T18:40:34","guid":{"rendered":"https:\/\/libreriaelerrante.com\/tienda\/?post_type=product&#038;p=717"},"modified":"2026-04-28T18:17:05","modified_gmt":"2026-04-28T16:17:05","slug":"sin-city-2-mataria-por-ella-ed-lujo","status":"publish","type":"product","link":"https:\/\/libreriaelerrante.com\/tienda\/sin-city-2-mataria-por-ella-ed-lujo\/","title":{"rendered":"Sin City 2 Matar\u00eda Por Ella Ed. Lujo"},"content":{"rendered":"","protected":false},"excerpt":{"rendered":"<p>\u00a1REGRESA LA OBRA MAESTRA DEL C\u00d3MIC DE G\u00c9NERO NEGRO EN UNA DOBLE NUEVA EDICI\u00d3N!<\/p>\n<p><strong>Frank Miller<\/strong>\u00a0vuelve a Sin City en un nuevo formato espectacular, ahora con su segundo volumen:\u00a0<em>Matar\u00eda por ella<\/em>.<\/p>\n<ul>\n<li>Un nuevo formato a\u00a0<strong>gran tama\u00f1o<\/strong>\u00a0para disfrutar a\u00fan m\u00e1s del incre\u00edble arte de Frank Miller<\/li>\n<li>Encuadernaci\u00f3n en\u00a0<strong>tapa dura, cinta marcap\u00e1ginas<\/strong>\u00a0y\u00a0<strong>cantos de p\u00e1gina tintados<\/strong>\u00a0de rojo met\u00e1lico<\/li>\n<li>Un\u00a0<strong>portafolio<\/strong>\u00a0con una l\u00e1mina de la nueva ilustraci\u00f3n de cubierta dibujada por Frank Miller<\/li>\n<li>Un\u00a0<strong>cofre forrado en tela impresa<\/strong>\u00a0con un nuevo dise\u00f1o y el logo estampado<\/li>\n<li>Adem\u00e1s, las\u00a0<strong>cubiertas<\/strong>\u00a0de los\u00a0<strong>siete cofres<\/strong>\u00a0forman el\u00a0<strong>t\u00edtulo SIN CITY<\/strong>\u00a0al juntarlas.<\/li>\n<\/ul>\n","protected":false},"featured_media":718,"comment_status":"open","ping_status":"closed","template":"","meta":{"iawp_total_views":3},"product_brand":[],"product_cat":[21,96,95],"product_tag":[],"class_list":{"0":"post-717","1":"product","2":"type-product","3":"status-publish","4":"has-post-thumbnail","6":"product_cat-comics","7":"product_cat-novedades-julio-2025","8":"product_cat-novedades-libros-2025","9":"pa_autor-frank-miller","11":"first","12":"outofstock","13":"sale","14":"shipping-taxable","15":"purchasable","16":"product-type-simple"},"yoast_head":"<!-- This site is optimized with the Yoast SEO plugin v27.4 - https:\/\/yoast.com\/product\/yoast-seo-wordpress\/ -->\n<title>Sin City 2 Matar\u00eda Por Ella Ed. Lujo | Librer\u00eda El Errante<\/title>\n<meta name=\"description\" content=\"Segunda parte de Sin City en edici\u00f3n de lujo. Frank Miller vuelve con \u201cMatar\u00eda por ella\u201d, crimen, pasi\u00f3n y oscuridad. Novedad imperdible julio 2025.\" \/>\n<meta name=\"robots\" content=\"index, follow, max-snippet:-1, max-image-preview:large, max-video-preview:-1\" \/>\n<link rel=\"canonical\" href=\"https:\/\/libreriaelerrante.com\/tienda\/sin-city-2-mataria-por-ella-ed-lujo\/\" \/>\n<meta property=\"og:locale\" content=\"es_ES\" \/>\n<meta property=\"og:type\" content=\"article\" \/>\n<meta property=\"og:title\" content=\"Sin City 2 Matar\u00eda Por Ella Ed. Lujo | Librer\u00eda El Errante\" \/>\n<meta property=\"og:description\" content=\"Segunda parte de Sin City en edici\u00f3n de lujo. Frank Miller vuelve con \u201cMatar\u00eda por ella\u201d, crimen, pasi\u00f3n y oscuridad. Novedad imperdible julio 2025.\" \/>\n<meta property=\"og:url\" content=\"https:\/\/libreriaelerrante.com\/tienda\/sin-city-2-mataria-por-ella-ed-lujo\/\" \/>\n<meta property=\"og:site_name\" content=\"Librer\u00eda El Errante\" \/>\n<meta property=\"article:modified_time\" content=\"2026-04-28T16:17:05+00:00\" \/>\n<meta property=\"og:image\" content=\"https:\/\/libreriaelerrante.com\/tienda\/wp-content\/uploads\/2025\/07\/sin-city-2-mataria-por-ella.jpeg\" \/>\n\t<meta property=\"og:image:width\" content=\"680\" \/>\n\t<meta property=\"og:image:height\" content=\"1050\" \/>\n\t<meta property=\"og:image:type\" content=\"image\/jpeg\" \/>\n<meta name=\"twitter:card\" content=\"summary_large_image\" \/>\n<meta name=\"twitter:label1\" content=\"Tiempo de lectura\" \/>\n\t<meta name=\"twitter:data1\" content=\"1 minuto\" \/>\n<script type=\"application\/ld+json\" class=\"yoast-schema-graph\">{\"@context\":\"https:\\\/\\\/schema.org\",\"@graph\":[{\"@type\":\"WebPage\",\"@id\":\"https:\\\/\\\/libreriaelerrante.com\\\/tienda\\\/sin-city-2-mataria-por-ella-ed-lujo\\\/\",\"url\":\"https:\\\/\\\/libreriaelerrante.com\\\/tienda\\\/sin-city-2-mataria-por-ella-ed-lujo\\\/\",\"name\":\"Sin City 2 Matar\u00eda Por Ella Ed. Lujo | Librer\u00eda El Errante\",\"isPartOf\":{\"@id\":\"https:\\\/\\\/libreriaelerrante.com\\\/tienda\\\/#website\"},\"primaryImageOfPage\":{\"@id\":\"https:\\\/\\\/libreriaelerrante.com\\\/tienda\\\/sin-city-2-mataria-por-ella-ed-lujo\\\/#primaryimage\"},\"image\":{\"@id\":\"https:\\\/\\\/libreriaelerrante.com\\\/tienda\\\/sin-city-2-mataria-por-ella-ed-lujo\\\/#primaryimage\"},\"thumbnailUrl\":\"https:\\\/\\\/libreriaelerrante.com\\\/tienda\\\/wp-content\\\/uploads\\\/2025\\\/07\\\/sin-city-2-mataria-por-ella.jpeg\",\"datePublished\":\"2025-07-30T18:40:34+00:00\",\"dateModified\":\"2026-04-28T16:17:05+00:00\",\"description\":\"Segunda parte de Sin City en edici\u00f3n de lujo. Frank Miller vuelve con \u201cMatar\u00eda por ella\u201d, crimen, pasi\u00f3n y oscuridad. Novedad imperdible julio 2025.\",\"breadcrumb\":{\"@id\":\"https:\\\/\\\/libreriaelerrante.com\\\/tienda\\\/sin-city-2-mataria-por-ella-ed-lujo\\\/#breadcrumb\"},\"inLanguage\":\"es\",\"potentialAction\":[{\"@type\":\"ReadAction\",\"target\":[\"https:\\\/\\\/libreriaelerrante.com\\\/tienda\\\/sin-city-2-mataria-por-ella-ed-lujo\\\/\"]}]},{\"@type\":\"ImageObject\",\"inLanguage\":\"es\",\"@id\":\"https:\\\/\\\/libreriaelerrante.com\\\/tienda\\\/sin-city-2-mataria-por-ella-ed-lujo\\\/#primaryimage\",\"url\":\"https:\\\/\\\/libreriaelerrante.com\\\/tienda\\\/wp-content\\\/uploads\\\/2025\\\/07\\\/sin-city-2-mataria-por-ella.jpeg\",\"contentUrl\":\"https:\\\/\\\/libreriaelerrante.com\\\/tienda\\\/wp-content\\\/uploads\\\/2025\\\/07\\\/sin-city-2-mataria-por-ella.jpeg\",\"width\":680,\"height\":1050,\"caption\":\"Portada Sin City 2. Matar\u00eda por ella Ed. Lujo\"},{\"@type\":\"BreadcrumbList\",\"@id\":\"https:\\\/\\\/libreriaelerrante.com\\\/tienda\\\/sin-city-2-mataria-por-ella-ed-lujo\\\/#breadcrumb\",\"itemListElement\":[{\"@type\":\"ListItem\",\"position\":1,\"name\":\"Inicio\",\"item\":\"https:\\\/\\\/libreriaelerrante.com\\\/tienda\\\/\"},{\"@type\":\"ListItem\",\"position\":2,\"name\":\"Productos\",\"item\":\"https:\\\/\\\/libreriaelerrante.com\\\/tienda\\\/shop\\\/\"},{\"@type\":\"ListItem\",\"position\":3,\"name\":\"Novedades Libros 2025\",\"item\":\"https:\\\/\\\/libreriaelerrante.com\\\/tienda\\\/novedades-libros-2025\\\/\"},{\"@type\":\"ListItem\",\"position\":4,\"name\":\"Novedades Julio 2025\",\"item\":\"https:\\\/\\\/libreriaelerrante.com\\\/tienda\\\/novedades-libros-2025\\\/novedades-julio-2025\\\/\"},{\"@type\":\"ListItem\",\"position\":5,\"name\":\"Sin City 2 Matar\u00eda Por Ella Ed. Lujo\"}]},{\"@type\":\"WebSite\",\"@id\":\"https:\\\/\\\/libreriaelerrante.com\\\/tienda\\\/#website\",\"url\":\"https:\\\/\\\/libreriaelerrante.com\\\/tienda\\\/\",\"name\":\"Librer\u00eda El Errante\",\"description\":\"\",\"publisher\":{\"@id\":\"https:\\\/\\\/libreriaelerrante.com\\\/tienda\\\/#organization\"},\"potentialAction\":[{\"@type\":\"SearchAction\",\"target\":{\"@type\":\"EntryPoint\",\"urlTemplate\":\"https:\\\/\\\/libreriaelerrante.com\\\/tienda\\\/?s={search_term_string}\"},\"query-input\":{\"@type\":\"PropertyValueSpecification\",\"valueRequired\":true,\"valueName\":\"search_term_string\"}}],\"inLanguage\":\"es\"},{\"@type\":\"Organization\",\"@id\":\"https:\\\/\\\/libreriaelerrante.com\\\/tienda\\\/#organization\",\"name\":\"Librer\u00eda El Errante\",\"url\":\"https:\\\/\\\/libreriaelerrante.com\\\/tienda\\\/\",\"logo\":{\"@type\":\"ImageObject\",\"inLanguage\":\"es\",\"@id\":\"https:\\\/\\\/libreriaelerrante.com\\\/tienda\\\/#\\\/schema\\\/logo\\\/image\\\/\",\"url\":\"https:\\\/\\\/libreriaelerrante.com\\\/tienda\\\/wp-content\\\/uploads\\\/2025\\\/05\\\/1-1.png\",\"contentUrl\":\"https:\\\/\\\/libreriaelerrante.com\\\/tienda\\\/wp-content\\\/uploads\\\/2025\\\/05\\\/1-1.png\",\"width\":512,\"height\":512,\"caption\":\"Librer\u00eda El Errante\"},\"image\":{\"@id\":\"https:\\\/\\\/libreriaelerrante.com\\\/tienda\\\/#\\\/schema\\\/logo\\\/image\\\/\"}}]}<\/script>\n<!-- \/ Yoast SEO plugin. -->","yoast_head_json":{"title":"Sin City 2 Matar\u00eda Por Ella Ed. Lujo | Librer\u00eda El Errante","description":"Segunda parte de Sin City en edici\u00f3n de lujo. Frank Miller vuelve con \u201cMatar\u00eda por ella\u201d, crimen, pasi\u00f3n y oscuridad. Novedad imperdible julio 2025.","robots":{"index":"index","follow":"follow","max-snippet":"max-snippet:-1","max-image-preview":"max-image-preview:large","max-video-preview":"max-video-preview:-1"},"canonical":"https:\/\/libreriaelerrante.com\/tienda\/sin-city-2-mataria-por-ella-ed-lujo\/","og_locale":"es_ES","og_type":"article","og_title":"Sin City 2 Matar\u00eda Por Ella Ed. Lujo | Librer\u00eda El Errante","og_description":"Segunda parte de Sin City en edici\u00f3n de lujo. Frank Miller vuelve con \u201cMatar\u00eda por ella\u201d, crimen, pasi\u00f3n y oscuridad. Novedad imperdible julio 2025.","og_url":"https:\/\/libreriaelerrante.com\/tienda\/sin-city-2-mataria-por-ella-ed-lujo\/","og_site_name":"Librer\u00eda El Errante","article_modified_time":"2026-04-28T16:17:05+00:00","og_image":[{"width":680,"height":1050,"url":"https:\/\/libreriaelerrante.com\/tienda\/wp-content\/uploads\/2025\/07\/sin-city-2-mataria-por-ella.jpeg","type":"image\/jpeg"}],"twitter_card":"summary_large_image","twitter_misc":{"Tiempo de lectura":"1 minuto"},"schema":{"@context":"https:\/\/schema.org","@graph":[{"@type":"WebPage","@id":"https:\/\/libreriaelerrante.com\/tienda\/sin-city-2-mataria-por-ella-ed-lujo\/","url":"https:\/\/libreriaelerrante.com\/tienda\/sin-city-2-mataria-por-ella-ed-lujo\/","name":"Sin City 2 Matar\u00eda Por Ella Ed. Lujo | Librer\u00eda El Errante","isPartOf":{"@id":"https:\/\/libreriaelerrante.com\/tienda\/#website"},"primaryImageOfPage":{"@id":"https:\/\/libreriaelerrante.com\/tienda\/sin-city-2-mataria-por-ella-ed-lujo\/#primaryimage"},"image":{"@id":"https:\/\/libreriaelerrante.com\/tienda\/sin-city-2-mataria-por-ella-ed-lujo\/#primaryimage"},"thumbnailUrl":"https:\/\/libreriaelerrante.com\/tienda\/wp-content\/uploads\/2025\/07\/sin-city-2-mataria-por-ella.jpeg","datePublished":"2025-07-30T18:40:34+00:00","dateModified":"2026-04-28T16:17:05+00:00","description":"Segunda parte de Sin City en edici\u00f3n de lujo. Frank Miller vuelve con \u201cMatar\u00eda por ella\u201d, crimen, pasi\u00f3n y oscuridad. Novedad imperdible julio 2025.","breadcrumb":{"@id":"https:\/\/libreriaelerrante.com\/tienda\/sin-city-2-mataria-por-ella-ed-lujo\/#breadcrumb"},"inLanguage":"es","potentialAction":[{"@type":"ReadAction","target":["https:\/\/libreriaelerrante.com\/tienda\/sin-city-2-mataria-por-ella-ed-lujo\/"]}]},{"@type":"ImageObject","inLanguage":"es","@id":"https:\/\/libreriaelerrante.com\/tienda\/sin-city-2-mataria-por-ella-ed-lujo\/#primaryimage","url":"https:\/\/libreriaelerrante.com\/tienda\/wp-content\/uploads\/2025\/07\/sin-city-2-mataria-por-ella.jpeg","contentUrl":"https:\/\/libreriaelerrante.com\/tienda\/wp-content\/uploads\/2025\/07\/sin-city-2-mataria-por-ella.jpeg","width":680,"height":1050,"caption":"Portada Sin City 2. Matar\u00eda por ella Ed. Lujo"},{"@type":"BreadcrumbList","@id":"https:\/\/libreriaelerrante.com\/tienda\/sin-city-2-mataria-por-ella-ed-lujo\/#breadcrumb","itemListElement":[{"@type":"ListItem","position":1,"name":"Inicio","item":"https:\/\/libreriaelerrante.com\/tienda\/"},{"@type":"ListItem","position":2,"name":"Productos","item":"https:\/\/libreriaelerrante.com\/tienda\/shop\/"},{"@type":"ListItem","position":3,"name":"Novedades Libros 2025","item":"https:\/\/libreriaelerrante.com\/tienda\/novedades-libros-2025\/"},{"@type":"ListItem","position":4,"name":"Novedades Julio 2025","item":"https:\/\/libreriaelerrante.com\/tienda\/novedades-libros-2025\/novedades-julio-2025\/"},{"@type":"ListItem","position":5,"name":"Sin City 2 Matar\u00eda Por Ella Ed. Lujo"}]},{"@type":"WebSite","@id":"https:\/\/libreriaelerrante.com\/tienda\/#website","url":"https:\/\/libreriaelerrante.com\/tienda\/","name":"Librer\u00eda El Errante","description":"","publisher":{"@id":"https:\/\/libreriaelerrante.com\/tienda\/#organization"},"potentialAction":[{"@type":"SearchAction","target":{"@type":"EntryPoint","urlTemplate":"https:\/\/libreriaelerrante.com\/tienda\/?s={search_term_string}"},"query-input":{"@type":"PropertyValueSpecification","valueRequired":true,"valueName":"search_term_string"}}],"inLanguage":"es"},{"@type":"Organization","@id":"https:\/\/libreriaelerrante.com\/tienda\/#organization","name":"Librer\u00eda El Errante","url":"https:\/\/libreriaelerrante.com\/tienda\/","logo":{"@type":"ImageObject","inLanguage":"es","@id":"https:\/\/libreriaelerrante.com\/tienda\/#\/schema\/logo\/image\/","url":"https:\/\/libreriaelerrante.com\/tienda\/wp-content\/uploads\/2025\/05\/1-1.png","contentUrl":"https:\/\/libreriaelerrante.com\/tienda\/wp-content\/uploads\/2025\/05\/1-1.png","width":512,"height":512,"caption":"Librer\u00eda El Errante"},"image":{"@id":"https:\/\/libreriaelerrante.com\/tienda\/#\/schema\/logo\/image\/"}}]}},"_links":{"self":[{"href":"https:\/\/libreriaelerrante.com\/tienda\/wp-json\/wp\/v2\/product\/717","targetHints":{"allow":["GET"]}}],"collection":[{"href":"https:\/\/libreriaelerrante.com\/tienda\/wp-json\/wp\/v2\/product"}],"about":[{"href":"https:\/\/libreriaelerrante.com\/tienda\/wp-json\/wp\/v2\/types\/product"}],"replies":[{"embeddable":true,"href":"https:\/\/libreriaelerrante.com\/tienda\/wp-json\/wp\/v2\/comments?post=717"}],"wp:featuredmedia":[{"embeddable":true,"href":"https:\/\/libreriaelerrante.com\/tienda\/wp-json\/wp\/v2\/media\/718"}],"wp:attachment":[{"href":"https:\/\/libreriaelerrante.com\/tienda\/wp-json\/wp\/v2\/media?parent=717"}],"wp:term":[{"taxonomy":"product_brand","embeddable":true,"href":"https:\/\/libreriaelerrante.com\/tienda\/wp-json\/wp\/v2\/product_brand?post=717"},{"taxonomy":"product_cat","embeddable":true,"href":"https:\/\/libreriaelerrante.com\/tienda\/wp-json\/wp\/v2\/product_cat?post=717"},{"taxonomy":"product_tag","embeddable":true,"href":"https:\/\/libreriaelerrante.com\/tienda\/wp-json\/wp\/v2\/product_tag?post=717"}],"curies":[{"name":"wp","href":"https:\/\/api.w.org\/{rel}","templated":true}]}}