{"id":367,"date":"2025-06-06T19:17:38","date_gmt":"2025-06-06T17:17:38","guid":{"rendered":"https:\/\/libreriaelerrante.com\/tienda\/?post_type=product&#038;p=367"},"modified":"2025-06-06T19:18:34","modified_gmt":"2025-06-06T17:18:34","slug":"manual-del-aprendiz-de-cocinero","status":"publish","type":"product","link":"https:\/\/libreriaelerrante.com\/tienda\/manual-del-aprendiz-de-cocinero\/","title":{"rendered":"Manual Del Aprendiz De Cocinero"},"content":{"rendered":"","protected":false},"excerpt":{"rendered":"<p>Sinopsis de <strong>MANUAL DEL APRENDIZ DE COCINERO<\/strong>: TECNICAS, TRUCOS, UTENSILIOS Y RECETAS<br \/>\nUna gu\u00eda diferente, explicada de manera muy sencilla, con todas las t\u00e9cnicas, trucos, utensilios y recetas para convertirte en un aut\u00e9ntico chef.<br \/>\nMasterChef,el exitoso concurso de TVE, ya tiene el libro de la quinta temporada.EnManual del aprendiz de cocineroencontrar\u00e1s todos los trucos, t\u00e9cnicas y recetas con las que dejar\u00e1s con la boca abierta a todo el mundo. Tu paso por la cocina se convertir\u00e1 en una gran aventura.Un libro ilustrado, con f\u00e1ciles explicaciones.<\/p>\n","protected":false},"featured_media":368,"comment_status":"open","ping_status":"closed","template":"","meta":{"iawp_total_views":1},"product_brand":[],"product_cat":[28],"product_tag":[],"class_list":{"0":"post-367","1":"product","2":"type-product","3":"status-publish","4":"has-post-thumbnail","6":"product_cat-no-ficcion","8":"first","9":"instock","10":"sale","11":"shipping-taxable","12":"purchasable","13":"product-type-simple"},"yoast_head":"<!-- This site is optimized with the Yoast SEO plugin v27.4 - https:\/\/yoast.com\/product\/yoast-seo-wordpress\/ -->\n<title>Manual Del Aprendiz De Cocinero | Librer\u00eda El Errante<\/title>\n<meta name=\"robots\" content=\"index, follow, max-snippet:-1, max-image-preview:large, max-video-preview:-1\" \/>\n<link rel=\"canonical\" href=\"https:\/\/libreriaelerrante.com\/tienda\/manual-del-aprendiz-de-cocinero\/\" \/>\n<meta property=\"og:locale\" content=\"es_ES\" \/>\n<meta property=\"og:type\" content=\"article\" \/>\n<meta property=\"og:title\" content=\"Manual Del Aprendiz De Cocinero | Librer\u00eda El Errante\" \/>\n<meta property=\"og:description\" content=\"Sinopsis de MANUAL DEL APRENDIZ DE COCINERO: TECNICAS, TRUCOS, UTENSILIOS Y RECETAS Una gu\u00eda diferente, explicada de manera muy sencilla, con todas las t\u00e9cnicas, trucos, utensilios y recetas para convertirte en un aut\u00e9ntico chef. MasterChef,el exitoso concurso de TVE, ya tiene el libro de la quinta temporada.EnManual del aprendiz de cocineroencontrar\u00e1s todos los trucos, t\u00e9cnicas y recetas con las que dejar\u00e1s con la boca abierta a todo el mundo. Tu paso por la cocina se convertir\u00e1 en una gran aventura.Un libro ilustrado, con f\u00e1ciles explicaciones.\" \/>\n<meta property=\"og:url\" content=\"https:\/\/libreriaelerrante.com\/tienda\/manual-del-aprendiz-de-cocinero\/\" \/>\n<meta property=\"og:site_name\" content=\"Librer\u00eda El Errante\" \/>\n<meta property=\"article:modified_time\" content=\"2025-06-06T17:18:34+00:00\" \/>\n<meta property=\"og:image\" content=\"https:\/\/libreriaelerrante.com\/tienda\/wp-content\/uploads\/2025\/06\/978846704945.jpeg\" \/>\n\t<meta property=\"og:image:width\" content=\"650\" \/>\n\t<meta property=\"og:image:height\" content=\"1080\" \/>\n\t<meta property=\"og:image:type\" content=\"image\/jpeg\" \/>\n<meta name=\"twitter:card\" content=\"summary_large_image\" \/>\n<script type=\"application\/ld+json\" class=\"yoast-schema-graph\">{\"@context\":\"https:\\\/\\\/schema.org\",\"@graph\":[{\"@type\":\"WebPage\",\"@id\":\"https:\\\/\\\/libreriaelerrante.com\\\/tienda\\\/manual-del-aprendiz-de-cocinero\\\/\",\"url\":\"https:\\\/\\\/libreriaelerrante.com\\\/tienda\\\/manual-del-aprendiz-de-cocinero\\\/\",\"name\":\"Manual Del Aprendiz De Cocinero | Librer\u00eda El Errante\",\"isPartOf\":{\"@id\":\"https:\\\/\\\/libreriaelerrante.com\\\/tienda\\\/#website\"},\"primaryImageOfPage\":{\"@id\":\"https:\\\/\\\/libreriaelerrante.com\\\/tienda\\\/manual-del-aprendiz-de-cocinero\\\/#primaryimage\"},\"image\":{\"@id\":\"https:\\\/\\\/libreriaelerrante.com\\\/tienda\\\/manual-del-aprendiz-de-cocinero\\\/#primaryimage\"},\"thumbnailUrl\":\"https:\\\/\\\/libreriaelerrante.com\\\/tienda\\\/wp-content\\\/uploads\\\/2025\\\/06\\\/978846704945.jpeg\",\"datePublished\":\"2025-06-06T17:17:38+00:00\",\"dateModified\":\"2025-06-06T17:18:34+00:00\",\"breadcrumb\":{\"@id\":\"https:\\\/\\\/libreriaelerrante.com\\\/tienda\\\/manual-del-aprendiz-de-cocinero\\\/#breadcrumb\"},\"inLanguage\":\"es\",\"potentialAction\":[{\"@type\":\"ReadAction\",\"target\":[\"https:\\\/\\\/libreriaelerrante.com\\\/tienda\\\/manual-del-aprendiz-de-cocinero\\\/\"]}]},{\"@type\":\"ImageObject\",\"inLanguage\":\"es\",\"@id\":\"https:\\\/\\\/libreriaelerrante.com\\\/tienda\\\/manual-del-aprendiz-de-cocinero\\\/#primaryimage\",\"url\":\"https:\\\/\\\/libreriaelerrante.com\\\/tienda\\\/wp-content\\\/uploads\\\/2025\\\/06\\\/978846704945.jpeg\",\"contentUrl\":\"https:\\\/\\\/libreriaelerrante.com\\\/tienda\\\/wp-content\\\/uploads\\\/2025\\\/06\\\/978846704945.jpeg\",\"width\":650,\"height\":1080},{\"@type\":\"BreadcrumbList\",\"@id\":\"https:\\\/\\\/libreriaelerrante.com\\\/tienda\\\/manual-del-aprendiz-de-cocinero\\\/#breadcrumb\",\"itemListElement\":[{\"@type\":\"ListItem\",\"position\":1,\"name\":\"Inicio\",\"item\":\"https:\\\/\\\/libreriaelerrante.com\\\/tienda\\\/\"},{\"@type\":\"ListItem\",\"position\":2,\"name\":\"Productos\",\"item\":\"https:\\\/\\\/libreriaelerrante.com\\\/tienda\\\/shop\\\/\"},{\"@type\":\"ListItem\",\"position\":3,\"name\":\"Librer\u00eda\",\"item\":\"https:\\\/\\\/libreriaelerrante.com\\\/tienda\\\/libreria\\\/\"},{\"@type\":\"ListItem\",\"position\":4,\"name\":\"Novelas\",\"item\":\"https:\\\/\\\/libreriaelerrante.com\\\/tienda\\\/libreria\\\/novelas\\\/\"},{\"@type\":\"ListItem\",\"position\":5,\"name\":\"No Ficci\u00f3n\",\"item\":\"https:\\\/\\\/libreriaelerrante.com\\\/tienda\\\/libreria\\\/novelas\\\/no-ficcion\\\/\"},{\"@type\":\"ListItem\",\"position\":6,\"name\":\"Manual Del Aprendiz De Cocinero\"}]},{\"@type\":\"WebSite\",\"@id\":\"https:\\\/\\\/libreriaelerrante.com\\\/tienda\\\/#website\",\"url\":\"https:\\\/\\\/libreriaelerrante.com\\\/tienda\\\/\",\"name\":\"Librer\u00eda El Errante\",\"description\":\"\",\"publisher\":{\"@id\":\"https:\\\/\\\/libreriaelerrante.com\\\/tienda\\\/#organization\"},\"potentialAction\":[{\"@type\":\"SearchAction\",\"target\":{\"@type\":\"EntryPoint\",\"urlTemplate\":\"https:\\\/\\\/libreriaelerrante.com\\\/tienda\\\/?s={search_term_string}\"},\"query-input\":{\"@type\":\"PropertyValueSpecification\",\"valueRequired\":true,\"valueName\":\"search_term_string\"}}],\"inLanguage\":\"es\"},{\"@type\":\"Organization\",\"@id\":\"https:\\\/\\\/libreriaelerrante.com\\\/tienda\\\/#organization\",\"name\":\"Librer\u00eda El Errante\",\"url\":\"https:\\\/\\\/libreriaelerrante.com\\\/tienda\\\/\",\"logo\":{\"@type\":\"ImageObject\",\"inLanguage\":\"es\",\"@id\":\"https:\\\/\\\/libreriaelerrante.com\\\/tienda\\\/#\\\/schema\\\/logo\\\/image\\\/\",\"url\":\"https:\\\/\\\/libreriaelerrante.com\\\/tienda\\\/wp-content\\\/uploads\\\/2025\\\/05\\\/1-1.png\",\"contentUrl\":\"https:\\\/\\\/libreriaelerrante.com\\\/tienda\\\/wp-content\\\/uploads\\\/2025\\\/05\\\/1-1.png\",\"width\":512,\"height\":512,\"caption\":\"Librer\u00eda El Errante\"},\"image\":{\"@id\":\"https:\\\/\\\/libreriaelerrante.com\\\/tienda\\\/#\\\/schema\\\/logo\\\/image\\\/\"}}]}<\/script>\n<!-- \/ Yoast SEO plugin. -->","yoast_head_json":{"title":"Manual Del Aprendiz De Cocinero | Librer\u00eda El Errante","robots":{"index":"index","follow":"follow","max-snippet":"max-snippet:-1","max-image-preview":"max-image-preview:large","max-video-preview":"max-video-preview:-1"},"canonical":"https:\/\/libreriaelerrante.com\/tienda\/manual-del-aprendiz-de-cocinero\/","og_locale":"es_ES","og_type":"article","og_title":"Manual Del Aprendiz De Cocinero | Librer\u00eda El Errante","og_description":"Sinopsis de MANUAL DEL APRENDIZ DE COCINERO: TECNICAS, TRUCOS, UTENSILIOS Y RECETAS Una gu\u00eda diferente, explicada de manera muy sencilla, con todas las t\u00e9cnicas, trucos, utensilios y recetas para convertirte en un aut\u00e9ntico chef. MasterChef,el exitoso concurso de TVE, ya tiene el libro de la quinta temporada.EnManual del aprendiz de cocineroencontrar\u00e1s todos los trucos, t\u00e9cnicas y recetas con las que dejar\u00e1s con la boca abierta a todo el mundo. Tu paso por la cocina se convertir\u00e1 en una gran aventura.Un libro ilustrado, con f\u00e1ciles explicaciones.","og_url":"https:\/\/libreriaelerrante.com\/tienda\/manual-del-aprendiz-de-cocinero\/","og_site_name":"Librer\u00eda El Errante","article_modified_time":"2025-06-06T17:18:34+00:00","og_image":[{"width":650,"height":1080,"url":"https:\/\/libreriaelerrante.com\/tienda\/wp-content\/uploads\/2025\/06\/978846704945.jpeg","type":"image\/jpeg"}],"twitter_card":"summary_large_image","schema":{"@context":"https:\/\/schema.org","@graph":[{"@type":"WebPage","@id":"https:\/\/libreriaelerrante.com\/tienda\/manual-del-aprendiz-de-cocinero\/","url":"https:\/\/libreriaelerrante.com\/tienda\/manual-del-aprendiz-de-cocinero\/","name":"Manual Del Aprendiz De Cocinero | Librer\u00eda El Errante","isPartOf":{"@id":"https:\/\/libreriaelerrante.com\/tienda\/#website"},"primaryImageOfPage":{"@id":"https:\/\/libreriaelerrante.com\/tienda\/manual-del-aprendiz-de-cocinero\/#primaryimage"},"image":{"@id":"https:\/\/libreriaelerrante.com\/tienda\/manual-del-aprendiz-de-cocinero\/#primaryimage"},"thumbnailUrl":"https:\/\/libreriaelerrante.com\/tienda\/wp-content\/uploads\/2025\/06\/978846704945.jpeg","datePublished":"2025-06-06T17:17:38+00:00","dateModified":"2025-06-06T17:18:34+00:00","breadcrumb":{"@id":"https:\/\/libreriaelerrante.com\/tienda\/manual-del-aprendiz-de-cocinero\/#breadcrumb"},"inLanguage":"es","potentialAction":[{"@type":"ReadAction","target":["https:\/\/libreriaelerrante.com\/tienda\/manual-del-aprendiz-de-cocinero\/"]}]},{"@type":"ImageObject","inLanguage":"es","@id":"https:\/\/libreriaelerrante.com\/tienda\/manual-del-aprendiz-de-cocinero\/#primaryimage","url":"https:\/\/libreriaelerrante.com\/tienda\/wp-content\/uploads\/2025\/06\/978846704945.jpeg","contentUrl":"https:\/\/libreriaelerrante.com\/tienda\/wp-content\/uploads\/2025\/06\/978846704945.jpeg","width":650,"height":1080},{"@type":"BreadcrumbList","@id":"https:\/\/libreriaelerrante.com\/tienda\/manual-del-aprendiz-de-cocinero\/#breadcrumb","itemListElement":[{"@type":"ListItem","position":1,"name":"Inicio","item":"https:\/\/libreriaelerrante.com\/tienda\/"},{"@type":"ListItem","position":2,"name":"Productos","item":"https:\/\/libreriaelerrante.com\/tienda\/shop\/"},{"@type":"ListItem","position":3,"name":"Librer\u00eda","item":"https:\/\/libreriaelerrante.com\/tienda\/libreria\/"},{"@type":"ListItem","position":4,"name":"Novelas","item":"https:\/\/libreriaelerrante.com\/tienda\/libreria\/novelas\/"},{"@type":"ListItem","position":5,"name":"No Ficci\u00f3n","item":"https:\/\/libreriaelerrante.com\/tienda\/libreria\/novelas\/no-ficcion\/"},{"@type":"ListItem","position":6,"name":"Manual Del Aprendiz De Cocinero"}]},{"@type":"WebSite","@id":"https:\/\/libreriaelerrante.com\/tienda\/#website","url":"https:\/\/libreriaelerrante.com\/tienda\/","name":"Librer\u00eda El Errante","description":"","publisher":{"@id":"https:\/\/libreriaelerrante.com\/tienda\/#organization"},"potentialAction":[{"@type":"SearchAction","target":{"@type":"EntryPoint","urlTemplate":"https:\/\/libreriaelerrante.com\/tienda\/?s={search_term_string}"},"query-input":{"@type":"PropertyValueSpecification","valueRequired":true,"valueName":"search_term_string"}}],"inLanguage":"es"},{"@type":"Organization","@id":"https:\/\/libreriaelerrante.com\/tienda\/#organization","name":"Librer\u00eda El Errante","url":"https:\/\/libreriaelerrante.com\/tienda\/","logo":{"@type":"ImageObject","inLanguage":"es","@id":"https:\/\/libreriaelerrante.com\/tienda\/#\/schema\/logo\/image\/","url":"https:\/\/libreriaelerrante.com\/tienda\/wp-content\/uploads\/2025\/05\/1-1.png","contentUrl":"https:\/\/libreriaelerrante.com\/tienda\/wp-content\/uploads\/2025\/05\/1-1.png","width":512,"height":512,"caption":"Librer\u00eda El Errante"},"image":{"@id":"https:\/\/libreriaelerrante.com\/tienda\/#\/schema\/logo\/image\/"}}]}},"_links":{"self":[{"href":"https:\/\/libreriaelerrante.com\/tienda\/wp-json\/wp\/v2\/product\/367","targetHints":{"allow":["GET"]}}],"collection":[{"href":"https:\/\/libreriaelerrante.com\/tienda\/wp-json\/wp\/v2\/product"}],"about":[{"href":"https:\/\/libreriaelerrante.com\/tienda\/wp-json\/wp\/v2\/types\/product"}],"replies":[{"embeddable":true,"href":"https:\/\/libreriaelerrante.com\/tienda\/wp-json\/wp\/v2\/comments?post=367"}],"wp:featuredmedia":[{"embeddable":true,"href":"https:\/\/libreriaelerrante.com\/tienda\/wp-json\/wp\/v2\/media\/368"}],"wp:attachment":[{"href":"https:\/\/libreriaelerrante.com\/tienda\/wp-json\/wp\/v2\/media?parent=367"}],"wp:term":[{"taxonomy":"product_brand","embeddable":true,"href":"https:\/\/libreriaelerrante.com\/tienda\/wp-json\/wp\/v2\/product_brand?post=367"},{"taxonomy":"product_cat","embeddable":true,"href":"https:\/\/libreriaelerrante.com\/tienda\/wp-json\/wp\/v2\/product_cat?post=367"},{"taxonomy":"product_tag","embeddable":true,"href":"https:\/\/libreriaelerrante.com\/tienda\/wp-json\/wp\/v2\/product_tag?post=367"}],"curies":[{"name":"wp","href":"https:\/\/api.w.org\/{rel}","templated":true}]}}