{"id":1187,"date":"2025-08-22T20:21:13","date_gmt":"2025-08-22T18:21:13","guid":{"rendered":"https:\/\/libreriaelerrante.com\/tienda\/?post_type=product&#038;p=1187"},"modified":"2026-04-28T18:00:10","modified_gmt":"2026-04-28T16:00:10","slug":"no-hay-manera-que-pueda-tener-una-amante-o-quizas-si-7","status":"publish","type":"product","link":"https:\/\/libreriaelerrante.com\/tienda\/no-hay-manera-que-pueda-tener-una-amante-o-quizas-si-7\/","title":{"rendered":"\u00a1No hay manera de que pueda tener una amante! \u00bfO quiz\u00e1 s\u00ed? 7"},"content":{"rendered":"","protected":false},"excerpt":{"rendered":"<p>\u00a1La huida de casa veraniega en la que las chicas han hecho buenos recuerdos llega a su punto \u00e1lgido! Con la llegada de Mai, las chicas se animan y la huida de casa de Ajisai se convierte en un bonito recuerdo. En la \u00faltima noche, las tres visten yukata y se acercan al festival local, donde Renako disfruta de lo lindo. Bajo la luz de los fuegos artificiales, ambas expresan el afecto que sienten por la misma chica. \u00a1Llega el fat\u00eddico s\u00e9ptimo tomo de esta comedia rom\u00e1ntica juvenil entre chicas!<\/p>\n","protected":false},"featured_media":1188,"comment_status":"open","ping_status":"closed","template":"","meta":{"iawp_total_views":3},"product_brand":[],"product_cat":[20,248,329,95,515],"product_tag":[],"class_list":{"0":"post-1187","1":"product","2":"type-product","3":"status-publish","4":"has-post-thumbnail","6":"product_cat-mangas","7":"product_cat-novedades-agosto-2025","8":"product_cat-novedades-en-mangas","9":"product_cat-novedades-libros-2025","10":"product_cat-yuri","11":"pa_autor-musshu-teren-mikami-eku-takeshima","13":"first","14":"outofstock","15":"sale","16":"shipping-taxable","17":"purchasable","18":"product-type-simple"},"yoast_head":"<!-- This site is optimized with the Yoast SEO plugin v27.4 - https:\/\/yoast.com\/product\/yoast-seo-wordpress\/ -->\n<title>\u00a1No hay manera de que pueda tener una amante! \u00bfO quiz\u00e1 s\u00ed? 7 | Librer\u00eda El Errante<\/title>\n<meta name=\"description\" content=\"Dark Gathering 11 de Kenichi Kondo contin\u00faa la aterradora historia de esp\u00edritus y rituales oscuros, con terror, misterio y giros inesperados.\" \/>\n<meta name=\"robots\" content=\"index, follow, max-snippet:-1, max-image-preview:large, max-video-preview:-1\" \/>\n<link rel=\"canonical\" href=\"https:\/\/libreriaelerrante.com\/tienda\/no-hay-manera-que-pueda-tener-una-amante-o-quizas-si-7\/\" \/>\n<meta property=\"og:locale\" content=\"es_ES\" \/>\n<meta property=\"og:type\" content=\"article\" \/>\n<meta property=\"og:title\" content=\"\u00a1No hay manera de que pueda tener una amante! \u00bfO quiz\u00e1 s\u00ed? 7 | Librer\u00eda El Errante\" \/>\n<meta property=\"og:description\" content=\"Dark Gathering 11 de Kenichi Kondo contin\u00faa la aterradora historia de esp\u00edritus y rituales oscuros, con terror, misterio y giros inesperados.\" \/>\n<meta property=\"og:url\" content=\"https:\/\/libreriaelerrante.com\/tienda\/no-hay-manera-que-pueda-tener-una-amante-o-quizas-si-7\/\" \/>\n<meta property=\"og:site_name\" content=\"Librer\u00eda El Errante\" \/>\n<meta property=\"article:modified_time\" content=\"2026-04-28T16:00:10+00:00\" \/>\n<meta property=\"og:image\" content=\"https:\/\/libreriaelerrante.com\/tienda\/wp-content\/uploads\/2025\/08\/no-hay-manera-de-que-pueda-tener-una-amante-o-quizas-si-7.jpeg\" \/>\n\t<meta property=\"og:image:width\" content=\"680\" \/>\n\t<meta property=\"og:image:height\" content=\"1050\" \/>\n\t<meta property=\"og:image:type\" content=\"image\/jpeg\" \/>\n<meta name=\"twitter:card\" content=\"summary_large_image\" \/>\n<meta name=\"twitter:label1\" content=\"Tiempo de lectura\" \/>\n\t<meta name=\"twitter:data1\" content=\"1 minuto\" \/>\n<script type=\"application\/ld+json\" class=\"yoast-schema-graph\">{\"@context\":\"https:\\\/\\\/schema.org\",\"@graph\":[{\"@type\":\"WebPage\",\"@id\":\"https:\\\/\\\/libreriaelerrante.com\\\/tienda\\\/no-hay-manera-que-pueda-tener-una-amante-o-quizas-si-7\\\/\",\"url\":\"https:\\\/\\\/libreriaelerrante.com\\\/tienda\\\/no-hay-manera-que-pueda-tener-una-amante-o-quizas-si-7\\\/\",\"name\":\"\u00a1No hay manera de que pueda tener una amante! \u00bfO quiz\u00e1 s\u00ed? 7 | Librer\u00eda El Errante\",\"isPartOf\":{\"@id\":\"https:\\\/\\\/libreriaelerrante.com\\\/tienda\\\/#website\"},\"primaryImageOfPage\":{\"@id\":\"https:\\\/\\\/libreriaelerrante.com\\\/tienda\\\/no-hay-manera-que-pueda-tener-una-amante-o-quizas-si-7\\\/#primaryimage\"},\"image\":{\"@id\":\"https:\\\/\\\/libreriaelerrante.com\\\/tienda\\\/no-hay-manera-que-pueda-tener-una-amante-o-quizas-si-7\\\/#primaryimage\"},\"thumbnailUrl\":\"https:\\\/\\\/libreriaelerrante.com\\\/tienda\\\/wp-content\\\/uploads\\\/2025\\\/08\\\/no-hay-manera-de-que-pueda-tener-una-amante-o-quizas-si-7.jpeg\",\"datePublished\":\"2025-08-22T18:21:13+00:00\",\"dateModified\":\"2026-04-28T16:00:10+00:00\",\"description\":\"Dark Gathering 11 de Kenichi Kondo contin\u00faa la aterradora historia de esp\u00edritus y rituales oscuros, con terror, misterio y giros inesperados.\",\"breadcrumb\":{\"@id\":\"https:\\\/\\\/libreriaelerrante.com\\\/tienda\\\/no-hay-manera-que-pueda-tener-una-amante-o-quizas-si-7\\\/#breadcrumb\"},\"inLanguage\":\"es\",\"potentialAction\":[{\"@type\":\"ReadAction\",\"target\":[\"https:\\\/\\\/libreriaelerrante.com\\\/tienda\\\/no-hay-manera-que-pueda-tener-una-amante-o-quizas-si-7\\\/\"]}]},{\"@type\":\"ImageObject\",\"inLanguage\":\"es\",\"@id\":\"https:\\\/\\\/libreriaelerrante.com\\\/tienda\\\/no-hay-manera-que-pueda-tener-una-amante-o-quizas-si-7\\\/#primaryimage\",\"url\":\"https:\\\/\\\/libreriaelerrante.com\\\/tienda\\\/wp-content\\\/uploads\\\/2025\\\/08\\\/no-hay-manera-de-que-pueda-tener-una-amante-o-quizas-si-7.jpeg\",\"contentUrl\":\"https:\\\/\\\/libreriaelerrante.com\\\/tienda\\\/wp-content\\\/uploads\\\/2025\\\/08\\\/no-hay-manera-de-que-pueda-tener-una-amante-o-quizas-si-7.jpeg\",\"width\":680,\"height\":1050,\"caption\":\"Portada No hay manera que pueda tener una amante o quiz\u00e1s si 7\"},{\"@type\":\"BreadcrumbList\",\"@id\":\"https:\\\/\\\/libreriaelerrante.com\\\/tienda\\\/no-hay-manera-que-pueda-tener-una-amante-o-quizas-si-7\\\/#breadcrumb\",\"itemListElement\":[{\"@type\":\"ListItem\",\"position\":1,\"name\":\"Inicio\",\"item\":\"https:\\\/\\\/libreriaelerrante.com\\\/tienda\\\/\"},{\"@type\":\"ListItem\",\"position\":2,\"name\":\"Productos\",\"item\":\"https:\\\/\\\/libreriaelerrante.com\\\/tienda\\\/shop\\\/\"},{\"@type\":\"ListItem\",\"position\":3,\"name\":\"Novedades Libros 2025\",\"item\":\"https:\\\/\\\/libreriaelerrante.com\\\/tienda\\\/novedades-libros-2025\\\/\"},{\"@type\":\"ListItem\",\"position\":4,\"name\":\"Novedades Agosto 2025\",\"item\":\"https:\\\/\\\/libreriaelerrante.com\\\/tienda\\\/novedades-libros-2025\\\/novedades-agosto-2025\\\/\"},{\"@type\":\"ListItem\",\"position\":5,\"name\":\"Novedades en Mangas\",\"item\":\"https:\\\/\\\/libreriaelerrante.com\\\/tienda\\\/novedades-libros-2025\\\/novedades-agosto-2025\\\/novedades-en-mangas\\\/\"},{\"@type\":\"ListItem\",\"position\":6,\"name\":\"\u00a1No hay manera de que pueda tener una amante! \u00bfO quiz\u00e1 s\u00ed? 7\"}]},{\"@type\":\"WebSite\",\"@id\":\"https:\\\/\\\/libreriaelerrante.com\\\/tienda\\\/#website\",\"url\":\"https:\\\/\\\/libreriaelerrante.com\\\/tienda\\\/\",\"name\":\"Librer\u00eda El Errante\",\"description\":\"\",\"publisher\":{\"@id\":\"https:\\\/\\\/libreriaelerrante.com\\\/tienda\\\/#organization\"},\"potentialAction\":[{\"@type\":\"SearchAction\",\"target\":{\"@type\":\"EntryPoint\",\"urlTemplate\":\"https:\\\/\\\/libreriaelerrante.com\\\/tienda\\\/?s={search_term_string}\"},\"query-input\":{\"@type\":\"PropertyValueSpecification\",\"valueRequired\":true,\"valueName\":\"search_term_string\"}}],\"inLanguage\":\"es\"},{\"@type\":\"Organization\",\"@id\":\"https:\\\/\\\/libreriaelerrante.com\\\/tienda\\\/#organization\",\"name\":\"Librer\u00eda El Errante\",\"url\":\"https:\\\/\\\/libreriaelerrante.com\\\/tienda\\\/\",\"logo\":{\"@type\":\"ImageObject\",\"inLanguage\":\"es\",\"@id\":\"https:\\\/\\\/libreriaelerrante.com\\\/tienda\\\/#\\\/schema\\\/logo\\\/image\\\/\",\"url\":\"https:\\\/\\\/libreriaelerrante.com\\\/tienda\\\/wp-content\\\/uploads\\\/2025\\\/05\\\/1-1.png\",\"contentUrl\":\"https:\\\/\\\/libreriaelerrante.com\\\/tienda\\\/wp-content\\\/uploads\\\/2025\\\/05\\\/1-1.png\",\"width\":512,\"height\":512,\"caption\":\"Librer\u00eda El Errante\"},\"image\":{\"@id\":\"https:\\\/\\\/libreriaelerrante.com\\\/tienda\\\/#\\\/schema\\\/logo\\\/image\\\/\"}}]}<\/script>\n<!-- \/ Yoast SEO plugin. -->","yoast_head_json":{"title":"\u00a1No hay manera de que pueda tener una amante! \u00bfO quiz\u00e1 s\u00ed? 7 | Librer\u00eda El Errante","description":"Dark Gathering 11 de Kenichi Kondo contin\u00faa la aterradora historia de esp\u00edritus y rituales oscuros, con terror, misterio y giros inesperados.","robots":{"index":"index","follow":"follow","max-snippet":"max-snippet:-1","max-image-preview":"max-image-preview:large","max-video-preview":"max-video-preview:-1"},"canonical":"https:\/\/libreriaelerrante.com\/tienda\/no-hay-manera-que-pueda-tener-una-amante-o-quizas-si-7\/","og_locale":"es_ES","og_type":"article","og_title":"\u00a1No hay manera de que pueda tener una amante! \u00bfO quiz\u00e1 s\u00ed? 7 | Librer\u00eda El Errante","og_description":"Dark Gathering 11 de Kenichi Kondo contin\u00faa la aterradora historia de esp\u00edritus y rituales oscuros, con terror, misterio y giros inesperados.","og_url":"https:\/\/libreriaelerrante.com\/tienda\/no-hay-manera-que-pueda-tener-una-amante-o-quizas-si-7\/","og_site_name":"Librer\u00eda El Errante","article_modified_time":"2026-04-28T16:00:10+00:00","og_image":[{"width":680,"height":1050,"url":"https:\/\/libreriaelerrante.com\/tienda\/wp-content\/uploads\/2025\/08\/no-hay-manera-de-que-pueda-tener-una-amante-o-quizas-si-7.jpeg","type":"image\/jpeg"}],"twitter_card":"summary_large_image","twitter_misc":{"Tiempo de lectura":"1 minuto"},"schema":{"@context":"https:\/\/schema.org","@graph":[{"@type":"WebPage","@id":"https:\/\/libreriaelerrante.com\/tienda\/no-hay-manera-que-pueda-tener-una-amante-o-quizas-si-7\/","url":"https:\/\/libreriaelerrante.com\/tienda\/no-hay-manera-que-pueda-tener-una-amante-o-quizas-si-7\/","name":"\u00a1No hay manera de que pueda tener una amante! \u00bfO quiz\u00e1 s\u00ed? 7 | Librer\u00eda El Errante","isPartOf":{"@id":"https:\/\/libreriaelerrante.com\/tienda\/#website"},"primaryImageOfPage":{"@id":"https:\/\/libreriaelerrante.com\/tienda\/no-hay-manera-que-pueda-tener-una-amante-o-quizas-si-7\/#primaryimage"},"image":{"@id":"https:\/\/libreriaelerrante.com\/tienda\/no-hay-manera-que-pueda-tener-una-amante-o-quizas-si-7\/#primaryimage"},"thumbnailUrl":"https:\/\/libreriaelerrante.com\/tienda\/wp-content\/uploads\/2025\/08\/no-hay-manera-de-que-pueda-tener-una-amante-o-quizas-si-7.jpeg","datePublished":"2025-08-22T18:21:13+00:00","dateModified":"2026-04-28T16:00:10+00:00","description":"Dark Gathering 11 de Kenichi Kondo contin\u00faa la aterradora historia de esp\u00edritus y rituales oscuros, con terror, misterio y giros inesperados.","breadcrumb":{"@id":"https:\/\/libreriaelerrante.com\/tienda\/no-hay-manera-que-pueda-tener-una-amante-o-quizas-si-7\/#breadcrumb"},"inLanguage":"es","potentialAction":[{"@type":"ReadAction","target":["https:\/\/libreriaelerrante.com\/tienda\/no-hay-manera-que-pueda-tener-una-amante-o-quizas-si-7\/"]}]},{"@type":"ImageObject","inLanguage":"es","@id":"https:\/\/libreriaelerrante.com\/tienda\/no-hay-manera-que-pueda-tener-una-amante-o-quizas-si-7\/#primaryimage","url":"https:\/\/libreriaelerrante.com\/tienda\/wp-content\/uploads\/2025\/08\/no-hay-manera-de-que-pueda-tener-una-amante-o-quizas-si-7.jpeg","contentUrl":"https:\/\/libreriaelerrante.com\/tienda\/wp-content\/uploads\/2025\/08\/no-hay-manera-de-que-pueda-tener-una-amante-o-quizas-si-7.jpeg","width":680,"height":1050,"caption":"Portada No hay manera que pueda tener una amante o quiz\u00e1s si 7"},{"@type":"BreadcrumbList","@id":"https:\/\/libreriaelerrante.com\/tienda\/no-hay-manera-que-pueda-tener-una-amante-o-quizas-si-7\/#breadcrumb","itemListElement":[{"@type":"ListItem","position":1,"name":"Inicio","item":"https:\/\/libreriaelerrante.com\/tienda\/"},{"@type":"ListItem","position":2,"name":"Productos","item":"https:\/\/libreriaelerrante.com\/tienda\/shop\/"},{"@type":"ListItem","position":3,"name":"Novedades Libros 2025","item":"https:\/\/libreriaelerrante.com\/tienda\/novedades-libros-2025\/"},{"@type":"ListItem","position":4,"name":"Novedades Agosto 2025","item":"https:\/\/libreriaelerrante.com\/tienda\/novedades-libros-2025\/novedades-agosto-2025\/"},{"@type":"ListItem","position":5,"name":"Novedades en Mangas","item":"https:\/\/libreriaelerrante.com\/tienda\/novedades-libros-2025\/novedades-agosto-2025\/novedades-en-mangas\/"},{"@type":"ListItem","position":6,"name":"\u00a1No hay manera de que pueda tener una amante! \u00bfO quiz\u00e1 s\u00ed? 7"}]},{"@type":"WebSite","@id":"https:\/\/libreriaelerrante.com\/tienda\/#website","url":"https:\/\/libreriaelerrante.com\/tienda\/","name":"Librer\u00eda El Errante","description":"","publisher":{"@id":"https:\/\/libreriaelerrante.com\/tienda\/#organization"},"potentialAction":[{"@type":"SearchAction","target":{"@type":"EntryPoint","urlTemplate":"https:\/\/libreriaelerrante.com\/tienda\/?s={search_term_string}"},"query-input":{"@type":"PropertyValueSpecification","valueRequired":true,"valueName":"search_term_string"}}],"inLanguage":"es"},{"@type":"Organization","@id":"https:\/\/libreriaelerrante.com\/tienda\/#organization","name":"Librer\u00eda El Errante","url":"https:\/\/libreriaelerrante.com\/tienda\/","logo":{"@type":"ImageObject","inLanguage":"es","@id":"https:\/\/libreriaelerrante.com\/tienda\/#\/schema\/logo\/image\/","url":"https:\/\/libreriaelerrante.com\/tienda\/wp-content\/uploads\/2025\/05\/1-1.png","contentUrl":"https:\/\/libreriaelerrante.com\/tienda\/wp-content\/uploads\/2025\/05\/1-1.png","width":512,"height":512,"caption":"Librer\u00eda El Errante"},"image":{"@id":"https:\/\/libreriaelerrante.com\/tienda\/#\/schema\/logo\/image\/"}}]}},"_links":{"self":[{"href":"https:\/\/libreriaelerrante.com\/tienda\/wp-json\/wp\/v2\/product\/1187","targetHints":{"allow":["GET"]}}],"collection":[{"href":"https:\/\/libreriaelerrante.com\/tienda\/wp-json\/wp\/v2\/product"}],"about":[{"href":"https:\/\/libreriaelerrante.com\/tienda\/wp-json\/wp\/v2\/types\/product"}],"replies":[{"embeddable":true,"href":"https:\/\/libreriaelerrante.com\/tienda\/wp-json\/wp\/v2\/comments?post=1187"}],"wp:featuredmedia":[{"embeddable":true,"href":"https:\/\/libreriaelerrante.com\/tienda\/wp-json\/wp\/v2\/media\/1188"}],"wp:attachment":[{"href":"https:\/\/libreriaelerrante.com\/tienda\/wp-json\/wp\/v2\/media?parent=1187"}],"wp:term":[{"taxonomy":"product_brand","embeddable":true,"href":"https:\/\/libreriaelerrante.com\/tienda\/wp-json\/wp\/v2\/product_brand?post=1187"},{"taxonomy":"product_cat","embeddable":true,"href":"https:\/\/libreriaelerrante.com\/tienda\/wp-json\/wp\/v2\/product_cat?post=1187"},{"taxonomy":"product_tag","embeddable":true,"href":"https:\/\/libreriaelerrante.com\/tienda\/wp-json\/wp\/v2\/product_tag?post=1187"}],"curies":[{"name":"wp","href":"https:\/\/api.w.org\/{rel}","templated":true}]}}