{"id":1172,"date":"2025-08-22T17:42:22","date_gmt":"2025-08-22T15:42:22","guid":{"rendered":"https:\/\/libreriaelerrante.com\/tienda\/?post_type=product&#038;p=1172"},"modified":"2026-04-28T18:01:13","modified_gmt":"2026-04-28T16:01:13","slug":"nick-furia-agente-de-shield-5","status":"publish","type":"product","link":"https:\/\/libreriaelerrante.com\/tienda\/nick-furia-agente-de-shield-5\/","title":{"rendered":"Nick Furia, Agente de S.H.I.E.L.D 5"},"content":{"rendered":"","protected":false},"excerpt":{"rendered":"<p>Descubre el origen de SHIELD y como encontraron a su l\u00edder, Nick Furia. En su despedida de la serie, Jim Steranko nos muestra qu\u00e9 ocurri\u00f3 con Escorpio. La misi\u00f3n m\u00e1s arriesgada de Furia le conduce m\u00e1s all\u00e1 de la Tierra. Adem\u00e1s, el regreso de El Aborrecedor. Contiene los correos de lectores de la edici\u00f3n original y la cronolog\u00eda que lo sit\u00faa todo en contexto. \u00a1Biblioteca Marvel, como siempre y mejor que nunca! \u00a1No puedes perderte esta edici\u00f3n hist\u00f3rica!<\/p>\n","protected":false},"featured_media":1173,"comment_status":"open","ping_status":"closed","template":"","meta":{"iawp_total_views":1},"product_brand":[],"product_cat":[21,248,328,95],"product_tag":[],"class_list":{"0":"post-1172","1":"product","2":"type-product","3":"status-publish","4":"has-post-thumbnail","6":"product_cat-comics","7":"product_cat-novedades-agosto-2025","8":"product_cat-novedades-en-comics","9":"product_cat-novedades-libros-2025","10":"pa_autor-frank-springer-ernie-hart-roy-thomas-jim-steranko-archie-goodwin-herb-trimpe","12":"first","13":"outofstock","14":"sale","15":"shipping-taxable","16":"purchasable","17":"product-type-simple"},"yoast_head":"<!-- This site is optimized with the Yoast SEO plugin v27.4 - https:\/\/yoast.com\/product\/yoast-seo-wordpress\/ -->\n<title>Nick Furia, Agente de S.H.I.E.L.D 5 | Biblioteca Marvel | Librer\u00eda El Errante<\/title>\n<meta name=\"description\" content=\"Nick Furia, Agente de S.H.I.E.L.D 5 entrega espionaje, acci\u00f3n y tecnolog\u00eda avanzada en nuevas misiones llenas de intriga dentro del universo Marvel.\" \/>\n<meta name=\"robots\" content=\"index, follow, max-snippet:-1, max-image-preview:large, max-video-preview:-1\" \/>\n<link rel=\"canonical\" href=\"https:\/\/libreriaelerrante.com\/tienda\/nick-furia-agente-de-shield-5\/\" \/>\n<meta property=\"og:locale\" content=\"es_ES\" \/>\n<meta property=\"og:type\" content=\"article\" \/>\n<meta property=\"og:title\" content=\"Nick Furia, Agente de S.H.I.E.L.D 5 | Biblioteca Marvel | Librer\u00eda El Errante\" \/>\n<meta property=\"og:description\" content=\"Nick Furia, Agente de S.H.I.E.L.D 5 entrega espionaje, acci\u00f3n y tecnolog\u00eda avanzada en nuevas misiones llenas de intriga dentro del universo Marvel.\" \/>\n<meta property=\"og:url\" content=\"https:\/\/libreriaelerrante.com\/tienda\/nick-furia-agente-de-shield-5\/\" \/>\n<meta property=\"og:site_name\" content=\"Librer\u00eda El Errante\" \/>\n<meta property=\"article:modified_time\" content=\"2026-04-28T16:01:13+00:00\" \/>\n<meta property=\"og:image\" content=\"https:\/\/libreriaelerrante.com\/tienda\/wp-content\/uploads\/2025\/08\/nick-furia-agente-de-shield-5.jpeg\" \/>\n\t<meta property=\"og:image:width\" content=\"680\" \/>\n\t<meta property=\"og:image:height\" content=\"1050\" \/>\n\t<meta property=\"og:image:type\" content=\"image\/jpeg\" \/>\n<meta name=\"twitter:card\" content=\"summary_large_image\" \/>\n<meta name=\"twitter:label1\" content=\"Tiempo de lectura\" \/>\n\t<meta name=\"twitter:data1\" content=\"1 minuto\" \/>\n<script type=\"application\/ld+json\" class=\"yoast-schema-graph\">{\"@context\":\"https:\\\/\\\/schema.org\",\"@graph\":[{\"@type\":\"WebPage\",\"@id\":\"https:\\\/\\\/libreriaelerrante.com\\\/tienda\\\/nick-furia-agente-de-shield-5\\\/\",\"url\":\"https:\\\/\\\/libreriaelerrante.com\\\/tienda\\\/nick-furia-agente-de-shield-5\\\/\",\"name\":\"Nick Furia, Agente de S.H.I.E.L.D 5 | Biblioteca Marvel | Librer\u00eda El Errante\",\"isPartOf\":{\"@id\":\"https:\\\/\\\/libreriaelerrante.com\\\/tienda\\\/#website\"},\"primaryImageOfPage\":{\"@id\":\"https:\\\/\\\/libreriaelerrante.com\\\/tienda\\\/nick-furia-agente-de-shield-5\\\/#primaryimage\"},\"image\":{\"@id\":\"https:\\\/\\\/libreriaelerrante.com\\\/tienda\\\/nick-furia-agente-de-shield-5\\\/#primaryimage\"},\"thumbnailUrl\":\"https:\\\/\\\/libreriaelerrante.com\\\/tienda\\\/wp-content\\\/uploads\\\/2025\\\/08\\\/nick-furia-agente-de-shield-5.jpeg\",\"datePublished\":\"2025-08-22T15:42:22+00:00\",\"dateModified\":\"2026-04-28T16:01:13+00:00\",\"description\":\"Nick Furia, Agente de S.H.I.E.L.D 5 entrega espionaje, acci\u00f3n y tecnolog\u00eda avanzada en nuevas misiones llenas de intriga dentro del universo Marvel.\",\"breadcrumb\":{\"@id\":\"https:\\\/\\\/libreriaelerrante.com\\\/tienda\\\/nick-furia-agente-de-shield-5\\\/#breadcrumb\"},\"inLanguage\":\"es\",\"potentialAction\":[{\"@type\":\"ReadAction\",\"target\":[\"https:\\\/\\\/libreriaelerrante.com\\\/tienda\\\/nick-furia-agente-de-shield-5\\\/\"]}]},{\"@type\":\"ImageObject\",\"inLanguage\":\"es\",\"@id\":\"https:\\\/\\\/libreriaelerrante.com\\\/tienda\\\/nick-furia-agente-de-shield-5\\\/#primaryimage\",\"url\":\"https:\\\/\\\/libreriaelerrante.com\\\/tienda\\\/wp-content\\\/uploads\\\/2025\\\/08\\\/nick-furia-agente-de-shield-5.jpeg\",\"contentUrl\":\"https:\\\/\\\/libreriaelerrante.com\\\/tienda\\\/wp-content\\\/uploads\\\/2025\\\/08\\\/nick-furia-agente-de-shield-5.jpeg\",\"width\":680,\"height\":1050,\"caption\":\"Portada Nick furia agente de S.H.I.E.L.D 5\"},{\"@type\":\"BreadcrumbList\",\"@id\":\"https:\\\/\\\/libreriaelerrante.com\\\/tienda\\\/nick-furia-agente-de-shield-5\\\/#breadcrumb\",\"itemListElement\":[{\"@type\":\"ListItem\",\"position\":1,\"name\":\"Inicio\",\"item\":\"https:\\\/\\\/libreriaelerrante.com\\\/tienda\\\/\"},{\"@type\":\"ListItem\",\"position\":2,\"name\":\"Productos\",\"item\":\"https:\\\/\\\/libreriaelerrante.com\\\/tienda\\\/shop\\\/\"},{\"@type\":\"ListItem\",\"position\":3,\"name\":\"Novedades Libros 2025\",\"item\":\"https:\\\/\\\/libreriaelerrante.com\\\/tienda\\\/novedades-libros-2025\\\/\"},{\"@type\":\"ListItem\",\"position\":4,\"name\":\"Novedades Agosto 2025\",\"item\":\"https:\\\/\\\/libreriaelerrante.com\\\/tienda\\\/novedades-libros-2025\\\/novedades-agosto-2025\\\/\"},{\"@type\":\"ListItem\",\"position\":5,\"name\":\"Novedades en C\u00f3mics\",\"item\":\"https:\\\/\\\/libreriaelerrante.com\\\/tienda\\\/novedades-libros-2025\\\/novedades-agosto-2025\\\/novedades-en-comics\\\/\"},{\"@type\":\"ListItem\",\"position\":6,\"name\":\"Nick Furia, Agente de S.H.I.E.L.D 5\"}]},{\"@type\":\"WebSite\",\"@id\":\"https:\\\/\\\/libreriaelerrante.com\\\/tienda\\\/#website\",\"url\":\"https:\\\/\\\/libreriaelerrante.com\\\/tienda\\\/\",\"name\":\"Librer\u00eda El Errante\",\"description\":\"\",\"publisher\":{\"@id\":\"https:\\\/\\\/libreriaelerrante.com\\\/tienda\\\/#organization\"},\"potentialAction\":[{\"@type\":\"SearchAction\",\"target\":{\"@type\":\"EntryPoint\",\"urlTemplate\":\"https:\\\/\\\/libreriaelerrante.com\\\/tienda\\\/?s={search_term_string}\"},\"query-input\":{\"@type\":\"PropertyValueSpecification\",\"valueRequired\":true,\"valueName\":\"search_term_string\"}}],\"inLanguage\":\"es\"},{\"@type\":\"Organization\",\"@id\":\"https:\\\/\\\/libreriaelerrante.com\\\/tienda\\\/#organization\",\"name\":\"Librer\u00eda El Errante\",\"url\":\"https:\\\/\\\/libreriaelerrante.com\\\/tienda\\\/\",\"logo\":{\"@type\":\"ImageObject\",\"inLanguage\":\"es\",\"@id\":\"https:\\\/\\\/libreriaelerrante.com\\\/tienda\\\/#\\\/schema\\\/logo\\\/image\\\/\",\"url\":\"https:\\\/\\\/libreriaelerrante.com\\\/tienda\\\/wp-content\\\/uploads\\\/2025\\\/05\\\/1-1.png\",\"contentUrl\":\"https:\\\/\\\/libreriaelerrante.com\\\/tienda\\\/wp-content\\\/uploads\\\/2025\\\/05\\\/1-1.png\",\"width\":512,\"height\":512,\"caption\":\"Librer\u00eda El Errante\"},\"image\":{\"@id\":\"https:\\\/\\\/libreriaelerrante.com\\\/tienda\\\/#\\\/schema\\\/logo\\\/image\\\/\"}}]}<\/script>\n<!-- \/ Yoast SEO plugin. -->","yoast_head_json":{"title":"Nick Furia, Agente de S.H.I.E.L.D 5 | Biblioteca Marvel | Librer\u00eda El Errante","description":"Nick Furia, Agente de S.H.I.E.L.D 5 entrega espionaje, acci\u00f3n y tecnolog\u00eda avanzada en nuevas misiones llenas de intriga dentro del universo Marvel.","robots":{"index":"index","follow":"follow","max-snippet":"max-snippet:-1","max-image-preview":"max-image-preview:large","max-video-preview":"max-video-preview:-1"},"canonical":"https:\/\/libreriaelerrante.com\/tienda\/nick-furia-agente-de-shield-5\/","og_locale":"es_ES","og_type":"article","og_title":"Nick Furia, Agente de S.H.I.E.L.D 5 | Biblioteca Marvel | Librer\u00eda El Errante","og_description":"Nick Furia, Agente de S.H.I.E.L.D 5 entrega espionaje, acci\u00f3n y tecnolog\u00eda avanzada en nuevas misiones llenas de intriga dentro del universo Marvel.","og_url":"https:\/\/libreriaelerrante.com\/tienda\/nick-furia-agente-de-shield-5\/","og_site_name":"Librer\u00eda El Errante","article_modified_time":"2026-04-28T16:01:13+00:00","og_image":[{"width":680,"height":1050,"url":"https:\/\/libreriaelerrante.com\/tienda\/wp-content\/uploads\/2025\/08\/nick-furia-agente-de-shield-5.jpeg","type":"image\/jpeg"}],"twitter_card":"summary_large_image","twitter_misc":{"Tiempo de lectura":"1 minuto"},"schema":{"@context":"https:\/\/schema.org","@graph":[{"@type":"WebPage","@id":"https:\/\/libreriaelerrante.com\/tienda\/nick-furia-agente-de-shield-5\/","url":"https:\/\/libreriaelerrante.com\/tienda\/nick-furia-agente-de-shield-5\/","name":"Nick Furia, Agente de S.H.I.E.L.D 5 | Biblioteca Marvel | Librer\u00eda El Errante","isPartOf":{"@id":"https:\/\/libreriaelerrante.com\/tienda\/#website"},"primaryImageOfPage":{"@id":"https:\/\/libreriaelerrante.com\/tienda\/nick-furia-agente-de-shield-5\/#primaryimage"},"image":{"@id":"https:\/\/libreriaelerrante.com\/tienda\/nick-furia-agente-de-shield-5\/#primaryimage"},"thumbnailUrl":"https:\/\/libreriaelerrante.com\/tienda\/wp-content\/uploads\/2025\/08\/nick-furia-agente-de-shield-5.jpeg","datePublished":"2025-08-22T15:42:22+00:00","dateModified":"2026-04-28T16:01:13+00:00","description":"Nick Furia, Agente de S.H.I.E.L.D 5 entrega espionaje, acci\u00f3n y tecnolog\u00eda avanzada en nuevas misiones llenas de intriga dentro del universo Marvel.","breadcrumb":{"@id":"https:\/\/libreriaelerrante.com\/tienda\/nick-furia-agente-de-shield-5\/#breadcrumb"},"inLanguage":"es","potentialAction":[{"@type":"ReadAction","target":["https:\/\/libreriaelerrante.com\/tienda\/nick-furia-agente-de-shield-5\/"]}]},{"@type":"ImageObject","inLanguage":"es","@id":"https:\/\/libreriaelerrante.com\/tienda\/nick-furia-agente-de-shield-5\/#primaryimage","url":"https:\/\/libreriaelerrante.com\/tienda\/wp-content\/uploads\/2025\/08\/nick-furia-agente-de-shield-5.jpeg","contentUrl":"https:\/\/libreriaelerrante.com\/tienda\/wp-content\/uploads\/2025\/08\/nick-furia-agente-de-shield-5.jpeg","width":680,"height":1050,"caption":"Portada Nick furia agente de S.H.I.E.L.D 5"},{"@type":"BreadcrumbList","@id":"https:\/\/libreriaelerrante.com\/tienda\/nick-furia-agente-de-shield-5\/#breadcrumb","itemListElement":[{"@type":"ListItem","position":1,"name":"Inicio","item":"https:\/\/libreriaelerrante.com\/tienda\/"},{"@type":"ListItem","position":2,"name":"Productos","item":"https:\/\/libreriaelerrante.com\/tienda\/shop\/"},{"@type":"ListItem","position":3,"name":"Novedades Libros 2025","item":"https:\/\/libreriaelerrante.com\/tienda\/novedades-libros-2025\/"},{"@type":"ListItem","position":4,"name":"Novedades Agosto 2025","item":"https:\/\/libreriaelerrante.com\/tienda\/novedades-libros-2025\/novedades-agosto-2025\/"},{"@type":"ListItem","position":5,"name":"Novedades en C\u00f3mics","item":"https:\/\/libreriaelerrante.com\/tienda\/novedades-libros-2025\/novedades-agosto-2025\/novedades-en-comics\/"},{"@type":"ListItem","position":6,"name":"Nick Furia, Agente de S.H.I.E.L.D 5"}]},{"@type":"WebSite","@id":"https:\/\/libreriaelerrante.com\/tienda\/#website","url":"https:\/\/libreriaelerrante.com\/tienda\/","name":"Librer\u00eda El Errante","description":"","publisher":{"@id":"https:\/\/libreriaelerrante.com\/tienda\/#organization"},"potentialAction":[{"@type":"SearchAction","target":{"@type":"EntryPoint","urlTemplate":"https:\/\/libreriaelerrante.com\/tienda\/?s={search_term_string}"},"query-input":{"@type":"PropertyValueSpecification","valueRequired":true,"valueName":"search_term_string"}}],"inLanguage":"es"},{"@type":"Organization","@id":"https:\/\/libreriaelerrante.com\/tienda\/#organization","name":"Librer\u00eda El Errante","url":"https:\/\/libreriaelerrante.com\/tienda\/","logo":{"@type":"ImageObject","inLanguage":"es","@id":"https:\/\/libreriaelerrante.com\/tienda\/#\/schema\/logo\/image\/","url":"https:\/\/libreriaelerrante.com\/tienda\/wp-content\/uploads\/2025\/05\/1-1.png","contentUrl":"https:\/\/libreriaelerrante.com\/tienda\/wp-content\/uploads\/2025\/05\/1-1.png","width":512,"height":512,"caption":"Librer\u00eda El Errante"},"image":{"@id":"https:\/\/libreriaelerrante.com\/tienda\/#\/schema\/logo\/image\/"}}]}},"_links":{"self":[{"href":"https:\/\/libreriaelerrante.com\/tienda\/wp-json\/wp\/v2\/product\/1172","targetHints":{"allow":["GET"]}}],"collection":[{"href":"https:\/\/libreriaelerrante.com\/tienda\/wp-json\/wp\/v2\/product"}],"about":[{"href":"https:\/\/libreriaelerrante.com\/tienda\/wp-json\/wp\/v2\/types\/product"}],"replies":[{"embeddable":true,"href":"https:\/\/libreriaelerrante.com\/tienda\/wp-json\/wp\/v2\/comments?post=1172"}],"wp:featuredmedia":[{"embeddable":true,"href":"https:\/\/libreriaelerrante.com\/tienda\/wp-json\/wp\/v2\/media\/1173"}],"wp:attachment":[{"href":"https:\/\/libreriaelerrante.com\/tienda\/wp-json\/wp\/v2\/media?parent=1172"}],"wp:term":[{"taxonomy":"product_brand","embeddable":true,"href":"https:\/\/libreriaelerrante.com\/tienda\/wp-json\/wp\/v2\/product_brand?post=1172"},{"taxonomy":"product_cat","embeddable":true,"href":"https:\/\/libreriaelerrante.com\/tienda\/wp-json\/wp\/v2\/product_cat?post=1172"},{"taxonomy":"product_tag","embeddable":true,"href":"https:\/\/libreriaelerrante.com\/tienda\/wp-json\/wp\/v2\/product_tag?post=1172"}],"curies":[{"name":"wp","href":"https:\/\/api.w.org\/{rel}","templated":true}]}}