{"id":1164,"date":"2025-08-22T14:00:08","date_gmt":"2025-08-22T12:00:08","guid":{"rendered":"https:\/\/libreriaelerrante.com\/tienda\/?post_type=product&#038;p=1164"},"modified":"2026-04-28T18:09:58","modified_gmt":"2026-04-28T16:09:58","slug":"los-tres-mundos-serie-julio-cesar-3","status":"publish","type":"product","link":"https:\/\/libreriaelerrante.com\/tienda\/los-tres-mundos-serie-julio-cesar-3\/","title":{"rendered":"Los Tres Mundos (Serie Julio C\u00e9sar 3)"},"content":{"rendered":"<h3>Una narrativa \u00e9pica que redefine la historia<\/h3>\n<p>Descubre la tercera novela de la aclamada serie <em>Los Tres Mundos<\/em> escrita por Santiago Posteguillo, un homenaje literario de gran profundidad y precisi\u00f3n sobre la vida de Julio C\u00e9sar. Con un estilo magistral, el autor nos introduce en un universo de intrigas pol\u00edticas, hero\u00edsmo, y conflictos humanos que marcaron uno de los per\u00edodos m\u00e1s fascinantes de la historia antigua.<\/p>\n<h3>La evoluci\u00f3n de Julio C\u00e9sar en su m\u00e1xima expresi\u00f3n<\/h3>\n<p>Esta obra culmina la trilog\u00eda dedicada a Julio C\u00e9sar, explorando el impacto de sus decisiones en Roma y m\u00e1s all\u00e1 de sus fronteras. Posteguillo profundiza en la transici\u00f3n del general romano hacia la figura legendaria que conocemos hoy, mientras hilvana una trama que te mantiene atrapado desde la primera p\u00e1gina. Detalles hist\u00f3ricos rigurosos y personajes vibrantes convierten esta novela en un imprescindible para amantes de la historia y la buena literatura.<\/p>\n<h3>Un regalo para los aficionados a la literatura hist\u00f3rica<\/h3>\n<p>Cualquier lector interesado en la riqueza de la narrativa hist\u00f3rica encontrar\u00e1 en esta novela una experiencia inigualable. M\u00e1s que solo ficci\u00f3n, esta obra es un puente hacia el entendimiento de una \u00e9poca compleja y decisiva. La habilidad de Santiago Posteguillo para combinar precisi\u00f3n hist\u00f3rica con una prosa envolvente establece un nuevo est\u00e1ndar en este g\u00e9nero. Si a\u00fan no has explorado esta serie, esta tercera entrega te ofrecer\u00e1 una oportunidad ideal para embarcarte en un viaje inolvidable.<\/p>\n","protected":false},"excerpt":{"rendered":"<h2>Sinopsis<\/h2>\n<p><i>En el 58 a. C., Roma, la Galia y Egipto eran tres mundos distintos que, sin saberlo, iban camino de un \u00fanico destino\u2026<\/i><\/p>\n<p>Si en<i>\u00a0Roma soy yo<\/i>\u00a0conoc\u00edamos los or\u00edgenes de Julio C\u00e9sar y en<i>Maldita Roma<\/i>\u00a0asist\u00edamos a su ascenso pol\u00edtico, ahora C\u00e9sar se enfrenta a uno de los mayores desaf\u00edos hist\u00f3ricos de todos los tiempos: la conquista de las Galias, un territorio siempre hostil a Roma, vasto, inmenso y, a ojos de los enemigos de C\u00e9sar, un lugar inconquistable destinado a ser su tumba.<\/p>\n<p>Con una rigurosa documentaci\u00f3n y un ritmo soberbio vivimos el sufrimiento y la \u00e9pica de la guerra de las Galias, pero tambi\u00e9n presenciamos la lucha pol\u00edtica fratricida en Roma y viajamos al exilio con el fara\u00f3n Tolomeo XII, expulsado de Egipto en compa\u00f1\u00eda de su hija, la joven y m\u00edtica Cleopatra.<\/p>\n<p>La Galia, Roma y Egipto, una colisi\u00f3n inexorable de tres mundos legendarios en la que culmina la Trilog\u00eda del Ascenso, el primer ciclo de la serie sobre Julio C\u00e9sar.<\/p>\n<blockquote><p><b>La cr\u00edtica ha dicho&#8230;<\/b><br \/>\n\u00abEl gran escritor hist\u00f3rico novela al m\u00e1s genial de los hombres\u00bb.<br \/>\n<i>El Mundo<\/i><\/p>\n<p>\u00abSantiago Posteguillo aporta ritmo y rigor al mito\u00bb.<br \/>\n<i>El Pa\u00eds<\/i><\/p>\n<p>\u00abEl mayor best seller de la novela hist\u00f3rica en espa\u00f1ol\u00bb.<br \/>\n<i>El Confidencial<\/i><\/p>\n<p>\u00abEl emperador de las letras\u00bb.<br \/>\n<i>La Vanguardia<\/i><\/p><\/blockquote>\n<h4><a href=\"https:\/\/libreriaelerrante.com\/blog\/los-tres-mundos\/\">Ver en Nuestro Blog<\/a><\/h4>\n","protected":false},"featured_media":1165,"comment_status":"open","ping_status":"closed","template":"","meta":{"iawp_total_views":7},"product_brand":[],"product_cat":[24,19],"product_tag":[],"class_list":{"0":"post-1164","1":"product","2":"type-product","3":"status-publish","4":"has-post-thumbnail","6":"product_cat-ficcion","7":"product_cat-novelas","8":"pa_autor-santiago-posteguillo","10":"first","11":"outofstock","12":"sale","13":"shipping-taxable","14":"purchasable","15":"product-type-simple"},"yoast_head":"<!-- This site is optimized with the Yoast SEO plugin v27.4 - https:\/\/yoast.com\/product\/yoast-seo-wordpress\/ -->\n<title>Los Tres Mundos (Serie Julio C\u00e9sar 3) | Librer\u00eda El Errante<\/title>\n<meta name=\"description\" content=\"En Los tres mundos. Serie Julio C\u00e9sar 3, Santiago Posteguillo narra intrigas, batallas y ambiciones que marcaron el destino del gran l\u00edder romano.\" \/>\n<meta name=\"robots\" content=\"index, follow, max-snippet:-1, max-image-preview:large, max-video-preview:-1\" \/>\n<link rel=\"canonical\" href=\"https:\/\/libreriaelerrante.com\/tienda\/los-tres-mundos-serie-julio-cesar-3\/\" \/>\n<meta property=\"og:locale\" content=\"es_ES\" \/>\n<meta property=\"og:type\" content=\"article\" \/>\n<meta property=\"og:title\" content=\"Los Tres Mundos (Serie Julio C\u00e9sar 3) | Librer\u00eda El Errante\" \/>\n<meta property=\"og:description\" content=\"En Los tres mundos. Serie Julio C\u00e9sar 3, Santiago Posteguillo narra intrigas, batallas y ambiciones que marcaron el destino del gran l\u00edder romano.\" \/>\n<meta property=\"og:url\" content=\"https:\/\/libreriaelerrante.com\/tienda\/los-tres-mundos-serie-julio-cesar-3\/\" \/>\n<meta property=\"og:site_name\" content=\"Librer\u00eda El Errante\" \/>\n<meta property=\"article:modified_time\" content=\"2026-04-28T16:09:58+00:00\" \/>\n<meta property=\"og:image\" content=\"https:\/\/libreriaelerrante.com\/tienda\/wp-content\/uploads\/2025\/08\/los-tres-mundos-serie-julio-cesar-3.jpg\" \/>\n\t<meta property=\"og:image:width\" content=\"680\" \/>\n\t<meta property=\"og:image:height\" content=\"1050\" \/>\n\t<meta property=\"og:image:type\" content=\"image\/jpeg\" \/>\n<meta name=\"twitter:card\" content=\"summary_large_image\" \/>\n<meta name=\"twitter:label1\" content=\"Tiempo de lectura\" \/>\n\t<meta name=\"twitter:data1\" content=\"2 minutos\" \/>\n<script type=\"application\/ld+json\" class=\"yoast-schema-graph\">{\"@context\":\"https:\\\/\\\/schema.org\",\"@graph\":[{\"@type\":\"WebPage\",\"@id\":\"https:\\\/\\\/libreriaelerrante.com\\\/tienda\\\/los-tres-mundos-serie-julio-cesar-3\\\/\",\"url\":\"https:\\\/\\\/libreriaelerrante.com\\\/tienda\\\/los-tres-mundos-serie-julio-cesar-3\\\/\",\"name\":\"Los Tres Mundos (Serie Julio C\u00e9sar 3) | Librer\u00eda El Errante\",\"isPartOf\":{\"@id\":\"https:\\\/\\\/libreriaelerrante.com\\\/tienda\\\/#website\"},\"primaryImageOfPage\":{\"@id\":\"https:\\\/\\\/libreriaelerrante.com\\\/tienda\\\/los-tres-mundos-serie-julio-cesar-3\\\/#primaryimage\"},\"image\":{\"@id\":\"https:\\\/\\\/libreriaelerrante.com\\\/tienda\\\/los-tres-mundos-serie-julio-cesar-3\\\/#primaryimage\"},\"thumbnailUrl\":\"https:\\\/\\\/libreriaelerrante.com\\\/tienda\\\/wp-content\\\/uploads\\\/2025\\\/08\\\/los-tres-mundos-serie-julio-cesar-3.jpg\",\"datePublished\":\"2025-08-22T12:00:08+00:00\",\"dateModified\":\"2026-04-28T16:09:58+00:00\",\"description\":\"En Los tres mundos. Serie Julio C\u00e9sar 3, Santiago Posteguillo narra intrigas, batallas y ambiciones que marcaron el destino del gran l\u00edder romano.\",\"breadcrumb\":{\"@id\":\"https:\\\/\\\/libreriaelerrante.com\\\/tienda\\\/los-tres-mundos-serie-julio-cesar-3\\\/#breadcrumb\"},\"inLanguage\":\"es\",\"potentialAction\":[{\"@type\":\"ReadAction\",\"target\":[\"https:\\\/\\\/libreriaelerrante.com\\\/tienda\\\/los-tres-mundos-serie-julio-cesar-3\\\/\"]}]},{\"@type\":\"ImageObject\",\"inLanguage\":\"es\",\"@id\":\"https:\\\/\\\/libreriaelerrante.com\\\/tienda\\\/los-tres-mundos-serie-julio-cesar-3\\\/#primaryimage\",\"url\":\"https:\\\/\\\/libreriaelerrante.com\\\/tienda\\\/wp-content\\\/uploads\\\/2025\\\/08\\\/los-tres-mundos-serie-julio-cesar-3.jpg\",\"contentUrl\":\"https:\\\/\\\/libreriaelerrante.com\\\/tienda\\\/wp-content\\\/uploads\\\/2025\\\/08\\\/los-tres-mundos-serie-julio-cesar-3.jpg\",\"width\":680,\"height\":1050,\"caption\":\"Portada Los tres mundos Serie Julio Cesar 3\"},{\"@type\":\"BreadcrumbList\",\"@id\":\"https:\\\/\\\/libreriaelerrante.com\\\/tienda\\\/los-tres-mundos-serie-julio-cesar-3\\\/#breadcrumb\",\"itemListElement\":[{\"@type\":\"ListItem\",\"position\":1,\"name\":\"Inicio\",\"item\":\"https:\\\/\\\/libreriaelerrante.com\\\/tienda\\\/\"},{\"@type\":\"ListItem\",\"position\":2,\"name\":\"Productos\",\"item\":\"https:\\\/\\\/libreriaelerrante.com\\\/tienda\\\/shop\\\/\"},{\"@type\":\"ListItem\",\"position\":3,\"name\":\"Librer\u00eda\",\"item\":\"https:\\\/\\\/libreriaelerrante.com\\\/tienda\\\/libreria\\\/\"},{\"@type\":\"ListItem\",\"position\":4,\"name\":\"Novelas\",\"item\":\"https:\\\/\\\/libreriaelerrante.com\\\/tienda\\\/libreria\\\/novelas\\\/\"},{\"@type\":\"ListItem\",\"position\":5,\"name\":\"Ficci\u00f3n\",\"item\":\"https:\\\/\\\/libreriaelerrante.com\\\/tienda\\\/libreria\\\/novelas\\\/ficcion\\\/\"},{\"@type\":\"ListItem\",\"position\":6,\"name\":\"Los Tres Mundos (Serie Julio C\u00e9sar 3)\"}]},{\"@type\":\"WebSite\",\"@id\":\"https:\\\/\\\/libreriaelerrante.com\\\/tienda\\\/#website\",\"url\":\"https:\\\/\\\/libreriaelerrante.com\\\/tienda\\\/\",\"name\":\"Librer\u00eda El Errante\",\"description\":\"\",\"publisher\":{\"@id\":\"https:\\\/\\\/libreriaelerrante.com\\\/tienda\\\/#organization\"},\"potentialAction\":[{\"@type\":\"SearchAction\",\"target\":{\"@type\":\"EntryPoint\",\"urlTemplate\":\"https:\\\/\\\/libreriaelerrante.com\\\/tienda\\\/?s={search_term_string}\"},\"query-input\":{\"@type\":\"PropertyValueSpecification\",\"valueRequired\":true,\"valueName\":\"search_term_string\"}}],\"inLanguage\":\"es\"},{\"@type\":\"Organization\",\"@id\":\"https:\\\/\\\/libreriaelerrante.com\\\/tienda\\\/#organization\",\"name\":\"Librer\u00eda El Errante\",\"url\":\"https:\\\/\\\/libreriaelerrante.com\\\/tienda\\\/\",\"logo\":{\"@type\":\"ImageObject\",\"inLanguage\":\"es\",\"@id\":\"https:\\\/\\\/libreriaelerrante.com\\\/tienda\\\/#\\\/schema\\\/logo\\\/image\\\/\",\"url\":\"https:\\\/\\\/libreriaelerrante.com\\\/tienda\\\/wp-content\\\/uploads\\\/2025\\\/05\\\/1-1.png\",\"contentUrl\":\"https:\\\/\\\/libreriaelerrante.com\\\/tienda\\\/wp-content\\\/uploads\\\/2025\\\/05\\\/1-1.png\",\"width\":512,\"height\":512,\"caption\":\"Librer\u00eda El Errante\"},\"image\":{\"@id\":\"https:\\\/\\\/libreriaelerrante.com\\\/tienda\\\/#\\\/schema\\\/logo\\\/image\\\/\"}}]}<\/script>\n<!-- \/ Yoast SEO plugin. -->","yoast_head_json":{"title":"Los Tres Mundos (Serie Julio C\u00e9sar 3) | Librer\u00eda El Errante","description":"En Los tres mundos. Serie Julio C\u00e9sar 3, Santiago Posteguillo narra intrigas, batallas y ambiciones que marcaron el destino del gran l\u00edder romano.","robots":{"index":"index","follow":"follow","max-snippet":"max-snippet:-1","max-image-preview":"max-image-preview:large","max-video-preview":"max-video-preview:-1"},"canonical":"https:\/\/libreriaelerrante.com\/tienda\/los-tres-mundos-serie-julio-cesar-3\/","og_locale":"es_ES","og_type":"article","og_title":"Los Tres Mundos (Serie Julio C\u00e9sar 3) | Librer\u00eda El Errante","og_description":"En Los tres mundos. Serie Julio C\u00e9sar 3, Santiago Posteguillo narra intrigas, batallas y ambiciones que marcaron el destino del gran l\u00edder romano.","og_url":"https:\/\/libreriaelerrante.com\/tienda\/los-tres-mundos-serie-julio-cesar-3\/","og_site_name":"Librer\u00eda El Errante","article_modified_time":"2026-04-28T16:09:58+00:00","og_image":[{"width":680,"height":1050,"url":"https:\/\/libreriaelerrante.com\/tienda\/wp-content\/uploads\/2025\/08\/los-tres-mundos-serie-julio-cesar-3.jpg","type":"image\/jpeg"}],"twitter_card":"summary_large_image","twitter_misc":{"Tiempo de lectura":"2 minutos"},"schema":{"@context":"https:\/\/schema.org","@graph":[{"@type":"WebPage","@id":"https:\/\/libreriaelerrante.com\/tienda\/los-tres-mundos-serie-julio-cesar-3\/","url":"https:\/\/libreriaelerrante.com\/tienda\/los-tres-mundos-serie-julio-cesar-3\/","name":"Los Tres Mundos (Serie Julio C\u00e9sar 3) | Librer\u00eda El Errante","isPartOf":{"@id":"https:\/\/libreriaelerrante.com\/tienda\/#website"},"primaryImageOfPage":{"@id":"https:\/\/libreriaelerrante.com\/tienda\/los-tres-mundos-serie-julio-cesar-3\/#primaryimage"},"image":{"@id":"https:\/\/libreriaelerrante.com\/tienda\/los-tres-mundos-serie-julio-cesar-3\/#primaryimage"},"thumbnailUrl":"https:\/\/libreriaelerrante.com\/tienda\/wp-content\/uploads\/2025\/08\/los-tres-mundos-serie-julio-cesar-3.jpg","datePublished":"2025-08-22T12:00:08+00:00","dateModified":"2026-04-28T16:09:58+00:00","description":"En Los tres mundos. Serie Julio C\u00e9sar 3, Santiago Posteguillo narra intrigas, batallas y ambiciones que marcaron el destino del gran l\u00edder romano.","breadcrumb":{"@id":"https:\/\/libreriaelerrante.com\/tienda\/los-tres-mundos-serie-julio-cesar-3\/#breadcrumb"},"inLanguage":"es","potentialAction":[{"@type":"ReadAction","target":["https:\/\/libreriaelerrante.com\/tienda\/los-tres-mundos-serie-julio-cesar-3\/"]}]},{"@type":"ImageObject","inLanguage":"es","@id":"https:\/\/libreriaelerrante.com\/tienda\/los-tres-mundos-serie-julio-cesar-3\/#primaryimage","url":"https:\/\/libreriaelerrante.com\/tienda\/wp-content\/uploads\/2025\/08\/los-tres-mundos-serie-julio-cesar-3.jpg","contentUrl":"https:\/\/libreriaelerrante.com\/tienda\/wp-content\/uploads\/2025\/08\/los-tres-mundos-serie-julio-cesar-3.jpg","width":680,"height":1050,"caption":"Portada Los tres mundos Serie Julio Cesar 3"},{"@type":"BreadcrumbList","@id":"https:\/\/libreriaelerrante.com\/tienda\/los-tres-mundos-serie-julio-cesar-3\/#breadcrumb","itemListElement":[{"@type":"ListItem","position":1,"name":"Inicio","item":"https:\/\/libreriaelerrante.com\/tienda\/"},{"@type":"ListItem","position":2,"name":"Productos","item":"https:\/\/libreriaelerrante.com\/tienda\/shop\/"},{"@type":"ListItem","position":3,"name":"Librer\u00eda","item":"https:\/\/libreriaelerrante.com\/tienda\/libreria\/"},{"@type":"ListItem","position":4,"name":"Novelas","item":"https:\/\/libreriaelerrante.com\/tienda\/libreria\/novelas\/"},{"@type":"ListItem","position":5,"name":"Ficci\u00f3n","item":"https:\/\/libreriaelerrante.com\/tienda\/libreria\/novelas\/ficcion\/"},{"@type":"ListItem","position":6,"name":"Los Tres Mundos (Serie Julio C\u00e9sar 3)"}]},{"@type":"WebSite","@id":"https:\/\/libreriaelerrante.com\/tienda\/#website","url":"https:\/\/libreriaelerrante.com\/tienda\/","name":"Librer\u00eda El Errante","description":"","publisher":{"@id":"https:\/\/libreriaelerrante.com\/tienda\/#organization"},"potentialAction":[{"@type":"SearchAction","target":{"@type":"EntryPoint","urlTemplate":"https:\/\/libreriaelerrante.com\/tienda\/?s={search_term_string}"},"query-input":{"@type":"PropertyValueSpecification","valueRequired":true,"valueName":"search_term_string"}}],"inLanguage":"es"},{"@type":"Organization","@id":"https:\/\/libreriaelerrante.com\/tienda\/#organization","name":"Librer\u00eda El Errante","url":"https:\/\/libreriaelerrante.com\/tienda\/","logo":{"@type":"ImageObject","inLanguage":"es","@id":"https:\/\/libreriaelerrante.com\/tienda\/#\/schema\/logo\/image\/","url":"https:\/\/libreriaelerrante.com\/tienda\/wp-content\/uploads\/2025\/05\/1-1.png","contentUrl":"https:\/\/libreriaelerrante.com\/tienda\/wp-content\/uploads\/2025\/05\/1-1.png","width":512,"height":512,"caption":"Librer\u00eda El Errante"},"image":{"@id":"https:\/\/libreriaelerrante.com\/tienda\/#\/schema\/logo\/image\/"}}]}},"_links":{"self":[{"href":"https:\/\/libreriaelerrante.com\/tienda\/wp-json\/wp\/v2\/product\/1164","targetHints":{"allow":["GET"]}}],"collection":[{"href":"https:\/\/libreriaelerrante.com\/tienda\/wp-json\/wp\/v2\/product"}],"about":[{"href":"https:\/\/libreriaelerrante.com\/tienda\/wp-json\/wp\/v2\/types\/product"}],"replies":[{"embeddable":true,"href":"https:\/\/libreriaelerrante.com\/tienda\/wp-json\/wp\/v2\/comments?post=1164"}],"wp:featuredmedia":[{"embeddable":true,"href":"https:\/\/libreriaelerrante.com\/tienda\/wp-json\/wp\/v2\/media\/1165"}],"wp:attachment":[{"href":"https:\/\/libreriaelerrante.com\/tienda\/wp-json\/wp\/v2\/media?parent=1164"}],"wp:term":[{"taxonomy":"product_brand","embeddable":true,"href":"https:\/\/libreriaelerrante.com\/tienda\/wp-json\/wp\/v2\/product_brand?post=1164"},{"taxonomy":"product_cat","embeddable":true,"href":"https:\/\/libreriaelerrante.com\/tienda\/wp-json\/wp\/v2\/product_cat?post=1164"},{"taxonomy":"product_tag","embeddable":true,"href":"https:\/\/libreriaelerrante.com\/tienda\/wp-json\/wp\/v2\/product_tag?post=1164"}],"curies":[{"name":"wp","href":"https:\/\/api.w.org\/{rel}","templated":true}]}}