{"id":1155,"date":"2025-08-18T20:26:05","date_gmt":"2025-08-18T18:26:05","guid":{"rendered":"https:\/\/libreriaelerrante.com\/tienda\/?post_type=product&#038;p=1155"},"modified":"2026-04-28T18:09:29","modified_gmt":"2026-04-28T16:09:29","slug":"poesia-para-lobos-que-ladran-gente-que-aulla-y-perros-que-hablan","status":"publish","type":"product","link":"https:\/\/libreriaelerrante.com\/tienda\/poesia-para-lobos-que-ladran-gente-que-aulla-y-perros-que-hablan\/","title":{"rendered":"Poes\u00eda para lobos que ladran gente que a\u00falla y perros que hablan"},"content":{"rendered":"","protected":false},"excerpt":{"rendered":"<p>\u00bfSoy yo?<\/p>\n<p>\u00bfEsto es as\u00ed?<\/p>\n<p>El mundo esta desordenado, por eso hay un lobo que ladra. huye por el recorrido del so\u00f1ador y bohemio, ya que un dia vivi\u00f3 libre, y con nostalgia rememora lo que fue o quiso ser, clamando en esos versos su anhelo de libertad, perdido y confuso. Con miedos propios, reflejados hacia el humano, a la gente que ahora no habla, si no aulla.<\/p>\n<p>Reflejo de ello es lo que podemos ver a nuestro al rededor todos los dias, llorando por lo que tuvimos o tienen otros, y creyendonos a los todos, perezosos de pensar, desidiosos de so\u00f1ar\u2026<\/p>\n<p>Por eso la secci\u00f3n gente represennta a mi poesia de echar de menos, amor desamor, encantos y desencantos, por que sin querer queriendo la gente pasa por tu vida, caminando o aullando, sin comprender a ese lobo.<\/p>\n<p>Y luego esta el perro que es culmen del desorden, y ahi se refrenda esa poesia quiz\u00e1s de leer entrelineas, de cuando los perros hablan, de sus cosillas, alegrias, penas, divagaciones y pensamientos Todos somos o hemos sido lobos que ladran, gente que aulla o perros que hablan, bueno, eso ultimo algunos pocos y solo algunas veces.<\/p>\n","protected":false},"featured_media":1156,"comment_status":"open","ping_status":"closed","template":"","meta":{"iawp_total_views":32},"product_brand":[],"product_cat":[28,248,327,95,19],"product_tag":[],"class_list":{"0":"post-1155","1":"product","2":"type-product","3":"status-publish","4":"has-post-thumbnail","6":"product_cat-no-ficcion","7":"product_cat-novedades-agosto-2025","8":"product_cat-novedades-en-libros","9":"product_cat-novedades-libros-2025","10":"product_cat-novelas","11":"pa_autor-nacho-morante","13":"first","14":"outofstock","15":"sale","16":"shipping-taxable","17":"purchasable","18":"product-type-simple"},"yoast_head":"<!-- This site is optimized with the Yoast SEO plugin v27.4 - https:\/\/yoast.com\/product\/yoast-seo-wordpress\/ -->\n<title>Poes\u00eda para lobos que ladran gente que a\u00falla y perros que hablan | Librer\u00eda El Errante<\/title>\n<meta name=\"description\" content=\"En Poes\u00eda para lobos que ladran, gente que a\u00falla y perros que hablan, Nacho Morante ofrece versos crudos y potentes sobre la vida y la condici\u00f3n humana.\" \/>\n<meta name=\"robots\" content=\"index, follow, max-snippet:-1, max-image-preview:large, max-video-preview:-1\" \/>\n<link rel=\"canonical\" href=\"https:\/\/libreriaelerrante.com\/tienda\/poesia-para-lobos-que-ladran-gente-que-aulla-y-perros-que-hablan\/\" \/>\n<meta property=\"og:locale\" content=\"es_ES\" \/>\n<meta property=\"og:type\" content=\"article\" \/>\n<meta property=\"og:title\" content=\"Poes\u00eda para lobos que ladran gente que a\u00falla y perros que hablan | Librer\u00eda El Errante\" \/>\n<meta property=\"og:description\" content=\"En Poes\u00eda para lobos que ladran, gente que a\u00falla y perros que hablan, Nacho Morante ofrece versos crudos y potentes sobre la vida y la condici\u00f3n humana.\" \/>\n<meta property=\"og:url\" content=\"https:\/\/libreriaelerrante.com\/tienda\/poesia-para-lobos-que-ladran-gente-que-aulla-y-perros-que-hablan\/\" \/>\n<meta property=\"og:site_name\" content=\"Librer\u00eda El Errante\" \/>\n<meta property=\"article:modified_time\" content=\"2026-04-28T16:09:29+00:00\" \/>\n<meta property=\"og:image\" content=\"https:\/\/libreriaelerrante.com\/tienda\/wp-content\/uploads\/2025\/08\/poesia-para.jpeg\" \/>\n\t<meta property=\"og:image:width\" content=\"680\" \/>\n\t<meta property=\"og:image:height\" content=\"1050\" \/>\n\t<meta property=\"og:image:type\" content=\"image\/jpeg\" \/>\n<meta name=\"twitter:card\" content=\"summary_large_image\" \/>\n<meta name=\"twitter:label1\" content=\"Tiempo de lectura\" \/>\n\t<meta name=\"twitter:data1\" content=\"1 minuto\" \/>\n<script type=\"application\/ld+json\" class=\"yoast-schema-graph\">{\"@context\":\"https:\\\/\\\/schema.org\",\"@graph\":[{\"@type\":\"WebPage\",\"@id\":\"https:\\\/\\\/libreriaelerrante.com\\\/tienda\\\/poesia-para-lobos-que-ladran-gente-que-aulla-y-perros-que-hablan\\\/\",\"url\":\"https:\\\/\\\/libreriaelerrante.com\\\/tienda\\\/poesia-para-lobos-que-ladran-gente-que-aulla-y-perros-que-hablan\\\/\",\"name\":\"Poes\u00eda para lobos que ladran gente que a\u00falla y perros que hablan | Librer\u00eda El Errante\",\"isPartOf\":{\"@id\":\"https:\\\/\\\/libreriaelerrante.com\\\/tienda\\\/#website\"},\"primaryImageOfPage\":{\"@id\":\"https:\\\/\\\/libreriaelerrante.com\\\/tienda\\\/poesia-para-lobos-que-ladran-gente-que-aulla-y-perros-que-hablan\\\/#primaryimage\"},\"image\":{\"@id\":\"https:\\\/\\\/libreriaelerrante.com\\\/tienda\\\/poesia-para-lobos-que-ladran-gente-que-aulla-y-perros-que-hablan\\\/#primaryimage\"},\"thumbnailUrl\":\"https:\\\/\\\/libreriaelerrante.com\\\/tienda\\\/wp-content\\\/uploads\\\/2025\\\/08\\\/poesia-para.jpeg\",\"datePublished\":\"2025-08-18T18:26:05+00:00\",\"dateModified\":\"2026-04-28T16:09:29+00:00\",\"description\":\"En Poes\u00eda para lobos que ladran, gente que a\u00falla y perros que hablan, Nacho Morante ofrece versos crudos y potentes sobre la vida y la condici\u00f3n humana.\",\"breadcrumb\":{\"@id\":\"https:\\\/\\\/libreriaelerrante.com\\\/tienda\\\/poesia-para-lobos-que-ladran-gente-que-aulla-y-perros-que-hablan\\\/#breadcrumb\"},\"inLanguage\":\"es\",\"potentialAction\":[{\"@type\":\"ReadAction\",\"target\":[\"https:\\\/\\\/libreriaelerrante.com\\\/tienda\\\/poesia-para-lobos-que-ladran-gente-que-aulla-y-perros-que-hablan\\\/\"]}]},{\"@type\":\"ImageObject\",\"inLanguage\":\"es\",\"@id\":\"https:\\\/\\\/libreriaelerrante.com\\\/tienda\\\/poesia-para-lobos-que-ladran-gente-que-aulla-y-perros-que-hablan\\\/#primaryimage\",\"url\":\"https:\\\/\\\/libreriaelerrante.com\\\/tienda\\\/wp-content\\\/uploads\\\/2025\\\/08\\\/poesia-para.jpeg\",\"contentUrl\":\"https:\\\/\\\/libreriaelerrante.com\\\/tienda\\\/wp-content\\\/uploads\\\/2025\\\/08\\\/poesia-para.jpeg\",\"width\":680,\"height\":1050,\"caption\":\"Portada Poesia para lobos que ladras, ...\"},{\"@type\":\"BreadcrumbList\",\"@id\":\"https:\\\/\\\/libreriaelerrante.com\\\/tienda\\\/poesia-para-lobos-que-ladran-gente-que-aulla-y-perros-que-hablan\\\/#breadcrumb\",\"itemListElement\":[{\"@type\":\"ListItem\",\"position\":1,\"name\":\"Inicio\",\"item\":\"https:\\\/\\\/libreriaelerrante.com\\\/tienda\\\/\"},{\"@type\":\"ListItem\",\"position\":2,\"name\":\"Productos\",\"item\":\"https:\\\/\\\/libreriaelerrante.com\\\/tienda\\\/shop\\\/\"},{\"@type\":\"ListItem\",\"position\":3,\"name\":\"Novedades Libros 2025\",\"item\":\"https:\\\/\\\/libreriaelerrante.com\\\/tienda\\\/novedades-libros-2025\\\/\"},{\"@type\":\"ListItem\",\"position\":4,\"name\":\"Novedades Agosto 2025\",\"item\":\"https:\\\/\\\/libreriaelerrante.com\\\/tienda\\\/novedades-libros-2025\\\/novedades-agosto-2025\\\/\"},{\"@type\":\"ListItem\",\"position\":5,\"name\":\"Novedades en Libros\",\"item\":\"https:\\\/\\\/libreriaelerrante.com\\\/tienda\\\/novedades-libros-2025\\\/novedades-agosto-2025\\\/novedades-en-libros\\\/\"},{\"@type\":\"ListItem\",\"position\":6,\"name\":\"Poes\u00eda para lobos que ladran gente que a\u00falla y perros que hablan\"}]},{\"@type\":\"WebSite\",\"@id\":\"https:\\\/\\\/libreriaelerrante.com\\\/tienda\\\/#website\",\"url\":\"https:\\\/\\\/libreriaelerrante.com\\\/tienda\\\/\",\"name\":\"Librer\u00eda El Errante\",\"description\":\"\",\"publisher\":{\"@id\":\"https:\\\/\\\/libreriaelerrante.com\\\/tienda\\\/#organization\"},\"potentialAction\":[{\"@type\":\"SearchAction\",\"target\":{\"@type\":\"EntryPoint\",\"urlTemplate\":\"https:\\\/\\\/libreriaelerrante.com\\\/tienda\\\/?s={search_term_string}\"},\"query-input\":{\"@type\":\"PropertyValueSpecification\",\"valueRequired\":true,\"valueName\":\"search_term_string\"}}],\"inLanguage\":\"es\"},{\"@type\":\"Organization\",\"@id\":\"https:\\\/\\\/libreriaelerrante.com\\\/tienda\\\/#organization\",\"name\":\"Librer\u00eda El Errante\",\"url\":\"https:\\\/\\\/libreriaelerrante.com\\\/tienda\\\/\",\"logo\":{\"@type\":\"ImageObject\",\"inLanguage\":\"es\",\"@id\":\"https:\\\/\\\/libreriaelerrante.com\\\/tienda\\\/#\\\/schema\\\/logo\\\/image\\\/\",\"url\":\"https:\\\/\\\/libreriaelerrante.com\\\/tienda\\\/wp-content\\\/uploads\\\/2025\\\/05\\\/1-1.png\",\"contentUrl\":\"https:\\\/\\\/libreriaelerrante.com\\\/tienda\\\/wp-content\\\/uploads\\\/2025\\\/05\\\/1-1.png\",\"width\":512,\"height\":512,\"caption\":\"Librer\u00eda El Errante\"},\"image\":{\"@id\":\"https:\\\/\\\/libreriaelerrante.com\\\/tienda\\\/#\\\/schema\\\/logo\\\/image\\\/\"}}]}<\/script>\n<!-- \/ Yoast SEO plugin. -->","yoast_head_json":{"title":"Poes\u00eda para lobos que ladran gente que a\u00falla y perros que hablan | Librer\u00eda El Errante","description":"En Poes\u00eda para lobos que ladran, gente que a\u00falla y perros que hablan, Nacho Morante ofrece versos crudos y potentes sobre la vida y la condici\u00f3n humana.","robots":{"index":"index","follow":"follow","max-snippet":"max-snippet:-1","max-image-preview":"max-image-preview:large","max-video-preview":"max-video-preview:-1"},"canonical":"https:\/\/libreriaelerrante.com\/tienda\/poesia-para-lobos-que-ladran-gente-que-aulla-y-perros-que-hablan\/","og_locale":"es_ES","og_type":"article","og_title":"Poes\u00eda para lobos que ladran gente que a\u00falla y perros que hablan | Librer\u00eda El Errante","og_description":"En Poes\u00eda para lobos que ladran, gente que a\u00falla y perros que hablan, Nacho Morante ofrece versos crudos y potentes sobre la vida y la condici\u00f3n humana.","og_url":"https:\/\/libreriaelerrante.com\/tienda\/poesia-para-lobos-que-ladran-gente-que-aulla-y-perros-que-hablan\/","og_site_name":"Librer\u00eda El Errante","article_modified_time":"2026-04-28T16:09:29+00:00","og_image":[{"width":680,"height":1050,"url":"https:\/\/libreriaelerrante.com\/tienda\/wp-content\/uploads\/2025\/08\/poesia-para.jpeg","type":"image\/jpeg"}],"twitter_card":"summary_large_image","twitter_misc":{"Tiempo de lectura":"1 minuto"},"schema":{"@context":"https:\/\/schema.org","@graph":[{"@type":"WebPage","@id":"https:\/\/libreriaelerrante.com\/tienda\/poesia-para-lobos-que-ladran-gente-que-aulla-y-perros-que-hablan\/","url":"https:\/\/libreriaelerrante.com\/tienda\/poesia-para-lobos-que-ladran-gente-que-aulla-y-perros-que-hablan\/","name":"Poes\u00eda para lobos que ladran gente que a\u00falla y perros que hablan | Librer\u00eda El Errante","isPartOf":{"@id":"https:\/\/libreriaelerrante.com\/tienda\/#website"},"primaryImageOfPage":{"@id":"https:\/\/libreriaelerrante.com\/tienda\/poesia-para-lobos-que-ladran-gente-que-aulla-y-perros-que-hablan\/#primaryimage"},"image":{"@id":"https:\/\/libreriaelerrante.com\/tienda\/poesia-para-lobos-que-ladran-gente-que-aulla-y-perros-que-hablan\/#primaryimage"},"thumbnailUrl":"https:\/\/libreriaelerrante.com\/tienda\/wp-content\/uploads\/2025\/08\/poesia-para.jpeg","datePublished":"2025-08-18T18:26:05+00:00","dateModified":"2026-04-28T16:09:29+00:00","description":"En Poes\u00eda para lobos que ladran, gente que a\u00falla y perros que hablan, Nacho Morante ofrece versos crudos y potentes sobre la vida y la condici\u00f3n humana.","breadcrumb":{"@id":"https:\/\/libreriaelerrante.com\/tienda\/poesia-para-lobos-que-ladran-gente-que-aulla-y-perros-que-hablan\/#breadcrumb"},"inLanguage":"es","potentialAction":[{"@type":"ReadAction","target":["https:\/\/libreriaelerrante.com\/tienda\/poesia-para-lobos-que-ladran-gente-que-aulla-y-perros-que-hablan\/"]}]},{"@type":"ImageObject","inLanguage":"es","@id":"https:\/\/libreriaelerrante.com\/tienda\/poesia-para-lobos-que-ladran-gente-que-aulla-y-perros-que-hablan\/#primaryimage","url":"https:\/\/libreriaelerrante.com\/tienda\/wp-content\/uploads\/2025\/08\/poesia-para.jpeg","contentUrl":"https:\/\/libreriaelerrante.com\/tienda\/wp-content\/uploads\/2025\/08\/poesia-para.jpeg","width":680,"height":1050,"caption":"Portada Poesia para lobos que ladras, ..."},{"@type":"BreadcrumbList","@id":"https:\/\/libreriaelerrante.com\/tienda\/poesia-para-lobos-que-ladran-gente-que-aulla-y-perros-que-hablan\/#breadcrumb","itemListElement":[{"@type":"ListItem","position":1,"name":"Inicio","item":"https:\/\/libreriaelerrante.com\/tienda\/"},{"@type":"ListItem","position":2,"name":"Productos","item":"https:\/\/libreriaelerrante.com\/tienda\/shop\/"},{"@type":"ListItem","position":3,"name":"Novedades Libros 2025","item":"https:\/\/libreriaelerrante.com\/tienda\/novedades-libros-2025\/"},{"@type":"ListItem","position":4,"name":"Novedades Agosto 2025","item":"https:\/\/libreriaelerrante.com\/tienda\/novedades-libros-2025\/novedades-agosto-2025\/"},{"@type":"ListItem","position":5,"name":"Novedades en Libros","item":"https:\/\/libreriaelerrante.com\/tienda\/novedades-libros-2025\/novedades-agosto-2025\/novedades-en-libros\/"},{"@type":"ListItem","position":6,"name":"Poes\u00eda para lobos que ladran gente que a\u00falla y perros que hablan"}]},{"@type":"WebSite","@id":"https:\/\/libreriaelerrante.com\/tienda\/#website","url":"https:\/\/libreriaelerrante.com\/tienda\/","name":"Librer\u00eda El Errante","description":"","publisher":{"@id":"https:\/\/libreriaelerrante.com\/tienda\/#organization"},"potentialAction":[{"@type":"SearchAction","target":{"@type":"EntryPoint","urlTemplate":"https:\/\/libreriaelerrante.com\/tienda\/?s={search_term_string}"},"query-input":{"@type":"PropertyValueSpecification","valueRequired":true,"valueName":"search_term_string"}}],"inLanguage":"es"},{"@type":"Organization","@id":"https:\/\/libreriaelerrante.com\/tienda\/#organization","name":"Librer\u00eda El Errante","url":"https:\/\/libreriaelerrante.com\/tienda\/","logo":{"@type":"ImageObject","inLanguage":"es","@id":"https:\/\/libreriaelerrante.com\/tienda\/#\/schema\/logo\/image\/","url":"https:\/\/libreriaelerrante.com\/tienda\/wp-content\/uploads\/2025\/05\/1-1.png","contentUrl":"https:\/\/libreriaelerrante.com\/tienda\/wp-content\/uploads\/2025\/05\/1-1.png","width":512,"height":512,"caption":"Librer\u00eda El Errante"},"image":{"@id":"https:\/\/libreriaelerrante.com\/tienda\/#\/schema\/logo\/image\/"}}]}},"_links":{"self":[{"href":"https:\/\/libreriaelerrante.com\/tienda\/wp-json\/wp\/v2\/product\/1155","targetHints":{"allow":["GET"]}}],"collection":[{"href":"https:\/\/libreriaelerrante.com\/tienda\/wp-json\/wp\/v2\/product"}],"about":[{"href":"https:\/\/libreriaelerrante.com\/tienda\/wp-json\/wp\/v2\/types\/product"}],"replies":[{"embeddable":true,"href":"https:\/\/libreriaelerrante.com\/tienda\/wp-json\/wp\/v2\/comments?post=1155"}],"wp:featuredmedia":[{"embeddable":true,"href":"https:\/\/libreriaelerrante.com\/tienda\/wp-json\/wp\/v2\/media\/1156"}],"wp:attachment":[{"href":"https:\/\/libreriaelerrante.com\/tienda\/wp-json\/wp\/v2\/media?parent=1155"}],"wp:term":[{"taxonomy":"product_brand","embeddable":true,"href":"https:\/\/libreriaelerrante.com\/tienda\/wp-json\/wp\/v2\/product_brand?post=1155"},{"taxonomy":"product_cat","embeddable":true,"href":"https:\/\/libreriaelerrante.com\/tienda\/wp-json\/wp\/v2\/product_cat?post=1155"},{"taxonomy":"product_tag","embeddable":true,"href":"https:\/\/libreriaelerrante.com\/tienda\/wp-json\/wp\/v2\/product_tag?post=1155"}],"curies":[{"name":"wp","href":"https:\/\/api.w.org\/{rel}","templated":true}]}}