{"id":1079,"date":"2025-08-14T17:16:29","date_gmt":"2025-08-14T15:16:29","guid":{"rendered":"https:\/\/libreriaelerrante.com\/tienda\/?post_type=product&#038;p=1079"},"modified":"2026-04-28T18:08:48","modified_gmt":"2026-04-28T16:08:48","slug":"la-decimotercera-planta-pack","status":"publish","type":"product","link":"https:\/\/libreriaelerrante.com\/tienda\/la-decimotercera-planta-pack\/","title":{"rendered":"La Decimotercera Planta Pack"},"content":{"rendered":"","protected":false},"excerpt":{"rendered":"<p><em>*El pack incluye:<\/em><\/p>\n<p><em>La Decimotercera Planta vol. 1 \u2013\u00a0ISBN: 978-84-18898-63-1<\/em><br \/>\n<em>La Decimotercera Planta vol. 2 \u2013\u00a0ISBN: 978-84-19380-13-5<\/em><br \/>\n<em>La Decimotercera Planta vol. 3 \u2013\u00a0ISBN: 978-84-19380-65-4<\/em><\/p>\n<p><em>\u00a1Un lugar donde se funden las pesadillas y la realidad!<\/em><\/p>\n<p>Descubre este serial cl\u00e1sico de las revistas brit\u00e1nicas\u00a0<em>Scream!<\/em>\u00a0y\u00a0<em>The Eagle<\/em>\u00a0durante los a\u00f1os ochenta, imaginado por\u00a0<strong>John Wagner<\/strong>,\u00a0<strong>Alan Grant<\/strong>\u00a0y el legendario dibujante espa\u00f1ol\u00a0<strong>Jos\u00e9 Ortiz<\/strong>. Casa encantada, dom\u00f3tica homicida, monstruos horribles, mucha superstici\u00f3n y las reuniones de vecinos m\u00e1s terror\u00edficas de la historia del c\u00f3mic.<\/p>\n<p><strong>\u00a1Con dibujo de Jos\u00e9 Ortiz!<\/strong><\/p>\n","protected":false},"featured_media":1080,"comment_status":"open","ping_status":"closed","template":"","meta":{"iawp_total_views":1},"product_brand":[],"product_cat":[21,248,328,95],"product_tag":[],"class_list":{"0":"post-1079","1":"product","2":"type-product","3":"status-publish","4":"has-post-thumbnail","6":"product_cat-comics","7":"product_cat-novedades-agosto-2025","8":"product_cat-novedades-en-comics","9":"product_cat-novedades-libros-2025","10":"pa_autor-john-wagner-alan-grant","12":"first","13":"outofstock","14":"sale","15":"shipping-taxable","16":"purchasable","17":"product-type-simple"},"yoast_head":"<!-- This site is optimized with the Yoast SEO plugin v27.4 - https:\/\/yoast.com\/product\/yoast-seo-wordpress\/ -->\n<title>La Decimotercera Planta Pack | Librer\u00eda El Errante<\/title>\n<meta name=\"description\" content=\"Pack La Decimotercera Planta presenta la inquietante historia de un edificio inteligente y sus oscuros m\u00e9todos para proteger a los inquilinos.\" \/>\n<meta name=\"robots\" content=\"index, follow, max-snippet:-1, max-image-preview:large, max-video-preview:-1\" \/>\n<link rel=\"canonical\" href=\"https:\/\/libreriaelerrante.com\/tienda\/la-decimotercera-planta-pack\/\" \/>\n<meta property=\"og:locale\" content=\"es_ES\" \/>\n<meta property=\"og:type\" content=\"article\" \/>\n<meta property=\"og:title\" content=\"La Decimotercera Planta Pack | Librer\u00eda El Errante\" \/>\n<meta property=\"og:description\" content=\"Pack La Decimotercera Planta presenta la inquietante historia de un edificio inteligente y sus oscuros m\u00e9todos para proteger a los inquilinos.\" \/>\n<meta property=\"og:url\" content=\"https:\/\/libreriaelerrante.com\/tienda\/la-decimotercera-planta-pack\/\" \/>\n<meta property=\"og:site_name\" content=\"Librer\u00eda El Errante\" \/>\n<meta property=\"article:modified_time\" content=\"2026-04-28T16:08:48+00:00\" \/>\n<meta property=\"og:image\" content=\"https:\/\/libreriaelerrante.com\/tienda\/wp-content\/uploads\/2025\/08\/pack-la-decimotercera-planta.jpeg\" \/>\n\t<meta property=\"og:image:width\" content=\"680\" \/>\n\t<meta property=\"og:image:height\" content=\"1050\" \/>\n\t<meta property=\"og:image:type\" content=\"image\/jpeg\" \/>\n<meta name=\"twitter:card\" content=\"summary_large_image\" \/>\n<meta name=\"twitter:label1\" content=\"Tiempo de lectura\" \/>\n\t<meta name=\"twitter:data1\" content=\"1 minuto\" \/>\n<script type=\"application\/ld+json\" class=\"yoast-schema-graph\">{\"@context\":\"https:\\\/\\\/schema.org\",\"@graph\":[{\"@type\":\"WebPage\",\"@id\":\"https:\\\/\\\/libreriaelerrante.com\\\/tienda\\\/la-decimotercera-planta-pack\\\/\",\"url\":\"https:\\\/\\\/libreriaelerrante.com\\\/tienda\\\/la-decimotercera-planta-pack\\\/\",\"name\":\"La Decimotercera Planta Pack | Librer\u00eda El Errante\",\"isPartOf\":{\"@id\":\"https:\\\/\\\/libreriaelerrante.com\\\/tienda\\\/#website\"},\"primaryImageOfPage\":{\"@id\":\"https:\\\/\\\/libreriaelerrante.com\\\/tienda\\\/la-decimotercera-planta-pack\\\/#primaryimage\"},\"image\":{\"@id\":\"https:\\\/\\\/libreriaelerrante.com\\\/tienda\\\/la-decimotercera-planta-pack\\\/#primaryimage\"},\"thumbnailUrl\":\"https:\\\/\\\/libreriaelerrante.com\\\/tienda\\\/wp-content\\\/uploads\\\/2025\\\/08\\\/pack-la-decimotercera-planta.jpeg\",\"datePublished\":\"2025-08-14T15:16:29+00:00\",\"dateModified\":\"2026-04-28T16:08:48+00:00\",\"description\":\"Pack La Decimotercera Planta presenta la inquietante historia de un edificio inteligente y sus oscuros m\u00e9todos para proteger a los inquilinos.\",\"breadcrumb\":{\"@id\":\"https:\\\/\\\/libreriaelerrante.com\\\/tienda\\\/la-decimotercera-planta-pack\\\/#breadcrumb\"},\"inLanguage\":\"es\",\"potentialAction\":[{\"@type\":\"ReadAction\",\"target\":[\"https:\\\/\\\/libreriaelerrante.com\\\/tienda\\\/la-decimotercera-planta-pack\\\/\"]}]},{\"@type\":\"ImageObject\",\"inLanguage\":\"es\",\"@id\":\"https:\\\/\\\/libreriaelerrante.com\\\/tienda\\\/la-decimotercera-planta-pack\\\/#primaryimage\",\"url\":\"https:\\\/\\\/libreriaelerrante.com\\\/tienda\\\/wp-content\\\/uploads\\\/2025\\\/08\\\/pack-la-decimotercera-planta.jpeg\",\"contentUrl\":\"https:\\\/\\\/libreriaelerrante.com\\\/tienda\\\/wp-content\\\/uploads\\\/2025\\\/08\\\/pack-la-decimotercera-planta.jpeg\",\"width\":680,\"height\":1050,\"caption\":\"Portada Pack La Decimotercera Planta\"},{\"@type\":\"BreadcrumbList\",\"@id\":\"https:\\\/\\\/libreriaelerrante.com\\\/tienda\\\/la-decimotercera-planta-pack\\\/#breadcrumb\",\"itemListElement\":[{\"@type\":\"ListItem\",\"position\":1,\"name\":\"Inicio\",\"item\":\"https:\\\/\\\/libreriaelerrante.com\\\/tienda\\\/\"},{\"@type\":\"ListItem\",\"position\":2,\"name\":\"Productos\",\"item\":\"https:\\\/\\\/libreriaelerrante.com\\\/tienda\\\/shop\\\/\"},{\"@type\":\"ListItem\",\"position\":3,\"name\":\"Novedades Libros 2025\",\"item\":\"https:\\\/\\\/libreriaelerrante.com\\\/tienda\\\/novedades-libros-2025\\\/\"},{\"@type\":\"ListItem\",\"position\":4,\"name\":\"Novedades Agosto 2025\",\"item\":\"https:\\\/\\\/libreriaelerrante.com\\\/tienda\\\/novedades-libros-2025\\\/novedades-agosto-2025\\\/\"},{\"@type\":\"ListItem\",\"position\":5,\"name\":\"Novedades en C\u00f3mics\",\"item\":\"https:\\\/\\\/libreriaelerrante.com\\\/tienda\\\/novedades-libros-2025\\\/novedades-agosto-2025\\\/novedades-en-comics\\\/\"},{\"@type\":\"ListItem\",\"position\":6,\"name\":\"La Decimotercera Planta Pack\"}]},{\"@type\":\"WebSite\",\"@id\":\"https:\\\/\\\/libreriaelerrante.com\\\/tienda\\\/#website\",\"url\":\"https:\\\/\\\/libreriaelerrante.com\\\/tienda\\\/\",\"name\":\"Librer\u00eda El Errante\",\"description\":\"\",\"publisher\":{\"@id\":\"https:\\\/\\\/libreriaelerrante.com\\\/tienda\\\/#organization\"},\"potentialAction\":[{\"@type\":\"SearchAction\",\"target\":{\"@type\":\"EntryPoint\",\"urlTemplate\":\"https:\\\/\\\/libreriaelerrante.com\\\/tienda\\\/?s={search_term_string}\"},\"query-input\":{\"@type\":\"PropertyValueSpecification\",\"valueRequired\":true,\"valueName\":\"search_term_string\"}}],\"inLanguage\":\"es\"},{\"@type\":\"Organization\",\"@id\":\"https:\\\/\\\/libreriaelerrante.com\\\/tienda\\\/#organization\",\"name\":\"Librer\u00eda El Errante\",\"url\":\"https:\\\/\\\/libreriaelerrante.com\\\/tienda\\\/\",\"logo\":{\"@type\":\"ImageObject\",\"inLanguage\":\"es\",\"@id\":\"https:\\\/\\\/libreriaelerrante.com\\\/tienda\\\/#\\\/schema\\\/logo\\\/image\\\/\",\"url\":\"https:\\\/\\\/libreriaelerrante.com\\\/tienda\\\/wp-content\\\/uploads\\\/2025\\\/05\\\/1-1.png\",\"contentUrl\":\"https:\\\/\\\/libreriaelerrante.com\\\/tienda\\\/wp-content\\\/uploads\\\/2025\\\/05\\\/1-1.png\",\"width\":512,\"height\":512,\"caption\":\"Librer\u00eda El Errante\"},\"image\":{\"@id\":\"https:\\\/\\\/libreriaelerrante.com\\\/tienda\\\/#\\\/schema\\\/logo\\\/image\\\/\"}}]}<\/script>\n<!-- \/ Yoast SEO plugin. -->","yoast_head_json":{"title":"La Decimotercera Planta Pack | Librer\u00eda El Errante","description":"Pack La Decimotercera Planta presenta la inquietante historia de un edificio inteligente y sus oscuros m\u00e9todos para proteger a los inquilinos.","robots":{"index":"index","follow":"follow","max-snippet":"max-snippet:-1","max-image-preview":"max-image-preview:large","max-video-preview":"max-video-preview:-1"},"canonical":"https:\/\/libreriaelerrante.com\/tienda\/la-decimotercera-planta-pack\/","og_locale":"es_ES","og_type":"article","og_title":"La Decimotercera Planta Pack | Librer\u00eda El Errante","og_description":"Pack La Decimotercera Planta presenta la inquietante historia de un edificio inteligente y sus oscuros m\u00e9todos para proteger a los inquilinos.","og_url":"https:\/\/libreriaelerrante.com\/tienda\/la-decimotercera-planta-pack\/","og_site_name":"Librer\u00eda El Errante","article_modified_time":"2026-04-28T16:08:48+00:00","og_image":[{"width":680,"height":1050,"url":"https:\/\/libreriaelerrante.com\/tienda\/wp-content\/uploads\/2025\/08\/pack-la-decimotercera-planta.jpeg","type":"image\/jpeg"}],"twitter_card":"summary_large_image","twitter_misc":{"Tiempo de lectura":"1 minuto"},"schema":{"@context":"https:\/\/schema.org","@graph":[{"@type":"WebPage","@id":"https:\/\/libreriaelerrante.com\/tienda\/la-decimotercera-planta-pack\/","url":"https:\/\/libreriaelerrante.com\/tienda\/la-decimotercera-planta-pack\/","name":"La Decimotercera Planta Pack | Librer\u00eda El Errante","isPartOf":{"@id":"https:\/\/libreriaelerrante.com\/tienda\/#website"},"primaryImageOfPage":{"@id":"https:\/\/libreriaelerrante.com\/tienda\/la-decimotercera-planta-pack\/#primaryimage"},"image":{"@id":"https:\/\/libreriaelerrante.com\/tienda\/la-decimotercera-planta-pack\/#primaryimage"},"thumbnailUrl":"https:\/\/libreriaelerrante.com\/tienda\/wp-content\/uploads\/2025\/08\/pack-la-decimotercera-planta.jpeg","datePublished":"2025-08-14T15:16:29+00:00","dateModified":"2026-04-28T16:08:48+00:00","description":"Pack La Decimotercera Planta presenta la inquietante historia de un edificio inteligente y sus oscuros m\u00e9todos para proteger a los inquilinos.","breadcrumb":{"@id":"https:\/\/libreriaelerrante.com\/tienda\/la-decimotercera-planta-pack\/#breadcrumb"},"inLanguage":"es","potentialAction":[{"@type":"ReadAction","target":["https:\/\/libreriaelerrante.com\/tienda\/la-decimotercera-planta-pack\/"]}]},{"@type":"ImageObject","inLanguage":"es","@id":"https:\/\/libreriaelerrante.com\/tienda\/la-decimotercera-planta-pack\/#primaryimage","url":"https:\/\/libreriaelerrante.com\/tienda\/wp-content\/uploads\/2025\/08\/pack-la-decimotercera-planta.jpeg","contentUrl":"https:\/\/libreriaelerrante.com\/tienda\/wp-content\/uploads\/2025\/08\/pack-la-decimotercera-planta.jpeg","width":680,"height":1050,"caption":"Portada Pack La Decimotercera Planta"},{"@type":"BreadcrumbList","@id":"https:\/\/libreriaelerrante.com\/tienda\/la-decimotercera-planta-pack\/#breadcrumb","itemListElement":[{"@type":"ListItem","position":1,"name":"Inicio","item":"https:\/\/libreriaelerrante.com\/tienda\/"},{"@type":"ListItem","position":2,"name":"Productos","item":"https:\/\/libreriaelerrante.com\/tienda\/shop\/"},{"@type":"ListItem","position":3,"name":"Novedades Libros 2025","item":"https:\/\/libreriaelerrante.com\/tienda\/novedades-libros-2025\/"},{"@type":"ListItem","position":4,"name":"Novedades Agosto 2025","item":"https:\/\/libreriaelerrante.com\/tienda\/novedades-libros-2025\/novedades-agosto-2025\/"},{"@type":"ListItem","position":5,"name":"Novedades en C\u00f3mics","item":"https:\/\/libreriaelerrante.com\/tienda\/novedades-libros-2025\/novedades-agosto-2025\/novedades-en-comics\/"},{"@type":"ListItem","position":6,"name":"La Decimotercera Planta Pack"}]},{"@type":"WebSite","@id":"https:\/\/libreriaelerrante.com\/tienda\/#website","url":"https:\/\/libreriaelerrante.com\/tienda\/","name":"Librer\u00eda El Errante","description":"","publisher":{"@id":"https:\/\/libreriaelerrante.com\/tienda\/#organization"},"potentialAction":[{"@type":"SearchAction","target":{"@type":"EntryPoint","urlTemplate":"https:\/\/libreriaelerrante.com\/tienda\/?s={search_term_string}"},"query-input":{"@type":"PropertyValueSpecification","valueRequired":true,"valueName":"search_term_string"}}],"inLanguage":"es"},{"@type":"Organization","@id":"https:\/\/libreriaelerrante.com\/tienda\/#organization","name":"Librer\u00eda El Errante","url":"https:\/\/libreriaelerrante.com\/tienda\/","logo":{"@type":"ImageObject","inLanguage":"es","@id":"https:\/\/libreriaelerrante.com\/tienda\/#\/schema\/logo\/image\/","url":"https:\/\/libreriaelerrante.com\/tienda\/wp-content\/uploads\/2025\/05\/1-1.png","contentUrl":"https:\/\/libreriaelerrante.com\/tienda\/wp-content\/uploads\/2025\/05\/1-1.png","width":512,"height":512,"caption":"Librer\u00eda El Errante"},"image":{"@id":"https:\/\/libreriaelerrante.com\/tienda\/#\/schema\/logo\/image\/"}}]}},"_links":{"self":[{"href":"https:\/\/libreriaelerrante.com\/tienda\/wp-json\/wp\/v2\/product\/1079","targetHints":{"allow":["GET"]}}],"collection":[{"href":"https:\/\/libreriaelerrante.com\/tienda\/wp-json\/wp\/v2\/product"}],"about":[{"href":"https:\/\/libreriaelerrante.com\/tienda\/wp-json\/wp\/v2\/types\/product"}],"replies":[{"embeddable":true,"href":"https:\/\/libreriaelerrante.com\/tienda\/wp-json\/wp\/v2\/comments?post=1079"}],"wp:featuredmedia":[{"embeddable":true,"href":"https:\/\/libreriaelerrante.com\/tienda\/wp-json\/wp\/v2\/media\/1080"}],"wp:attachment":[{"href":"https:\/\/libreriaelerrante.com\/tienda\/wp-json\/wp\/v2\/media?parent=1079"}],"wp:term":[{"taxonomy":"product_brand","embeddable":true,"href":"https:\/\/libreriaelerrante.com\/tienda\/wp-json\/wp\/v2\/product_brand?post=1079"},{"taxonomy":"product_cat","embeddable":true,"href":"https:\/\/libreriaelerrante.com\/tienda\/wp-json\/wp\/v2\/product_cat?post=1079"},{"taxonomy":"product_tag","embeddable":true,"href":"https:\/\/libreriaelerrante.com\/tienda\/wp-json\/wp\/v2\/product_tag?post=1079"}],"curies":[{"name":"wp","href":"https:\/\/api.w.org\/{rel}","templated":true}]}}