{"id":1071,"date":"2025-08-14T13:05:39","date_gmt":"2025-08-14T11:05:39","guid":{"rendered":"https:\/\/libreriaelerrante.com\/tienda\/?post_type=product&#038;p=1071"},"modified":"2026-04-28T18:08:16","modified_gmt":"2026-04-28T16:08:16","slug":"escuchas-nietzscheanas","status":"publish","type":"product","link":"https:\/\/libreriaelerrante.com\/tienda\/escuchas-nietzscheanas\/","title":{"rendered":"Escuchas Nietzscheanas"},"content":{"rendered":"","protected":false},"excerpt":{"rendered":"<h2>Sinopsis<\/h2>\n<p>\u00bfEs posible escuchar a Nietzsche m\u00e1s all\u00e1 de sus palabras? \u00bfQu\u00e9 revelan sus ideas cuando las hacemos resonar entre compases, partituras y silencios? \u00bfC\u00f3mo su pensamiento est\u00e9tico-musical puede reconfigurar nuestras formas de entender la m\u00fasica, la filosof\u00eda&#8230; y la vida?<br \/>\nEscuchas nietzscheanas re\u00fane diez aproximaciones originales al pensamiento musical y est\u00e9tico de Friedrich Nietzsche, nacido del cruce f\u00e9rtil entre filosof\u00eda, historia, teor\u00eda musical, tecnolog\u00eda del sonido, y est\u00e9tica. Fruto de los Encuentros de Primavera organizados por el \u00e1rea de est\u00e9tica y teor\u00eda de las artes del Departamento de Filosof\u00eda de la Facultad de Filosof\u00eda y Letras de la UAM, este volumen ofrece un espacio interdisciplinar donde profesores e investigadores ponen a prueba sus o\u00eddos -y su pensamiento- al hilo de interdisciplinares escuchas, cr\u00edticas, creativas y profundamente filos\u00f3ficas.<br \/>\nCon un enfoque plural y riguroso, estas p\u00e1ginas trazan un recorrido que va desde la herencia wagneriana, en su polaridad y ambivalencia, hasta el jazz, el cine, la danza o la poes\u00eda. Cada contribuci\u00f3n refleja la riqueza del di\u00e1logo entre disciplinas y la potencia de un pensamiento que se resiste a ser clasificado en meros conceptos, como esas monedas que han perdido su troquel. Filosof\u00eda que suena, m\u00fasica que piensa: este libro es tanto una invitaci\u00f3n como un desaf\u00edo para quienes se atreven a escuchar.<\/p>\n","protected":false},"featured_media":1072,"comment_status":"open","ping_status":"closed","template":"","meta":{"iawp_total_views":1},"product_brand":[],"product_cat":[28,248,327,95,19],"product_tag":[],"class_list":{"0":"post-1071","1":"product","2":"type-product","3":"status-publish","4":"has-post-thumbnail","6":"product_cat-no-ficcion","7":"product_cat-novedades-agosto-2025","8":"product_cat-novedades-en-libros","9":"product_cat-novedades-libros-2025","10":"product_cat-novelas","11":"pa_autor-birlanga-jose-g","13":"first","14":"outofstock","15":"sale","16":"shipping-taxable","17":"purchasable","18":"product-type-simple"},"yoast_head":"<!-- This site is optimized with the Yoast SEO plugin v27.4 - https:\/\/yoast.com\/product\/yoast-seo-wordpress\/ -->\n<title>Escuchas Nietzscheanas | Librer\u00eda El Errante<\/title>\n<meta name=\"description\" content=\"En Escuchas nietzscheanas, Jos\u00e9 G. Birlanga reflexiona sobre filosof\u00eda, arte y existencia a trav\u00e9s de la mirada provocadora de Nietzsche.\" \/>\n<meta name=\"robots\" content=\"index, follow, max-snippet:-1, max-image-preview:large, max-video-preview:-1\" \/>\n<link rel=\"canonical\" href=\"https:\/\/libreriaelerrante.com\/tienda\/escuchas-nietzscheanas\/\" \/>\n<meta property=\"og:locale\" content=\"es_ES\" \/>\n<meta property=\"og:type\" content=\"article\" \/>\n<meta property=\"og:title\" content=\"Escuchas Nietzscheanas | Librer\u00eda El Errante\" \/>\n<meta property=\"og:description\" content=\"En Escuchas nietzscheanas, Jos\u00e9 G. Birlanga reflexiona sobre filosof\u00eda, arte y existencia a trav\u00e9s de la mirada provocadora de Nietzsche.\" \/>\n<meta property=\"og:url\" content=\"https:\/\/libreriaelerrante.com\/tienda\/escuchas-nietzscheanas\/\" \/>\n<meta property=\"og:site_name\" content=\"Librer\u00eda El Errante\" \/>\n<meta property=\"article:modified_time\" content=\"2026-04-28T16:08:16+00:00\" \/>\n<meta property=\"og:image\" content=\"https:\/\/libreriaelerrante.com\/tienda\/wp-content\/uploads\/2025\/08\/escuchas-nietzscheanas.jpeg\" \/>\n\t<meta property=\"og:image:width\" content=\"680\" \/>\n\t<meta property=\"og:image:height\" content=\"1050\" \/>\n\t<meta property=\"og:image:type\" content=\"image\/jpeg\" \/>\n<meta name=\"twitter:card\" content=\"summary_large_image\" \/>\n<meta name=\"twitter:label1\" content=\"Tiempo de lectura\" \/>\n\t<meta name=\"twitter:data1\" content=\"1 minuto\" \/>\n<script type=\"application\/ld+json\" class=\"yoast-schema-graph\">{\"@context\":\"https:\\\/\\\/schema.org\",\"@graph\":[{\"@type\":\"WebPage\",\"@id\":\"https:\\\/\\\/libreriaelerrante.com\\\/tienda\\\/escuchas-nietzscheanas\\\/\",\"url\":\"https:\\\/\\\/libreriaelerrante.com\\\/tienda\\\/escuchas-nietzscheanas\\\/\",\"name\":\"Escuchas Nietzscheanas | Librer\u00eda El Errante\",\"isPartOf\":{\"@id\":\"https:\\\/\\\/libreriaelerrante.com\\\/tienda\\\/#website\"},\"primaryImageOfPage\":{\"@id\":\"https:\\\/\\\/libreriaelerrante.com\\\/tienda\\\/escuchas-nietzscheanas\\\/#primaryimage\"},\"image\":{\"@id\":\"https:\\\/\\\/libreriaelerrante.com\\\/tienda\\\/escuchas-nietzscheanas\\\/#primaryimage\"},\"thumbnailUrl\":\"https:\\\/\\\/libreriaelerrante.com\\\/tienda\\\/wp-content\\\/uploads\\\/2025\\\/08\\\/escuchas-nietzscheanas.jpeg\",\"datePublished\":\"2025-08-14T11:05:39+00:00\",\"dateModified\":\"2026-04-28T16:08:16+00:00\",\"description\":\"En Escuchas nietzscheanas, Jos\u00e9 G. Birlanga reflexiona sobre filosof\u00eda, arte y existencia a trav\u00e9s de la mirada provocadora de Nietzsche.\",\"breadcrumb\":{\"@id\":\"https:\\\/\\\/libreriaelerrante.com\\\/tienda\\\/escuchas-nietzscheanas\\\/#breadcrumb\"},\"inLanguage\":\"es\",\"potentialAction\":[{\"@type\":\"ReadAction\",\"target\":[\"https:\\\/\\\/libreriaelerrante.com\\\/tienda\\\/escuchas-nietzscheanas\\\/\"]}]},{\"@type\":\"ImageObject\",\"inLanguage\":\"es\",\"@id\":\"https:\\\/\\\/libreriaelerrante.com\\\/tienda\\\/escuchas-nietzscheanas\\\/#primaryimage\",\"url\":\"https:\\\/\\\/libreriaelerrante.com\\\/tienda\\\/wp-content\\\/uploads\\\/2025\\\/08\\\/escuchas-nietzscheanas.jpeg\",\"contentUrl\":\"https:\\\/\\\/libreriaelerrante.com\\\/tienda\\\/wp-content\\\/uploads\\\/2025\\\/08\\\/escuchas-nietzscheanas.jpeg\",\"width\":680,\"height\":1050,\"caption\":\"Portada Escuchas Nietzscheanas\"},{\"@type\":\"BreadcrumbList\",\"@id\":\"https:\\\/\\\/libreriaelerrante.com\\\/tienda\\\/escuchas-nietzscheanas\\\/#breadcrumb\",\"itemListElement\":[{\"@type\":\"ListItem\",\"position\":1,\"name\":\"Inicio\",\"item\":\"https:\\\/\\\/libreriaelerrante.com\\\/tienda\\\/\"},{\"@type\":\"ListItem\",\"position\":2,\"name\":\"Productos\",\"item\":\"https:\\\/\\\/libreriaelerrante.com\\\/tienda\\\/shop\\\/\"},{\"@type\":\"ListItem\",\"position\":3,\"name\":\"Novedades Libros 2025\",\"item\":\"https:\\\/\\\/libreriaelerrante.com\\\/tienda\\\/novedades-libros-2025\\\/\"},{\"@type\":\"ListItem\",\"position\":4,\"name\":\"Novedades Agosto 2025\",\"item\":\"https:\\\/\\\/libreriaelerrante.com\\\/tienda\\\/novedades-libros-2025\\\/novedades-agosto-2025\\\/\"},{\"@type\":\"ListItem\",\"position\":5,\"name\":\"Novedades en Libros\",\"item\":\"https:\\\/\\\/libreriaelerrante.com\\\/tienda\\\/novedades-libros-2025\\\/novedades-agosto-2025\\\/novedades-en-libros\\\/\"},{\"@type\":\"ListItem\",\"position\":6,\"name\":\"Escuchas Nietzscheanas\"}]},{\"@type\":\"WebSite\",\"@id\":\"https:\\\/\\\/libreriaelerrante.com\\\/tienda\\\/#website\",\"url\":\"https:\\\/\\\/libreriaelerrante.com\\\/tienda\\\/\",\"name\":\"Librer\u00eda El Errante\",\"description\":\"\",\"publisher\":{\"@id\":\"https:\\\/\\\/libreriaelerrante.com\\\/tienda\\\/#organization\"},\"potentialAction\":[{\"@type\":\"SearchAction\",\"target\":{\"@type\":\"EntryPoint\",\"urlTemplate\":\"https:\\\/\\\/libreriaelerrante.com\\\/tienda\\\/?s={search_term_string}\"},\"query-input\":{\"@type\":\"PropertyValueSpecification\",\"valueRequired\":true,\"valueName\":\"search_term_string\"}}],\"inLanguage\":\"es\"},{\"@type\":\"Organization\",\"@id\":\"https:\\\/\\\/libreriaelerrante.com\\\/tienda\\\/#organization\",\"name\":\"Librer\u00eda El Errante\",\"url\":\"https:\\\/\\\/libreriaelerrante.com\\\/tienda\\\/\",\"logo\":{\"@type\":\"ImageObject\",\"inLanguage\":\"es\",\"@id\":\"https:\\\/\\\/libreriaelerrante.com\\\/tienda\\\/#\\\/schema\\\/logo\\\/image\\\/\",\"url\":\"https:\\\/\\\/libreriaelerrante.com\\\/tienda\\\/wp-content\\\/uploads\\\/2025\\\/05\\\/1-1.png\",\"contentUrl\":\"https:\\\/\\\/libreriaelerrante.com\\\/tienda\\\/wp-content\\\/uploads\\\/2025\\\/05\\\/1-1.png\",\"width\":512,\"height\":512,\"caption\":\"Librer\u00eda El Errante\"},\"image\":{\"@id\":\"https:\\\/\\\/libreriaelerrante.com\\\/tienda\\\/#\\\/schema\\\/logo\\\/image\\\/\"}}]}<\/script>\n<!-- \/ Yoast SEO plugin. -->","yoast_head_json":{"title":"Escuchas Nietzscheanas | Librer\u00eda El Errante","description":"En Escuchas nietzscheanas, Jos\u00e9 G. Birlanga reflexiona sobre filosof\u00eda, arte y existencia a trav\u00e9s de la mirada provocadora de Nietzsche.","robots":{"index":"index","follow":"follow","max-snippet":"max-snippet:-1","max-image-preview":"max-image-preview:large","max-video-preview":"max-video-preview:-1"},"canonical":"https:\/\/libreriaelerrante.com\/tienda\/escuchas-nietzscheanas\/","og_locale":"es_ES","og_type":"article","og_title":"Escuchas Nietzscheanas | Librer\u00eda El Errante","og_description":"En Escuchas nietzscheanas, Jos\u00e9 G. Birlanga reflexiona sobre filosof\u00eda, arte y existencia a trav\u00e9s de la mirada provocadora de Nietzsche.","og_url":"https:\/\/libreriaelerrante.com\/tienda\/escuchas-nietzscheanas\/","og_site_name":"Librer\u00eda El Errante","article_modified_time":"2026-04-28T16:08:16+00:00","og_image":[{"width":680,"height":1050,"url":"https:\/\/libreriaelerrante.com\/tienda\/wp-content\/uploads\/2025\/08\/escuchas-nietzscheanas.jpeg","type":"image\/jpeg"}],"twitter_card":"summary_large_image","twitter_misc":{"Tiempo de lectura":"1 minuto"},"schema":{"@context":"https:\/\/schema.org","@graph":[{"@type":"WebPage","@id":"https:\/\/libreriaelerrante.com\/tienda\/escuchas-nietzscheanas\/","url":"https:\/\/libreriaelerrante.com\/tienda\/escuchas-nietzscheanas\/","name":"Escuchas Nietzscheanas | Librer\u00eda El Errante","isPartOf":{"@id":"https:\/\/libreriaelerrante.com\/tienda\/#website"},"primaryImageOfPage":{"@id":"https:\/\/libreriaelerrante.com\/tienda\/escuchas-nietzscheanas\/#primaryimage"},"image":{"@id":"https:\/\/libreriaelerrante.com\/tienda\/escuchas-nietzscheanas\/#primaryimage"},"thumbnailUrl":"https:\/\/libreriaelerrante.com\/tienda\/wp-content\/uploads\/2025\/08\/escuchas-nietzscheanas.jpeg","datePublished":"2025-08-14T11:05:39+00:00","dateModified":"2026-04-28T16:08:16+00:00","description":"En Escuchas nietzscheanas, Jos\u00e9 G. Birlanga reflexiona sobre filosof\u00eda, arte y existencia a trav\u00e9s de la mirada provocadora de Nietzsche.","breadcrumb":{"@id":"https:\/\/libreriaelerrante.com\/tienda\/escuchas-nietzscheanas\/#breadcrumb"},"inLanguage":"es","potentialAction":[{"@type":"ReadAction","target":["https:\/\/libreriaelerrante.com\/tienda\/escuchas-nietzscheanas\/"]}]},{"@type":"ImageObject","inLanguage":"es","@id":"https:\/\/libreriaelerrante.com\/tienda\/escuchas-nietzscheanas\/#primaryimage","url":"https:\/\/libreriaelerrante.com\/tienda\/wp-content\/uploads\/2025\/08\/escuchas-nietzscheanas.jpeg","contentUrl":"https:\/\/libreriaelerrante.com\/tienda\/wp-content\/uploads\/2025\/08\/escuchas-nietzscheanas.jpeg","width":680,"height":1050,"caption":"Portada Escuchas Nietzscheanas"},{"@type":"BreadcrumbList","@id":"https:\/\/libreriaelerrante.com\/tienda\/escuchas-nietzscheanas\/#breadcrumb","itemListElement":[{"@type":"ListItem","position":1,"name":"Inicio","item":"https:\/\/libreriaelerrante.com\/tienda\/"},{"@type":"ListItem","position":2,"name":"Productos","item":"https:\/\/libreriaelerrante.com\/tienda\/shop\/"},{"@type":"ListItem","position":3,"name":"Novedades Libros 2025","item":"https:\/\/libreriaelerrante.com\/tienda\/novedades-libros-2025\/"},{"@type":"ListItem","position":4,"name":"Novedades Agosto 2025","item":"https:\/\/libreriaelerrante.com\/tienda\/novedades-libros-2025\/novedades-agosto-2025\/"},{"@type":"ListItem","position":5,"name":"Novedades en Libros","item":"https:\/\/libreriaelerrante.com\/tienda\/novedades-libros-2025\/novedades-agosto-2025\/novedades-en-libros\/"},{"@type":"ListItem","position":6,"name":"Escuchas Nietzscheanas"}]},{"@type":"WebSite","@id":"https:\/\/libreriaelerrante.com\/tienda\/#website","url":"https:\/\/libreriaelerrante.com\/tienda\/","name":"Librer\u00eda El Errante","description":"","publisher":{"@id":"https:\/\/libreriaelerrante.com\/tienda\/#organization"},"potentialAction":[{"@type":"SearchAction","target":{"@type":"EntryPoint","urlTemplate":"https:\/\/libreriaelerrante.com\/tienda\/?s={search_term_string}"},"query-input":{"@type":"PropertyValueSpecification","valueRequired":true,"valueName":"search_term_string"}}],"inLanguage":"es"},{"@type":"Organization","@id":"https:\/\/libreriaelerrante.com\/tienda\/#organization","name":"Librer\u00eda El Errante","url":"https:\/\/libreriaelerrante.com\/tienda\/","logo":{"@type":"ImageObject","inLanguage":"es","@id":"https:\/\/libreriaelerrante.com\/tienda\/#\/schema\/logo\/image\/","url":"https:\/\/libreriaelerrante.com\/tienda\/wp-content\/uploads\/2025\/05\/1-1.png","contentUrl":"https:\/\/libreriaelerrante.com\/tienda\/wp-content\/uploads\/2025\/05\/1-1.png","width":512,"height":512,"caption":"Librer\u00eda El Errante"},"image":{"@id":"https:\/\/libreriaelerrante.com\/tienda\/#\/schema\/logo\/image\/"}}]}},"_links":{"self":[{"href":"https:\/\/libreriaelerrante.com\/tienda\/wp-json\/wp\/v2\/product\/1071","targetHints":{"allow":["GET"]}}],"collection":[{"href":"https:\/\/libreriaelerrante.com\/tienda\/wp-json\/wp\/v2\/product"}],"about":[{"href":"https:\/\/libreriaelerrante.com\/tienda\/wp-json\/wp\/v2\/types\/product"}],"replies":[{"embeddable":true,"href":"https:\/\/libreriaelerrante.com\/tienda\/wp-json\/wp\/v2\/comments?post=1071"}],"wp:featuredmedia":[{"embeddable":true,"href":"https:\/\/libreriaelerrante.com\/tienda\/wp-json\/wp\/v2\/media\/1072"}],"wp:attachment":[{"href":"https:\/\/libreriaelerrante.com\/tienda\/wp-json\/wp\/v2\/media?parent=1071"}],"wp:term":[{"taxonomy":"product_brand","embeddable":true,"href":"https:\/\/libreriaelerrante.com\/tienda\/wp-json\/wp\/v2\/product_brand?post=1071"},{"taxonomy":"product_cat","embeddable":true,"href":"https:\/\/libreriaelerrante.com\/tienda\/wp-json\/wp\/v2\/product_cat?post=1071"},{"taxonomy":"product_tag","embeddable":true,"href":"https:\/\/libreriaelerrante.com\/tienda\/wp-json\/wp\/v2\/product_tag?post=1071"}],"curies":[{"name":"wp","href":"https:\/\/api.w.org\/{rel}","templated":true}]}}