{"id":1064,"date":"2025-08-14T10:40:00","date_gmt":"2025-08-14T08:40:00","guid":{"rendered":"https:\/\/libreriaelerrante.com\/tienda\/?post_type=product&#038;p=1064"},"modified":"2026-04-28T18:07:38","modified_gmt":"2026-04-28T16:07:38","slug":"ataque-a-los-titanes-antes-de-la-caida-3-novela","status":"publish","type":"product","link":"https:\/\/libreriaelerrante.com\/tienda\/ataque-a-los-titanes-antes-de-la-caida-3-novela\/","title":{"rendered":"Ataque a los titanes. Antes de la Caida 3 (novela)"},"content":{"rendered":"","protected":false},"excerpt":{"rendered":"<p>LOS TITANES SON LOS MAYORES ENEMIGOS DE LA HUMANIDAD<\/p>\n<p>Llegamos al final de esta traves\u00eda literaria con la publicaci\u00f3n del tercer y \u00faltimo volumen de Antes de la ca\u00edda, la precuela oficial que sienta las bases del manga oficial. Si quieres saber c\u00f3mo la humanidad inici\u00f3 la batalla contra los titanes as\u00ed como sus primeras armas de guerra, \u00a1corre a librer\u00edas a por este nuevo volumen!<\/p>\n<p>Gracias a los esfuerzos del antiguo capit\u00e1n del Cuerpo de Exploraci\u00f3n, Heath, se ha demostrado que la humanidad puede derrotar a los Titanes. Para ello, se ha desarrollado un dispositivo llamado equipo de maniobras tridimensionales, aunque a\u00fan falta mucho para perfeccionarlo y convertirlo en un arma mortal. Ahora, portando el dispositivo, Kyklo se enfrenta al Ogro, un gigante conocido como \u201cTit\u00e1n\u201d, \u00a1quien cambi\u00f3 su destino! \u00bfSer\u00e1 capaz la humanidad de captar el rayo de esperanza?<\/p>\n","protected":false},"featured_media":1065,"comment_status":"open","ping_status":"closed","template":"","meta":{"iawp_total_views":0},"product_brand":[],"product_cat":[20,248,329,95,147],"product_tag":[],"class_list":{"0":"post-1064","1":"product","2":"type-product","3":"status-publish","4":"has-post-thumbnail","6":"product_cat-mangas","7":"product_cat-novedades-agosto-2025","8":"product_cat-novedades-en-mangas","9":"product_cat-novedades-libros-2025","10":"product_cat-shonen","11":"pa_autor-hajime-isayama-ryo-suzukaze-shibamoto","13":"first","14":"outofstock","15":"sale","16":"shipping-taxable","17":"purchasable","18":"product-type-simple"},"yoast_head":"<!-- This site is optimized with the Yoast SEO plugin v27.4 - https:\/\/yoast.com\/product\/yoast-seo-wordpress\/ -->\n<title>Ataque a los titanes. Antes de la Caida 3 (novela)<\/title>\n<meta name=\"description\" content=\"Ataque a los Titanes. Antes de la Ca\u00edda 3 cierra la trilog\u00eda con un final intenso, revelando secretos y batallas clave en el origen de la humanidad.\" \/>\n<meta name=\"robots\" content=\"index, follow, max-snippet:-1, max-image-preview:large, max-video-preview:-1\" \/>\n<link rel=\"canonical\" href=\"https:\/\/libreriaelerrante.com\/tienda\/ataque-a-los-titanes-antes-de-la-caida-3-novela\/\" \/>\n<meta property=\"og:locale\" content=\"es_ES\" \/>\n<meta property=\"og:type\" content=\"article\" \/>\n<meta property=\"og:title\" content=\"Ataque a los titanes. Antes de la Caida 3 (novela)\" \/>\n<meta property=\"og:description\" content=\"Ataque a los Titanes. Antes de la Ca\u00edda 3 cierra la trilog\u00eda con un final intenso, revelando secretos y batallas clave en el origen de la humanidad.\" \/>\n<meta property=\"og:url\" content=\"https:\/\/libreriaelerrante.com\/tienda\/ataque-a-los-titanes-antes-de-la-caida-3-novela\/\" \/>\n<meta property=\"og:site_name\" content=\"Librer\u00eda El Errante\" \/>\n<meta property=\"article:modified_time\" content=\"2026-04-28T16:07:38+00:00\" \/>\n<meta property=\"og:image\" content=\"https:\/\/libreriaelerrante.com\/tienda\/wp-content\/uploads\/2025\/08\/ataque-a-los-titanes-antes-de-la-caida-novela-3.jpeg\" \/>\n\t<meta property=\"og:image:width\" content=\"680\" \/>\n\t<meta property=\"og:image:height\" content=\"1050\" \/>\n\t<meta property=\"og:image:type\" content=\"image\/jpeg\" \/>\n<meta name=\"twitter:card\" content=\"summary_large_image\" \/>\n<meta name=\"twitter:label1\" content=\"Tiempo de lectura\" \/>\n\t<meta name=\"twitter:data1\" content=\"1 minuto\" \/>\n<script type=\"application\/ld+json\" class=\"yoast-schema-graph\">{\"@context\":\"https:\\\/\\\/schema.org\",\"@graph\":[{\"@type\":\"WebPage\",\"@id\":\"https:\\\/\\\/libreriaelerrante.com\\\/tienda\\\/ataque-a-los-titanes-antes-de-la-caida-3-novela\\\/\",\"url\":\"https:\\\/\\\/libreriaelerrante.com\\\/tienda\\\/ataque-a-los-titanes-antes-de-la-caida-3-novela\\\/\",\"name\":\"Ataque a los titanes. Antes de la Caida 3 (novela)\",\"isPartOf\":{\"@id\":\"https:\\\/\\\/libreriaelerrante.com\\\/tienda\\\/#website\"},\"primaryImageOfPage\":{\"@id\":\"https:\\\/\\\/libreriaelerrante.com\\\/tienda\\\/ataque-a-los-titanes-antes-de-la-caida-3-novela\\\/#primaryimage\"},\"image\":{\"@id\":\"https:\\\/\\\/libreriaelerrante.com\\\/tienda\\\/ataque-a-los-titanes-antes-de-la-caida-3-novela\\\/#primaryimage\"},\"thumbnailUrl\":\"https:\\\/\\\/libreriaelerrante.com\\\/tienda\\\/wp-content\\\/uploads\\\/2025\\\/08\\\/ataque-a-los-titanes-antes-de-la-caida-novela-3.jpeg\",\"datePublished\":\"2025-08-14T08:40:00+00:00\",\"dateModified\":\"2026-04-28T16:07:38+00:00\",\"description\":\"Ataque a los Titanes. Antes de la Ca\u00edda 3 cierra la trilog\u00eda con un final intenso, revelando secretos y batallas clave en el origen de la humanidad.\",\"breadcrumb\":{\"@id\":\"https:\\\/\\\/libreriaelerrante.com\\\/tienda\\\/ataque-a-los-titanes-antes-de-la-caida-3-novela\\\/#breadcrumb\"},\"inLanguage\":\"es\",\"potentialAction\":[{\"@type\":\"ReadAction\",\"target\":[\"https:\\\/\\\/libreriaelerrante.com\\\/tienda\\\/ataque-a-los-titanes-antes-de-la-caida-3-novela\\\/\"]}]},{\"@type\":\"ImageObject\",\"inLanguage\":\"es\",\"@id\":\"https:\\\/\\\/libreriaelerrante.com\\\/tienda\\\/ataque-a-los-titanes-antes-de-la-caida-3-novela\\\/#primaryimage\",\"url\":\"https:\\\/\\\/libreriaelerrante.com\\\/tienda\\\/wp-content\\\/uploads\\\/2025\\\/08\\\/ataque-a-los-titanes-antes-de-la-caida-novela-3.jpeg\",\"contentUrl\":\"https:\\\/\\\/libreriaelerrante.com\\\/tienda\\\/wp-content\\\/uploads\\\/2025\\\/08\\\/ataque-a-los-titanes-antes-de-la-caida-novela-3.jpeg\",\"width\":680,\"height\":1050,\"caption\":\"Portada Ataque a los titanes. Antes de la caida 3 (novela)\"},{\"@type\":\"BreadcrumbList\",\"@id\":\"https:\\\/\\\/libreriaelerrante.com\\\/tienda\\\/ataque-a-los-titanes-antes-de-la-caida-3-novela\\\/#breadcrumb\",\"itemListElement\":[{\"@type\":\"ListItem\",\"position\":1,\"name\":\"Inicio\",\"item\":\"https:\\\/\\\/libreriaelerrante.com\\\/tienda\\\/\"},{\"@type\":\"ListItem\",\"position\":2,\"name\":\"Productos\",\"item\":\"https:\\\/\\\/libreriaelerrante.com\\\/tienda\\\/shop\\\/\"},{\"@type\":\"ListItem\",\"position\":3,\"name\":\"Novedades Libros 2025\",\"item\":\"https:\\\/\\\/libreriaelerrante.com\\\/tienda\\\/novedades-libros-2025\\\/\"},{\"@type\":\"ListItem\",\"position\":4,\"name\":\"Novedades Agosto 2025\",\"item\":\"https:\\\/\\\/libreriaelerrante.com\\\/tienda\\\/novedades-libros-2025\\\/novedades-agosto-2025\\\/\"},{\"@type\":\"ListItem\",\"position\":5,\"name\":\"Novedades en Mangas\",\"item\":\"https:\\\/\\\/libreriaelerrante.com\\\/tienda\\\/novedades-libros-2025\\\/novedades-agosto-2025\\\/novedades-en-mangas\\\/\"},{\"@type\":\"ListItem\",\"position\":6,\"name\":\"Ataque a los titanes. Antes de la Caida 3 (novela)\"}]},{\"@type\":\"WebSite\",\"@id\":\"https:\\\/\\\/libreriaelerrante.com\\\/tienda\\\/#website\",\"url\":\"https:\\\/\\\/libreriaelerrante.com\\\/tienda\\\/\",\"name\":\"Librer\u00eda El Errante\",\"description\":\"\",\"publisher\":{\"@id\":\"https:\\\/\\\/libreriaelerrante.com\\\/tienda\\\/#organization\"},\"potentialAction\":[{\"@type\":\"SearchAction\",\"target\":{\"@type\":\"EntryPoint\",\"urlTemplate\":\"https:\\\/\\\/libreriaelerrante.com\\\/tienda\\\/?s={search_term_string}\"},\"query-input\":{\"@type\":\"PropertyValueSpecification\",\"valueRequired\":true,\"valueName\":\"search_term_string\"}}],\"inLanguage\":\"es\"},{\"@type\":\"Organization\",\"@id\":\"https:\\\/\\\/libreriaelerrante.com\\\/tienda\\\/#organization\",\"name\":\"Librer\u00eda El Errante\",\"url\":\"https:\\\/\\\/libreriaelerrante.com\\\/tienda\\\/\",\"logo\":{\"@type\":\"ImageObject\",\"inLanguage\":\"es\",\"@id\":\"https:\\\/\\\/libreriaelerrante.com\\\/tienda\\\/#\\\/schema\\\/logo\\\/image\\\/\",\"url\":\"https:\\\/\\\/libreriaelerrante.com\\\/tienda\\\/wp-content\\\/uploads\\\/2025\\\/05\\\/1-1.png\",\"contentUrl\":\"https:\\\/\\\/libreriaelerrante.com\\\/tienda\\\/wp-content\\\/uploads\\\/2025\\\/05\\\/1-1.png\",\"width\":512,\"height\":512,\"caption\":\"Librer\u00eda El Errante\"},\"image\":{\"@id\":\"https:\\\/\\\/libreriaelerrante.com\\\/tienda\\\/#\\\/schema\\\/logo\\\/image\\\/\"}}]}<\/script>\n<!-- \/ Yoast SEO plugin. -->","yoast_head_json":{"title":"Ataque a los titanes. Antes de la Caida 3 (novela)","description":"Ataque a los Titanes. Antes de la Ca\u00edda 3 cierra la trilog\u00eda con un final intenso, revelando secretos y batallas clave en el origen de la humanidad.","robots":{"index":"index","follow":"follow","max-snippet":"max-snippet:-1","max-image-preview":"max-image-preview:large","max-video-preview":"max-video-preview:-1"},"canonical":"https:\/\/libreriaelerrante.com\/tienda\/ataque-a-los-titanes-antes-de-la-caida-3-novela\/","og_locale":"es_ES","og_type":"article","og_title":"Ataque a los titanes. Antes de la Caida 3 (novela)","og_description":"Ataque a los Titanes. Antes de la Ca\u00edda 3 cierra la trilog\u00eda con un final intenso, revelando secretos y batallas clave en el origen de la humanidad.","og_url":"https:\/\/libreriaelerrante.com\/tienda\/ataque-a-los-titanes-antes-de-la-caida-3-novela\/","og_site_name":"Librer\u00eda El Errante","article_modified_time":"2026-04-28T16:07:38+00:00","og_image":[{"width":680,"height":1050,"url":"https:\/\/libreriaelerrante.com\/tienda\/wp-content\/uploads\/2025\/08\/ataque-a-los-titanes-antes-de-la-caida-novela-3.jpeg","type":"image\/jpeg"}],"twitter_card":"summary_large_image","twitter_misc":{"Tiempo de lectura":"1 minuto"},"schema":{"@context":"https:\/\/schema.org","@graph":[{"@type":"WebPage","@id":"https:\/\/libreriaelerrante.com\/tienda\/ataque-a-los-titanes-antes-de-la-caida-3-novela\/","url":"https:\/\/libreriaelerrante.com\/tienda\/ataque-a-los-titanes-antes-de-la-caida-3-novela\/","name":"Ataque a los titanes. Antes de la Caida 3 (novela)","isPartOf":{"@id":"https:\/\/libreriaelerrante.com\/tienda\/#website"},"primaryImageOfPage":{"@id":"https:\/\/libreriaelerrante.com\/tienda\/ataque-a-los-titanes-antes-de-la-caida-3-novela\/#primaryimage"},"image":{"@id":"https:\/\/libreriaelerrante.com\/tienda\/ataque-a-los-titanes-antes-de-la-caida-3-novela\/#primaryimage"},"thumbnailUrl":"https:\/\/libreriaelerrante.com\/tienda\/wp-content\/uploads\/2025\/08\/ataque-a-los-titanes-antes-de-la-caida-novela-3.jpeg","datePublished":"2025-08-14T08:40:00+00:00","dateModified":"2026-04-28T16:07:38+00:00","description":"Ataque a los Titanes. Antes de la Ca\u00edda 3 cierra la trilog\u00eda con un final intenso, revelando secretos y batallas clave en el origen de la humanidad.","breadcrumb":{"@id":"https:\/\/libreriaelerrante.com\/tienda\/ataque-a-los-titanes-antes-de-la-caida-3-novela\/#breadcrumb"},"inLanguage":"es","potentialAction":[{"@type":"ReadAction","target":["https:\/\/libreriaelerrante.com\/tienda\/ataque-a-los-titanes-antes-de-la-caida-3-novela\/"]}]},{"@type":"ImageObject","inLanguage":"es","@id":"https:\/\/libreriaelerrante.com\/tienda\/ataque-a-los-titanes-antes-de-la-caida-3-novela\/#primaryimage","url":"https:\/\/libreriaelerrante.com\/tienda\/wp-content\/uploads\/2025\/08\/ataque-a-los-titanes-antes-de-la-caida-novela-3.jpeg","contentUrl":"https:\/\/libreriaelerrante.com\/tienda\/wp-content\/uploads\/2025\/08\/ataque-a-los-titanes-antes-de-la-caida-novela-3.jpeg","width":680,"height":1050,"caption":"Portada Ataque a los titanes. Antes de la caida 3 (novela)"},{"@type":"BreadcrumbList","@id":"https:\/\/libreriaelerrante.com\/tienda\/ataque-a-los-titanes-antes-de-la-caida-3-novela\/#breadcrumb","itemListElement":[{"@type":"ListItem","position":1,"name":"Inicio","item":"https:\/\/libreriaelerrante.com\/tienda\/"},{"@type":"ListItem","position":2,"name":"Productos","item":"https:\/\/libreriaelerrante.com\/tienda\/shop\/"},{"@type":"ListItem","position":3,"name":"Novedades Libros 2025","item":"https:\/\/libreriaelerrante.com\/tienda\/novedades-libros-2025\/"},{"@type":"ListItem","position":4,"name":"Novedades Agosto 2025","item":"https:\/\/libreriaelerrante.com\/tienda\/novedades-libros-2025\/novedades-agosto-2025\/"},{"@type":"ListItem","position":5,"name":"Novedades en Mangas","item":"https:\/\/libreriaelerrante.com\/tienda\/novedades-libros-2025\/novedades-agosto-2025\/novedades-en-mangas\/"},{"@type":"ListItem","position":6,"name":"Ataque a los titanes. Antes de la Caida 3 (novela)"}]},{"@type":"WebSite","@id":"https:\/\/libreriaelerrante.com\/tienda\/#website","url":"https:\/\/libreriaelerrante.com\/tienda\/","name":"Librer\u00eda El Errante","description":"","publisher":{"@id":"https:\/\/libreriaelerrante.com\/tienda\/#organization"},"potentialAction":[{"@type":"SearchAction","target":{"@type":"EntryPoint","urlTemplate":"https:\/\/libreriaelerrante.com\/tienda\/?s={search_term_string}"},"query-input":{"@type":"PropertyValueSpecification","valueRequired":true,"valueName":"search_term_string"}}],"inLanguage":"es"},{"@type":"Organization","@id":"https:\/\/libreriaelerrante.com\/tienda\/#organization","name":"Librer\u00eda El Errante","url":"https:\/\/libreriaelerrante.com\/tienda\/","logo":{"@type":"ImageObject","inLanguage":"es","@id":"https:\/\/libreriaelerrante.com\/tienda\/#\/schema\/logo\/image\/","url":"https:\/\/libreriaelerrante.com\/tienda\/wp-content\/uploads\/2025\/05\/1-1.png","contentUrl":"https:\/\/libreriaelerrante.com\/tienda\/wp-content\/uploads\/2025\/05\/1-1.png","width":512,"height":512,"caption":"Librer\u00eda El Errante"},"image":{"@id":"https:\/\/libreriaelerrante.com\/tienda\/#\/schema\/logo\/image\/"}}]}},"_links":{"self":[{"href":"https:\/\/libreriaelerrante.com\/tienda\/wp-json\/wp\/v2\/product\/1064","targetHints":{"allow":["GET"]}}],"collection":[{"href":"https:\/\/libreriaelerrante.com\/tienda\/wp-json\/wp\/v2\/product"}],"about":[{"href":"https:\/\/libreriaelerrante.com\/tienda\/wp-json\/wp\/v2\/types\/product"}],"replies":[{"embeddable":true,"href":"https:\/\/libreriaelerrante.com\/tienda\/wp-json\/wp\/v2\/comments?post=1064"}],"wp:featuredmedia":[{"embeddable":true,"href":"https:\/\/libreriaelerrante.com\/tienda\/wp-json\/wp\/v2\/media\/1065"}],"wp:attachment":[{"href":"https:\/\/libreriaelerrante.com\/tienda\/wp-json\/wp\/v2\/media?parent=1064"}],"wp:term":[{"taxonomy":"product_brand","embeddable":true,"href":"https:\/\/libreriaelerrante.com\/tienda\/wp-json\/wp\/v2\/product_brand?post=1064"},{"taxonomy":"product_cat","embeddable":true,"href":"https:\/\/libreriaelerrante.com\/tienda\/wp-json\/wp\/v2\/product_cat?post=1064"},{"taxonomy":"product_tag","embeddable":true,"href":"https:\/\/libreriaelerrante.com\/tienda\/wp-json\/wp\/v2\/product_tag?post=1064"}],"curies":[{"name":"wp","href":"https:\/\/api.w.org\/{rel}","templated":true}]}}