{"id":1052,"date":"2025-08-13T20:13:05","date_gmt":"2025-08-13T18:13:05","guid":{"rendered":"https:\/\/libreriaelerrante.com\/tienda\/?post_type=product&#038;p=1052"},"modified":"2026-04-28T18:07:13","modified_gmt":"2026-04-28T16:07:13","slug":"el-dragon-y-el-camaleon-4","status":"publish","type":"product","link":"https:\/\/libreriaelerrante.com\/tienda\/el-dragon-y-el-camaleon-4\/","title":{"rendered":"El Dragon y el Camaleon 4"},"content":{"rendered":"","protected":false},"excerpt":{"rendered":"<p>\u00a1ES HORA DE EMPEZAR UNA NUEVA PUBLICACI\u00d3N QUE CAUSE UN REVUELO SOCIAL!<\/p>\n<p>Si siempre te has preguntado c\u00f3mo funciona el complicado mundo editorial japon\u00e9s pero no quieres renunciar a una buena historia de ficci\u00f3n, no te pierdas este manga creado por Ryo Ishiyama, donde nos desvela los entresijos de la vida del mangaka mientras nos ofrece una trepidante trama protagonizada por dos autores que intercambian sus cuerpos.<\/p>\n<p>El genio mangaka Gary\u00f4 Hanagami busca superar a\u00a0<em>Dragon Land<\/em>, su obra maestra, que ha vendido m\u00e1s de 200 millones de ejemplares. Para cumplir su objetivo, el pr\u00f3ximo paso que debe dar es reunir a los mejores asistentes. Pero pronto descubrir\u00e1 a gente con talento cuyo trabajo en equipo lo llevar\u00e1 hasta la cima del manga.<\/p>\n","protected":false},"featured_media":1053,"comment_status":"open","ping_status":"closed","template":"","meta":{"iawp_total_views":0},"product_brand":[],"product_cat":[20,248,329,95,147],"product_tag":[],"class_list":{"0":"post-1052","1":"product","2":"type-product","3":"status-publish","4":"has-post-thumbnail","6":"product_cat-mangas","7":"product_cat-novedades-agosto-2025","8":"product_cat-novedades-en-mangas","9":"product_cat-novedades-libros-2025","10":"product_cat-shonen","11":"pa_autor-ryo-ishiyama","13":"first","14":"outofstock","15":"sale","16":"shipping-taxable","17":"purchasable","18":"product-type-simple"},"yoast_head":"<!-- This site is optimized with the Yoast SEO plugin v27.4 - https:\/\/yoast.com\/product\/yoast-seo-wordpress\/ -->\n<title>El Dragon y el Camaleon 4 | Librer\u00eda El Errante<\/title>\n<meta name=\"description\" content=\"El Drag\u00f3n y el Camale\u00f3n 4 de Ryo Ishiyama sigue explorando la relaci\u00f3n \u00fanica de los protagonistas con humor, emociones y aventuras sorprendentes.\" \/>\n<meta name=\"robots\" content=\"index, follow, max-snippet:-1, max-image-preview:large, max-video-preview:-1\" \/>\n<link rel=\"canonical\" href=\"https:\/\/libreriaelerrante.com\/tienda\/el-dragon-y-el-camaleon-4\/\" \/>\n<meta property=\"og:locale\" content=\"es_ES\" \/>\n<meta property=\"og:type\" content=\"article\" \/>\n<meta property=\"og:title\" content=\"El Dragon y el Camaleon 4 | Librer\u00eda El Errante\" \/>\n<meta property=\"og:description\" content=\"El Drag\u00f3n y el Camale\u00f3n 4 de Ryo Ishiyama sigue explorando la relaci\u00f3n \u00fanica de los protagonistas con humor, emociones y aventuras sorprendentes.\" \/>\n<meta property=\"og:url\" content=\"https:\/\/libreriaelerrante.com\/tienda\/el-dragon-y-el-camaleon-4\/\" \/>\n<meta property=\"og:site_name\" content=\"Librer\u00eda El Errante\" \/>\n<meta property=\"article:modified_time\" content=\"2026-04-28T16:07:13+00:00\" \/>\n<meta property=\"og:image\" content=\"https:\/\/libreriaelerrante.com\/tienda\/wp-content\/uploads\/2025\/08\/el-dragon-y-el-camaleon-4.jpeg\" \/>\n\t<meta property=\"og:image:width\" content=\"680\" \/>\n\t<meta property=\"og:image:height\" content=\"1050\" \/>\n\t<meta property=\"og:image:type\" content=\"image\/jpeg\" \/>\n<meta name=\"twitter:card\" content=\"summary_large_image\" \/>\n<meta name=\"twitter:label1\" content=\"Tiempo de lectura\" \/>\n\t<meta name=\"twitter:data1\" content=\"1 minuto\" \/>\n<script type=\"application\/ld+json\" class=\"yoast-schema-graph\">{\"@context\":\"https:\\\/\\\/schema.org\",\"@graph\":[{\"@type\":\"WebPage\",\"@id\":\"https:\\\/\\\/libreriaelerrante.com\\\/tienda\\\/el-dragon-y-el-camaleon-4\\\/\",\"url\":\"https:\\\/\\\/libreriaelerrante.com\\\/tienda\\\/el-dragon-y-el-camaleon-4\\\/\",\"name\":\"El Dragon y el Camaleon 4 | Librer\u00eda El Errante\",\"isPartOf\":{\"@id\":\"https:\\\/\\\/libreriaelerrante.com\\\/tienda\\\/#website\"},\"primaryImageOfPage\":{\"@id\":\"https:\\\/\\\/libreriaelerrante.com\\\/tienda\\\/el-dragon-y-el-camaleon-4\\\/#primaryimage\"},\"image\":{\"@id\":\"https:\\\/\\\/libreriaelerrante.com\\\/tienda\\\/el-dragon-y-el-camaleon-4\\\/#primaryimage\"},\"thumbnailUrl\":\"https:\\\/\\\/libreriaelerrante.com\\\/tienda\\\/wp-content\\\/uploads\\\/2025\\\/08\\\/el-dragon-y-el-camaleon-4.jpeg\",\"datePublished\":\"2025-08-13T18:13:05+00:00\",\"dateModified\":\"2026-04-28T16:07:13+00:00\",\"description\":\"El Drag\u00f3n y el Camale\u00f3n 4 de Ryo Ishiyama sigue explorando la relaci\u00f3n \u00fanica de los protagonistas con humor, emociones y aventuras sorprendentes.\",\"breadcrumb\":{\"@id\":\"https:\\\/\\\/libreriaelerrante.com\\\/tienda\\\/el-dragon-y-el-camaleon-4\\\/#breadcrumb\"},\"inLanguage\":\"es\",\"potentialAction\":[{\"@type\":\"ReadAction\",\"target\":[\"https:\\\/\\\/libreriaelerrante.com\\\/tienda\\\/el-dragon-y-el-camaleon-4\\\/\"]}]},{\"@type\":\"ImageObject\",\"inLanguage\":\"es\",\"@id\":\"https:\\\/\\\/libreriaelerrante.com\\\/tienda\\\/el-dragon-y-el-camaleon-4\\\/#primaryimage\",\"url\":\"https:\\\/\\\/libreriaelerrante.com\\\/tienda\\\/wp-content\\\/uploads\\\/2025\\\/08\\\/el-dragon-y-el-camaleon-4.jpeg\",\"contentUrl\":\"https:\\\/\\\/libreriaelerrante.com\\\/tienda\\\/wp-content\\\/uploads\\\/2025\\\/08\\\/el-dragon-y-el-camaleon-4.jpeg\",\"width\":680,\"height\":1050,\"caption\":\"Portada El Drag\u00f3n y el Camale\u00f3n 4\"},{\"@type\":\"BreadcrumbList\",\"@id\":\"https:\\\/\\\/libreriaelerrante.com\\\/tienda\\\/el-dragon-y-el-camaleon-4\\\/#breadcrumb\",\"itemListElement\":[{\"@type\":\"ListItem\",\"position\":1,\"name\":\"Inicio\",\"item\":\"https:\\\/\\\/libreriaelerrante.com\\\/tienda\\\/\"},{\"@type\":\"ListItem\",\"position\":2,\"name\":\"Productos\",\"item\":\"https:\\\/\\\/libreriaelerrante.com\\\/tienda\\\/shop\\\/\"},{\"@type\":\"ListItem\",\"position\":3,\"name\":\"Novedades Libros 2025\",\"item\":\"https:\\\/\\\/libreriaelerrante.com\\\/tienda\\\/novedades-libros-2025\\\/\"},{\"@type\":\"ListItem\",\"position\":4,\"name\":\"Novedades Agosto 2025\",\"item\":\"https:\\\/\\\/libreriaelerrante.com\\\/tienda\\\/novedades-libros-2025\\\/novedades-agosto-2025\\\/\"},{\"@type\":\"ListItem\",\"position\":5,\"name\":\"Novedades en Mangas\",\"item\":\"https:\\\/\\\/libreriaelerrante.com\\\/tienda\\\/novedades-libros-2025\\\/novedades-agosto-2025\\\/novedades-en-mangas\\\/\"},{\"@type\":\"ListItem\",\"position\":6,\"name\":\"El Dragon y el Camaleon 4\"}]},{\"@type\":\"WebSite\",\"@id\":\"https:\\\/\\\/libreriaelerrante.com\\\/tienda\\\/#website\",\"url\":\"https:\\\/\\\/libreriaelerrante.com\\\/tienda\\\/\",\"name\":\"Librer\u00eda El Errante\",\"description\":\"\",\"publisher\":{\"@id\":\"https:\\\/\\\/libreriaelerrante.com\\\/tienda\\\/#organization\"},\"potentialAction\":[{\"@type\":\"SearchAction\",\"target\":{\"@type\":\"EntryPoint\",\"urlTemplate\":\"https:\\\/\\\/libreriaelerrante.com\\\/tienda\\\/?s={search_term_string}\"},\"query-input\":{\"@type\":\"PropertyValueSpecification\",\"valueRequired\":true,\"valueName\":\"search_term_string\"}}],\"inLanguage\":\"es\"},{\"@type\":\"Organization\",\"@id\":\"https:\\\/\\\/libreriaelerrante.com\\\/tienda\\\/#organization\",\"name\":\"Librer\u00eda El Errante\",\"url\":\"https:\\\/\\\/libreriaelerrante.com\\\/tienda\\\/\",\"logo\":{\"@type\":\"ImageObject\",\"inLanguage\":\"es\",\"@id\":\"https:\\\/\\\/libreriaelerrante.com\\\/tienda\\\/#\\\/schema\\\/logo\\\/image\\\/\",\"url\":\"https:\\\/\\\/libreriaelerrante.com\\\/tienda\\\/wp-content\\\/uploads\\\/2025\\\/05\\\/1-1.png\",\"contentUrl\":\"https:\\\/\\\/libreriaelerrante.com\\\/tienda\\\/wp-content\\\/uploads\\\/2025\\\/05\\\/1-1.png\",\"width\":512,\"height\":512,\"caption\":\"Librer\u00eda El Errante\"},\"image\":{\"@id\":\"https:\\\/\\\/libreriaelerrante.com\\\/tienda\\\/#\\\/schema\\\/logo\\\/image\\\/\"}}]}<\/script>\n<!-- \/ Yoast SEO plugin. -->","yoast_head_json":{"title":"El Dragon y el Camaleon 4 | Librer\u00eda El Errante","description":"El Drag\u00f3n y el Camale\u00f3n 4 de Ryo Ishiyama sigue explorando la relaci\u00f3n \u00fanica de los protagonistas con humor, emociones y aventuras sorprendentes.","robots":{"index":"index","follow":"follow","max-snippet":"max-snippet:-1","max-image-preview":"max-image-preview:large","max-video-preview":"max-video-preview:-1"},"canonical":"https:\/\/libreriaelerrante.com\/tienda\/el-dragon-y-el-camaleon-4\/","og_locale":"es_ES","og_type":"article","og_title":"El Dragon y el Camaleon 4 | Librer\u00eda El Errante","og_description":"El Drag\u00f3n y el Camale\u00f3n 4 de Ryo Ishiyama sigue explorando la relaci\u00f3n \u00fanica de los protagonistas con humor, emociones y aventuras sorprendentes.","og_url":"https:\/\/libreriaelerrante.com\/tienda\/el-dragon-y-el-camaleon-4\/","og_site_name":"Librer\u00eda El Errante","article_modified_time":"2026-04-28T16:07:13+00:00","og_image":[{"width":680,"height":1050,"url":"https:\/\/libreriaelerrante.com\/tienda\/wp-content\/uploads\/2025\/08\/el-dragon-y-el-camaleon-4.jpeg","type":"image\/jpeg"}],"twitter_card":"summary_large_image","twitter_misc":{"Tiempo de lectura":"1 minuto"},"schema":{"@context":"https:\/\/schema.org","@graph":[{"@type":"WebPage","@id":"https:\/\/libreriaelerrante.com\/tienda\/el-dragon-y-el-camaleon-4\/","url":"https:\/\/libreriaelerrante.com\/tienda\/el-dragon-y-el-camaleon-4\/","name":"El Dragon y el Camaleon 4 | Librer\u00eda El Errante","isPartOf":{"@id":"https:\/\/libreriaelerrante.com\/tienda\/#website"},"primaryImageOfPage":{"@id":"https:\/\/libreriaelerrante.com\/tienda\/el-dragon-y-el-camaleon-4\/#primaryimage"},"image":{"@id":"https:\/\/libreriaelerrante.com\/tienda\/el-dragon-y-el-camaleon-4\/#primaryimage"},"thumbnailUrl":"https:\/\/libreriaelerrante.com\/tienda\/wp-content\/uploads\/2025\/08\/el-dragon-y-el-camaleon-4.jpeg","datePublished":"2025-08-13T18:13:05+00:00","dateModified":"2026-04-28T16:07:13+00:00","description":"El Drag\u00f3n y el Camale\u00f3n 4 de Ryo Ishiyama sigue explorando la relaci\u00f3n \u00fanica de los protagonistas con humor, emociones y aventuras sorprendentes.","breadcrumb":{"@id":"https:\/\/libreriaelerrante.com\/tienda\/el-dragon-y-el-camaleon-4\/#breadcrumb"},"inLanguage":"es","potentialAction":[{"@type":"ReadAction","target":["https:\/\/libreriaelerrante.com\/tienda\/el-dragon-y-el-camaleon-4\/"]}]},{"@type":"ImageObject","inLanguage":"es","@id":"https:\/\/libreriaelerrante.com\/tienda\/el-dragon-y-el-camaleon-4\/#primaryimage","url":"https:\/\/libreriaelerrante.com\/tienda\/wp-content\/uploads\/2025\/08\/el-dragon-y-el-camaleon-4.jpeg","contentUrl":"https:\/\/libreriaelerrante.com\/tienda\/wp-content\/uploads\/2025\/08\/el-dragon-y-el-camaleon-4.jpeg","width":680,"height":1050,"caption":"Portada El Drag\u00f3n y el Camale\u00f3n 4"},{"@type":"BreadcrumbList","@id":"https:\/\/libreriaelerrante.com\/tienda\/el-dragon-y-el-camaleon-4\/#breadcrumb","itemListElement":[{"@type":"ListItem","position":1,"name":"Inicio","item":"https:\/\/libreriaelerrante.com\/tienda\/"},{"@type":"ListItem","position":2,"name":"Productos","item":"https:\/\/libreriaelerrante.com\/tienda\/shop\/"},{"@type":"ListItem","position":3,"name":"Novedades Libros 2025","item":"https:\/\/libreriaelerrante.com\/tienda\/novedades-libros-2025\/"},{"@type":"ListItem","position":4,"name":"Novedades Agosto 2025","item":"https:\/\/libreriaelerrante.com\/tienda\/novedades-libros-2025\/novedades-agosto-2025\/"},{"@type":"ListItem","position":5,"name":"Novedades en Mangas","item":"https:\/\/libreriaelerrante.com\/tienda\/novedades-libros-2025\/novedades-agosto-2025\/novedades-en-mangas\/"},{"@type":"ListItem","position":6,"name":"El Dragon y el Camaleon 4"}]},{"@type":"WebSite","@id":"https:\/\/libreriaelerrante.com\/tienda\/#website","url":"https:\/\/libreriaelerrante.com\/tienda\/","name":"Librer\u00eda El Errante","description":"","publisher":{"@id":"https:\/\/libreriaelerrante.com\/tienda\/#organization"},"potentialAction":[{"@type":"SearchAction","target":{"@type":"EntryPoint","urlTemplate":"https:\/\/libreriaelerrante.com\/tienda\/?s={search_term_string}"},"query-input":{"@type":"PropertyValueSpecification","valueRequired":true,"valueName":"search_term_string"}}],"inLanguage":"es"},{"@type":"Organization","@id":"https:\/\/libreriaelerrante.com\/tienda\/#organization","name":"Librer\u00eda El Errante","url":"https:\/\/libreriaelerrante.com\/tienda\/","logo":{"@type":"ImageObject","inLanguage":"es","@id":"https:\/\/libreriaelerrante.com\/tienda\/#\/schema\/logo\/image\/","url":"https:\/\/libreriaelerrante.com\/tienda\/wp-content\/uploads\/2025\/05\/1-1.png","contentUrl":"https:\/\/libreriaelerrante.com\/tienda\/wp-content\/uploads\/2025\/05\/1-1.png","width":512,"height":512,"caption":"Librer\u00eda El Errante"},"image":{"@id":"https:\/\/libreriaelerrante.com\/tienda\/#\/schema\/logo\/image\/"}}]}},"_links":{"self":[{"href":"https:\/\/libreriaelerrante.com\/tienda\/wp-json\/wp\/v2\/product\/1052","targetHints":{"allow":["GET"]}}],"collection":[{"href":"https:\/\/libreriaelerrante.com\/tienda\/wp-json\/wp\/v2\/product"}],"about":[{"href":"https:\/\/libreriaelerrante.com\/tienda\/wp-json\/wp\/v2\/types\/product"}],"replies":[{"embeddable":true,"href":"https:\/\/libreriaelerrante.com\/tienda\/wp-json\/wp\/v2\/comments?post=1052"}],"wp:featuredmedia":[{"embeddable":true,"href":"https:\/\/libreriaelerrante.com\/tienda\/wp-json\/wp\/v2\/media\/1053"}],"wp:attachment":[{"href":"https:\/\/libreriaelerrante.com\/tienda\/wp-json\/wp\/v2\/media?parent=1052"}],"wp:term":[{"taxonomy":"product_brand","embeddable":true,"href":"https:\/\/libreriaelerrante.com\/tienda\/wp-json\/wp\/v2\/product_brand?post=1052"},{"taxonomy":"product_cat","embeddable":true,"href":"https:\/\/libreriaelerrante.com\/tienda\/wp-json\/wp\/v2\/product_cat?post=1052"},{"taxonomy":"product_tag","embeddable":true,"href":"https:\/\/libreriaelerrante.com\/tienda\/wp-json\/wp\/v2\/product_tag?post=1052"}],"curies":[{"name":"wp","href":"https:\/\/api.w.org\/{rel}","templated":true}]}}