{"id":1048,"date":"2025-08-13T19:38:06","date_gmt":"2025-08-13T17:38:06","guid":{"rendered":"https:\/\/libreriaelerrante.com\/tienda\/?post_type=product&#038;p=1048"},"modified":"2026-04-28T18:07:05","modified_gmt":"2026-04-28T16:07:05","slug":"el-verano-que-vivimos-peligrosamente","status":"publish","type":"product","link":"https:\/\/libreriaelerrante.com\/tienda\/el-verano-que-vivimos-peligrosamente\/","title":{"rendered":"El verano que vivimos peligrosamente"},"content":{"rendered":"","protected":false},"excerpt":{"rendered":"<h2>Sinopsis<\/h2>\n<p>Un empresario de \u00e9xito, que en 2022 cuenta con cincuenta a\u00f1os, sufre una profunda depresi\u00f3n. Anhela regresar a la ni\u00f1ez y revertir sus decisiones.<br \/>\nConsigue pactar con una entidad sobrenatural el retroceder a 1984 y repetir su ni\u00f1ez en el barrio de Meixonfr\u00edo, en Santiago de Compostela, aunque conservando su mentalidad adulta. Se reencuentra con familiares y antiguos amigos y revive aventuras propias de los a\u00f1os ochenta. Efect\u00faa comparaciones entre el pasado y la d\u00e9cada de 2020 y reflexiona sobre la felicidad, el sentido de la vida, el valor de lo sencillo y lo que se pierde al convertirse en adulto.<br \/>\nPero, no todo ser\u00e1n dichosos acontecimientos. El pacto suscrito conlleva la obligaci\u00f3n de arrebatar una vida. Sin \u00e1nimo de cometer un asesinato, aprovecha la peligrosidad de los juegos infantiles de la \u00e9poca para intentar que alg\u00fan amigo fallezca \u00abaccidentalmente\u00bb.<\/p>\n","protected":false},"featured_media":1049,"comment_status":"open","ping_status":"closed","template":"","meta":{"iawp_total_views":0},"product_brand":[],"product_cat":[24,248,327,95,19],"product_tag":[],"class_list":{"0":"post-1048","1":"product","2":"type-product","3":"status-publish","4":"has-post-thumbnail","6":"product_cat-ficcion","7":"product_cat-novedades-agosto-2025","8":"product_cat-novedades-en-libros","9":"product_cat-novedades-libros-2025","10":"product_cat-novelas","11":"pa_autor-jesus-garcia-araque","13":"first","14":"outofstock","15":"sale","16":"shipping-taxable","17":"purchasable","18":"product-type-simple"},"yoast_head":"<!-- This site is optimized with the Yoast SEO plugin v27.4 - https:\/\/yoast.com\/product\/yoast-seo-wordpress\/ -->\n<title>El verano que vivimos peligrosamente | Librer\u00eda El Errante<\/title>\n<meta name=\"description\" content=\"En El verano que vivimos peligrosamente, Jes\u00fas Garc\u00eda Araque revive una temporada intensa marcada por aventuras, riesgos y emociones inolvidables.\" \/>\n<meta name=\"robots\" content=\"index, follow, max-snippet:-1, max-image-preview:large, max-video-preview:-1\" \/>\n<link rel=\"canonical\" href=\"https:\/\/libreriaelerrante.com\/tienda\/el-verano-que-vivimos-peligrosamente\/\" \/>\n<meta property=\"og:locale\" content=\"es_ES\" \/>\n<meta property=\"og:type\" content=\"article\" \/>\n<meta property=\"og:title\" content=\"El verano que vivimos peligrosamente | Librer\u00eda El Errante\" \/>\n<meta property=\"og:description\" content=\"En El verano que vivimos peligrosamente, Jes\u00fas Garc\u00eda Araque revive una temporada intensa marcada por aventuras, riesgos y emociones inolvidables.\" \/>\n<meta property=\"og:url\" content=\"https:\/\/libreriaelerrante.com\/tienda\/el-verano-que-vivimos-peligrosamente\/\" \/>\n<meta property=\"og:site_name\" content=\"Librer\u00eda El Errante\" \/>\n<meta property=\"article:modified_time\" content=\"2026-04-28T16:07:05+00:00\" \/>\n<meta property=\"og:image\" content=\"https:\/\/libreriaelerrante.com\/tienda\/wp-content\/uploads\/2025\/08\/el-verano-que-vivimos-peligrosamente.jpeg\" \/>\n\t<meta property=\"og:image:width\" content=\"680\" \/>\n\t<meta property=\"og:image:height\" content=\"1050\" \/>\n\t<meta property=\"og:image:type\" content=\"image\/jpeg\" \/>\n<meta name=\"twitter:card\" content=\"summary_large_image\" \/>\n<meta name=\"twitter:label1\" content=\"Tiempo de lectura\" \/>\n\t<meta name=\"twitter:data1\" content=\"1 minuto\" \/>\n<script type=\"application\/ld+json\" class=\"yoast-schema-graph\">{\"@context\":\"https:\\\/\\\/schema.org\",\"@graph\":[{\"@type\":\"WebPage\",\"@id\":\"https:\\\/\\\/libreriaelerrante.com\\\/tienda\\\/el-verano-que-vivimos-peligrosamente\\\/\",\"url\":\"https:\\\/\\\/libreriaelerrante.com\\\/tienda\\\/el-verano-que-vivimos-peligrosamente\\\/\",\"name\":\"El verano que vivimos peligrosamente | Librer\u00eda El Errante\",\"isPartOf\":{\"@id\":\"https:\\\/\\\/libreriaelerrante.com\\\/tienda\\\/#website\"},\"primaryImageOfPage\":{\"@id\":\"https:\\\/\\\/libreriaelerrante.com\\\/tienda\\\/el-verano-que-vivimos-peligrosamente\\\/#primaryimage\"},\"image\":{\"@id\":\"https:\\\/\\\/libreriaelerrante.com\\\/tienda\\\/el-verano-que-vivimos-peligrosamente\\\/#primaryimage\"},\"thumbnailUrl\":\"https:\\\/\\\/libreriaelerrante.com\\\/tienda\\\/wp-content\\\/uploads\\\/2025\\\/08\\\/el-verano-que-vivimos-peligrosamente.jpeg\",\"datePublished\":\"2025-08-13T17:38:06+00:00\",\"dateModified\":\"2026-04-28T16:07:05+00:00\",\"description\":\"En El verano que vivimos peligrosamente, Jes\u00fas Garc\u00eda Araque revive una temporada intensa marcada por aventuras, riesgos y emociones inolvidables.\",\"breadcrumb\":{\"@id\":\"https:\\\/\\\/libreriaelerrante.com\\\/tienda\\\/el-verano-que-vivimos-peligrosamente\\\/#breadcrumb\"},\"inLanguage\":\"es\",\"potentialAction\":[{\"@type\":\"ReadAction\",\"target\":[\"https:\\\/\\\/libreriaelerrante.com\\\/tienda\\\/el-verano-que-vivimos-peligrosamente\\\/\"]}]},{\"@type\":\"ImageObject\",\"inLanguage\":\"es\",\"@id\":\"https:\\\/\\\/libreriaelerrante.com\\\/tienda\\\/el-verano-que-vivimos-peligrosamente\\\/#primaryimage\",\"url\":\"https:\\\/\\\/libreriaelerrante.com\\\/tienda\\\/wp-content\\\/uploads\\\/2025\\\/08\\\/el-verano-que-vivimos-peligrosamente.jpeg\",\"contentUrl\":\"https:\\\/\\\/libreriaelerrante.com\\\/tienda\\\/wp-content\\\/uploads\\\/2025\\\/08\\\/el-verano-que-vivimos-peligrosamente.jpeg\",\"width\":680,\"height\":1050,\"caption\":\"Portada El verano que vivimos peligrosamente\"},{\"@type\":\"BreadcrumbList\",\"@id\":\"https:\\\/\\\/libreriaelerrante.com\\\/tienda\\\/el-verano-que-vivimos-peligrosamente\\\/#breadcrumb\",\"itemListElement\":[{\"@type\":\"ListItem\",\"position\":1,\"name\":\"Inicio\",\"item\":\"https:\\\/\\\/libreriaelerrante.com\\\/tienda\\\/\"},{\"@type\":\"ListItem\",\"position\":2,\"name\":\"Productos\",\"item\":\"https:\\\/\\\/libreriaelerrante.com\\\/tienda\\\/shop\\\/\"},{\"@type\":\"ListItem\",\"position\":3,\"name\":\"Novedades Libros 2025\",\"item\":\"https:\\\/\\\/libreriaelerrante.com\\\/tienda\\\/novedades-libros-2025\\\/\"},{\"@type\":\"ListItem\",\"position\":4,\"name\":\"Novedades Agosto 2025\",\"item\":\"https:\\\/\\\/libreriaelerrante.com\\\/tienda\\\/novedades-libros-2025\\\/novedades-agosto-2025\\\/\"},{\"@type\":\"ListItem\",\"position\":5,\"name\":\"Novedades en Libros\",\"item\":\"https:\\\/\\\/libreriaelerrante.com\\\/tienda\\\/novedades-libros-2025\\\/novedades-agosto-2025\\\/novedades-en-libros\\\/\"},{\"@type\":\"ListItem\",\"position\":6,\"name\":\"El verano que vivimos peligrosamente\"}]},{\"@type\":\"WebSite\",\"@id\":\"https:\\\/\\\/libreriaelerrante.com\\\/tienda\\\/#website\",\"url\":\"https:\\\/\\\/libreriaelerrante.com\\\/tienda\\\/\",\"name\":\"Librer\u00eda El Errante\",\"description\":\"\",\"publisher\":{\"@id\":\"https:\\\/\\\/libreriaelerrante.com\\\/tienda\\\/#organization\"},\"potentialAction\":[{\"@type\":\"SearchAction\",\"target\":{\"@type\":\"EntryPoint\",\"urlTemplate\":\"https:\\\/\\\/libreriaelerrante.com\\\/tienda\\\/?s={search_term_string}\"},\"query-input\":{\"@type\":\"PropertyValueSpecification\",\"valueRequired\":true,\"valueName\":\"search_term_string\"}}],\"inLanguage\":\"es\"},{\"@type\":\"Organization\",\"@id\":\"https:\\\/\\\/libreriaelerrante.com\\\/tienda\\\/#organization\",\"name\":\"Librer\u00eda El Errante\",\"url\":\"https:\\\/\\\/libreriaelerrante.com\\\/tienda\\\/\",\"logo\":{\"@type\":\"ImageObject\",\"inLanguage\":\"es\",\"@id\":\"https:\\\/\\\/libreriaelerrante.com\\\/tienda\\\/#\\\/schema\\\/logo\\\/image\\\/\",\"url\":\"https:\\\/\\\/libreriaelerrante.com\\\/tienda\\\/wp-content\\\/uploads\\\/2025\\\/05\\\/1-1.png\",\"contentUrl\":\"https:\\\/\\\/libreriaelerrante.com\\\/tienda\\\/wp-content\\\/uploads\\\/2025\\\/05\\\/1-1.png\",\"width\":512,\"height\":512,\"caption\":\"Librer\u00eda El Errante\"},\"image\":{\"@id\":\"https:\\\/\\\/libreriaelerrante.com\\\/tienda\\\/#\\\/schema\\\/logo\\\/image\\\/\"}}]}<\/script>\n<!-- \/ Yoast SEO plugin. -->","yoast_head_json":{"title":"El verano que vivimos peligrosamente | Librer\u00eda El Errante","description":"En El verano que vivimos peligrosamente, Jes\u00fas Garc\u00eda Araque revive una temporada intensa marcada por aventuras, riesgos y emociones inolvidables.","robots":{"index":"index","follow":"follow","max-snippet":"max-snippet:-1","max-image-preview":"max-image-preview:large","max-video-preview":"max-video-preview:-1"},"canonical":"https:\/\/libreriaelerrante.com\/tienda\/el-verano-que-vivimos-peligrosamente\/","og_locale":"es_ES","og_type":"article","og_title":"El verano que vivimos peligrosamente | Librer\u00eda El Errante","og_description":"En El verano que vivimos peligrosamente, Jes\u00fas Garc\u00eda Araque revive una temporada intensa marcada por aventuras, riesgos y emociones inolvidables.","og_url":"https:\/\/libreriaelerrante.com\/tienda\/el-verano-que-vivimos-peligrosamente\/","og_site_name":"Librer\u00eda El Errante","article_modified_time":"2026-04-28T16:07:05+00:00","og_image":[{"width":680,"height":1050,"url":"https:\/\/libreriaelerrante.com\/tienda\/wp-content\/uploads\/2025\/08\/el-verano-que-vivimos-peligrosamente.jpeg","type":"image\/jpeg"}],"twitter_card":"summary_large_image","twitter_misc":{"Tiempo de lectura":"1 minuto"},"schema":{"@context":"https:\/\/schema.org","@graph":[{"@type":"WebPage","@id":"https:\/\/libreriaelerrante.com\/tienda\/el-verano-que-vivimos-peligrosamente\/","url":"https:\/\/libreriaelerrante.com\/tienda\/el-verano-que-vivimos-peligrosamente\/","name":"El verano que vivimos peligrosamente | Librer\u00eda El Errante","isPartOf":{"@id":"https:\/\/libreriaelerrante.com\/tienda\/#website"},"primaryImageOfPage":{"@id":"https:\/\/libreriaelerrante.com\/tienda\/el-verano-que-vivimos-peligrosamente\/#primaryimage"},"image":{"@id":"https:\/\/libreriaelerrante.com\/tienda\/el-verano-que-vivimos-peligrosamente\/#primaryimage"},"thumbnailUrl":"https:\/\/libreriaelerrante.com\/tienda\/wp-content\/uploads\/2025\/08\/el-verano-que-vivimos-peligrosamente.jpeg","datePublished":"2025-08-13T17:38:06+00:00","dateModified":"2026-04-28T16:07:05+00:00","description":"En El verano que vivimos peligrosamente, Jes\u00fas Garc\u00eda Araque revive una temporada intensa marcada por aventuras, riesgos y emociones inolvidables.","breadcrumb":{"@id":"https:\/\/libreriaelerrante.com\/tienda\/el-verano-que-vivimos-peligrosamente\/#breadcrumb"},"inLanguage":"es","potentialAction":[{"@type":"ReadAction","target":["https:\/\/libreriaelerrante.com\/tienda\/el-verano-que-vivimos-peligrosamente\/"]}]},{"@type":"ImageObject","inLanguage":"es","@id":"https:\/\/libreriaelerrante.com\/tienda\/el-verano-que-vivimos-peligrosamente\/#primaryimage","url":"https:\/\/libreriaelerrante.com\/tienda\/wp-content\/uploads\/2025\/08\/el-verano-que-vivimos-peligrosamente.jpeg","contentUrl":"https:\/\/libreriaelerrante.com\/tienda\/wp-content\/uploads\/2025\/08\/el-verano-que-vivimos-peligrosamente.jpeg","width":680,"height":1050,"caption":"Portada El verano que vivimos peligrosamente"},{"@type":"BreadcrumbList","@id":"https:\/\/libreriaelerrante.com\/tienda\/el-verano-que-vivimos-peligrosamente\/#breadcrumb","itemListElement":[{"@type":"ListItem","position":1,"name":"Inicio","item":"https:\/\/libreriaelerrante.com\/tienda\/"},{"@type":"ListItem","position":2,"name":"Productos","item":"https:\/\/libreriaelerrante.com\/tienda\/shop\/"},{"@type":"ListItem","position":3,"name":"Novedades Libros 2025","item":"https:\/\/libreriaelerrante.com\/tienda\/novedades-libros-2025\/"},{"@type":"ListItem","position":4,"name":"Novedades Agosto 2025","item":"https:\/\/libreriaelerrante.com\/tienda\/novedades-libros-2025\/novedades-agosto-2025\/"},{"@type":"ListItem","position":5,"name":"Novedades en Libros","item":"https:\/\/libreriaelerrante.com\/tienda\/novedades-libros-2025\/novedades-agosto-2025\/novedades-en-libros\/"},{"@type":"ListItem","position":6,"name":"El verano que vivimos peligrosamente"}]},{"@type":"WebSite","@id":"https:\/\/libreriaelerrante.com\/tienda\/#website","url":"https:\/\/libreriaelerrante.com\/tienda\/","name":"Librer\u00eda El Errante","description":"","publisher":{"@id":"https:\/\/libreriaelerrante.com\/tienda\/#organization"},"potentialAction":[{"@type":"SearchAction","target":{"@type":"EntryPoint","urlTemplate":"https:\/\/libreriaelerrante.com\/tienda\/?s={search_term_string}"},"query-input":{"@type":"PropertyValueSpecification","valueRequired":true,"valueName":"search_term_string"}}],"inLanguage":"es"},{"@type":"Organization","@id":"https:\/\/libreriaelerrante.com\/tienda\/#organization","name":"Librer\u00eda El Errante","url":"https:\/\/libreriaelerrante.com\/tienda\/","logo":{"@type":"ImageObject","inLanguage":"es","@id":"https:\/\/libreriaelerrante.com\/tienda\/#\/schema\/logo\/image\/","url":"https:\/\/libreriaelerrante.com\/tienda\/wp-content\/uploads\/2025\/05\/1-1.png","contentUrl":"https:\/\/libreriaelerrante.com\/tienda\/wp-content\/uploads\/2025\/05\/1-1.png","width":512,"height":512,"caption":"Librer\u00eda El Errante"},"image":{"@id":"https:\/\/libreriaelerrante.com\/tienda\/#\/schema\/logo\/image\/"}}]}},"_links":{"self":[{"href":"https:\/\/libreriaelerrante.com\/tienda\/wp-json\/wp\/v2\/product\/1048","targetHints":{"allow":["GET"]}}],"collection":[{"href":"https:\/\/libreriaelerrante.com\/tienda\/wp-json\/wp\/v2\/product"}],"about":[{"href":"https:\/\/libreriaelerrante.com\/tienda\/wp-json\/wp\/v2\/types\/product"}],"replies":[{"embeddable":true,"href":"https:\/\/libreriaelerrante.com\/tienda\/wp-json\/wp\/v2\/comments?post=1048"}],"wp:featuredmedia":[{"embeddable":true,"href":"https:\/\/libreriaelerrante.com\/tienda\/wp-json\/wp\/v2\/media\/1049"}],"wp:attachment":[{"href":"https:\/\/libreriaelerrante.com\/tienda\/wp-json\/wp\/v2\/media?parent=1048"}],"wp:term":[{"taxonomy":"product_brand","embeddable":true,"href":"https:\/\/libreriaelerrante.com\/tienda\/wp-json\/wp\/v2\/product_brand?post=1048"},{"taxonomy":"product_cat","embeddable":true,"href":"https:\/\/libreriaelerrante.com\/tienda\/wp-json\/wp\/v2\/product_cat?post=1048"},{"taxonomy":"product_tag","embeddable":true,"href":"https:\/\/libreriaelerrante.com\/tienda\/wp-json\/wp\/v2\/product_tag?post=1048"}],"curies":[{"name":"wp","href":"https:\/\/api.w.org\/{rel}","templated":true}]}}