{"id":1030,"date":"2025-08-13T17:33:54","date_gmt":"2025-08-13T15:33:54","guid":{"rendered":"https:\/\/libreriaelerrante.com\/tienda\/?post_type=product&#038;p=1030"},"modified":"2026-04-28T18:05:46","modified_gmt":"2026-04-28T16:05:46","slug":"la-ultima-peregrina","status":"publish","type":"product","link":"https:\/\/libreriaelerrante.com\/tienda\/la-ultima-peregrina\/","title":{"rendered":"La Ultima Peregrina"},"content":{"rendered":"","protected":false},"excerpt":{"rendered":"<h2>Sinopsis<\/h2>\n<p>Caedwyn, el reino de cadenas colosales, se sostiene en el firmamento y, con cada nuevo amanecer, despierta en un et\u00e9reo mar de nubes. En el pasado, la palabra de la profeta Odeni dio origen a los grandes peregrinajes que delimitaron el mism\u00edsimo horizonte. Ahora, son pocos los peregrinos que recorren los caminos de los antiguos h\u00e9roes. Fueron cuatro archiperegrinos los que partieron con la tarea de dar con el fin del mundo. Y as\u00ed, abandonaron la capital anillada de Aon Pristil para no volver jam\u00e1s. Los siglos han sepultado a estos h\u00e9roes bajo mitos e historias inciertas y la historia los releg\u00f3 a meras curiosidades del pasado.<\/p>\n","protected":false},"featured_media":1031,"comment_status":"open","ping_status":"closed","template":"","meta":{"iawp_total_views":1},"product_brand":[],"product_cat":[24,248,327,95,19],"product_tag":[],"class_list":{"0":"post-1030","1":"product","2":"type-product","3":"status-publish","4":"has-post-thumbnail","6":"product_cat-ficcion","7":"product_cat-novedades-agosto-2025","8":"product_cat-novedades-en-libros","9":"product_cat-novedades-libros-2025","10":"product_cat-novelas","11":"pa_autor-kuasar-lutece","13":"first","14":"outofstock","15":"sale","16":"shipping-taxable","17":"purchasable","18":"product-type-simple"},"yoast_head":"<!-- This site is optimized with the Yoast SEO plugin v27.4 - https:\/\/yoast.com\/product\/yoast-seo-wordpress\/ -->\n<title>La Ultima Peregrina | Librer\u00eda El Errante<\/title>\n<meta name=\"description\" content=\"En La \u00faltima peregrina, Ku\u00e1sar Lutece narra un viaje de fe, misterio y descubrimiento personal a trav\u00e9s de caminos antiguos y secretos revelados.\" \/>\n<meta name=\"robots\" content=\"index, follow, max-snippet:-1, max-image-preview:large, max-video-preview:-1\" \/>\n<link rel=\"canonical\" href=\"https:\/\/libreriaelerrante.com\/tienda\/la-ultima-peregrina\/\" \/>\n<meta property=\"og:locale\" content=\"es_ES\" \/>\n<meta property=\"og:type\" content=\"article\" \/>\n<meta property=\"og:title\" content=\"La Ultima Peregrina | Librer\u00eda El Errante\" \/>\n<meta property=\"og:description\" content=\"En La \u00faltima peregrina, Ku\u00e1sar Lutece narra un viaje de fe, misterio y descubrimiento personal a trav\u00e9s de caminos antiguos y secretos revelados.\" \/>\n<meta property=\"og:url\" content=\"https:\/\/libreriaelerrante.com\/tienda\/la-ultima-peregrina\/\" \/>\n<meta property=\"og:site_name\" content=\"Librer\u00eda El Errante\" \/>\n<meta property=\"article:modified_time\" content=\"2026-04-28T16:05:46+00:00\" \/>\n<meta property=\"og:image\" content=\"https:\/\/libreriaelerrante.com\/tienda\/wp-content\/uploads\/2025\/08\/la-ultima-peregrina.jpeg\" \/>\n\t<meta property=\"og:image:width\" content=\"680\" \/>\n\t<meta property=\"og:image:height\" content=\"1050\" \/>\n\t<meta property=\"og:image:type\" content=\"image\/jpeg\" \/>\n<meta name=\"twitter:card\" content=\"summary_large_image\" \/>\n<meta name=\"twitter:label1\" content=\"Tiempo de lectura\" \/>\n\t<meta name=\"twitter:data1\" content=\"1 minuto\" \/>\n<script type=\"application\/ld+json\" class=\"yoast-schema-graph\">{\"@context\":\"https:\\\/\\\/schema.org\",\"@graph\":[{\"@type\":\"WebPage\",\"@id\":\"https:\\\/\\\/libreriaelerrante.com\\\/tienda\\\/la-ultima-peregrina\\\/\",\"url\":\"https:\\\/\\\/libreriaelerrante.com\\\/tienda\\\/la-ultima-peregrina\\\/\",\"name\":\"La Ultima Peregrina | Librer\u00eda El Errante\",\"isPartOf\":{\"@id\":\"https:\\\/\\\/libreriaelerrante.com\\\/tienda\\\/#website\"},\"primaryImageOfPage\":{\"@id\":\"https:\\\/\\\/libreriaelerrante.com\\\/tienda\\\/la-ultima-peregrina\\\/#primaryimage\"},\"image\":{\"@id\":\"https:\\\/\\\/libreriaelerrante.com\\\/tienda\\\/la-ultima-peregrina\\\/#primaryimage\"},\"thumbnailUrl\":\"https:\\\/\\\/libreriaelerrante.com\\\/tienda\\\/wp-content\\\/uploads\\\/2025\\\/08\\\/la-ultima-peregrina.jpeg\",\"datePublished\":\"2025-08-13T15:33:54+00:00\",\"dateModified\":\"2026-04-28T16:05:46+00:00\",\"description\":\"En La \u00faltima peregrina, Ku\u00e1sar Lutece narra un viaje de fe, misterio y descubrimiento personal a trav\u00e9s de caminos antiguos y secretos revelados.\",\"breadcrumb\":{\"@id\":\"https:\\\/\\\/libreriaelerrante.com\\\/tienda\\\/la-ultima-peregrina\\\/#breadcrumb\"},\"inLanguage\":\"es\",\"potentialAction\":[{\"@type\":\"ReadAction\",\"target\":[\"https:\\\/\\\/libreriaelerrante.com\\\/tienda\\\/la-ultima-peregrina\\\/\"]}]},{\"@type\":\"ImageObject\",\"inLanguage\":\"es\",\"@id\":\"https:\\\/\\\/libreriaelerrante.com\\\/tienda\\\/la-ultima-peregrina\\\/#primaryimage\",\"url\":\"https:\\\/\\\/libreriaelerrante.com\\\/tienda\\\/wp-content\\\/uploads\\\/2025\\\/08\\\/la-ultima-peregrina.jpeg\",\"contentUrl\":\"https:\\\/\\\/libreriaelerrante.com\\\/tienda\\\/wp-content\\\/uploads\\\/2025\\\/08\\\/la-ultima-peregrina.jpeg\",\"width\":680,\"height\":1050,\"caption\":\"Portada LA \u00daltima Peregrina\"},{\"@type\":\"BreadcrumbList\",\"@id\":\"https:\\\/\\\/libreriaelerrante.com\\\/tienda\\\/la-ultima-peregrina\\\/#breadcrumb\",\"itemListElement\":[{\"@type\":\"ListItem\",\"position\":1,\"name\":\"Inicio\",\"item\":\"https:\\\/\\\/libreriaelerrante.com\\\/tienda\\\/\"},{\"@type\":\"ListItem\",\"position\":2,\"name\":\"Productos\",\"item\":\"https:\\\/\\\/libreriaelerrante.com\\\/tienda\\\/shop\\\/\"},{\"@type\":\"ListItem\",\"position\":3,\"name\":\"Novedades Libros 2025\",\"item\":\"https:\\\/\\\/libreriaelerrante.com\\\/tienda\\\/novedades-libros-2025\\\/\"},{\"@type\":\"ListItem\",\"position\":4,\"name\":\"Novedades Agosto 2025\",\"item\":\"https:\\\/\\\/libreriaelerrante.com\\\/tienda\\\/novedades-libros-2025\\\/novedades-agosto-2025\\\/\"},{\"@type\":\"ListItem\",\"position\":5,\"name\":\"Novedades en Libros\",\"item\":\"https:\\\/\\\/libreriaelerrante.com\\\/tienda\\\/novedades-libros-2025\\\/novedades-agosto-2025\\\/novedades-en-libros\\\/\"},{\"@type\":\"ListItem\",\"position\":6,\"name\":\"La Ultima Peregrina\"}]},{\"@type\":\"WebSite\",\"@id\":\"https:\\\/\\\/libreriaelerrante.com\\\/tienda\\\/#website\",\"url\":\"https:\\\/\\\/libreriaelerrante.com\\\/tienda\\\/\",\"name\":\"Librer\u00eda El Errante\",\"description\":\"\",\"publisher\":{\"@id\":\"https:\\\/\\\/libreriaelerrante.com\\\/tienda\\\/#organization\"},\"potentialAction\":[{\"@type\":\"SearchAction\",\"target\":{\"@type\":\"EntryPoint\",\"urlTemplate\":\"https:\\\/\\\/libreriaelerrante.com\\\/tienda\\\/?s={search_term_string}\"},\"query-input\":{\"@type\":\"PropertyValueSpecification\",\"valueRequired\":true,\"valueName\":\"search_term_string\"}}],\"inLanguage\":\"es\"},{\"@type\":\"Organization\",\"@id\":\"https:\\\/\\\/libreriaelerrante.com\\\/tienda\\\/#organization\",\"name\":\"Librer\u00eda El Errante\",\"url\":\"https:\\\/\\\/libreriaelerrante.com\\\/tienda\\\/\",\"logo\":{\"@type\":\"ImageObject\",\"inLanguage\":\"es\",\"@id\":\"https:\\\/\\\/libreriaelerrante.com\\\/tienda\\\/#\\\/schema\\\/logo\\\/image\\\/\",\"url\":\"https:\\\/\\\/libreriaelerrante.com\\\/tienda\\\/wp-content\\\/uploads\\\/2025\\\/05\\\/1-1.png\",\"contentUrl\":\"https:\\\/\\\/libreriaelerrante.com\\\/tienda\\\/wp-content\\\/uploads\\\/2025\\\/05\\\/1-1.png\",\"width\":512,\"height\":512,\"caption\":\"Librer\u00eda El Errante\"},\"image\":{\"@id\":\"https:\\\/\\\/libreriaelerrante.com\\\/tienda\\\/#\\\/schema\\\/logo\\\/image\\\/\"}}]}<\/script>\n<!-- \/ Yoast SEO plugin. -->","yoast_head_json":{"title":"La Ultima Peregrina | Librer\u00eda El Errante","description":"En La \u00faltima peregrina, Ku\u00e1sar Lutece narra un viaje de fe, misterio y descubrimiento personal a trav\u00e9s de caminos antiguos y secretos revelados.","robots":{"index":"index","follow":"follow","max-snippet":"max-snippet:-1","max-image-preview":"max-image-preview:large","max-video-preview":"max-video-preview:-1"},"canonical":"https:\/\/libreriaelerrante.com\/tienda\/la-ultima-peregrina\/","og_locale":"es_ES","og_type":"article","og_title":"La Ultima Peregrina | Librer\u00eda El Errante","og_description":"En La \u00faltima peregrina, Ku\u00e1sar Lutece narra un viaje de fe, misterio y descubrimiento personal a trav\u00e9s de caminos antiguos y secretos revelados.","og_url":"https:\/\/libreriaelerrante.com\/tienda\/la-ultima-peregrina\/","og_site_name":"Librer\u00eda El Errante","article_modified_time":"2026-04-28T16:05:46+00:00","og_image":[{"width":680,"height":1050,"url":"https:\/\/libreriaelerrante.com\/tienda\/wp-content\/uploads\/2025\/08\/la-ultima-peregrina.jpeg","type":"image\/jpeg"}],"twitter_card":"summary_large_image","twitter_misc":{"Tiempo de lectura":"1 minuto"},"schema":{"@context":"https:\/\/schema.org","@graph":[{"@type":"WebPage","@id":"https:\/\/libreriaelerrante.com\/tienda\/la-ultima-peregrina\/","url":"https:\/\/libreriaelerrante.com\/tienda\/la-ultima-peregrina\/","name":"La Ultima Peregrina | Librer\u00eda El Errante","isPartOf":{"@id":"https:\/\/libreriaelerrante.com\/tienda\/#website"},"primaryImageOfPage":{"@id":"https:\/\/libreriaelerrante.com\/tienda\/la-ultima-peregrina\/#primaryimage"},"image":{"@id":"https:\/\/libreriaelerrante.com\/tienda\/la-ultima-peregrina\/#primaryimage"},"thumbnailUrl":"https:\/\/libreriaelerrante.com\/tienda\/wp-content\/uploads\/2025\/08\/la-ultima-peregrina.jpeg","datePublished":"2025-08-13T15:33:54+00:00","dateModified":"2026-04-28T16:05:46+00:00","description":"En La \u00faltima peregrina, Ku\u00e1sar Lutece narra un viaje de fe, misterio y descubrimiento personal a trav\u00e9s de caminos antiguos y secretos revelados.","breadcrumb":{"@id":"https:\/\/libreriaelerrante.com\/tienda\/la-ultima-peregrina\/#breadcrumb"},"inLanguage":"es","potentialAction":[{"@type":"ReadAction","target":["https:\/\/libreriaelerrante.com\/tienda\/la-ultima-peregrina\/"]}]},{"@type":"ImageObject","inLanguage":"es","@id":"https:\/\/libreriaelerrante.com\/tienda\/la-ultima-peregrina\/#primaryimage","url":"https:\/\/libreriaelerrante.com\/tienda\/wp-content\/uploads\/2025\/08\/la-ultima-peregrina.jpeg","contentUrl":"https:\/\/libreriaelerrante.com\/tienda\/wp-content\/uploads\/2025\/08\/la-ultima-peregrina.jpeg","width":680,"height":1050,"caption":"Portada LA \u00daltima Peregrina"},{"@type":"BreadcrumbList","@id":"https:\/\/libreriaelerrante.com\/tienda\/la-ultima-peregrina\/#breadcrumb","itemListElement":[{"@type":"ListItem","position":1,"name":"Inicio","item":"https:\/\/libreriaelerrante.com\/tienda\/"},{"@type":"ListItem","position":2,"name":"Productos","item":"https:\/\/libreriaelerrante.com\/tienda\/shop\/"},{"@type":"ListItem","position":3,"name":"Novedades Libros 2025","item":"https:\/\/libreriaelerrante.com\/tienda\/novedades-libros-2025\/"},{"@type":"ListItem","position":4,"name":"Novedades Agosto 2025","item":"https:\/\/libreriaelerrante.com\/tienda\/novedades-libros-2025\/novedades-agosto-2025\/"},{"@type":"ListItem","position":5,"name":"Novedades en Libros","item":"https:\/\/libreriaelerrante.com\/tienda\/novedades-libros-2025\/novedades-agosto-2025\/novedades-en-libros\/"},{"@type":"ListItem","position":6,"name":"La Ultima Peregrina"}]},{"@type":"WebSite","@id":"https:\/\/libreriaelerrante.com\/tienda\/#website","url":"https:\/\/libreriaelerrante.com\/tienda\/","name":"Librer\u00eda El Errante","description":"","publisher":{"@id":"https:\/\/libreriaelerrante.com\/tienda\/#organization"},"potentialAction":[{"@type":"SearchAction","target":{"@type":"EntryPoint","urlTemplate":"https:\/\/libreriaelerrante.com\/tienda\/?s={search_term_string}"},"query-input":{"@type":"PropertyValueSpecification","valueRequired":true,"valueName":"search_term_string"}}],"inLanguage":"es"},{"@type":"Organization","@id":"https:\/\/libreriaelerrante.com\/tienda\/#organization","name":"Librer\u00eda El Errante","url":"https:\/\/libreriaelerrante.com\/tienda\/","logo":{"@type":"ImageObject","inLanguage":"es","@id":"https:\/\/libreriaelerrante.com\/tienda\/#\/schema\/logo\/image\/","url":"https:\/\/libreriaelerrante.com\/tienda\/wp-content\/uploads\/2025\/05\/1-1.png","contentUrl":"https:\/\/libreriaelerrante.com\/tienda\/wp-content\/uploads\/2025\/05\/1-1.png","width":512,"height":512,"caption":"Librer\u00eda El Errante"},"image":{"@id":"https:\/\/libreriaelerrante.com\/tienda\/#\/schema\/logo\/image\/"}}]}},"_links":{"self":[{"href":"https:\/\/libreriaelerrante.com\/tienda\/wp-json\/wp\/v2\/product\/1030","targetHints":{"allow":["GET"]}}],"collection":[{"href":"https:\/\/libreriaelerrante.com\/tienda\/wp-json\/wp\/v2\/product"}],"about":[{"href":"https:\/\/libreriaelerrante.com\/tienda\/wp-json\/wp\/v2\/types\/product"}],"replies":[{"embeddable":true,"href":"https:\/\/libreriaelerrante.com\/tienda\/wp-json\/wp\/v2\/comments?post=1030"}],"wp:featuredmedia":[{"embeddable":true,"href":"https:\/\/libreriaelerrante.com\/tienda\/wp-json\/wp\/v2\/media\/1031"}],"wp:attachment":[{"href":"https:\/\/libreriaelerrante.com\/tienda\/wp-json\/wp\/v2\/media?parent=1030"}],"wp:term":[{"taxonomy":"product_brand","embeddable":true,"href":"https:\/\/libreriaelerrante.com\/tienda\/wp-json\/wp\/v2\/product_brand?post=1030"},{"taxonomy":"product_cat","embeddable":true,"href":"https:\/\/libreriaelerrante.com\/tienda\/wp-json\/wp\/v2\/product_cat?post=1030"},{"taxonomy":"product_tag","embeddable":true,"href":"https:\/\/libreriaelerrante.com\/tienda\/wp-json\/wp\/v2\/product_tag?post=1030"}],"curies":[{"name":"wp","href":"https:\/\/api.w.org\/{rel}","templated":true}]}}