{"id":627,"date":"2025-08-22T14:55:58","date_gmt":"2025-08-22T14:55:58","guid":{"rendered":"https:\/\/libreriaelerrante.com\/blog\/?page_id=627"},"modified":"2025-08-22T14:55:58","modified_gmt":"2025-08-22T14:55:58","slug":"santiago-posteguillo","status":"publish","type":"page","link":"https:\/\/libreriaelerrante.com\/blog\/santiago-posteguillo\/","title":{"rendered":"Santiago Posteguillo"},"content":{"rendered":"\n<h1 class=\"wp-block-heading has-text-align-center\">Santiago Posteguillo<\/h1>\n\n\n\n<div class=\"wp-block-media-text is-stacked-on-mobile is-vertically-aligned-top\"><figure class=\"wp-block-media-text__media\"><img loading=\"lazy\" decoding=\"async\" width=\"225\" height=\"300\" src=\"https:\/\/libreriaelerrante.com\/blog\/wp-content\/uploads\/2025\/08\/santiago-posteguillo.jpeg\" alt=\"\" class=\"wp-image-628 size-full\"\/><\/figure><div class=\"wp-block-media-text__content\">\n<p><strong>Santiago Posteguillo G\u00f3mez<\/strong>\u00a0(Valencia, 1967) es un escritor\u00a0espa\u00f1ol.<\/p>\n\n\n\n<p>Doctor europeo por la Universidad de Valencia, es en la actualidad profesor titular en la Universidad Jaume I de Castell\u00f3n. Ha estudiado literatura creativa en Estados Unidos, y ling\u00fc\u00edstica y traducci\u00f3n en diversas universidades del Reino Unido. En 2006 public\u00f3 su primera novela, A<em>fricanus: El hijo del c\u00f3nsul<\/em>, el inicio de una trilog\u00eda que continu\u00f3 con\u00a0<em>Las legiones malditas<\/em>\u00a0y\u00a0<em>La traici\u00f3n de Roma<\/em>. Tambi\u00e9n es autor de la Trilog\u00eda de Trajano, compuesta por\u00a0<em>Los asesinos del emperador<\/em>,\u00a0<em>Circo M\u00e1ximo<\/em>\u00a0y\u00a0<em>La legi\u00f3n perdida<\/em>.<\/p>\n\n\n\n<p><\/p>\n<\/div><\/div>\n\n\n\n<p>Posteguillo recibi\u00f3 el Premio a las Letras de la Generalitat Valenciana en 2010, el Premio Barcino de Novela Hist\u00f3rica de Barcelona en 2014 y, en 2018, fue galardonado con el Premio Planeta por su novela&nbsp;<em>Yo, Julia<\/em>, a la que sigui\u00f3&nbsp;<em>Y Julia ret\u00f3 a los dioses<\/em>&nbsp;en 2020. Es el autor m\u00e1s vendido de novela hist\u00f3rica en lengua espa\u00f1ola con m\u00e1s de 5.000.000 de lectores.<\/p>\n\n\n\n<p>Adem\u00e1s, en 2018 fue profesor invitado del Sidney Sussex College de la Universidad de Cambridge.<\/p>\n\n\n\n<p>Tras el \u00e9xito de&nbsp;<em>Roma soy yo<\/em>&nbsp;y&nbsp;<em>Maldita Roma<\/em>, contin\u00faa su proyecto literario m\u00e1s ambicioso: una serie de novelas dedicadas a la vida de Julio C\u00e9sar.<\/p>\n\n\n\n<p><a href=\"https:\/\/www.santiagoposteguillo.es\/\">https:\/\/www.santiagoposteguillo.es\/<\/a><\/p>\n\n\n\n<hr class=\"wp-block-separator alignwide has-alpha-channel-opacity\"\/>\n\n\n\n<h2 class=\"wp-block-heading\">Libros<\/h2>\n\n\n\n<p><em>Trilog\u00eda de Escipi\u00f3n El Africano<\/em><\/p>\n\n\n\n<ul class=\"wp-block-list\">\n<li>Africanus: el hijo del c\u00f3nsul\u00a0(2006)<\/li>\n\n\n\n<li>Las legiones malditas\u00a0(2008)<\/li>\n\n\n\n<li>La traici\u00f3n de Roma\u00a0(2009)<\/li>\n<\/ul>\n\n\n\n<p><em>Trilog\u00eda de Trajano<\/em><\/p>\n\n\n\n<ul class=\"wp-block-list\">\n<li>Los asesinos del emperador\u00a0 2011)<\/li>\n\n\n\n<li>Circo M\u00e1ximo\u00a0(2013)<\/li>\n\n\n\n<li>La legi\u00f3n perdida\u00a0(2016)<\/li>\n<\/ul>\n\n\n\n<p><em>Trilog\u00eda sobre la historia de la literatura<\/em><\/p>\n\n\n\n<ul class=\"wp-block-list\">\n<li>La noche en que Frankenstein ley\u00f3 el Quijote\u00a0(2012)<\/li>\n\n\n\n<li>La sangre de los libros\u00a0(2014)<\/li>\n\n\n\n<li>El s\u00e9ptimo c\u00edrculo del infierno\u00a0(2017)<\/li>\n<\/ul>\n\n\n\n<p><em>Bilog\u00eda de Julia<\/em><\/p>\n\n\n\n<ul class=\"wp-block-list\">\n<li>Yo, Julia\u00a0(2018)<\/li>\n\n\n\n<li>Y Julia ret\u00f3 a los dioses\u00a0(2020)<\/li>\n<\/ul>\n\n\n\n<p><em>Serie de Julio C\u00e9sar<\/em><\/p>\n\n\n\n<ul class=\"wp-block-list\">\n<li>Roma soy yo\u00a0(2022)<\/li>\n\n\n\n<li>Maldita Roma\u00a0(2023)<\/li>\n\n\n\n<li><a href=\"https:\/\/libreriaelerrante.com\/tienda\/los-tres-mundos-serie-julio-cesar-3\/\">Los Tres Mundos (2025)<\/a><\/li>\n<\/ul>\n\n\n\n<p><\/p>\n","protected":false},"excerpt":{"rendered":"<p>Santiago Posteguillo Santiago Posteguillo G\u00f3mez\u00a0(Valencia, 1967) es un escritor\u00a0espa\u00f1ol. Doctor europeo por la Universidad de Valencia, es en la actualidad profesor titular en la Universidad Jaume I de Castell\u00f3n. Ha estudiado literatura creativa en Estados Unidos, y ling\u00fc\u00edstica y traducci\u00f3n en diversas universidades del Reino Unido. En 2006 public\u00f3 su primera novela, Africanus: El hijo [&hellip;]<\/p>\n","protected":false},"author":1,"featured_media":0,"parent":0,"menu_order":0,"comment_status":"closed","ping_status":"closed","template":"","meta":{"footnotes":""},"class_list":["post-627","page","type-page","status-publish","hentry"],"blocksy_meta":{"has_hero_section":"disabled","page_structure_type":"type-1","styles_descriptor":{"styles":{"desktop":"","tablet":"","mobile":""},"google_fonts":[],"version":6}},"yoast_head":"<!-- This site is optimized with the Yoast SEO plugin v27.4 - https:\/\/yoast.com\/product\/yoast-seo-wordpress\/ -->\n<title>Santiago Posteguillo - Blog<\/title>\n<meta name=\"robots\" content=\"index, follow, max-snippet:-1, max-image-preview:large, max-video-preview:-1\" \/>\n<link rel=\"canonical\" href=\"https:\/\/libreriaelerrante.com\/blog\/santiago-posteguillo\/\" \/>\n<meta property=\"og:locale\" content=\"es_ES\" \/>\n<meta property=\"og:type\" content=\"article\" \/>\n<meta property=\"og:title\" content=\"Santiago Posteguillo - Blog\" \/>\n<meta property=\"og:description\" content=\"Santiago Posteguillo Santiago Posteguillo G\u00f3mez\u00a0(Valencia, 1967) es un escritor\u00a0espa\u00f1ol. Doctor europeo por la Universidad de Valencia, es en la actualidad profesor titular en la Universidad Jaume I de Castell\u00f3n. Ha estudiado literatura creativa en Estados Unidos, y ling\u00fc\u00edstica y traducci\u00f3n en diversas universidades del Reino Unido. En 2006 public\u00f3 su primera novela, Africanus: El hijo [&hellip;]\" \/>\n<meta property=\"og:url\" content=\"https:\/\/libreriaelerrante.com\/blog\/santiago-posteguillo\/\" \/>\n<meta property=\"og:site_name\" content=\"Blog\" \/>\n<meta property=\"og:image\" content=\"https:\/\/libreriaelerrante.com\/blog\/wp-content\/uploads\/2025\/08\/santiago-posteguillo.jpeg\" \/>\n\t<meta property=\"og:image:width\" content=\"225\" \/>\n\t<meta property=\"og:image:height\" content=\"300\" \/>\n\t<meta property=\"og:image:type\" content=\"image\/jpeg\" \/>\n<meta name=\"twitter:card\" content=\"summary_large_image\" \/>\n<meta name=\"twitter:label1\" content=\"Tiempo de lectura\" \/>\n\t<meta name=\"twitter:data1\" content=\"2 minutos\" \/>\n<script type=\"application\/ld+json\" class=\"yoast-schema-graph\">{\"@context\":\"https:\\\/\\\/schema.org\",\"@graph\":[{\"@type\":\"WebPage\",\"@id\":\"https:\\\/\\\/libreriaelerrante.com\\\/blog\\\/santiago-posteguillo\\\/\",\"url\":\"https:\\\/\\\/libreriaelerrante.com\\\/blog\\\/santiago-posteguillo\\\/\",\"name\":\"Santiago Posteguillo - Blog\",\"isPartOf\":{\"@id\":\"https:\\\/\\\/libreriaelerrante.com\\\/blog\\\/#website\"},\"primaryImageOfPage\":{\"@id\":\"https:\\\/\\\/libreriaelerrante.com\\\/blog\\\/santiago-posteguillo\\\/#primaryimage\"},\"image\":{\"@id\":\"https:\\\/\\\/libreriaelerrante.com\\\/blog\\\/santiago-posteguillo\\\/#primaryimage\"},\"thumbnailUrl\":\"https:\\\/\\\/libreriaelerrante.com\\\/blog\\\/wp-content\\\/uploads\\\/2025\\\/08\\\/santiago-posteguillo.jpeg\",\"datePublished\":\"2025-08-22T14:55:58+00:00\",\"breadcrumb\":{\"@id\":\"https:\\\/\\\/libreriaelerrante.com\\\/blog\\\/santiago-posteguillo\\\/#breadcrumb\"},\"inLanguage\":\"es\",\"potentialAction\":[{\"@type\":\"ReadAction\",\"target\":[\"https:\\\/\\\/libreriaelerrante.com\\\/blog\\\/santiago-posteguillo\\\/\"]}]},{\"@type\":\"ImageObject\",\"inLanguage\":\"es\",\"@id\":\"https:\\\/\\\/libreriaelerrante.com\\\/blog\\\/santiago-posteguillo\\\/#primaryimage\",\"url\":\"https:\\\/\\\/libreriaelerrante.com\\\/blog\\\/wp-content\\\/uploads\\\/2025\\\/08\\\/santiago-posteguillo.jpeg\",\"contentUrl\":\"https:\\\/\\\/libreriaelerrante.com\\\/blog\\\/wp-content\\\/uploads\\\/2025\\\/08\\\/santiago-posteguillo.jpeg\",\"width\":225,\"height\":300},{\"@type\":\"BreadcrumbList\",\"@id\":\"https:\\\/\\\/libreriaelerrante.com\\\/blog\\\/santiago-posteguillo\\\/#breadcrumb\",\"itemListElement\":[{\"@type\":\"ListItem\",\"position\":1,\"name\":\"Portada\",\"item\":\"https:\\\/\\\/libreriaelerrante.com\\\/blog\\\/\"},{\"@type\":\"ListItem\",\"position\":2,\"name\":\"Santiago Posteguillo\"}]},{\"@type\":\"WebSite\",\"@id\":\"https:\\\/\\\/libreriaelerrante.com\\\/blog\\\/#website\",\"url\":\"https:\\\/\\\/libreriaelerrante.com\\\/blog\\\/\",\"name\":\"Blog\",\"description\":\"\",\"publisher\":{\"@id\":\"https:\\\/\\\/libreriaelerrante.com\\\/blog\\\/#organization\"},\"potentialAction\":[{\"@type\":\"SearchAction\",\"target\":{\"@type\":\"EntryPoint\",\"urlTemplate\":\"https:\\\/\\\/libreriaelerrante.com\\\/blog\\\/?s={search_term_string}\"},\"query-input\":{\"@type\":\"PropertyValueSpecification\",\"valueRequired\":true,\"valueName\":\"search_term_string\"}}],\"inLanguage\":\"es\"},{\"@type\":\"Organization\",\"@id\":\"https:\\\/\\\/libreriaelerrante.com\\\/blog\\\/#organization\",\"name\":\"Blog\",\"url\":\"https:\\\/\\\/libreriaelerrante.com\\\/blog\\\/\",\"logo\":{\"@type\":\"ImageObject\",\"inLanguage\":\"es\",\"@id\":\"https:\\\/\\\/libreriaelerrante.com\\\/blog\\\/#\\\/schema\\\/logo\\\/image\\\/\",\"url\":\"https:\\\/\\\/libreriaelerrante.com\\\/blog\\\/wp-content\\\/uploads\\\/2025\\\/07\\\/1.webp\",\"contentUrl\":\"https:\\\/\\\/libreriaelerrante.com\\\/blog\\\/wp-content\\\/uploads\\\/2025\\\/07\\\/1.webp\",\"width\":1024,\"height\":1024,\"caption\":\"Blog\"},\"image\":{\"@id\":\"https:\\\/\\\/libreriaelerrante.com\\\/blog\\\/#\\\/schema\\\/logo\\\/image\\\/\"}}]}<\/script>\n<!-- \/ Yoast SEO plugin. -->","yoast_head_json":{"title":"Santiago Posteguillo - Blog","robots":{"index":"index","follow":"follow","max-snippet":"max-snippet:-1","max-image-preview":"max-image-preview:large","max-video-preview":"max-video-preview:-1"},"canonical":"https:\/\/libreriaelerrante.com\/blog\/santiago-posteguillo\/","og_locale":"es_ES","og_type":"article","og_title":"Santiago Posteguillo - Blog","og_description":"Santiago Posteguillo Santiago Posteguillo G\u00f3mez\u00a0(Valencia, 1967) es un escritor\u00a0espa\u00f1ol. Doctor europeo por la Universidad de Valencia, es en la actualidad profesor titular en la Universidad Jaume I de Castell\u00f3n. Ha estudiado literatura creativa en Estados Unidos, y ling\u00fc\u00edstica y traducci\u00f3n en diversas universidades del Reino Unido. En 2006 public\u00f3 su primera novela, Africanus: El hijo [&hellip;]","og_url":"https:\/\/libreriaelerrante.com\/blog\/santiago-posteguillo\/","og_site_name":"Blog","og_image":[{"width":225,"height":300,"url":"https:\/\/libreriaelerrante.com\/blog\/wp-content\/uploads\/2025\/08\/santiago-posteguillo.jpeg","type":"image\/jpeg"}],"twitter_card":"summary_large_image","twitter_misc":{"Tiempo de lectura":"2 minutos"},"schema":{"@context":"https:\/\/schema.org","@graph":[{"@type":"WebPage","@id":"https:\/\/libreriaelerrante.com\/blog\/santiago-posteguillo\/","url":"https:\/\/libreriaelerrante.com\/blog\/santiago-posteguillo\/","name":"Santiago Posteguillo - Blog","isPartOf":{"@id":"https:\/\/libreriaelerrante.com\/blog\/#website"},"primaryImageOfPage":{"@id":"https:\/\/libreriaelerrante.com\/blog\/santiago-posteguillo\/#primaryimage"},"image":{"@id":"https:\/\/libreriaelerrante.com\/blog\/santiago-posteguillo\/#primaryimage"},"thumbnailUrl":"https:\/\/libreriaelerrante.com\/blog\/wp-content\/uploads\/2025\/08\/santiago-posteguillo.jpeg","datePublished":"2025-08-22T14:55:58+00:00","breadcrumb":{"@id":"https:\/\/libreriaelerrante.com\/blog\/santiago-posteguillo\/#breadcrumb"},"inLanguage":"es","potentialAction":[{"@type":"ReadAction","target":["https:\/\/libreriaelerrante.com\/blog\/santiago-posteguillo\/"]}]},{"@type":"ImageObject","inLanguage":"es","@id":"https:\/\/libreriaelerrante.com\/blog\/santiago-posteguillo\/#primaryimage","url":"https:\/\/libreriaelerrante.com\/blog\/wp-content\/uploads\/2025\/08\/santiago-posteguillo.jpeg","contentUrl":"https:\/\/libreriaelerrante.com\/blog\/wp-content\/uploads\/2025\/08\/santiago-posteguillo.jpeg","width":225,"height":300},{"@type":"BreadcrumbList","@id":"https:\/\/libreriaelerrante.com\/blog\/santiago-posteguillo\/#breadcrumb","itemListElement":[{"@type":"ListItem","position":1,"name":"Portada","item":"https:\/\/libreriaelerrante.com\/blog\/"},{"@type":"ListItem","position":2,"name":"Santiago Posteguillo"}]},{"@type":"WebSite","@id":"https:\/\/libreriaelerrante.com\/blog\/#website","url":"https:\/\/libreriaelerrante.com\/blog\/","name":"Blog","description":"","publisher":{"@id":"https:\/\/libreriaelerrante.com\/blog\/#organization"},"potentialAction":[{"@type":"SearchAction","target":{"@type":"EntryPoint","urlTemplate":"https:\/\/libreriaelerrante.com\/blog\/?s={search_term_string}"},"query-input":{"@type":"PropertyValueSpecification","valueRequired":true,"valueName":"search_term_string"}}],"inLanguage":"es"},{"@type":"Organization","@id":"https:\/\/libreriaelerrante.com\/blog\/#organization","name":"Blog","url":"https:\/\/libreriaelerrante.com\/blog\/","logo":{"@type":"ImageObject","inLanguage":"es","@id":"https:\/\/libreriaelerrante.com\/blog\/#\/schema\/logo\/image\/","url":"https:\/\/libreriaelerrante.com\/blog\/wp-content\/uploads\/2025\/07\/1.webp","contentUrl":"https:\/\/libreriaelerrante.com\/blog\/wp-content\/uploads\/2025\/07\/1.webp","width":1024,"height":1024,"caption":"Blog"},"image":{"@id":"https:\/\/libreriaelerrante.com\/blog\/#\/schema\/logo\/image\/"}}]}},"_links":{"self":[{"href":"https:\/\/libreriaelerrante.com\/blog\/wp-json\/wp\/v2\/pages\/627","targetHints":{"allow":["GET"]}}],"collection":[{"href":"https:\/\/libreriaelerrante.com\/blog\/wp-json\/wp\/v2\/pages"}],"about":[{"href":"https:\/\/libreriaelerrante.com\/blog\/wp-json\/wp\/v2\/types\/page"}],"author":[{"embeddable":true,"href":"https:\/\/libreriaelerrante.com\/blog\/wp-json\/wp\/v2\/users\/1"}],"replies":[{"embeddable":true,"href":"https:\/\/libreriaelerrante.com\/blog\/wp-json\/wp\/v2\/comments?post=627"}],"version-history":[{"count":1,"href":"https:\/\/libreriaelerrante.com\/blog\/wp-json\/wp\/v2\/pages\/627\/revisions"}],"predecessor-version":[{"id":629,"href":"https:\/\/libreriaelerrante.com\/blog\/wp-json\/wp\/v2\/pages\/627\/revisions\/629"}],"wp:attachment":[{"href":"https:\/\/libreriaelerrante.com\/blog\/wp-json\/wp\/v2\/media?parent=627"}],"curies":[{"name":"wp","href":"https:\/\/api.w.org\/{rel}","templated":true}]}}