{"id":610,"date":"2025-08-18T12:24:03","date_gmt":"2025-08-18T12:24:03","guid":{"rendered":"https:\/\/libreriaelerrante.com\/blog\/?page_id=610"},"modified":"2025-08-18T14:38:51","modified_gmt":"2025-08-18T14:38:51","slug":"lucia-jimenez-palacios","status":"publish","type":"page","link":"https:\/\/libreriaelerrante.com\/blog\/lucia-jimenez-palacios\/","title":{"rendered":"Lucia Jimenez Palacios"},"content":{"rendered":"\n<h1 class=\"wp-block-heading has-text-align-center\">Luc\u00eda Jim\u00e9nez Palacios<\/h1>\n\n\n\n<div class=\"wp-block-media-text is-stacked-on-mobile is-vertically-aligned-top\" style=\"border-style:none;border-width:0px;border-radius:0px\"><figure class=\"wp-block-media-text__media\"><img loading=\"lazy\" decoding=\"async\" width=\"439\" height=\"581\" src=\"https:\/\/libreriaelerrante.com\/blog\/wp-content\/uploads\/2025\/08\/jucia_2.jpg\" alt=\"\" class=\"wp-image-616 size-full\" srcset=\"https:\/\/libreriaelerrante.com\/blog\/wp-content\/uploads\/2025\/08\/jucia_2.jpg 439w, https:\/\/libreriaelerrante.com\/blog\/wp-content\/uploads\/2025\/08\/jucia_2-227x300.jpg 227w\" sizes=\"auto, (max-width: 439px) 100vw, 439px\" \/><\/figure><div class=\"wp-block-media-text__content\">\n<p><strong>Luc\u00eda Jim\u00e9nez Palacios <\/strong>naci\u00f3 en Albacete, donde pas\u00f3 su infancia y adolescencia antes de trasladarse a Madrid para continuar su formaci\u00f3n acad\u00e9mica. Actualmente estudia Business Administration y completa su formaci\u00f3n con Comunicaci\u00f3n Audiovisual, compaginando as\u00ed su inter\u00e9s por el mundo empresarial con su pasi\u00f3n por contar historias. Comenz\u00f3 a escribir con 12 a\u00f1os, inicialmente como una manera de ordenar sus pensamientos y emociones, que con el tiempo se convirti\u00f3 en costumbre y, m\u00e1s tarde, en un proyecto literario. <\/p>\n\n\n\n<p>Su primer poemario, Piel Tatuada de Ojal\u00e1s, surge de la necesidad de poner palabras a los sentimientos que permanec\u00edan ocultos. A trav\u00e9s de un lenguaje directo y cargado de im\u00e1genes, la obra aborda temas como el duelo y la nostalgia, entre otros. Con este primer libro, Luc\u00eda inicia un camino literario que espera seguir recorriendo, explorando nuevas formas de plasmar sentimientos y emociones.<\/p>\n<\/div><\/div>\n\n\n\n<p><\/p>\n\n\n\n<p><a href=\"https:\/\/www.instagram.com\/ojalasenverso\/\">https:\/\/www.instagram.com\/ojalasenverso\/<\/a><\/p>\n\n\n\n<hr class=\"wp-block-separator alignwide has-alpha-channel-opacity\"\/>\n\n\n\n<h2 class=\"wp-block-heading\">Libros<\/h2>\n\n\n\n<ul class=\"wp-block-list\">\n<li><a href=\"https:\/\/libreriaelerrante.com\/tienda\/piel-tatuada-de-ojalas\/\">Piel tatuada de ojal\u00e1s (2025)<\/a><\/li>\n<\/ul>\n\n\n\n<p><\/p>\n","protected":false},"excerpt":{"rendered":"<p>Luc\u00eda Jim\u00e9nez Palacios Luc\u00eda Jim\u00e9nez Palacios naci\u00f3 en Albacete, donde pas\u00f3 su infancia y adolescencia antes de trasladarse a Madrid para continuar su formaci\u00f3n acad\u00e9mica. Actualmente estudia Business Administration y completa su formaci\u00f3n con Comunicaci\u00f3n Audiovisual, compaginando as\u00ed su inter\u00e9s por el mundo empresarial con su pasi\u00f3n por contar historias. Comenz\u00f3 a escribir con 12 [&hellip;]<\/p>\n","protected":false},"author":1,"featured_media":0,"parent":0,"menu_order":0,"comment_status":"closed","ping_status":"closed","template":"","meta":{"footnotes":""},"class_list":["post-610","page","type-page","status-publish","hentry"],"blocksy_meta":{"has_hero_section":"disabled","page_structure_type":"type-1","styles_descriptor":{"styles":{"desktop":"","tablet":"","mobile":""},"google_fonts":[],"version":6}},"yoast_head":"<!-- This site is optimized with the Yoast SEO plugin v27.4 - https:\/\/yoast.com\/product\/yoast-seo-wordpress\/ -->\n<title>Lucia Jimenez Palacios - Blog<\/title>\n<meta name=\"robots\" content=\"index, follow, max-snippet:-1, max-image-preview:large, max-video-preview:-1\" \/>\n<link rel=\"canonical\" href=\"https:\/\/libreriaelerrante.com\/blog\/lucia-jimenez-palacios\/\" \/>\n<meta property=\"og:locale\" content=\"es_ES\" \/>\n<meta property=\"og:type\" content=\"article\" \/>\n<meta property=\"og:title\" content=\"Lucia Jimenez Palacios - Blog\" \/>\n<meta property=\"og:description\" content=\"Luc\u00eda Jim\u00e9nez Palacios Luc\u00eda Jim\u00e9nez Palacios naci\u00f3 en Albacete, donde pas\u00f3 su infancia y adolescencia antes de trasladarse a Madrid para continuar su formaci\u00f3n acad\u00e9mica. Actualmente estudia Business Administration y completa su formaci\u00f3n con Comunicaci\u00f3n Audiovisual, compaginando as\u00ed su inter\u00e9s por el mundo empresarial con su pasi\u00f3n por contar historias. Comenz\u00f3 a escribir con 12 [&hellip;]\" \/>\n<meta property=\"og:url\" content=\"https:\/\/libreriaelerrante.com\/blog\/lucia-jimenez-palacios\/\" \/>\n<meta property=\"og:site_name\" content=\"Blog\" \/>\n<meta property=\"article:modified_time\" content=\"2025-08-18T14:38:51+00:00\" \/>\n<meta property=\"og:image\" content=\"https:\/\/libreriaelerrante.com\/blog\/wp-content\/uploads\/2025\/08\/jucia_2.jpg\" \/>\n\t<meta property=\"og:image:width\" content=\"439\" \/>\n\t<meta property=\"og:image:height\" content=\"581\" \/>\n\t<meta property=\"og:image:type\" content=\"image\/jpeg\" \/>\n<meta name=\"twitter:card\" content=\"summary_large_image\" \/>\n<meta name=\"twitter:label1\" content=\"Tiempo de lectura\" \/>\n\t<meta name=\"twitter:data1\" content=\"1 minuto\" \/>\n<script type=\"application\/ld+json\" class=\"yoast-schema-graph\">{\"@context\":\"https:\\\/\\\/schema.org\",\"@graph\":[{\"@type\":\"WebPage\",\"@id\":\"https:\\\/\\\/libreriaelerrante.com\\\/blog\\\/lucia-jimenez-palacios\\\/\",\"url\":\"https:\\\/\\\/libreriaelerrante.com\\\/blog\\\/lucia-jimenez-palacios\\\/\",\"name\":\"Lucia Jimenez Palacios - Blog\",\"isPartOf\":{\"@id\":\"https:\\\/\\\/libreriaelerrante.com\\\/blog\\\/#website\"},\"primaryImageOfPage\":{\"@id\":\"https:\\\/\\\/libreriaelerrante.com\\\/blog\\\/lucia-jimenez-palacios\\\/#primaryimage\"},\"image\":{\"@id\":\"https:\\\/\\\/libreriaelerrante.com\\\/blog\\\/lucia-jimenez-palacios\\\/#primaryimage\"},\"thumbnailUrl\":\"https:\\\/\\\/libreriaelerrante.com\\\/blog\\\/wp-content\\\/uploads\\\/2025\\\/08\\\/jucia_2.jpg\",\"datePublished\":\"2025-08-18T12:24:03+00:00\",\"dateModified\":\"2025-08-18T14:38:51+00:00\",\"breadcrumb\":{\"@id\":\"https:\\\/\\\/libreriaelerrante.com\\\/blog\\\/lucia-jimenez-palacios\\\/#breadcrumb\"},\"inLanguage\":\"es\",\"potentialAction\":[{\"@type\":\"ReadAction\",\"target\":[\"https:\\\/\\\/libreriaelerrante.com\\\/blog\\\/lucia-jimenez-palacios\\\/\"]}]},{\"@type\":\"ImageObject\",\"inLanguage\":\"es\",\"@id\":\"https:\\\/\\\/libreriaelerrante.com\\\/blog\\\/lucia-jimenez-palacios\\\/#primaryimage\",\"url\":\"https:\\\/\\\/libreriaelerrante.com\\\/blog\\\/wp-content\\\/uploads\\\/2025\\\/08\\\/jucia_2.jpg\",\"contentUrl\":\"https:\\\/\\\/libreriaelerrante.com\\\/blog\\\/wp-content\\\/uploads\\\/2025\\\/08\\\/jucia_2.jpg\",\"width\":439,\"height\":581},{\"@type\":\"BreadcrumbList\",\"@id\":\"https:\\\/\\\/libreriaelerrante.com\\\/blog\\\/lucia-jimenez-palacios\\\/#breadcrumb\",\"itemListElement\":[{\"@type\":\"ListItem\",\"position\":1,\"name\":\"Portada\",\"item\":\"https:\\\/\\\/libreriaelerrante.com\\\/blog\\\/\"},{\"@type\":\"ListItem\",\"position\":2,\"name\":\"Lucia Jimenez Palacios\"}]},{\"@type\":\"WebSite\",\"@id\":\"https:\\\/\\\/libreriaelerrante.com\\\/blog\\\/#website\",\"url\":\"https:\\\/\\\/libreriaelerrante.com\\\/blog\\\/\",\"name\":\"Blog\",\"description\":\"\",\"publisher\":{\"@id\":\"https:\\\/\\\/libreriaelerrante.com\\\/blog\\\/#organization\"},\"potentialAction\":[{\"@type\":\"SearchAction\",\"target\":{\"@type\":\"EntryPoint\",\"urlTemplate\":\"https:\\\/\\\/libreriaelerrante.com\\\/blog\\\/?s={search_term_string}\"},\"query-input\":{\"@type\":\"PropertyValueSpecification\",\"valueRequired\":true,\"valueName\":\"search_term_string\"}}],\"inLanguage\":\"es\"},{\"@type\":\"Organization\",\"@id\":\"https:\\\/\\\/libreriaelerrante.com\\\/blog\\\/#organization\",\"name\":\"Blog\",\"url\":\"https:\\\/\\\/libreriaelerrante.com\\\/blog\\\/\",\"logo\":{\"@type\":\"ImageObject\",\"inLanguage\":\"es\",\"@id\":\"https:\\\/\\\/libreriaelerrante.com\\\/blog\\\/#\\\/schema\\\/logo\\\/image\\\/\",\"url\":\"https:\\\/\\\/libreriaelerrante.com\\\/blog\\\/wp-content\\\/uploads\\\/2025\\\/07\\\/1.webp\",\"contentUrl\":\"https:\\\/\\\/libreriaelerrante.com\\\/blog\\\/wp-content\\\/uploads\\\/2025\\\/07\\\/1.webp\",\"width\":1024,\"height\":1024,\"caption\":\"Blog\"},\"image\":{\"@id\":\"https:\\\/\\\/libreriaelerrante.com\\\/blog\\\/#\\\/schema\\\/logo\\\/image\\\/\"}}]}<\/script>\n<!-- \/ Yoast SEO plugin. -->","yoast_head_json":{"title":"Lucia Jimenez Palacios - Blog","robots":{"index":"index","follow":"follow","max-snippet":"max-snippet:-1","max-image-preview":"max-image-preview:large","max-video-preview":"max-video-preview:-1"},"canonical":"https:\/\/libreriaelerrante.com\/blog\/lucia-jimenez-palacios\/","og_locale":"es_ES","og_type":"article","og_title":"Lucia Jimenez Palacios - Blog","og_description":"Luc\u00eda Jim\u00e9nez Palacios Luc\u00eda Jim\u00e9nez Palacios naci\u00f3 en Albacete, donde pas\u00f3 su infancia y adolescencia antes de trasladarse a Madrid para continuar su formaci\u00f3n acad\u00e9mica. Actualmente estudia Business Administration y completa su formaci\u00f3n con Comunicaci\u00f3n Audiovisual, compaginando as\u00ed su inter\u00e9s por el mundo empresarial con su pasi\u00f3n por contar historias. Comenz\u00f3 a escribir con 12 [&hellip;]","og_url":"https:\/\/libreriaelerrante.com\/blog\/lucia-jimenez-palacios\/","og_site_name":"Blog","article_modified_time":"2025-08-18T14:38:51+00:00","og_image":[{"width":439,"height":581,"url":"https:\/\/libreriaelerrante.com\/blog\/wp-content\/uploads\/2025\/08\/jucia_2.jpg","type":"image\/jpeg"}],"twitter_card":"summary_large_image","twitter_misc":{"Tiempo de lectura":"1 minuto"},"schema":{"@context":"https:\/\/schema.org","@graph":[{"@type":"WebPage","@id":"https:\/\/libreriaelerrante.com\/blog\/lucia-jimenez-palacios\/","url":"https:\/\/libreriaelerrante.com\/blog\/lucia-jimenez-palacios\/","name":"Lucia Jimenez Palacios - Blog","isPartOf":{"@id":"https:\/\/libreriaelerrante.com\/blog\/#website"},"primaryImageOfPage":{"@id":"https:\/\/libreriaelerrante.com\/blog\/lucia-jimenez-palacios\/#primaryimage"},"image":{"@id":"https:\/\/libreriaelerrante.com\/blog\/lucia-jimenez-palacios\/#primaryimage"},"thumbnailUrl":"https:\/\/libreriaelerrante.com\/blog\/wp-content\/uploads\/2025\/08\/jucia_2.jpg","datePublished":"2025-08-18T12:24:03+00:00","dateModified":"2025-08-18T14:38:51+00:00","breadcrumb":{"@id":"https:\/\/libreriaelerrante.com\/blog\/lucia-jimenez-palacios\/#breadcrumb"},"inLanguage":"es","potentialAction":[{"@type":"ReadAction","target":["https:\/\/libreriaelerrante.com\/blog\/lucia-jimenez-palacios\/"]}]},{"@type":"ImageObject","inLanguage":"es","@id":"https:\/\/libreriaelerrante.com\/blog\/lucia-jimenez-palacios\/#primaryimage","url":"https:\/\/libreriaelerrante.com\/blog\/wp-content\/uploads\/2025\/08\/jucia_2.jpg","contentUrl":"https:\/\/libreriaelerrante.com\/blog\/wp-content\/uploads\/2025\/08\/jucia_2.jpg","width":439,"height":581},{"@type":"BreadcrumbList","@id":"https:\/\/libreriaelerrante.com\/blog\/lucia-jimenez-palacios\/#breadcrumb","itemListElement":[{"@type":"ListItem","position":1,"name":"Portada","item":"https:\/\/libreriaelerrante.com\/blog\/"},{"@type":"ListItem","position":2,"name":"Lucia Jimenez Palacios"}]},{"@type":"WebSite","@id":"https:\/\/libreriaelerrante.com\/blog\/#website","url":"https:\/\/libreriaelerrante.com\/blog\/","name":"Blog","description":"","publisher":{"@id":"https:\/\/libreriaelerrante.com\/blog\/#organization"},"potentialAction":[{"@type":"SearchAction","target":{"@type":"EntryPoint","urlTemplate":"https:\/\/libreriaelerrante.com\/blog\/?s={search_term_string}"},"query-input":{"@type":"PropertyValueSpecification","valueRequired":true,"valueName":"search_term_string"}}],"inLanguage":"es"},{"@type":"Organization","@id":"https:\/\/libreriaelerrante.com\/blog\/#organization","name":"Blog","url":"https:\/\/libreriaelerrante.com\/blog\/","logo":{"@type":"ImageObject","inLanguage":"es","@id":"https:\/\/libreriaelerrante.com\/blog\/#\/schema\/logo\/image\/","url":"https:\/\/libreriaelerrante.com\/blog\/wp-content\/uploads\/2025\/07\/1.webp","contentUrl":"https:\/\/libreriaelerrante.com\/blog\/wp-content\/uploads\/2025\/07\/1.webp","width":1024,"height":1024,"caption":"Blog"},"image":{"@id":"https:\/\/libreriaelerrante.com\/blog\/#\/schema\/logo\/image\/"}}]}},"_links":{"self":[{"href":"https:\/\/libreriaelerrante.com\/blog\/wp-json\/wp\/v2\/pages\/610","targetHints":{"allow":["GET"]}}],"collection":[{"href":"https:\/\/libreriaelerrante.com\/blog\/wp-json\/wp\/v2\/pages"}],"about":[{"href":"https:\/\/libreriaelerrante.com\/blog\/wp-json\/wp\/v2\/types\/page"}],"author":[{"embeddable":true,"href":"https:\/\/libreriaelerrante.com\/blog\/wp-json\/wp\/v2\/users\/1"}],"replies":[{"embeddable":true,"href":"https:\/\/libreriaelerrante.com\/blog\/wp-json\/wp\/v2\/comments?post=610"}],"version-history":[{"count":4,"href":"https:\/\/libreriaelerrante.com\/blog\/wp-json\/wp\/v2\/pages\/610\/revisions"}],"predecessor-version":[{"id":617,"href":"https:\/\/libreriaelerrante.com\/blog\/wp-json\/wp\/v2\/pages\/610\/revisions\/617"}],"wp:attachment":[{"href":"https:\/\/libreriaelerrante.com\/blog\/wp-json\/wp\/v2\/media?parent=610"}],"curies":[{"name":"wp","href":"https:\/\/api.w.org\/{rel}","templated":true}]}}