{"id":606,"date":"2025-08-18T10:40:46","date_gmt":"2025-08-18T10:40:46","guid":{"rendered":"https:\/\/libreriaelerrante.com\/blog\/?page_id=606"},"modified":"2025-08-18T10:40:46","modified_gmt":"2025-08-18T10:40:46","slug":"senlinyu","status":"publish","type":"page","link":"https:\/\/libreriaelerrante.com\/blog\/senlinyu\/","title":{"rendered":"SenLinYu"},"content":{"rendered":"\n<h1 class=\"wp-block-heading has-text-align-center\">SenLinYu<\/h1>\n\n\n\n<div class=\"wp-block-media-text is-stacked-on-mobile is-vertically-aligned-top\"><figure class=\"wp-block-media-text__media\"><img loading=\"lazy\" decoding=\"async\" width=\"225\" height=\"300\" src=\"https:\/\/libreriaelerrante.com\/blog\/wp-content\/uploads\/2025\/08\/SenLinYu.jpeg\" alt=\"\" class=\"wp-image-607 size-full\"\/><\/figure><div class=\"wp-block-media-text__content\">\n<p><strong>SenLinYu<\/strong>\u00a0creci\u00f3 en el noroeste del Pac\u00edfico y estudi\u00f3 Artes liberales y cultura cl\u00e1sicas. Comenz\u00f3 a escribir en la aplicaci\u00f3n de Notas de su tel\u00e9fono m\u00f3vil en los ratos que ten\u00eda mientras su beb\u00e9 se echaba la siesta. Sus obras publicadas online han conseguido m\u00e1s de veinte millones de descargas y ya han sido traducidas a veintitr\u00e9s idiomas. Actualmente vive en Portland con su familia.\u00a0<em>Alchemised\u00a0<\/em>es su primera novela.<\/p>\n<\/div><\/div>\n\n\n\n<p><a href=\"https:\/\/www.senlinyuwrites.com\/\">https:\/\/www.senlinyuwrites.com\/<\/a><\/p>\n\n\n\n<hr class=\"wp-block-separator alignwide has-alpha-channel-opacity\"\/>\n\n\n\n<h2 class=\"wp-block-heading\">Libros<\/h2>\n\n\n\n<ul class=\"wp-block-list\">\n<li>All You Want (2018) ebook Ingles<\/li>\n\n\n\n<li>Love &amp; Other Misfortunes (2018) ebook Ingles<\/li>\n\n\n\n<li>The Seduction (2018) ebook Ingles<\/li>\n\n\n\n<li>Forever is Composed of Nows (2019) ebook Ingles<\/li>\n\n\n\n<li>Manacled (2019) Ingles<\/li>\n\n\n\n<li>Do Not Go Gentle (2020) ebook Ingles<\/li>\n\n\n\n<li>A Thing With[out] Feathers (2023) ebook Ingles<\/li>\n\n\n\n<li>Marriage of Expedience (2024) ebook Ingles<\/li>\n\n\n\n<li>Alchemised (2025) Ingles \/ <a href=\"https:\/\/libreriaelerrante.com\/tienda\/alchemised\/\">Alchemised (2025)<\/a> Espa\u00f1ol<\/li>\n<\/ul>\n","protected":false},"excerpt":{"rendered":"<p>SenLinYu SenLinYu\u00a0creci\u00f3 en el noroeste del Pac\u00edfico y estudi\u00f3 Artes liberales y cultura cl\u00e1sicas. Comenz\u00f3 a escribir en la aplicaci\u00f3n de Notas de su tel\u00e9fono m\u00f3vil en los ratos que ten\u00eda mientras su beb\u00e9 se echaba la siesta. Sus obras publicadas online han conseguido m\u00e1s de veinte millones de descargas y ya han sido traducidas [&hellip;]<\/p>\n","protected":false},"author":1,"featured_media":0,"parent":0,"menu_order":0,"comment_status":"closed","ping_status":"closed","template":"","meta":{"footnotes":""},"class_list":["post-606","page","type-page","status-publish","hentry"],"blocksy_meta":{"has_hero_section":"disabled","page_structure_type":"type-1","styles_descriptor":{"styles":{"desktop":"","tablet":"","mobile":""},"google_fonts":[],"version":6}},"yoast_head":"<!-- This site is optimized with the Yoast SEO plugin v27.4 - https:\/\/yoast.com\/product\/yoast-seo-wordpress\/ -->\n<title>SenLinYu - Blog<\/title>\n<meta name=\"robots\" content=\"index, follow, max-snippet:-1, max-image-preview:large, max-video-preview:-1\" \/>\n<link rel=\"canonical\" href=\"https:\/\/libreriaelerrante.com\/blog\/senlinyu\/\" \/>\n<meta property=\"og:locale\" content=\"es_ES\" \/>\n<meta property=\"og:type\" content=\"article\" \/>\n<meta property=\"og:title\" content=\"SenLinYu - Blog\" \/>\n<meta property=\"og:description\" content=\"SenLinYu SenLinYu\u00a0creci\u00f3 en el noroeste del Pac\u00edfico y estudi\u00f3 Artes liberales y cultura cl\u00e1sicas. Comenz\u00f3 a escribir en la aplicaci\u00f3n de Notas de su tel\u00e9fono m\u00f3vil en los ratos que ten\u00eda mientras su beb\u00e9 se echaba la siesta. Sus obras publicadas online han conseguido m\u00e1s de veinte millones de descargas y ya han sido traducidas [&hellip;]\" \/>\n<meta property=\"og:url\" content=\"https:\/\/libreriaelerrante.com\/blog\/senlinyu\/\" \/>\n<meta property=\"og:site_name\" content=\"Blog\" \/>\n<meta property=\"og:image\" content=\"https:\/\/libreriaelerrante.com\/blog\/wp-content\/uploads\/2025\/08\/SenLinYu.jpeg\" \/>\n\t<meta property=\"og:image:width\" content=\"225\" \/>\n\t<meta property=\"og:image:height\" content=\"300\" \/>\n\t<meta property=\"og:image:type\" content=\"image\/jpeg\" \/>\n<meta name=\"twitter:card\" content=\"summary_large_image\" \/>\n<meta name=\"twitter:label1\" content=\"Tiempo de lectura\" \/>\n\t<meta name=\"twitter:data1\" content=\"1 minuto\" \/>\n<script type=\"application\/ld+json\" class=\"yoast-schema-graph\">{\"@context\":\"https:\\\/\\\/schema.org\",\"@graph\":[{\"@type\":\"WebPage\",\"@id\":\"https:\\\/\\\/libreriaelerrante.com\\\/blog\\\/senlinyu\\\/\",\"url\":\"https:\\\/\\\/libreriaelerrante.com\\\/blog\\\/senlinyu\\\/\",\"name\":\"SenLinYu - Blog\",\"isPartOf\":{\"@id\":\"https:\\\/\\\/libreriaelerrante.com\\\/blog\\\/#website\"},\"primaryImageOfPage\":{\"@id\":\"https:\\\/\\\/libreriaelerrante.com\\\/blog\\\/senlinyu\\\/#primaryimage\"},\"image\":{\"@id\":\"https:\\\/\\\/libreriaelerrante.com\\\/blog\\\/senlinyu\\\/#primaryimage\"},\"thumbnailUrl\":\"https:\\\/\\\/libreriaelerrante.com\\\/blog\\\/wp-content\\\/uploads\\\/2025\\\/08\\\/SenLinYu.jpeg\",\"datePublished\":\"2025-08-18T10:40:46+00:00\",\"breadcrumb\":{\"@id\":\"https:\\\/\\\/libreriaelerrante.com\\\/blog\\\/senlinyu\\\/#breadcrumb\"},\"inLanguage\":\"es\",\"potentialAction\":[{\"@type\":\"ReadAction\",\"target\":[\"https:\\\/\\\/libreriaelerrante.com\\\/blog\\\/senlinyu\\\/\"]}]},{\"@type\":\"ImageObject\",\"inLanguage\":\"es\",\"@id\":\"https:\\\/\\\/libreriaelerrante.com\\\/blog\\\/senlinyu\\\/#primaryimage\",\"url\":\"https:\\\/\\\/libreriaelerrante.com\\\/blog\\\/wp-content\\\/uploads\\\/2025\\\/08\\\/SenLinYu.jpeg\",\"contentUrl\":\"https:\\\/\\\/libreriaelerrante.com\\\/blog\\\/wp-content\\\/uploads\\\/2025\\\/08\\\/SenLinYu.jpeg\",\"width\":225,\"height\":300},{\"@type\":\"BreadcrumbList\",\"@id\":\"https:\\\/\\\/libreriaelerrante.com\\\/blog\\\/senlinyu\\\/#breadcrumb\",\"itemListElement\":[{\"@type\":\"ListItem\",\"position\":1,\"name\":\"Portada\",\"item\":\"https:\\\/\\\/libreriaelerrante.com\\\/blog\\\/\"},{\"@type\":\"ListItem\",\"position\":2,\"name\":\"SenLinYu\"}]},{\"@type\":\"WebSite\",\"@id\":\"https:\\\/\\\/libreriaelerrante.com\\\/blog\\\/#website\",\"url\":\"https:\\\/\\\/libreriaelerrante.com\\\/blog\\\/\",\"name\":\"Blog\",\"description\":\"\",\"publisher\":{\"@id\":\"https:\\\/\\\/libreriaelerrante.com\\\/blog\\\/#organization\"},\"potentialAction\":[{\"@type\":\"SearchAction\",\"target\":{\"@type\":\"EntryPoint\",\"urlTemplate\":\"https:\\\/\\\/libreriaelerrante.com\\\/blog\\\/?s={search_term_string}\"},\"query-input\":{\"@type\":\"PropertyValueSpecification\",\"valueRequired\":true,\"valueName\":\"search_term_string\"}}],\"inLanguage\":\"es\"},{\"@type\":\"Organization\",\"@id\":\"https:\\\/\\\/libreriaelerrante.com\\\/blog\\\/#organization\",\"name\":\"Blog\",\"url\":\"https:\\\/\\\/libreriaelerrante.com\\\/blog\\\/\",\"logo\":{\"@type\":\"ImageObject\",\"inLanguage\":\"es\",\"@id\":\"https:\\\/\\\/libreriaelerrante.com\\\/blog\\\/#\\\/schema\\\/logo\\\/image\\\/\",\"url\":\"https:\\\/\\\/libreriaelerrante.com\\\/blog\\\/wp-content\\\/uploads\\\/2025\\\/07\\\/1.webp\",\"contentUrl\":\"https:\\\/\\\/libreriaelerrante.com\\\/blog\\\/wp-content\\\/uploads\\\/2025\\\/07\\\/1.webp\",\"width\":1024,\"height\":1024,\"caption\":\"Blog\"},\"image\":{\"@id\":\"https:\\\/\\\/libreriaelerrante.com\\\/blog\\\/#\\\/schema\\\/logo\\\/image\\\/\"}}]}<\/script>\n<!-- \/ Yoast SEO plugin. -->","yoast_head_json":{"title":"SenLinYu - Blog","robots":{"index":"index","follow":"follow","max-snippet":"max-snippet:-1","max-image-preview":"max-image-preview:large","max-video-preview":"max-video-preview:-1"},"canonical":"https:\/\/libreriaelerrante.com\/blog\/senlinyu\/","og_locale":"es_ES","og_type":"article","og_title":"SenLinYu - Blog","og_description":"SenLinYu SenLinYu\u00a0creci\u00f3 en el noroeste del Pac\u00edfico y estudi\u00f3 Artes liberales y cultura cl\u00e1sicas. Comenz\u00f3 a escribir en la aplicaci\u00f3n de Notas de su tel\u00e9fono m\u00f3vil en los ratos que ten\u00eda mientras su beb\u00e9 se echaba la siesta. Sus obras publicadas online han conseguido m\u00e1s de veinte millones de descargas y ya han sido traducidas [&hellip;]","og_url":"https:\/\/libreriaelerrante.com\/blog\/senlinyu\/","og_site_name":"Blog","og_image":[{"width":225,"height":300,"url":"https:\/\/libreriaelerrante.com\/blog\/wp-content\/uploads\/2025\/08\/SenLinYu.jpeg","type":"image\/jpeg"}],"twitter_card":"summary_large_image","twitter_misc":{"Tiempo de lectura":"1 minuto"},"schema":{"@context":"https:\/\/schema.org","@graph":[{"@type":"WebPage","@id":"https:\/\/libreriaelerrante.com\/blog\/senlinyu\/","url":"https:\/\/libreriaelerrante.com\/blog\/senlinyu\/","name":"SenLinYu - Blog","isPartOf":{"@id":"https:\/\/libreriaelerrante.com\/blog\/#website"},"primaryImageOfPage":{"@id":"https:\/\/libreriaelerrante.com\/blog\/senlinyu\/#primaryimage"},"image":{"@id":"https:\/\/libreriaelerrante.com\/blog\/senlinyu\/#primaryimage"},"thumbnailUrl":"https:\/\/libreriaelerrante.com\/blog\/wp-content\/uploads\/2025\/08\/SenLinYu.jpeg","datePublished":"2025-08-18T10:40:46+00:00","breadcrumb":{"@id":"https:\/\/libreriaelerrante.com\/blog\/senlinyu\/#breadcrumb"},"inLanguage":"es","potentialAction":[{"@type":"ReadAction","target":["https:\/\/libreriaelerrante.com\/blog\/senlinyu\/"]}]},{"@type":"ImageObject","inLanguage":"es","@id":"https:\/\/libreriaelerrante.com\/blog\/senlinyu\/#primaryimage","url":"https:\/\/libreriaelerrante.com\/blog\/wp-content\/uploads\/2025\/08\/SenLinYu.jpeg","contentUrl":"https:\/\/libreriaelerrante.com\/blog\/wp-content\/uploads\/2025\/08\/SenLinYu.jpeg","width":225,"height":300},{"@type":"BreadcrumbList","@id":"https:\/\/libreriaelerrante.com\/blog\/senlinyu\/#breadcrumb","itemListElement":[{"@type":"ListItem","position":1,"name":"Portada","item":"https:\/\/libreriaelerrante.com\/blog\/"},{"@type":"ListItem","position":2,"name":"SenLinYu"}]},{"@type":"WebSite","@id":"https:\/\/libreriaelerrante.com\/blog\/#website","url":"https:\/\/libreriaelerrante.com\/blog\/","name":"Blog","description":"","publisher":{"@id":"https:\/\/libreriaelerrante.com\/blog\/#organization"},"potentialAction":[{"@type":"SearchAction","target":{"@type":"EntryPoint","urlTemplate":"https:\/\/libreriaelerrante.com\/blog\/?s={search_term_string}"},"query-input":{"@type":"PropertyValueSpecification","valueRequired":true,"valueName":"search_term_string"}}],"inLanguage":"es"},{"@type":"Organization","@id":"https:\/\/libreriaelerrante.com\/blog\/#organization","name":"Blog","url":"https:\/\/libreriaelerrante.com\/blog\/","logo":{"@type":"ImageObject","inLanguage":"es","@id":"https:\/\/libreriaelerrante.com\/blog\/#\/schema\/logo\/image\/","url":"https:\/\/libreriaelerrante.com\/blog\/wp-content\/uploads\/2025\/07\/1.webp","contentUrl":"https:\/\/libreriaelerrante.com\/blog\/wp-content\/uploads\/2025\/07\/1.webp","width":1024,"height":1024,"caption":"Blog"},"image":{"@id":"https:\/\/libreriaelerrante.com\/blog\/#\/schema\/logo\/image\/"}}]}},"_links":{"self":[{"href":"https:\/\/libreriaelerrante.com\/blog\/wp-json\/wp\/v2\/pages\/606","targetHints":{"allow":["GET"]}}],"collection":[{"href":"https:\/\/libreriaelerrante.com\/blog\/wp-json\/wp\/v2\/pages"}],"about":[{"href":"https:\/\/libreriaelerrante.com\/blog\/wp-json\/wp\/v2\/types\/page"}],"author":[{"embeddable":true,"href":"https:\/\/libreriaelerrante.com\/blog\/wp-json\/wp\/v2\/users\/1"}],"replies":[{"embeddable":true,"href":"https:\/\/libreriaelerrante.com\/blog\/wp-json\/wp\/v2\/comments?post=606"}],"version-history":[{"count":1,"href":"https:\/\/libreriaelerrante.com\/blog\/wp-json\/wp\/v2\/pages\/606\/revisions"}],"predecessor-version":[{"id":608,"href":"https:\/\/libreriaelerrante.com\/blog\/wp-json\/wp\/v2\/pages\/606\/revisions\/608"}],"wp:attachment":[{"href":"https:\/\/libreriaelerrante.com\/blog\/wp-json\/wp\/v2\/media?parent=606"}],"curies":[{"name":"wp","href":"https:\/\/api.w.org\/{rel}","templated":true}]}}