{"id":587,"date":"2025-08-11T11:08:00","date_gmt":"2025-08-11T11:08:00","guid":{"rendered":"https:\/\/libreriaelerrante.com\/blog\/?page_id=587"},"modified":"2025-08-11T11:39:23","modified_gmt":"2025-08-11T11:39:23","slug":"ken-follett","status":"publish","type":"page","link":"https:\/\/libreriaelerrante.com\/blog\/ken-follett\/","title":{"rendered":"Ken Follett"},"content":{"rendered":"\n<h1 class=\"wp-block-heading has-text-align-center\">Ken Follett<\/h1>\n\n\n\n<div class=\"wp-block-media-text is-stacked-on-mobile is-vertically-aligned-top\"><figure class=\"wp-block-media-text__media\"><img loading=\"lazy\" decoding=\"async\" width=\"225\" height=\"300\" src=\"https:\/\/libreriaelerrante.com\/blog\/wp-content\/uploads\/2025\/08\/ken-follett.jpeg\" alt=\"\" class=\"wp-image-588 size-full\"\/><\/figure><div class=\"wp-block-media-text__content\">\n<p>Ken Follett (Cardiff, Gales, 5 de junio de 1949) es un novelista brit\u00e1nico de proyecci\u00f3n internacional, autor de m\u00e1s de veinte obras traducidas a numerosos idiomas y con millones de ejemplares vendidos. Criado en una familia profundamente religiosa que foment\u00f3 su afici\u00f3n por la lectura, estudi\u00f3 Filosof\u00eda en el University College de Londres. Comenz\u00f3 su carrera profesional como periodista y editor, hasta que en 1978 alcanz\u00f3 el \u00e9xito con <em>La isla de las tormentas<\/em>, ganadora del premio Edgar.<\/p>\n\n\n\n<p>A lo largo de su trayectoria ha cultivado el thriller, el suspense y la novela hist\u00f3rica, con t\u00edtulos tan c\u00e9lebres como <em>Triple<\/em>, <em>La clave est\u00e1 en Rebeca<\/em>, <em>Los pilares de la tierra<\/em> \u2014considerada su obra maestra\u2014 y su secuela <em>Un mundo sin fin<\/em>. Varias de sus novelas han sido adaptadas al cine y a la televisi\u00f3n.<\/p>\n<\/div><\/div>\n\n\n\n<p>Reside en Hertfordshire junto a su esposa, la parlamentaria laborista Barbara Follett. Compagina la escritura con su pasi\u00f3n por la m\u00fasica \u2014toca la guitarra en un grupo de blues\u2014 y con su labor en causas sociales y educativas, como presidente de Dislexia Action y miembro del National Literacy Trust.<\/p>\n\n\n\n<p><a href=\"https:\/\/ken-follett.com\/\">https:\/\/ken-follett.com\/<\/a><\/p>\n\n\n\n<hr class=\"wp-block-separator alignwide has-alpha-channel-opacity\"\/>\n\n\n\n<h2 class=\"wp-block-heading\">Libros<\/h2>\n\n\n\n<p>Serie Apples Carstairs <\/p>\n\n\n\n<ul class=\"wp-block-list\">\n<li>The Big Needle (1974).No publicada en espa\u00f1ol.<\/li>\n\n\n\n<li>The Big Black (1974). No publicada en espa\u00f1ol.<\/li>\n\n\n\n<li>The Big Hit (1975). No publicada en espa\u00f1ol.<\/li>\n<\/ul>\n\n\n\n<p>Serie del esp\u00eda Piers Roper<\/p>\n\n\n\n<ul class=\"wp-block-list\">\n<li>The Shakeout (1975). No publicada en espa\u00f1ol.<\/li>\n\n\n\n<li>The Bear Raid (1976). No publicada en espa\u00f1ol.<\/li>\n<\/ul>\n\n\n\n<p>Novelas juveniles con el seud\u00f3nimo de Martin Martinsen<\/p>\n\n\n\n<ul class=\"wp-block-list\">\n<li>The Mystery Hideout o The Secret of Kellerman&#8217;s Studio (1976) \/ El secreto de los Estudios Kellerman o El misterio de los Estudios Kellerman (1987)<\/li>\n\n\n\n<li>The Power Twins (1976) \/ Los poderosos gemelos o El misterio del planeta de los gusanos (1991)<\/li>\n<\/ul>\n\n\n\n<p>Obras con el seud\u00f3nimo de Bernard L. Ross<\/p>\n\n\n\n<ul class=\"wp-block-list\">\n<li>Amok: King of Legend (1976). No publicada en espa\u00f1ol.<\/li>\n\n\n\n<li>Capricorn One (1978). No publicada en espa\u00f1ol.<\/li>\n<\/ul>\n\n\n\n<p>Novelas con el seud\u00f3nimo de Zachary Stone<\/p>\n\n\n\n<ul class=\"wp-block-list\">\n<li>The Modigliani Scandal (1976) \/ El esc\u00e1ndalo Modigliani (1988) <\/li>\n\n\n\n<li>Paper Money (1977) \/ Papel moneda (1991)<\/li>\n<\/ul>\n\n\n\n<p>Novelas firmadas con su nombre<\/p>\n\n\n\n<ul class=\"wp-block-list\">\n<li>Storm Island, retitulada como Eye of the Needle (1978) \/ La isla de las tormentas &#8211; El ojo de las aguja (1980)<\/li>\n\n\n\n<li>Triple (1979) \/ Triple (1981)<\/li>\n\n\n\n<li>The Key to Rebecca (1980) \/ La clave esta en Rebeca (1981)<\/li>\n\n\n\n<li>The Man from St. Petersburg (1982) \/ El hombre de San Petersburgo (1983)<\/li>\n\n\n\n<li>On Wings of Eagles (1983) \/ Las alas del \u00e1guila (1983)<\/li>\n\n\n\n<li>Lie Down with Lions (1986) \/ El valle de los leones (1990)<\/li>\n\n\n\n<li>Night Over Water (1991) \/ Noche sobre las aguas (1991)<\/li>\n\n\n\n<li>A Dangerous Fortune (1993) \/ Una fortuna peligrosa (1995)<\/li>\n\n\n\n<li>A Place Called Freedom (1995) \/ Un lugar llamado libertad (1996)<\/li>\n\n\n\n<li>The Third Twin (1997) \/ El tercer gemelo (1997)<\/li>\n\n\n\n<li>The Hammer of Eden (1998) \/ En la boca del drag\u00f3n (1998)<\/li>\n\n\n\n<li>Code to Zero (2000) \/ Doble juego (2000)<\/li>\n\n\n\n<li>Jackdaws (2001) \/ Alto riesgo (2001)<\/li>\n\n\n\n<li>Hornet Flight (2002) \/ Vuelo final (2003)<\/li>\n\n\n\n<li>Whiteout (2004) \/ En el blanco (2005)<\/li>\n\n\n\n<li>Never (2021)\u200b \/ Nunca (2021)<\/li>\n\n\n\n<li><a href=\"https:\/\/libreriaelerrante.com\/tienda\/el-circulo-de-los-dias\/\">El c\u00edrculo de los d\u00edas (2025)<\/a><\/li>\n<\/ul>\n\n\n\n<p>Serie Los Pilares de la Tierra<\/p>\n\n\n\n<ul class=\"wp-block-list\">\n<li>The Pillars of the Earth (1989) \/ Los pilares de la tierra (1991)<\/li>\n\n\n\n<li>World Without End (2007) \/ Un mundo sin fin (2007)<\/li>\n\n\n\n<li>A Column of Fire (2017)\u200b \/ Una columna de fuego (2017)<\/li>\n\n\n\n<li>The Evening and the Morning (2020)\u200b \/ Las tinieblas y el alba (2020)<\/li>\n\n\n\n<li>La armadura de la luz (2023)<\/li>\n<\/ul>\n\n\n\n<p>Trilog\u00eda The Century<\/p>\n\n\n\n<ul class=\"wp-block-list\">\n<li>Fall of Giants (2010) \/ La ca\u00edda de los gigantes (2010)<\/li>\n\n\n\n<li>Winter of the World (2012) \/ El invierno del mundo (2012)<\/li>\n\n\n\n<li>Edge of Eternity (2014)\u200b \/ El umbral de la eternidad (2014)<\/li>\n<\/ul>\n\n\n\n<p>No ficci\u00f3n<\/p>\n\n\n\n<ul class=\"wp-block-list\">\n<li>The Heist of the Century (1978).\u200b No publicada en espa\u00f1ol.<\/li>\n\n\n\n<li>Notre-Dame (2019). En espa\u00f1ol<\/li>\n<\/ul>\n\n\n\n<p><\/p>\n","protected":false},"excerpt":{"rendered":"<p>Ken Follett Ken Follett (Cardiff, Gales, 5 de junio de 1949) es un novelista brit\u00e1nico de proyecci\u00f3n internacional, autor de m\u00e1s de veinte obras traducidas a numerosos idiomas y con millones de ejemplares vendidos. Criado en una familia profundamente religiosa que foment\u00f3 su afici\u00f3n por la lectura, estudi\u00f3 Filosof\u00eda en el University College de Londres. [&hellip;]<\/p>\n","protected":false},"author":1,"featured_media":0,"parent":0,"menu_order":0,"comment_status":"closed","ping_status":"closed","template":"","meta":{"footnotes":""},"class_list":["post-587","page","type-page","status-publish","hentry"],"blocksy_meta":{"has_hero_section":"disabled","page_structure_type":"type-1","styles_descriptor":{"styles":{"desktop":"","tablet":"","mobile":""},"google_fonts":[],"version":6}},"yoast_head":"<!-- This site is optimized with the Yoast SEO plugin v27.4 - https:\/\/yoast.com\/product\/yoast-seo-wordpress\/ -->\n<title>Ken Follett - Blog<\/title>\n<meta name=\"robots\" content=\"index, follow, max-snippet:-1, max-image-preview:large, max-video-preview:-1\" \/>\n<link rel=\"canonical\" href=\"https:\/\/libreriaelerrante.com\/blog\/ken-follett\/\" \/>\n<meta property=\"og:locale\" content=\"es_ES\" \/>\n<meta property=\"og:type\" content=\"article\" \/>\n<meta property=\"og:title\" content=\"Ken Follett - Blog\" \/>\n<meta property=\"og:description\" content=\"Ken Follett Ken Follett (Cardiff, Gales, 5 de junio de 1949) es un novelista brit\u00e1nico de proyecci\u00f3n internacional, autor de m\u00e1s de veinte obras traducidas a numerosos idiomas y con millones de ejemplares vendidos. Criado en una familia profundamente religiosa que foment\u00f3 su afici\u00f3n por la lectura, estudi\u00f3 Filosof\u00eda en el University College de Londres. [&hellip;]\" \/>\n<meta property=\"og:url\" content=\"https:\/\/libreriaelerrante.com\/blog\/ken-follett\/\" \/>\n<meta property=\"og:site_name\" content=\"Blog\" \/>\n<meta property=\"article:modified_time\" content=\"2025-08-11T11:39:23+00:00\" \/>\n<meta property=\"og:image\" content=\"https:\/\/libreriaelerrante.com\/blog\/wp-content\/uploads\/2025\/08\/ken-follett.jpeg\" \/>\n\t<meta property=\"og:image:width\" content=\"225\" \/>\n\t<meta property=\"og:image:height\" content=\"300\" \/>\n\t<meta property=\"og:image:type\" content=\"image\/jpeg\" \/>\n<meta name=\"twitter:card\" content=\"summary_large_image\" \/>\n<meta name=\"twitter:label1\" content=\"Tiempo de lectura\" \/>\n\t<meta name=\"twitter:data1\" content=\"3 minutos\" \/>\n<script type=\"application\/ld+json\" class=\"yoast-schema-graph\">{\"@context\":\"https:\\\/\\\/schema.org\",\"@graph\":[{\"@type\":\"WebPage\",\"@id\":\"https:\\\/\\\/libreriaelerrante.com\\\/blog\\\/ken-follett\\\/\",\"url\":\"https:\\\/\\\/libreriaelerrante.com\\\/blog\\\/ken-follett\\\/\",\"name\":\"Ken Follett - Blog\",\"isPartOf\":{\"@id\":\"https:\\\/\\\/libreriaelerrante.com\\\/blog\\\/#website\"},\"primaryImageOfPage\":{\"@id\":\"https:\\\/\\\/libreriaelerrante.com\\\/blog\\\/ken-follett\\\/#primaryimage\"},\"image\":{\"@id\":\"https:\\\/\\\/libreriaelerrante.com\\\/blog\\\/ken-follett\\\/#primaryimage\"},\"thumbnailUrl\":\"https:\\\/\\\/libreriaelerrante.com\\\/blog\\\/wp-content\\\/uploads\\\/2025\\\/08\\\/ken-follett.jpeg\",\"datePublished\":\"2025-08-11T11:08:00+00:00\",\"dateModified\":\"2025-08-11T11:39:23+00:00\",\"breadcrumb\":{\"@id\":\"https:\\\/\\\/libreriaelerrante.com\\\/blog\\\/ken-follett\\\/#breadcrumb\"},\"inLanguage\":\"es\",\"potentialAction\":[{\"@type\":\"ReadAction\",\"target\":[\"https:\\\/\\\/libreriaelerrante.com\\\/blog\\\/ken-follett\\\/\"]}]},{\"@type\":\"ImageObject\",\"inLanguage\":\"es\",\"@id\":\"https:\\\/\\\/libreriaelerrante.com\\\/blog\\\/ken-follett\\\/#primaryimage\",\"url\":\"https:\\\/\\\/libreriaelerrante.com\\\/blog\\\/wp-content\\\/uploads\\\/2025\\\/08\\\/ken-follett.jpeg\",\"contentUrl\":\"https:\\\/\\\/libreriaelerrante.com\\\/blog\\\/wp-content\\\/uploads\\\/2025\\\/08\\\/ken-follett.jpeg\",\"width\":225,\"height\":300},{\"@type\":\"BreadcrumbList\",\"@id\":\"https:\\\/\\\/libreriaelerrante.com\\\/blog\\\/ken-follett\\\/#breadcrumb\",\"itemListElement\":[{\"@type\":\"ListItem\",\"position\":1,\"name\":\"Portada\",\"item\":\"https:\\\/\\\/libreriaelerrante.com\\\/blog\\\/\"},{\"@type\":\"ListItem\",\"position\":2,\"name\":\"Ken Follett\"}]},{\"@type\":\"WebSite\",\"@id\":\"https:\\\/\\\/libreriaelerrante.com\\\/blog\\\/#website\",\"url\":\"https:\\\/\\\/libreriaelerrante.com\\\/blog\\\/\",\"name\":\"Blog\",\"description\":\"\",\"publisher\":{\"@id\":\"https:\\\/\\\/libreriaelerrante.com\\\/blog\\\/#organization\"},\"potentialAction\":[{\"@type\":\"SearchAction\",\"target\":{\"@type\":\"EntryPoint\",\"urlTemplate\":\"https:\\\/\\\/libreriaelerrante.com\\\/blog\\\/?s={search_term_string}\"},\"query-input\":{\"@type\":\"PropertyValueSpecification\",\"valueRequired\":true,\"valueName\":\"search_term_string\"}}],\"inLanguage\":\"es\"},{\"@type\":\"Organization\",\"@id\":\"https:\\\/\\\/libreriaelerrante.com\\\/blog\\\/#organization\",\"name\":\"Blog\",\"url\":\"https:\\\/\\\/libreriaelerrante.com\\\/blog\\\/\",\"logo\":{\"@type\":\"ImageObject\",\"inLanguage\":\"es\",\"@id\":\"https:\\\/\\\/libreriaelerrante.com\\\/blog\\\/#\\\/schema\\\/logo\\\/image\\\/\",\"url\":\"https:\\\/\\\/libreriaelerrante.com\\\/blog\\\/wp-content\\\/uploads\\\/2025\\\/07\\\/1.webp\",\"contentUrl\":\"https:\\\/\\\/libreriaelerrante.com\\\/blog\\\/wp-content\\\/uploads\\\/2025\\\/07\\\/1.webp\",\"width\":1024,\"height\":1024,\"caption\":\"Blog\"},\"image\":{\"@id\":\"https:\\\/\\\/libreriaelerrante.com\\\/blog\\\/#\\\/schema\\\/logo\\\/image\\\/\"}}]}<\/script>\n<!-- \/ Yoast SEO plugin. -->","yoast_head_json":{"title":"Ken Follett - Blog","robots":{"index":"index","follow":"follow","max-snippet":"max-snippet:-1","max-image-preview":"max-image-preview:large","max-video-preview":"max-video-preview:-1"},"canonical":"https:\/\/libreriaelerrante.com\/blog\/ken-follett\/","og_locale":"es_ES","og_type":"article","og_title":"Ken Follett - Blog","og_description":"Ken Follett Ken Follett (Cardiff, Gales, 5 de junio de 1949) es un novelista brit\u00e1nico de proyecci\u00f3n internacional, autor de m\u00e1s de veinte obras traducidas a numerosos idiomas y con millones de ejemplares vendidos. Criado en una familia profundamente religiosa que foment\u00f3 su afici\u00f3n por la lectura, estudi\u00f3 Filosof\u00eda en el University College de Londres. [&hellip;]","og_url":"https:\/\/libreriaelerrante.com\/blog\/ken-follett\/","og_site_name":"Blog","article_modified_time":"2025-08-11T11:39:23+00:00","og_image":[{"width":225,"height":300,"url":"https:\/\/libreriaelerrante.com\/blog\/wp-content\/uploads\/2025\/08\/ken-follett.jpeg","type":"image\/jpeg"}],"twitter_card":"summary_large_image","twitter_misc":{"Tiempo de lectura":"3 minutos"},"schema":{"@context":"https:\/\/schema.org","@graph":[{"@type":"WebPage","@id":"https:\/\/libreriaelerrante.com\/blog\/ken-follett\/","url":"https:\/\/libreriaelerrante.com\/blog\/ken-follett\/","name":"Ken Follett - Blog","isPartOf":{"@id":"https:\/\/libreriaelerrante.com\/blog\/#website"},"primaryImageOfPage":{"@id":"https:\/\/libreriaelerrante.com\/blog\/ken-follett\/#primaryimage"},"image":{"@id":"https:\/\/libreriaelerrante.com\/blog\/ken-follett\/#primaryimage"},"thumbnailUrl":"https:\/\/libreriaelerrante.com\/blog\/wp-content\/uploads\/2025\/08\/ken-follett.jpeg","datePublished":"2025-08-11T11:08:00+00:00","dateModified":"2025-08-11T11:39:23+00:00","breadcrumb":{"@id":"https:\/\/libreriaelerrante.com\/blog\/ken-follett\/#breadcrumb"},"inLanguage":"es","potentialAction":[{"@type":"ReadAction","target":["https:\/\/libreriaelerrante.com\/blog\/ken-follett\/"]}]},{"@type":"ImageObject","inLanguage":"es","@id":"https:\/\/libreriaelerrante.com\/blog\/ken-follett\/#primaryimage","url":"https:\/\/libreriaelerrante.com\/blog\/wp-content\/uploads\/2025\/08\/ken-follett.jpeg","contentUrl":"https:\/\/libreriaelerrante.com\/blog\/wp-content\/uploads\/2025\/08\/ken-follett.jpeg","width":225,"height":300},{"@type":"BreadcrumbList","@id":"https:\/\/libreriaelerrante.com\/blog\/ken-follett\/#breadcrumb","itemListElement":[{"@type":"ListItem","position":1,"name":"Portada","item":"https:\/\/libreriaelerrante.com\/blog\/"},{"@type":"ListItem","position":2,"name":"Ken Follett"}]},{"@type":"WebSite","@id":"https:\/\/libreriaelerrante.com\/blog\/#website","url":"https:\/\/libreriaelerrante.com\/blog\/","name":"Blog","description":"","publisher":{"@id":"https:\/\/libreriaelerrante.com\/blog\/#organization"},"potentialAction":[{"@type":"SearchAction","target":{"@type":"EntryPoint","urlTemplate":"https:\/\/libreriaelerrante.com\/blog\/?s={search_term_string}"},"query-input":{"@type":"PropertyValueSpecification","valueRequired":true,"valueName":"search_term_string"}}],"inLanguage":"es"},{"@type":"Organization","@id":"https:\/\/libreriaelerrante.com\/blog\/#organization","name":"Blog","url":"https:\/\/libreriaelerrante.com\/blog\/","logo":{"@type":"ImageObject","inLanguage":"es","@id":"https:\/\/libreriaelerrante.com\/blog\/#\/schema\/logo\/image\/","url":"https:\/\/libreriaelerrante.com\/blog\/wp-content\/uploads\/2025\/07\/1.webp","contentUrl":"https:\/\/libreriaelerrante.com\/blog\/wp-content\/uploads\/2025\/07\/1.webp","width":1024,"height":1024,"caption":"Blog"},"image":{"@id":"https:\/\/libreriaelerrante.com\/blog\/#\/schema\/logo\/image\/"}}]}},"_links":{"self":[{"href":"https:\/\/libreriaelerrante.com\/blog\/wp-json\/wp\/v2\/pages\/587","targetHints":{"allow":["GET"]}}],"collection":[{"href":"https:\/\/libreriaelerrante.com\/blog\/wp-json\/wp\/v2\/pages"}],"about":[{"href":"https:\/\/libreriaelerrante.com\/blog\/wp-json\/wp\/v2\/types\/page"}],"author":[{"embeddable":true,"href":"https:\/\/libreriaelerrante.com\/blog\/wp-json\/wp\/v2\/users\/1"}],"replies":[{"embeddable":true,"href":"https:\/\/libreriaelerrante.com\/blog\/wp-json\/wp\/v2\/comments?post=587"}],"version-history":[{"count":3,"href":"https:\/\/libreriaelerrante.com\/blog\/wp-json\/wp\/v2\/pages\/587\/revisions"}],"predecessor-version":[{"id":593,"href":"https:\/\/libreriaelerrante.com\/blog\/wp-json\/wp\/v2\/pages\/587\/revisions\/593"}],"wp:attachment":[{"href":"https:\/\/libreriaelerrante.com\/blog\/wp-json\/wp\/v2\/media?parent=587"}],"curies":[{"name":"wp","href":"https:\/\/api.w.org\/{rel}","templated":true}]}}