{"id":579,"date":"2025-08-06T10:08:47","date_gmt":"2025-08-06T10:08:47","guid":{"rendered":"https:\/\/libreriaelerrante.com\/blog\/?page_id=579"},"modified":"2025-08-06T10:08:47","modified_gmt":"2025-08-06T10:08:47","slug":"freida-mcfadden","status":"publish","type":"page","link":"https:\/\/libreriaelerrante.com\/blog\/freida-mcfadden\/","title":{"rendered":"Freida McFadden"},"content":{"rendered":"\n<h1 class=\"wp-block-heading has-text-align-center\">Freida McFadden<\/h1>\n\n\n\n<div class=\"wp-block-media-text is-stacked-on-mobile is-vertically-aligned-top\"><figure class=\"wp-block-media-text__media\"><img loading=\"lazy\" decoding=\"async\" width=\"225\" height=\"300\" src=\"https:\/\/libreriaelerrante.com\/blog\/wp-content\/uploads\/2025\/08\/freida-mcfadden.jpeg\" alt=\"\" class=\"wp-image-580 size-full\"\/><\/figure><div class=\"wp-block-media-text__content\">\n<p><strong>Freida McFadden\u00a0<\/strong>(nacida el 1 de mayo de 1980) es una autora estadounidense de docenas de novelas que se han colocado en el n\u00famero uno de las listas de ventas de\u00a0<em>The New York Times, USA Today, Publishers Weekly, Sunday Times<\/em>\u00a0y\u00a0<em>Der Spiegel<\/em>. Sus libros han sido calificados como \u00abimprescindibles para los fans del thriller psicol\u00f3gico\u00bb por\u00a0<em>Library Journal<\/em>. Freida ha ganado el Premio de los Escritores Internacionales de Thriller al Mejor Original en R\u00fastica y el Premio Goodreads al Mejor Thriller. Con m\u00e1s de nueve millones de ejemplares vendidos, sus libros han sido traducidos a m\u00e1s de cuarenta idiomas y se han adquirido los derechos para su adaptaci\u00f3n al cine y la televisi\u00f3n. <\/p>\n<\/div><\/div>\n\n\n\n<p>Originaria de Nueva York, McFadden estudi\u00f3 en la Universidad de Harvard. Ejerce la medicina en el \u00e1rea de Boston. Freida es m\u00e9dica en ejercicio especializada en lesiones cerebrales. Vive con su familia y su gato negro en una casa de tres pisos y siglos de antig\u00fcedad frente al mar.<\/p>\n\n\n\n<p>McFadden autopublic\u00f3 su primer libro a trav\u00e9s de Amazon KDP en 2013. Su libro de 2022, The Housemaid, fue un \u00e9xito de ventas internacional. Lionsgate est\u00e1 produciendo una adaptaci\u00f3n cinematogr\u00e1fica de la novela, con el guion de Rebecca Sonnenshine y la producci\u00f3n de Todd Lieberman y Alex Young, de Hidden Pictures. La pel\u00edcula est\u00e1 dirigida por Paul Feig y el reparto incluye a Sydney Sweeney como Millie, Amanda Seyfried como Nina, Brandon Sklenar como Andrew y Michele Morrone como Enzo. El rodaje comenz\u00f3 en enero de 2025 y su estreno est\u00e1 previsto para el 25 de diciembre de 2025.<\/p>\n\n\n\n<p><a href=\"https:\/\/www.freidamcfadden.com\">https:\/\/www.freidamcfadden.com<\/a><\/p>\n\n\n\n<p><a href=\"https:\/\/www.instagram.com\/fmcfaddenauthor\">https:\/\/www.instagram.com\/fmcfaddenauthor<\/a><\/p>\n\n\n\n<p><a href=\"https:\/\/twitter.com\/Freida_McFadden\">https:\/\/twitter.com\/Freida_McFadden<\/a><\/p>\n\n\n\n<hr class=\"wp-block-separator alignwide has-alpha-channel-opacity\"\/>\n\n\n\n<h2 class=\"wp-block-heading\">Libros<\/h2>\n\n\n\n<ul class=\"wp-block-list\">\n<li>Baby City (2015)<\/li>\n\n\n\n<li>11 out of 10: A Collection of Humorous Medical Short Stories (2015)<\/li>\n\n\n\n<li>The Surrogate Mother (2018)<\/li>\n\n\n\n<li>The Ex (2019)<\/li>\n\n\n\n<li>The Perfect Son (2019)<\/li>\n\n\n\n<li>The Wife Upstairs (2020)<\/li>\n\n\n\n<li>One by One (2020)<\/li>\n\n\n\n<li>Want to Know a Secret?\u00a0(2021)<\/li>\n\n\n\n<li>The Locked Door (2021)<\/li>\n\n\n\n<li>Do Not Disturb (2021)<\/li>\n\n\n\n<li>The Gift: A Christmas Thriller Short Story (2022)<\/li>\n\n\n\n<li>Do You Remember? (2022)<\/li>\n\n\n\n<li>The Inmate (2022)<\/li>\n\n\n\n<li>Never Lie (2022)<\/li>\n\n\n\n<li>Ward D (2023)<\/li>\n\n\n\n<li>The Coworker (2023)<\/li>\n\n\n\n<li>The Widow&#8217;s Husband&#8217;s Secret Lie: A Satirical Novella (2024)<\/li>\n\n\n\n<li>The Teacher (2024)<\/li>\n\n\n\n<li>The Boyfriend (2024)<\/li>\n\n\n\n<li>The Crash (2025)<\/li>\n\n\n\n<li>The Tenant (2025)<\/li>\n\n\n\n<li>Death Row (2025)<\/li>\n\n\n\n<li>The Intruder (2025)<\/li>\n\n\n\n<li>La asistenta (2023) Espa\u00f1ol<\/li>\n\n\n\n<li>El secreto de la asistenta (2024) Espa\u00f1ol<\/li>\n\n\n\n<li>La asistenta te vigila (2024) Espa\u00f1ol<\/li>\n\n\n\n<li>La mujer de arriba (2024) Espa\u00f1ol<\/li>\n\n\n\n<li>El recluso (2025) Espa\u00f1ol<\/li>\n\n\n\n<li>Tras la puerta (2025) Espa\u00f1ol<\/li>\n\n\n\n<li>La boda de la asistenta (2025) Espa\u00f1ol<\/li>\n\n\n\n<li>Nunca mientras (2025) Espa\u00f1ol<\/li>\n\n\n\n<li><a href=\"https:\/\/libreriaelerrante.com\/tienda\/la-profesora\/\">La profesora (2025) Espa\u00f1ol<\/a><br><br><\/li>\n<\/ul>\n\n\n\n<h2 class=\"wp-block-heading\">Serie Dr. Jane McGill<\/h2>\n\n\n\n<ul class=\"wp-block-list\">\n<li>The Devil Wears Scrubs (2013)<\/li>\n\n\n\n<li>The Devil You Know (2017)<\/li>\n<\/ul>\n\n\n\n<h2 class=\"wp-block-heading\">Serie Prescription: Murder<\/h2>\n\n\n\n<ul class=\"wp-block-list\">\n<li>Suicide Med (2014)<\/li>\n\n\n\n<li>Dead Med (2024)<\/li>\n\n\n\n<li>Brain Damage (2016)<a href=\"https:\/\/www.goodreads.com\/author\/show\/7244758.Freida_McFadden\"><\/a><\/li>\n<\/ul>\n\n\n\n<h2 class=\"wp-block-heading\">Serie Housemaid <\/h2>\n\n\n\n<ul class=\"wp-block-list\">\n<li>The Housemaid (2022)<\/li>\n\n\n\n<li>The Housemaid&#8217;s Secret (2023)<\/li>\n\n\n\n<li>The Housemaid Is Watching (2024)<\/li>\n\n\n\n<li>The Housemaid&#8217;s Wedding: A Short Story (2024)<\/li>\n<\/ul>\n\n\n\n<p><\/p>\n","protected":false},"excerpt":{"rendered":"<p>Freida McFadden Freida McFadden\u00a0(nacida el 1 de mayo de 1980) es una autora estadounidense de docenas de novelas que se han colocado en el n\u00famero uno de las listas de ventas de\u00a0The New York Times, USA Today, Publishers Weekly, Sunday Times\u00a0y\u00a0Der Spiegel. Sus libros han sido calificados como \u00abimprescindibles para los fans del thriller psicol\u00f3gico\u00bb [&hellip;]<\/p>\n","protected":false},"author":1,"featured_media":0,"parent":0,"menu_order":0,"comment_status":"closed","ping_status":"closed","template":"","meta":{"footnotes":""},"class_list":["post-579","page","type-page","status-publish","hentry"],"blocksy_meta":{"has_hero_section":"disabled","page_structure_type":"type-1","styles_descriptor":{"styles":{"desktop":"","tablet":"","mobile":""},"google_fonts":[],"version":6}},"yoast_head":"<!-- This site is optimized with the Yoast SEO plugin v27.4 - https:\/\/yoast.com\/product\/yoast-seo-wordpress\/ -->\n<title>Freida McFadden - Blog<\/title>\n<meta name=\"robots\" content=\"index, follow, max-snippet:-1, max-image-preview:large, max-video-preview:-1\" \/>\n<link rel=\"canonical\" href=\"https:\/\/libreriaelerrante.com\/blog\/freida-mcfadden\/\" \/>\n<meta property=\"og:locale\" content=\"es_ES\" \/>\n<meta property=\"og:type\" content=\"article\" \/>\n<meta property=\"og:title\" content=\"Freida McFadden - Blog\" \/>\n<meta property=\"og:description\" content=\"Freida McFadden Freida McFadden\u00a0(nacida el 1 de mayo de 1980) es una autora estadounidense de docenas de novelas que se han colocado en el n\u00famero uno de las listas de ventas de\u00a0The New York Times, USA Today, Publishers Weekly, Sunday Times\u00a0y\u00a0Der Spiegel. Sus libros han sido calificados como \u00abimprescindibles para los fans del thriller psicol\u00f3gico\u00bb [&hellip;]\" \/>\n<meta property=\"og:url\" content=\"https:\/\/libreriaelerrante.com\/blog\/freida-mcfadden\/\" \/>\n<meta property=\"og:site_name\" content=\"Blog\" \/>\n<meta property=\"og:image\" content=\"https:\/\/libreriaelerrante.com\/blog\/wp-content\/uploads\/2025\/08\/freida-mcfadden.jpeg\" \/>\n\t<meta property=\"og:image:width\" content=\"225\" \/>\n\t<meta property=\"og:image:height\" content=\"300\" \/>\n\t<meta property=\"og:image:type\" content=\"image\/jpeg\" \/>\n<meta name=\"twitter:card\" content=\"summary_large_image\" \/>\n<meta name=\"twitter:label1\" content=\"Tiempo de lectura\" \/>\n\t<meta name=\"twitter:data1\" content=\"3 minutos\" \/>\n<script type=\"application\/ld+json\" class=\"yoast-schema-graph\">{\"@context\":\"https:\\\/\\\/schema.org\",\"@graph\":[{\"@type\":\"WebPage\",\"@id\":\"https:\\\/\\\/libreriaelerrante.com\\\/blog\\\/freida-mcfadden\\\/\",\"url\":\"https:\\\/\\\/libreriaelerrante.com\\\/blog\\\/freida-mcfadden\\\/\",\"name\":\"Freida McFadden - Blog\",\"isPartOf\":{\"@id\":\"https:\\\/\\\/libreriaelerrante.com\\\/blog\\\/#website\"},\"primaryImageOfPage\":{\"@id\":\"https:\\\/\\\/libreriaelerrante.com\\\/blog\\\/freida-mcfadden\\\/#primaryimage\"},\"image\":{\"@id\":\"https:\\\/\\\/libreriaelerrante.com\\\/blog\\\/freida-mcfadden\\\/#primaryimage\"},\"thumbnailUrl\":\"https:\\\/\\\/libreriaelerrante.com\\\/blog\\\/wp-content\\\/uploads\\\/2025\\\/08\\\/freida-mcfadden.jpeg\",\"datePublished\":\"2025-08-06T10:08:47+00:00\",\"breadcrumb\":{\"@id\":\"https:\\\/\\\/libreriaelerrante.com\\\/blog\\\/freida-mcfadden\\\/#breadcrumb\"},\"inLanguage\":\"es\",\"potentialAction\":[{\"@type\":\"ReadAction\",\"target\":[\"https:\\\/\\\/libreriaelerrante.com\\\/blog\\\/freida-mcfadden\\\/\"]}]},{\"@type\":\"ImageObject\",\"inLanguage\":\"es\",\"@id\":\"https:\\\/\\\/libreriaelerrante.com\\\/blog\\\/freida-mcfadden\\\/#primaryimage\",\"url\":\"https:\\\/\\\/libreriaelerrante.com\\\/blog\\\/wp-content\\\/uploads\\\/2025\\\/08\\\/freida-mcfadden.jpeg\",\"contentUrl\":\"https:\\\/\\\/libreriaelerrante.com\\\/blog\\\/wp-content\\\/uploads\\\/2025\\\/08\\\/freida-mcfadden.jpeg\",\"width\":225,\"height\":300},{\"@type\":\"BreadcrumbList\",\"@id\":\"https:\\\/\\\/libreriaelerrante.com\\\/blog\\\/freida-mcfadden\\\/#breadcrumb\",\"itemListElement\":[{\"@type\":\"ListItem\",\"position\":1,\"name\":\"Portada\",\"item\":\"https:\\\/\\\/libreriaelerrante.com\\\/blog\\\/\"},{\"@type\":\"ListItem\",\"position\":2,\"name\":\"Freida McFadden\"}]},{\"@type\":\"WebSite\",\"@id\":\"https:\\\/\\\/libreriaelerrante.com\\\/blog\\\/#website\",\"url\":\"https:\\\/\\\/libreriaelerrante.com\\\/blog\\\/\",\"name\":\"Blog\",\"description\":\"\",\"publisher\":{\"@id\":\"https:\\\/\\\/libreriaelerrante.com\\\/blog\\\/#organization\"},\"potentialAction\":[{\"@type\":\"SearchAction\",\"target\":{\"@type\":\"EntryPoint\",\"urlTemplate\":\"https:\\\/\\\/libreriaelerrante.com\\\/blog\\\/?s={search_term_string}\"},\"query-input\":{\"@type\":\"PropertyValueSpecification\",\"valueRequired\":true,\"valueName\":\"search_term_string\"}}],\"inLanguage\":\"es\"},{\"@type\":\"Organization\",\"@id\":\"https:\\\/\\\/libreriaelerrante.com\\\/blog\\\/#organization\",\"name\":\"Blog\",\"url\":\"https:\\\/\\\/libreriaelerrante.com\\\/blog\\\/\",\"logo\":{\"@type\":\"ImageObject\",\"inLanguage\":\"es\",\"@id\":\"https:\\\/\\\/libreriaelerrante.com\\\/blog\\\/#\\\/schema\\\/logo\\\/image\\\/\",\"url\":\"https:\\\/\\\/libreriaelerrante.com\\\/blog\\\/wp-content\\\/uploads\\\/2025\\\/07\\\/1.webp\",\"contentUrl\":\"https:\\\/\\\/libreriaelerrante.com\\\/blog\\\/wp-content\\\/uploads\\\/2025\\\/07\\\/1.webp\",\"width\":1024,\"height\":1024,\"caption\":\"Blog\"},\"image\":{\"@id\":\"https:\\\/\\\/libreriaelerrante.com\\\/blog\\\/#\\\/schema\\\/logo\\\/image\\\/\"}}]}<\/script>\n<!-- \/ Yoast SEO plugin. -->","yoast_head_json":{"title":"Freida McFadden - Blog","robots":{"index":"index","follow":"follow","max-snippet":"max-snippet:-1","max-image-preview":"max-image-preview:large","max-video-preview":"max-video-preview:-1"},"canonical":"https:\/\/libreriaelerrante.com\/blog\/freida-mcfadden\/","og_locale":"es_ES","og_type":"article","og_title":"Freida McFadden - Blog","og_description":"Freida McFadden Freida McFadden\u00a0(nacida el 1 de mayo de 1980) es una autora estadounidense de docenas de novelas que se han colocado en el n\u00famero uno de las listas de ventas de\u00a0The New York Times, USA Today, Publishers Weekly, Sunday Times\u00a0y\u00a0Der Spiegel. Sus libros han sido calificados como \u00abimprescindibles para los fans del thriller psicol\u00f3gico\u00bb [&hellip;]","og_url":"https:\/\/libreriaelerrante.com\/blog\/freida-mcfadden\/","og_site_name":"Blog","og_image":[{"width":225,"height":300,"url":"https:\/\/libreriaelerrante.com\/blog\/wp-content\/uploads\/2025\/08\/freida-mcfadden.jpeg","type":"image\/jpeg"}],"twitter_card":"summary_large_image","twitter_misc":{"Tiempo de lectura":"3 minutos"},"schema":{"@context":"https:\/\/schema.org","@graph":[{"@type":"WebPage","@id":"https:\/\/libreriaelerrante.com\/blog\/freida-mcfadden\/","url":"https:\/\/libreriaelerrante.com\/blog\/freida-mcfadden\/","name":"Freida McFadden - Blog","isPartOf":{"@id":"https:\/\/libreriaelerrante.com\/blog\/#website"},"primaryImageOfPage":{"@id":"https:\/\/libreriaelerrante.com\/blog\/freida-mcfadden\/#primaryimage"},"image":{"@id":"https:\/\/libreriaelerrante.com\/blog\/freida-mcfadden\/#primaryimage"},"thumbnailUrl":"https:\/\/libreriaelerrante.com\/blog\/wp-content\/uploads\/2025\/08\/freida-mcfadden.jpeg","datePublished":"2025-08-06T10:08:47+00:00","breadcrumb":{"@id":"https:\/\/libreriaelerrante.com\/blog\/freida-mcfadden\/#breadcrumb"},"inLanguage":"es","potentialAction":[{"@type":"ReadAction","target":["https:\/\/libreriaelerrante.com\/blog\/freida-mcfadden\/"]}]},{"@type":"ImageObject","inLanguage":"es","@id":"https:\/\/libreriaelerrante.com\/blog\/freida-mcfadden\/#primaryimage","url":"https:\/\/libreriaelerrante.com\/blog\/wp-content\/uploads\/2025\/08\/freida-mcfadden.jpeg","contentUrl":"https:\/\/libreriaelerrante.com\/blog\/wp-content\/uploads\/2025\/08\/freida-mcfadden.jpeg","width":225,"height":300},{"@type":"BreadcrumbList","@id":"https:\/\/libreriaelerrante.com\/blog\/freida-mcfadden\/#breadcrumb","itemListElement":[{"@type":"ListItem","position":1,"name":"Portada","item":"https:\/\/libreriaelerrante.com\/blog\/"},{"@type":"ListItem","position":2,"name":"Freida McFadden"}]},{"@type":"WebSite","@id":"https:\/\/libreriaelerrante.com\/blog\/#website","url":"https:\/\/libreriaelerrante.com\/blog\/","name":"Blog","description":"","publisher":{"@id":"https:\/\/libreriaelerrante.com\/blog\/#organization"},"potentialAction":[{"@type":"SearchAction","target":{"@type":"EntryPoint","urlTemplate":"https:\/\/libreriaelerrante.com\/blog\/?s={search_term_string}"},"query-input":{"@type":"PropertyValueSpecification","valueRequired":true,"valueName":"search_term_string"}}],"inLanguage":"es"},{"@type":"Organization","@id":"https:\/\/libreriaelerrante.com\/blog\/#organization","name":"Blog","url":"https:\/\/libreriaelerrante.com\/blog\/","logo":{"@type":"ImageObject","inLanguage":"es","@id":"https:\/\/libreriaelerrante.com\/blog\/#\/schema\/logo\/image\/","url":"https:\/\/libreriaelerrante.com\/blog\/wp-content\/uploads\/2025\/07\/1.webp","contentUrl":"https:\/\/libreriaelerrante.com\/blog\/wp-content\/uploads\/2025\/07\/1.webp","width":1024,"height":1024,"caption":"Blog"},"image":{"@id":"https:\/\/libreriaelerrante.com\/blog\/#\/schema\/logo\/image\/"}}]}},"_links":{"self":[{"href":"https:\/\/libreriaelerrante.com\/blog\/wp-json\/wp\/v2\/pages\/579","targetHints":{"allow":["GET"]}}],"collection":[{"href":"https:\/\/libreriaelerrante.com\/blog\/wp-json\/wp\/v2\/pages"}],"about":[{"href":"https:\/\/libreriaelerrante.com\/blog\/wp-json\/wp\/v2\/types\/page"}],"author":[{"embeddable":true,"href":"https:\/\/libreriaelerrante.com\/blog\/wp-json\/wp\/v2\/users\/1"}],"replies":[{"embeddable":true,"href":"https:\/\/libreriaelerrante.com\/blog\/wp-json\/wp\/v2\/comments?post=579"}],"version-history":[{"count":1,"href":"https:\/\/libreriaelerrante.com\/blog\/wp-json\/wp\/v2\/pages\/579\/revisions"}],"predecessor-version":[{"id":581,"href":"https:\/\/libreriaelerrante.com\/blog\/wp-json\/wp\/v2\/pages\/579\/revisions\/581"}],"wp:attachment":[{"href":"https:\/\/libreriaelerrante.com\/blog\/wp-json\/wp\/v2\/media?parent=579"}],"curies":[{"name":"wp","href":"https:\/\/api.w.org\/{rel}","templated":true}]}}