{"id":540,"date":"2025-07-25T08:40:02","date_gmt":"2025-07-25T08:40:02","guid":{"rendered":"https:\/\/libreriaelerrante.com\/blog\/?page_id=540"},"modified":"2025-07-25T08:44:08","modified_gmt":"2025-07-25T08:44:08","slug":"paul-pen","status":"publish","type":"page","link":"https:\/\/libreriaelerrante.com\/blog\/paul-pen\/","title":{"rendered":"Paul Pen"},"content":{"rendered":"\n<h1 class=\"wp-block-heading has-text-align-center\">Paul Pen<\/h1>\n\n\n\n<div class=\"wp-block-media-text is-stacked-on-mobile is-vertically-aligned-top\"><figure class=\"wp-block-media-text__media\"><img loading=\"lazy\" decoding=\"async\" width=\"250\" height=\"350\" src=\"https:\/\/libreriaelerrante.com\/blog\/wp-content\/uploads\/2025\/07\/paul-pen-1.jpg\" alt=\"\" class=\"wp-image-546 size-full\" srcset=\"https:\/\/libreriaelerrante.com\/blog\/wp-content\/uploads\/2025\/07\/paul-pen-1.jpg 250w, https:\/\/libreriaelerrante.com\/blog\/wp-content\/uploads\/2025\/07\/paul-pen-1-214x300.jpg 214w\" sizes=\"auto, (max-width: 250px) 100vw, 250px\" \/><\/figure><div class=\"wp-block-media-text__content\">\n<p>Paul Pen es un escritor y guionista espa\u00f1ol, nacido en Madrid en 1979, es autor de seis novelas: El Aviso (traducida al alem\u00e1n e italiano, fue llevada al cine en 2018, con guion de Jorge Guerricaechevarr\u00eda y Chris Sparling, en una pel\u00edcula dirigida por Daniel Calparsoro y protagonizada por Ra\u00fal Ar\u00e9valo, Aura Garrido, Bel\u00e9n Cuesta y Hugo Arbu\u00e9s.) , El brillo de las luci\u00e9rnagas, La casa entre los cactos, Un matrimonio perfecto (publicadas por Penguin Random House) y la metamorfosis infinita y A un lado de la carretera (publicadas por HarperCollins Ib\u00e9rica). Adem\u00e1s, es autor de las coleccions de relatos Trece Historias y Relatos a Medianoche.<\/p>\n<\/div><\/div>\n\n\n\n<p>Sus obras traducidas al ingl\u00e9s han alcanzado en Estados Unidos lo m\u00e1s alto de las listas de Ventas, superando los 200.000 ejemplares vendidos. Entre ellas destacan The Light of the Fireflies y Desert Flowers, traducidas por Simon Bruni y publicadas por AmazonCrossing.<\/p>\n\n\n\n<p>Una segunda adaptaci\u00f3n al cine de La casa entre los cactus, cuenta con guion del propio autor y lleg\u00f3 a las pantallas en 2022, estrenada en el Festival de Cine de San Sebasti\u00e1n.<\/p>\n\n\n\n<p>Otro de sus escritos, el relato Best Seller, de la colecci\u00f3n Trece Historias, fue tambi\u00e9n adaptado en un multipremiado cortometraje dirigido por Max Lemcke y protagonizado por Malena Alterio y Ricard Sales.<\/p>\n\n\n\n<p>RELATOS A MEDIANOCHE es el podcast que re\u00fane, por primera vez en formato de audio, toda la colecci\u00f3n de microrrelatos que Paul Pen comparti\u00f3 varios a\u00f1os con motivo de la llegada de Halloween.<\/p>\n\n\n\n<p>En su labor como guionista, Paul Pen ha trabajado tambi\u00e9n en Alma, la serie de Netflix creada por Sergio G. S\u00e1nchez.<\/p>\n\n\n\n<p>En 2024, A un lado de la carretera, su sexta novela, suma al peculiar universo de Paul Pen un nuevo thriller dram\u00e1tico que se adentra en los m\u00e1s oscuros abismos del alma humana. Una novela absorbente, adictiva y de profundo impacto emocional, de la que ning\u00fan lector lograr\u00e1 salir ileso.<\/p>\n\n\n\n<p>La escritura de Paul Pen es una potente experiencia para la mente, el coraz\u00f3n y los nervios. Su manejo del suspense es igualmente capaz de impactar y emocionar, de horrorizar y conmover, combinando a la perfecci\u00f3n la luz y la oscuridad, el amor y el terror. Su estilo certero, sencillo pero profundo, con ecos de Dahl, de Hitchcock o de King, atrae tanto a seguidores casuales amantes de los superventas como a los m\u00e1s oscuros y sofisticados lectores.<\/p>\n\n\n\n<p>Fotograf\u00eda: \u00a9 E. P. V. Rubaudonadeu<\/p>\n\n\n\n<p><a href=\"https:\/\/paulpen.com\">https:\/\/paulpen.com<\/a><\/p>\n\n\n\n<hr class=\"wp-block-separator alignwide has-alpha-channel-opacity\"\/>\n\n\n\n<h2 class=\"wp-block-heading\">Libros<\/h2>\n\n\n\n<ul class=\"wp-block-list\">\n<li>El Aviso (2011)<\/li>\n\n\n\n<li>El brillo de las luci\u00e9rnagas (2013)<\/li>\n\n\n\n<li>Trece historias (2015)<\/li>\n\n\n\n<li>La casa entre los cactus (2017)<\/li>\n\n\n\n<li>Un matrimonio perfecto (2019)<\/li>\n\n\n\n<li>La metamorfosis infinita (2022)<\/li>\n\n\n\n<li>A un lado de la carretera (2024)<\/li>\n\n\n\n<li><a href=\"https:\/\/libreriaelerrante.com\/tienda\/preventa\/el-canto-de-los-grillos\/\">El canto de los grillos (2025)<\/a><\/li>\n<\/ul>\n\n\n\n<p><\/p>\n","protected":false},"excerpt":{"rendered":"<p>Paul Pen Paul Pen es un escritor y guionista espa\u00f1ol, nacido en Madrid en 1979, es autor de seis novelas: El Aviso (traducida al alem\u00e1n e italiano, fue llevada al cine en 2018, con guion de Jorge Guerricaechevarr\u00eda y Chris Sparling, en una pel\u00edcula dirigida por Daniel Calparsoro y protagonizada por Ra\u00fal Ar\u00e9valo, Aura Garrido, [&hellip;]<\/p>\n","protected":false},"author":1,"featured_media":0,"parent":0,"menu_order":0,"comment_status":"closed","ping_status":"closed","template":"","meta":{"footnotes":""},"class_list":["post-540","page","type-page","status-publish","hentry"],"blocksy_meta":{"has_hero_section":"disabled","styles_descriptor":{"styles":{"desktop":"","tablet":"","mobile":""},"google_fonts":[],"version":6}},"yoast_head":"<!-- This site is optimized with the Yoast SEO plugin v27.4 - https:\/\/yoast.com\/product\/yoast-seo-wordpress\/ -->\n<title>Paul Pen - Blog<\/title>\n<meta name=\"robots\" content=\"index, follow, max-snippet:-1, max-image-preview:large, max-video-preview:-1\" \/>\n<link rel=\"canonical\" href=\"https:\/\/libreriaelerrante.com\/blog\/paul-pen\/\" \/>\n<meta property=\"og:locale\" content=\"es_ES\" \/>\n<meta property=\"og:type\" content=\"article\" \/>\n<meta property=\"og:title\" content=\"Paul Pen - Blog\" \/>\n<meta property=\"og:description\" content=\"Paul Pen Paul Pen es un escritor y guionista espa\u00f1ol, nacido en Madrid en 1979, es autor de seis novelas: El Aviso (traducida al alem\u00e1n e italiano, fue llevada al cine en 2018, con guion de Jorge Guerricaechevarr\u00eda y Chris Sparling, en una pel\u00edcula dirigida por Daniel Calparsoro y protagonizada por Ra\u00fal Ar\u00e9valo, Aura Garrido, [&hellip;]\" \/>\n<meta property=\"og:url\" content=\"https:\/\/libreriaelerrante.com\/blog\/paul-pen\/\" \/>\n<meta property=\"og:site_name\" content=\"Blog\" \/>\n<meta property=\"article:modified_time\" content=\"2025-07-25T08:44:08+00:00\" \/>\n<meta property=\"og:image\" content=\"https:\/\/libreriaelerrante.com\/blog\/wp-content\/uploads\/2025\/07\/paul-pen-1.jpg\" \/>\n\t<meta property=\"og:image:width\" content=\"250\" \/>\n\t<meta property=\"og:image:height\" content=\"350\" \/>\n\t<meta property=\"og:image:type\" content=\"image\/jpeg\" \/>\n<meta name=\"twitter:card\" content=\"summary_large_image\" \/>\n<meta name=\"twitter:label1\" content=\"Tiempo de lectura\" \/>\n\t<meta name=\"twitter:data1\" content=\"3 minutos\" \/>\n<script type=\"application\/ld+json\" class=\"yoast-schema-graph\">{\"@context\":\"https:\\\/\\\/schema.org\",\"@graph\":[{\"@type\":\"WebPage\",\"@id\":\"https:\\\/\\\/libreriaelerrante.com\\\/blog\\\/paul-pen\\\/\",\"url\":\"https:\\\/\\\/libreriaelerrante.com\\\/blog\\\/paul-pen\\\/\",\"name\":\"Paul Pen - Blog\",\"isPartOf\":{\"@id\":\"https:\\\/\\\/libreriaelerrante.com\\\/blog\\\/#website\"},\"primaryImageOfPage\":{\"@id\":\"https:\\\/\\\/libreriaelerrante.com\\\/blog\\\/paul-pen\\\/#primaryimage\"},\"image\":{\"@id\":\"https:\\\/\\\/libreriaelerrante.com\\\/blog\\\/paul-pen\\\/#primaryimage\"},\"thumbnailUrl\":\"https:\\\/\\\/libreriaelerrante.com\\\/blog\\\/wp-content\\\/uploads\\\/2025\\\/07\\\/paul-pen-1.jpg\",\"datePublished\":\"2025-07-25T08:40:02+00:00\",\"dateModified\":\"2025-07-25T08:44:08+00:00\",\"breadcrumb\":{\"@id\":\"https:\\\/\\\/libreriaelerrante.com\\\/blog\\\/paul-pen\\\/#breadcrumb\"},\"inLanguage\":\"es\",\"potentialAction\":[{\"@type\":\"ReadAction\",\"target\":[\"https:\\\/\\\/libreriaelerrante.com\\\/blog\\\/paul-pen\\\/\"]}]},{\"@type\":\"ImageObject\",\"inLanguage\":\"es\",\"@id\":\"https:\\\/\\\/libreriaelerrante.com\\\/blog\\\/paul-pen\\\/#primaryimage\",\"url\":\"https:\\\/\\\/libreriaelerrante.com\\\/blog\\\/wp-content\\\/uploads\\\/2025\\\/07\\\/paul-pen-1.jpg\",\"contentUrl\":\"https:\\\/\\\/libreriaelerrante.com\\\/blog\\\/wp-content\\\/uploads\\\/2025\\\/07\\\/paul-pen-1.jpg\",\"width\":250,\"height\":350},{\"@type\":\"BreadcrumbList\",\"@id\":\"https:\\\/\\\/libreriaelerrante.com\\\/blog\\\/paul-pen\\\/#breadcrumb\",\"itemListElement\":[{\"@type\":\"ListItem\",\"position\":1,\"name\":\"Portada\",\"item\":\"https:\\\/\\\/libreriaelerrante.com\\\/blog\\\/\"},{\"@type\":\"ListItem\",\"position\":2,\"name\":\"Paul Pen\"}]},{\"@type\":\"WebSite\",\"@id\":\"https:\\\/\\\/libreriaelerrante.com\\\/blog\\\/#website\",\"url\":\"https:\\\/\\\/libreriaelerrante.com\\\/blog\\\/\",\"name\":\"Blog\",\"description\":\"\",\"publisher\":{\"@id\":\"https:\\\/\\\/libreriaelerrante.com\\\/blog\\\/#organization\"},\"potentialAction\":[{\"@type\":\"SearchAction\",\"target\":{\"@type\":\"EntryPoint\",\"urlTemplate\":\"https:\\\/\\\/libreriaelerrante.com\\\/blog\\\/?s={search_term_string}\"},\"query-input\":{\"@type\":\"PropertyValueSpecification\",\"valueRequired\":true,\"valueName\":\"search_term_string\"}}],\"inLanguage\":\"es\"},{\"@type\":\"Organization\",\"@id\":\"https:\\\/\\\/libreriaelerrante.com\\\/blog\\\/#organization\",\"name\":\"Blog\",\"url\":\"https:\\\/\\\/libreriaelerrante.com\\\/blog\\\/\",\"logo\":{\"@type\":\"ImageObject\",\"inLanguage\":\"es\",\"@id\":\"https:\\\/\\\/libreriaelerrante.com\\\/blog\\\/#\\\/schema\\\/logo\\\/image\\\/\",\"url\":\"https:\\\/\\\/libreriaelerrante.com\\\/blog\\\/wp-content\\\/uploads\\\/2025\\\/07\\\/1.webp\",\"contentUrl\":\"https:\\\/\\\/libreriaelerrante.com\\\/blog\\\/wp-content\\\/uploads\\\/2025\\\/07\\\/1.webp\",\"width\":1024,\"height\":1024,\"caption\":\"Blog\"},\"image\":{\"@id\":\"https:\\\/\\\/libreriaelerrante.com\\\/blog\\\/#\\\/schema\\\/logo\\\/image\\\/\"}}]}<\/script>\n<!-- \/ Yoast SEO plugin. -->","yoast_head_json":{"title":"Paul Pen - Blog","robots":{"index":"index","follow":"follow","max-snippet":"max-snippet:-1","max-image-preview":"max-image-preview:large","max-video-preview":"max-video-preview:-1"},"canonical":"https:\/\/libreriaelerrante.com\/blog\/paul-pen\/","og_locale":"es_ES","og_type":"article","og_title":"Paul Pen - Blog","og_description":"Paul Pen Paul Pen es un escritor y guionista espa\u00f1ol, nacido en Madrid en 1979, es autor de seis novelas: El Aviso (traducida al alem\u00e1n e italiano, fue llevada al cine en 2018, con guion de Jorge Guerricaechevarr\u00eda y Chris Sparling, en una pel\u00edcula dirigida por Daniel Calparsoro y protagonizada por Ra\u00fal Ar\u00e9valo, Aura Garrido, [&hellip;]","og_url":"https:\/\/libreriaelerrante.com\/blog\/paul-pen\/","og_site_name":"Blog","article_modified_time":"2025-07-25T08:44:08+00:00","og_image":[{"width":250,"height":350,"url":"https:\/\/libreriaelerrante.com\/blog\/wp-content\/uploads\/2025\/07\/paul-pen-1.jpg","type":"image\/jpeg"}],"twitter_card":"summary_large_image","twitter_misc":{"Tiempo de lectura":"3 minutos"},"schema":{"@context":"https:\/\/schema.org","@graph":[{"@type":"WebPage","@id":"https:\/\/libreriaelerrante.com\/blog\/paul-pen\/","url":"https:\/\/libreriaelerrante.com\/blog\/paul-pen\/","name":"Paul Pen - Blog","isPartOf":{"@id":"https:\/\/libreriaelerrante.com\/blog\/#website"},"primaryImageOfPage":{"@id":"https:\/\/libreriaelerrante.com\/blog\/paul-pen\/#primaryimage"},"image":{"@id":"https:\/\/libreriaelerrante.com\/blog\/paul-pen\/#primaryimage"},"thumbnailUrl":"https:\/\/libreriaelerrante.com\/blog\/wp-content\/uploads\/2025\/07\/paul-pen-1.jpg","datePublished":"2025-07-25T08:40:02+00:00","dateModified":"2025-07-25T08:44:08+00:00","breadcrumb":{"@id":"https:\/\/libreriaelerrante.com\/blog\/paul-pen\/#breadcrumb"},"inLanguage":"es","potentialAction":[{"@type":"ReadAction","target":["https:\/\/libreriaelerrante.com\/blog\/paul-pen\/"]}]},{"@type":"ImageObject","inLanguage":"es","@id":"https:\/\/libreriaelerrante.com\/blog\/paul-pen\/#primaryimage","url":"https:\/\/libreriaelerrante.com\/blog\/wp-content\/uploads\/2025\/07\/paul-pen-1.jpg","contentUrl":"https:\/\/libreriaelerrante.com\/blog\/wp-content\/uploads\/2025\/07\/paul-pen-1.jpg","width":250,"height":350},{"@type":"BreadcrumbList","@id":"https:\/\/libreriaelerrante.com\/blog\/paul-pen\/#breadcrumb","itemListElement":[{"@type":"ListItem","position":1,"name":"Portada","item":"https:\/\/libreriaelerrante.com\/blog\/"},{"@type":"ListItem","position":2,"name":"Paul Pen"}]},{"@type":"WebSite","@id":"https:\/\/libreriaelerrante.com\/blog\/#website","url":"https:\/\/libreriaelerrante.com\/blog\/","name":"Blog","description":"","publisher":{"@id":"https:\/\/libreriaelerrante.com\/blog\/#organization"},"potentialAction":[{"@type":"SearchAction","target":{"@type":"EntryPoint","urlTemplate":"https:\/\/libreriaelerrante.com\/blog\/?s={search_term_string}"},"query-input":{"@type":"PropertyValueSpecification","valueRequired":true,"valueName":"search_term_string"}}],"inLanguage":"es"},{"@type":"Organization","@id":"https:\/\/libreriaelerrante.com\/blog\/#organization","name":"Blog","url":"https:\/\/libreriaelerrante.com\/blog\/","logo":{"@type":"ImageObject","inLanguage":"es","@id":"https:\/\/libreriaelerrante.com\/blog\/#\/schema\/logo\/image\/","url":"https:\/\/libreriaelerrante.com\/blog\/wp-content\/uploads\/2025\/07\/1.webp","contentUrl":"https:\/\/libreriaelerrante.com\/blog\/wp-content\/uploads\/2025\/07\/1.webp","width":1024,"height":1024,"caption":"Blog"},"image":{"@id":"https:\/\/libreriaelerrante.com\/blog\/#\/schema\/logo\/image\/"}}]}},"_links":{"self":[{"href":"https:\/\/libreriaelerrante.com\/blog\/wp-json\/wp\/v2\/pages\/540","targetHints":{"allow":["GET"]}}],"collection":[{"href":"https:\/\/libreriaelerrante.com\/blog\/wp-json\/wp\/v2\/pages"}],"about":[{"href":"https:\/\/libreriaelerrante.com\/blog\/wp-json\/wp\/v2\/types\/page"}],"author":[{"embeddable":true,"href":"https:\/\/libreriaelerrante.com\/blog\/wp-json\/wp\/v2\/users\/1"}],"replies":[{"embeddable":true,"href":"https:\/\/libreriaelerrante.com\/blog\/wp-json\/wp\/v2\/comments?post=540"}],"version-history":[{"count":5,"href":"https:\/\/libreriaelerrante.com\/blog\/wp-json\/wp\/v2\/pages\/540\/revisions"}],"predecessor-version":[{"id":549,"href":"https:\/\/libreriaelerrante.com\/blog\/wp-json\/wp\/v2\/pages\/540\/revisions\/549"}],"wp:attachment":[{"href":"https:\/\/libreriaelerrante.com\/blog\/wp-json\/wp\/v2\/media?parent=540"}],"curies":[{"name":"wp","href":"https:\/\/api.w.org\/{rel}","templated":true}]}}